{"id":2064,"date":"2025-10-24T14:07:42","date_gmt":"2025-10-24T06:07:42","guid":{"rendered":"https:\/\/minghanggroup.com\/?post_type=product&#038;p=2064"},"modified":"2026-01-20T13:44:22","modified_gmt":"2026-01-20T05:44:22","slug":"glass-milk-bottle-with-lid-clear-dessert-jars-wholesale","status":"publish","type":"product","link":"https:\/\/minghanggroup.com\/es\/producto\/glass-milk-bottle-with-lid-clear-dessert-jars-wholesale\/","title":{"rendered":"Botella de leche de vidrio con tapa \u2013 Frascos de postre transparentes de 100-200 ml"},"content":{"rendered":"<p>El empaque de sus marcas de miel debe ser tal que los consumidores se sientan tentados a elegirlas del estante. Fabricamos botellas de vidrio para leche con tapa y dise\u00f1os de botellas de vidrio para pudines que presentan postres visualmente atractivos. Estas botellas de vidrio para leche, hechas para reutilizar, unen el pasado con el presente de una manera muy pr\u00e1ctica: una excelente soluci\u00f3n para leche, yogur o incluso mermelada hecha en casa.<\/p>\n<h2>Caracter\u00edsticas del producto<\/h2>\n<ol>\n<li><strong>Maravillas de boca ancha:<\/strong>Sacar, meter y conservar: su yogur o mermelada no se manchar\u00e1n por un derrame.<\/li>\n<li><strong>Vitrina cristalina:<\/strong>El vidrio transparente demuestra el color brillante de su pud\u00edn: la gente percibe la calidad simplemente mir\u00e1ndolo, no prob\u00e1ndolo.<\/li>\n<li><strong>Cierre de tapa Seal-Perfect:<\/strong>Los tornillos de extensi\u00f3n de la boca est\u00e1n perfectamente alineados: no hay derrames ni conjeturas, solo el placer del postre m\u00e1s puro.<\/li>\n<\/ol>\n<h2>Especificaciones clave<\/h2>\n<table style=\"border-collapse: collapse; width: 80%; margin-left: auto; margin-right: auto;\" border=\"0\" width=\"360\" cellspacing=\"0\" cellpadding=\"0\">\n<tbody>\n<tr style=\"height: 13.50pt;\">\n<td style=\"height: 13.5pt; width: 54pt; text-align: center;\" width=\"72\" height=\"18\">Modelo<\/td>\n<td style=\"width: 54pt; text-align: center;\" width=\"72\">Capacidad (ml)<\/td>\n<td style=\"width: 54pt; text-align: center;\" width=\"72\">Dimensiones (cm)<\/td>\n<td style=\"width: 54pt; text-align: center;\" width=\"72\">Tipo de cuello<\/td>\n<td style=\"width: 54pt; text-align: center;\" width=\"72\">Forma<\/td>\n<\/tr>\n<tr style=\"height: 13.50pt;\">\n<td style=\"height: 13.5pt; text-align: center;\" align=\"right\" height=\"18\">64015026<\/td>\n<td style=\"text-align: center;\" align=\"right\">150<\/td>\n<td style=\"text-align: center;\">6.5&#215;7.0<\/td>\n<td class=\"et2\" style=\"text-align: center;\" rowspan=\"2\">Boca ancha<\/td>\n<td class=\"et2\" style=\"text-align: center;\" rowspan=\"5\">Redondo<\/td>\n<\/tr>\n<tr style=\"height: 13.50pt;\">\n<td style=\"height: 13.5pt; text-align: center;\" align=\"right\" height=\"18\">64020027<\/td>\n<td style=\"text-align: center;\" align=\"right\">200<\/td>\n<td style=\"text-align: center;\">7.1&#215;7.7<\/td>\n<\/tr>\n<tr style=\"height: 13.50pt;\">\n<td style=\"height: 13.5pt; text-align: center;\" align=\"right\" height=\"18\">64010028<\/td>\n<td style=\"text-align: center;\" align=\"right\">100<\/td>\n<td style=\"text-align: center;\">5.5&#215;7.5<\/td>\n<td class=\"et2\" style=\"text-align: center;\" rowspan=\"3\">Cuello de orejeta<\/td>\n<\/tr>\n<tr style=\"height: 13.50pt;\">\n<td style=\"height: 13.5pt; text-align: center;\" align=\"right\" height=\"18\">64015029<\/td>\n<td style=\"text-align: center;\" align=\"right\">150<\/td>\n<td style=\"text-align: center;\">6.5&#215;8.3<\/td>\n<\/tr>\n<tr style=\"height: 13.50pt;\">\n<td style=\"height: 13.5pt; text-align: center;\" align=\"right\" height=\"18\">64020030<\/td>\n<td style=\"text-align: center;\" align=\"right\">200<\/td>\n<td style=\"text-align: center;\">6.8&#215;8.5<\/td>\n<\/tr>\n<\/tbody>\n<\/table>\n<h2>Caso de \u00e9xito<\/h2>\n<p>Un fabricante de mermeladas especiales decidi\u00f3 colaborar con nosotros para crear frascos de yogur de vidrio personalizados de 150 ml para su nueva l\u00ednea de mermeladas artesanales. Estos frascos de boca ancha permiten servir la mermelada con una cuchara o untarla directamente sobre las tostadas. Para garantizar la frescura del producto y hacerlo m\u00e1s atractivo para los consumidores, el fabricante opt\u00f3 por tapas herm\u00e9ticas de aluminio con sellos de silicona para evitar fugas y mantener el producto fresco incluso durante largos periodos de transporte.<\/p>\n<p>Para la marca, el fabricante decor\u00f3 los frascos de postre con logotipos en relieve y tapas con recubrimiento de color para cada sabor de mermelada (desde rojo fresa hasta azul ar\u00e1ndano), creando as\u00ed una apariencia atractiva y uniforme en los estantes. El vidrio perfectamente transparente es un excelente soporte para resaltar los colores brillantes de las mermeladas y atraer as\u00ed a los clientes tanto en tienda como en l\u00ednea.<\/p>\n<p>El nuevo empaque ha tenido mucho \u00e9xito desde su lanzamiento: ha habido un aumento del 50% en los pedidos en l\u00ednea y los clientes habituales han elogiado los frascos por su reutilizaci\u00f3n, su apariencia premium y su potencial para hacer regalos.<\/p>\n<h2>Tus consejos de personalizaci\u00f3n<\/h2>\n<p>Solo danos el nombre de tu sabor, como &#034;Pud\u00edn de Leche Cl\u00e1sico&#034; o &#034;Postre de Crema de Mango&#034;, y lo haremos especialmente para ti. Elige colores de tapa personalizados, logotipos en relieve o dise\u00f1os impresos que combinen con la imagen de tu marca. \u00bfQu\u00e9 te parece un vaso de 100 ml, 200 ml o uno de tama\u00f1o especial? Contamos con moldes flexibles y prototipado r\u00e1pido.<\/p>\n<p>Ya sean simples frascos estilo cafeter\u00eda o botellas de marcas famosas de pudines, produciremos un viaje de empaquetado de postres que ser\u00e1 tan inolvidable como el interior.<\/p>","protected":false},"excerpt":{"rendered":"<p>Botella de leche de vidrio al por mayor con tapa y forma redonda y lisa, ideal para yogur o mermeladas. Frascos de postre duraderos, transparentes y perfectos para usar en casa o en una cafeter\u00eda.<\/p>","protected":false},"featured_media":2065,"template":"","meta":{"postBodyCss":"","postBodyMargin":[],"postBodyPadding":[],"postBodyBackground":{"backgroundType":"classic","gradient":""}},"product_brand":[],"product_cat":[15,16,46],"product_tag":[65,64],"class_list":{"0":"post-2064","1":"product","2":"type-product","3":"status-publish","4":"has-post-thumbnail","6":"product_cat-glass-containers","7":"product_cat-glass-bottles","8":"product_cat-glass-milk-bottles","9":"product_tag-glass-jam-jars","10":"product_tag-glass-yogurt-jars","12":"first","13":"instock","14":"shipping-taxable","15":"product-type-simple"},"jetpack_sharing_enabled":true,"_links":{"self":[{"href":"https:\/\/minghanggroup.com\/es\/wp-json\/wp\/v2\/product\/2064","targetHints":{"allow":["GET"]}}],"collection":[{"href":"https:\/\/minghanggroup.com\/es\/wp-json\/wp\/v2\/product"}],"about":[{"href":"https:\/\/minghanggroup.com\/es\/wp-json\/wp\/v2\/types\/product"}],"wp:featuredmedia":[{"embeddable":true,"href":"https:\/\/minghanggroup.com\/es\/wp-json\/wp\/v2\/media\/2065"}],"wp:attachment":[{"href":"https:\/\/minghanggroup.com\/es\/wp-json\/wp\/v2\/media?parent=2064"}],"wp:term":[{"taxonomy":"product_brand","embeddable":true,"href":"https:\/\/minghanggroup.com\/es\/wp-json\/wp\/v2\/product_brand?post=2064"},{"taxonomy":"product_cat","embeddable":true,"href":"https:\/\/minghanggroup.com\/es\/wp-json\/wp\/v2\/product_cat?post=2064"},{"taxonomy":"product_tag","embeddable":true,"href":"https:\/\/minghanggroup.com\/es\/wp-json\/wp\/v2\/product_tag?post=2064"}],"curies":[{"name":"wp","href":"https:\/\/api.w.org\/{rel}","templated":true}]}}