{"id":2041,"date":"2025-10-23T16:24:47","date_gmt":"2025-10-23T08:24:47","guid":{"rendered":"https:\/\/minghanggroup.com\/?post_type=product&#038;p=2041"},"modified":"2025-10-23T16:32:04","modified_gmt":"2025-10-23T08:32:04","slug":"wholesale-glass-honey-jars-with-lids-and-wavy-bottom","status":"publish","type":"product","link":"https:\/\/minghanggroup.com\/es\/producto\/wholesale-glass-honey-jars-with-lids-and-wavy-bottom\/","title":{"rendered":"Tarros de miel de vidrio de 180 ml y 360 ml con tapa y fondo ondulado, venta al por mayor"},"content":{"rendered":"<p>Estos\u200b\u200d\u200b\u200c\u200d\u200b\u200d\u200c\u200b\u200d\u200b\u200c\u200d\u200b\u200d\u200c frascos de miel de vidrio est\u00e1n hechos de una botella de vidrio redonda y transparente con una base texturizada y una tapa de oro rosa que no solo muestra bellamente la miel dorada en el interior, sino que tambi\u00e9n emite un ambiente elegante y lujoso.<\/p>\n<h2>Caracter\u00edsticas del producto<\/h2>\n<ul>\n<li><strong>Vidrio transparente:<\/strong> Con la botella de vidrio transparente, uno puede ver f\u00e1cilmente el nivel de miel y el estado de la miel, lo que hace que las recargas sean simples y convenientes.<\/li>\n<li><strong>Dise\u00f1o de botella elegante:<\/strong> El atractivo del producto se ve realzado por la forma delgada de la botella y la base ondulada que le dan un aspecto elegante y encantador.<\/li>\n<li><strong>Detalle texturizado:<\/strong> El uso del vidrio transparente junto con la base ondulada emite la combinaci\u00f3n perfecta de una sensaci\u00f3n elegante, lujosa y sofisticada y, como resultado, el producto se eleva a una gama alta.<\/li>\n<\/ul>\n<h2>Especificaciones clave<\/h2>\n<table style=\"border-collapse: collapse; margin-left: auto; margin-right: auto; width: 345.02pt;\" border=\"0\" width=\"460\" cellspacing=\"0\" cellpadding=\"0\">\n<tbody>\n<tr style=\"height: 13.50pt;\">\n<td style=\"height: 13.50pt; width: 93.75pt;\" width=\"125\" height=\"18\">Caracter\u00edstica<\/td>\n<td style=\"width: 251.25pt;\" width=\"335\">Especificaci\u00f3n<\/td>\n<\/tr>\n<tr style=\"height: 13.50pt;\">\n<td style=\"height: 13.50pt;\" height=\"18\">Capacidad<\/td>\n<td>180 ml, 360 ml<\/td>\n<\/tr>\n<tr style=\"height: 13.50pt;\">\n<td style=\"height: 13.50pt;\" height=\"18\">Dimensiones<\/td>\n<td>8,5 \u00d7 9,4 cm, 10,0 \u00d7 10,7 cm<\/td>\n<\/tr>\n<tr style=\"height: 13.50pt;\">\n<td style=\"height: 13.50pt;\" height=\"18\">Material<\/td>\n<td>Vidrio transparente, tapa de rosca PP oro rosa<\/td>\n<\/tr>\n<tr style=\"height: 13.50pt;\">\n<td style=\"height: 13.50pt;\" height=\"18\">Opciones de tapa<\/td>\n<td>Oro rosa (colores personalizados disponibles)<\/td>\n<\/tr>\n<tr style=\"height: 13.50pt;\">\n<td style=\"height: 13.50pt;\" height=\"18\">Mejor para<\/td>\n<td>Miel cruda, mezclas infusionadas, sets de regalo<\/td>\n<\/tr>\n<\/tbody>\n<\/table>\n<h2>Historia de \u00e9xito: Transformaci\u00f3n de una marca gourmet<\/h2>\n<p>Una empresa de alimentos gourmet especializada en miel de origen \u00fanico buscaba un tarro de miel de vidrio con tapa ideal para su marca premium. Por ello, decidi\u00f3 adquirir nuestro tarro de miel Athena de 360 \u200b\u200bml con tap\u00f3n de oro rosa. Sus ventas en l\u00ednea aumentaron un 40 % despu\u00e9s del primer mes; los comentarios de los clientes tambi\u00e9n indicaron que lo que m\u00e1s les gust\u00f3 fue la apariencia lujosa del tarro. Estos recipientes de vidrio son muy duraderos y, como resultado, han reducido sus reclamaciones por da\u00f1os durante el env\u00edo en un 30 % en comparaci\u00f3n con sus fr\u00e1giles botellas. Este ha sido el comienzo de su colaboraci\u00f3n. Actualmente, realizan pedidos de 50\u00a0000 botellas al mes y han incorporado tarros de miel de 180 ml a su l\u00ednea de productos.<\/p>\n<h2>Personaliza tus tarros de miel de cristal<\/h2>\n<ul>\n<li><strong>Acabado de vidrio esmerilado:<\/strong> Se puede crear un aspecto mate elegante tanto para todo el frasco como solo para una parte del mismo, d\u00e1ndole as\u00ed al frasco un aspecto agradable, suave y de alta calidad.<\/li>\n<li><strong>Parte inferior en relieve:<\/strong> Grabe su logotipo o cualquier imagen de su marca en la parte inferior del vidrio para lograr una imagen de marca sofisticada.<\/li>\n<li><strong>Color de gorra personalizado:<\/strong> Haga que el color de la tapa coincida exactamente con el color de su marca (por ejemplo, la paleta de colores Pantone).<\/li>\n<li><strong>Revestimiento de sellado interior:<\/strong> Elige el material de revestimiento del cual la miel que proporciones quedar\u00e1 mejor sellada debido a su viscosidad.<\/li>\n<\/ul>\n<p>\u00bfListo para mejorar tu empaque con frascos de miel de vidrio premium con tapa? Con gusto te ofrecemos un presupuesto al por mayor. Cont\u00e1ctanos y descubre c\u00f3mo nuestra selecci\u00f3n puede impulsar el crecimiento de tu negocio.<\/p>","protected":false},"excerpt":{"rendered":"<p>Tarros de miel de vidrio premium con tapas de rosca de oro rosa. Ideales para productores de miel y mermeladas, estos tarros de alta gama est\u00e1n disponibles a granel con muestras gratuitas.<\/p>","protected":false},"featured_media":2042,"template":"","meta":{"postBodyCss":"","postBodyMargin":[],"postBodyPadding":[],"postBodyBackground":{"backgroundType":"classic","gradient":""}},"product_brand":[],"product_cat":[15,17,52],"product_tag":[],"class_list":{"0":"post-2041","1":"product","2":"type-product","3":"status-publish","4":"has-post-thumbnail","6":"product_cat-glass-containers","7":"product_cat-glass-jars","8":"product_cat-glass-honey-jars","10":"first","11":"instock","12":"shipping-taxable","13":"product-type-simple"},"jetpack_sharing_enabled":true,"_links":{"self":[{"href":"https:\/\/minghanggroup.com\/es\/wp-json\/wp\/v2\/product\/2041","targetHints":{"allow":["GET"]}}],"collection":[{"href":"https:\/\/minghanggroup.com\/es\/wp-json\/wp\/v2\/product"}],"about":[{"href":"https:\/\/minghanggroup.com\/es\/wp-json\/wp\/v2\/types\/product"}],"wp:featuredmedia":[{"embeddable":true,"href":"https:\/\/minghanggroup.com\/es\/wp-json\/wp\/v2\/media\/2042"}],"wp:attachment":[{"href":"https:\/\/minghanggroup.com\/es\/wp-json\/wp\/v2\/media?parent=2041"}],"wp:term":[{"taxonomy":"product_brand","embeddable":true,"href":"https:\/\/minghanggroup.com\/es\/wp-json\/wp\/v2\/product_brand?post=2041"},{"taxonomy":"product_cat","embeddable":true,"href":"https:\/\/minghanggroup.com\/es\/wp-json\/wp\/v2\/product_cat?post=2041"},{"taxonomy":"product_tag","embeddable":true,"href":"https:\/\/minghanggroup.com\/es\/wp-json\/wp\/v2\/product_tag?post=2041"}],"curies":[{"name":"wp","href":"https:\/\/api.w.org\/{rel}","templated":true}]}}