{"id":2037,"date":"2025-10-23T17:07:40","date_gmt":"2025-10-23T09:07:40","guid":{"rendered":"https:\/\/minghanggroup.com\/?post_type=product&#038;p=2037"},"modified":"2026-01-20T13:44:34","modified_gmt":"2026-01-20T05:44:34","slug":"glass-milk-bottles-with-lids-glass-pudding-cups-wholesale","status":"publish","type":"product","link":"https:\/\/minghanggroup.com\/es\/producto\/glass-milk-bottles-with-lids-glass-pudding-cups-wholesale\/","title":{"rendered":"Botellas de leche de vidrio de 50-200 ml con tapa para postres, yogures y pudines"},"content":{"rendered":"<p>Tus dulces merecen un empaque que se venda solo, no solo que los contenga. Creamos vasos de vidrio para pud\u00edn que realzan tus postres, mientras que nuestras botellas de vidrio para leche con tapas manejan los l\u00e1cteos con un encanto natural. Estas botellas de vidrio reutilizables para leche convierten cada frasco en un momento inolvidable.<\/p>\n<h2>Caracter\u00edsticas del producto<\/h2>\n<ol>\n<li><strong>Presentaci\u00f3n vibrante de productos:<\/strong>Al utilizar vidrio transparente, es posible resaltar el rico color del pud\u00edn y, en consecuencia, son los consumidores quienes primero ven la calidad antes de probarlo.<\/li>\n<li><strong>Ajuste perfecto de la tapa:<\/strong>Las tapas de las botellas se cierran herm\u00e9ticamente con la ayuda de cuellos roscados, por lo que no hay fugas ni suciedad y solo queda el placer del postre puro.<\/li>\n<li><strong>Tama\u00f1os peque\u00f1os que ahorran espacio:<\/strong>Ya sean muestras de 50 ml o 200 ml a granel, estas botellas de leche de vidrio con tapa se pueden apilar de la misma manera que una pila de libros.<\/li>\n<li><strong>Reutilizaci\u00f3n dulce y segura:<\/strong>Gracias a su vidrio grueso, que soporta el calor, es posible reutilizarlo para almacenar yogur, mermelada o incluso leche.<\/li>\n<\/ol>\n<h2>Especificaciones clave<\/h2>\n<table style=\"border-collapse: collapse; width: 80%; margin-left: auto; margin-right: auto;\" border=\"0\" width=\"363\" cellspacing=\"0\" cellpadding=\"0\">\n<tbody>\n<tr style=\"height: 13.50pt;\">\n<td style=\"height: 13.5pt; width: 56.25pt; text-align: center;\" width=\"75\" height=\"18\">Modelo<\/td>\n<td style=\"width: 54pt; text-align: center;\" width=\"72\">Capacidad (ml)<\/td>\n<td style=\"width: 54pt; text-align: center;\" width=\"72\">Dimensiones (cm)<\/td>\n<td style=\"width: 54pt; text-align: center;\" width=\"72\">Tipo de cuello<\/td>\n<td style=\"width: 54pt; text-align: center;\" width=\"72\">Forma<\/td>\n<\/tr>\n<tr style=\"height: 13.50pt;\">\n<td style=\"height: 13.5pt; text-align: center;\" align=\"right\" height=\"18\">64005021<\/td>\n<td style=\"text-align: center;\" align=\"right\">50<\/td>\n<td style=\"text-align: center;\">4.8&#215;5.8<\/td>\n<td class=\"et2\" style=\"text-align: center;\" rowspan=\"5\">Roscado<\/td>\n<td class=\"et2\" style=\"text-align: center;\" rowspan=\"5\">Redondo<\/td>\n<\/tr>\n<tr style=\"height: 13.50pt;\">\n<td style=\"height: 13.5pt; text-align: center;\" align=\"right\" height=\"18\">64007522<\/td>\n<td style=\"text-align: center;\" align=\"right\">75<\/td>\n<td style=\"text-align: center;\">5.1&#215;7.1<\/td>\n<\/tr>\n<tr style=\"height: 13.50pt;\">\n<td style=\"height: 13.5pt; text-align: center;\" align=\"right\" height=\"18\">64010023<\/td>\n<td style=\"text-align: center;\" align=\"right\">100<\/td>\n<td style=\"text-align: center;\">5.5&#215;7.3<\/td>\n<\/tr>\n<tr style=\"height: 13.50pt;\">\n<td style=\"height: 13.5pt; text-align: center;\" align=\"right\" height=\"18\">64015024<\/td>\n<td style=\"text-align: center;\" align=\"right\">150<\/td>\n<td style=\"text-align: center;\">6.5&#215;7.8<\/td>\n<\/tr>\n<tr style=\"height: 13.50pt;\">\n<td style=\"height: 13.5pt; text-align: center;\" align=\"right\" height=\"18\">64020025<\/td>\n<td style=\"text-align: center;\" align=\"right\">200<\/td>\n<td style=\"text-align: center;\">7.0&#215;9.0<\/td>\n<\/tr>\n<\/tbody>\n<\/table>\n<h2>Caso de \u00e9xito<\/h2>\n<p>Una tienda de postres boutique nos contact\u00f3 para que les hici\u00e9ramos vasos de vidrio personalizados de 100 ml para su l\u00ednea de pud\u00edn de crema de frutos rojos. Cada vaso tiene una boca redondeada y ancha, lo que permite a los clientes colocar capas de frutos rojos y crema y, al mismo tiempo, disfrutar de los vibrantes colores del postre a trav\u00e9s del cristal transparente.<\/p>\n<p>Para embellecer el producto y mantenerlo fresco, la tienda decidi\u00f3 colocar una tapa de rosca dorada y una funda de papel con forma de cuchara, creando as\u00ed un dise\u00f1o port\u00e1til y elegante. La marca tambi\u00e9n grab\u00f3 su logotipo en el fondo del vaso, d\u00e1ndole a cada postre un toque sutil y artesanal, en l\u00ednea con la filosof\u00eda de postres artesanales de la marca.<\/p>\n<p>Tras la introducci\u00f3n del nuevo packaging, las ventas de postres online de la tienda se han disparado un \u200b\u200d\u200b\u200c\u200d\u200b\u200d\u200c\u200d\u200b\u200c\u200d\u200b\u200d\u200c40%.<\/p>\n<h2>Tus consejos de personalizaci\u00f3n<\/h2>\n<p>Olv\u00eddate de los frascos est\u00e1ndar. Comparte con nosotros tu idea de postre (considera &#034;Vanilla Dream&#034; o &#034;Mango Fragrance&#034;) y podr\u00e1s personalizar no solo la forma y el color, sino tambi\u00e9n estampar tu logotipo. Una botella de postre de 150 ml para un nuevo producto de temporada es justo lo que necesitas, \u00bfverdad? Tu frasco de vidrio para postre de leche no es solo un envase; es una forma deliciosa de contar la historia de tu marca.<\/p>","protected":false},"excerpt":{"rendered":"<p>Botellas de leche de vidrio transparente con tapa y vasitos de vidrio para pud\u00edn, ideales para yogur, postres o natillas. Personalizables con tapas, logotipos y colores para cafeter\u00edas, lecher\u00edas o uso dom\u00e9stico.<\/p>","protected":false},"featured_media":2046,"template":"","meta":{"postBodyCss":"","postBodyMargin":[],"postBodyPadding":[],"postBodyBackground":{"backgroundType":"classic","gradient":""}},"product_brand":[],"product_cat":[15,46],"product_tag":[65,64],"class_list":{"0":"post-2037","1":"product","2":"type-product","3":"status-publish","4":"has-post-thumbnail","6":"product_cat-glass-containers","7":"product_cat-glass-milk-bottles","8":"product_tag-glass-jam-jars","9":"product_tag-glass-yogurt-jars","11":"first","12":"instock","13":"shipping-taxable","14":"product-type-simple"},"jetpack_sharing_enabled":true,"_links":{"self":[{"href":"https:\/\/minghanggroup.com\/es\/wp-json\/wp\/v2\/product\/2037","targetHints":{"allow":["GET"]}}],"collection":[{"href":"https:\/\/minghanggroup.com\/es\/wp-json\/wp\/v2\/product"}],"about":[{"href":"https:\/\/minghanggroup.com\/es\/wp-json\/wp\/v2\/types\/product"}],"wp:featuredmedia":[{"embeddable":true,"href":"https:\/\/minghanggroup.com\/es\/wp-json\/wp\/v2\/media\/2046"}],"wp:attachment":[{"href":"https:\/\/minghanggroup.com\/es\/wp-json\/wp\/v2\/media?parent=2037"}],"wp:term":[{"taxonomy":"product_brand","embeddable":true,"href":"https:\/\/minghanggroup.com\/es\/wp-json\/wp\/v2\/product_brand?post=2037"},{"taxonomy":"product_cat","embeddable":true,"href":"https:\/\/minghanggroup.com\/es\/wp-json\/wp\/v2\/product_cat?post=2037"},{"taxonomy":"product_tag","embeddable":true,"href":"https:\/\/minghanggroup.com\/es\/wp-json\/wp\/v2\/product_tag?post=2037"}],"curies":[{"name":"wp","href":"https:\/\/api.w.org\/{rel}","templated":true}]}}