{"id":2032,"date":"2025-10-23T15:54:11","date_gmt":"2025-10-23T07:54:11","guid":{"rendered":"https:\/\/minghanggroup.com\/?post_type=product&#038;p=2032"},"modified":"2026-01-20T13:45:59","modified_gmt":"2026-01-20T05:45:59","slug":"square-glass-milk-bottles-for-dairy-storage-and-packaging","status":"publish","type":"product","link":"https:\/\/minghanggroup.com\/es\/producto\/square-glass-milk-bottles-for-dairy-storage-and-packaging\/","title":{"rendered":"Botellas de leche de vidrio cuadradas de 300 ml y 500 ml para almacenamiento y envasado de productos l\u00e1cteos"},"content":{"rendered":"<p>Tu marca de l\u00e1cteos necesita botellas que realmente ahorren espacio y aumenten las ventas: se acabaron las inc\u00f3modas botellas redondas que abarrotan tu estanter\u00eda. Fabricamos botellas cuadradas de vidrio para leche que se apilan a la perfecci\u00f3n, haciendo que cada vertido se sienta de primera calidad. Estas soluciones de almacenamiento de leche en botellas de vidrio convierten tu leche en una pieza visualmente impactante, perfecta para l\u00e1cteos, jugos o caf\u00e9 fr\u00edo.<\/p>\n<h2>Caracter\u00edsticas del producto<\/h2>\n<ol>\n<li><strong>Dise\u00f1o cuadrado y moderno:<\/strong>El dise\u00f1o cuadrado de la botella es muy bueno visualmente y es una gran soluci\u00f3n para que la marca tenga un buen dise\u00f1o estable sin que la botella se vuelque, dando un aspecto moderno y elegante que ayuda a que la imagen de su marca crezca m\u00e1s.<\/li>\n<li><strong>Vidrio grueso y duradero:<\/strong>Est\u00e1 fabricado con vidrio engrosado de alta transparencia, por lo tanto, es resistente y se puede utilizar varias veces sin da\u00f1arse.<\/li>\n<li><strong>Cuello ancho para f\u00e1cil llenado:<\/strong>El cuello ancho est\u00e1 dise\u00f1ado de tal manera que es muy f\u00e1cil verter la leche, el jugo o el caf\u00e9 e incluso la limpieza es muy sencilla.<\/li>\n<li><strong>Opciones personalizables:<\/strong>Puede tener una tapa de metal, pl\u00e1stico o bamb\u00fa y admite funciones personalizables como impresi\u00f3n, pintura en aerosol y relieve.<\/li>\n<\/ol>\n<h2>Especificaciones clave<\/h2>\n<table style=\"border-collapse: collapse; width: 80%; margin-left: auto; margin-right: auto;\" border=\"0\" width=\"288\" cellspacing=\"0\" cellpadding=\"0\">\n<tbody>\n<tr style=\"height: 13.50pt;\">\n<td style=\"height: 13.5pt; width: 54pt; text-align: center;\" width=\"72\" height=\"18\">Modelo<\/td>\n<td style=\"width: 54pt; text-align: center;\" width=\"72\">Capacidad<\/td>\n<td style=\"width: 54pt; text-align: center;\" width=\"72\">Dimensiones (cm)<\/td>\n<td style=\"width: 54pt; text-align: center;\" width=\"72\">Forma<\/td>\n<\/tr>\n<tr style=\"height: 13.50pt;\">\n<td style=\"height: 13.5pt; text-align: center;\" align=\"right\" height=\"18\">64030019<\/td>\n<td style=\"text-align: center;\" align=\"right\">300 ml\/10 oz<\/td>\n<td style=\"text-align: center;\">7.6&#215;12.3<\/td>\n<td class=\"et2\" style=\"text-align: center;\" rowspan=\"2\">Cuadrado<\/td>\n<\/tr>\n<tr style=\"height: 13.50pt;\">\n<td style=\"height: 13.5pt; text-align: center;\" align=\"right\" height=\"18\">64050020<\/td>\n<td style=\"text-align: center;\" align=\"right\">500 ml\/16 oz<\/td>\n<td style=\"text-align: center;\">8.6&#215;13.6<\/td>\n<\/tr>\n<\/tbody>\n<\/table>\n<h2>Caso de \u00e9xito<\/h2>\n<p>Una lecher\u00eda acudi\u00f3 a nosotros con un pedido de 150.000 botellas de vidrio cuadradas personalizadas de 300 ml.<\/p>\n<p>Es muy pr\u00e1ctico llenar y limpiar la botella a trav\u00e9s de la abertura de boca ancha, y las tapas de rosca de metal y las tapas de bamb\u00fa se pueden aplicar en el cuello completamente roscado, lo que brinda a los socios minoristas y de caf\u00e9 opciones flexibles.<\/p>\n<p>Por cierto, su forma cuadrada no solo le da al producto un estilo moderno y minimalista, sino que tambi\u00e9n ayuda a ahorrar espacio de almacenamiento y en las estanter\u00edas, tanto para env\u00edos como para exhibici\u00f3n. Para realzar la marca, la planta le aplic\u00f3 un acabado esmerilado y un logotipo serigrafiado a la botella.<\/p>\n<p>La l\u00ednea de leche de avena se convirti\u00f3 en una de las favoritas de los clientes, quienes quedaron especialmente encantados con su dise\u00f1o a prueba de fugas y su botella reutilizable. En dos meses, la nueva botella ha representado el 65% de los ingresos totales.<\/p>\n<h2>Tus consejos de personalizaci\u00f3n<\/h2>\n<p>\u00bfQuieres que tu botella de leche cuadrada de vidrio destaque? Puedes elegir un acabado esmerilado, un logotipo en relieve o un color degradado suave para combinar con tu sabor. Adem\u00e1s, con una tapa de bamb\u00fa o aluminio, no solo la realzar\u00e1s un poco m\u00e1s, sino que tambi\u00e9n combinar\u00e1 a la perfecci\u00f3n con tu marca de temporada, ya sea leche de frutos rojos, bebidas de avena o caf\u00e9 fr\u00edo. Tu art\u00edculo ser\u00e1 r\u00e1pidamente retirado de las estanter\u00edas y ser\u00e1 un espect\u00e1culo de estilo con los tama\u00f1os de tapa que van desde 300 ml hasta 500 ml.<\/p>","protected":false},"excerpt":{"rendered":"<p>Elegantes botellas cuadradas de vidrio para leche al por mayor y envases de vidrio para almacenar l\u00e1cteos, caf\u00e9 o jugos. Personalizables con tapas, colores y logotipo en relieve para una imagen de marca premium.<\/p>","protected":false},"featured_media":2033,"template":"","meta":{"postBodyCss":"","postBodyMargin":[],"postBodyPadding":[],"postBodyBackground":{"backgroundType":"classic","gradient":""}},"product_brand":[],"product_cat":[15,16,46],"product_tag":[64,72],"class_list":{"0":"post-2032","1":"product","2":"type-product","3":"status-publish","4":"has-post-thumbnail","6":"product_cat-glass-containers","7":"product_cat-glass-bottles","8":"product_cat-glass-milk-bottles","9":"product_tag-glass-yogurt-jars","10":"product_tag-juice-bottles","12":"first","13":"instock","14":"shipping-taxable","15":"product-type-simple"},"jetpack_sharing_enabled":true,"_links":{"self":[{"href":"https:\/\/minghanggroup.com\/es\/wp-json\/wp\/v2\/product\/2032","targetHints":{"allow":["GET"]}}],"collection":[{"href":"https:\/\/minghanggroup.com\/es\/wp-json\/wp\/v2\/product"}],"about":[{"href":"https:\/\/minghanggroup.com\/es\/wp-json\/wp\/v2\/types\/product"}],"wp:featuredmedia":[{"embeddable":true,"href":"https:\/\/minghanggroup.com\/es\/wp-json\/wp\/v2\/media\/2033"}],"wp:attachment":[{"href":"https:\/\/minghanggroup.com\/es\/wp-json\/wp\/v2\/media?parent=2032"}],"wp:term":[{"taxonomy":"product_brand","embeddable":true,"href":"https:\/\/minghanggroup.com\/es\/wp-json\/wp\/v2\/product_brand?post=2032"},{"taxonomy":"product_cat","embeddable":true,"href":"https:\/\/minghanggroup.com\/es\/wp-json\/wp\/v2\/product_cat?post=2032"},{"taxonomy":"product_tag","embeddable":true,"href":"https:\/\/minghanggroup.com\/es\/wp-json\/wp\/v2\/product_tag?post=2032"}],"curies":[{"name":"wp","href":"https:\/\/api.w.org\/{rel}","templated":true}]}}