{"id":2025,"date":"2025-10-23T14:12:42","date_gmt":"2025-10-23T06:12:42","guid":{"rendered":"https:\/\/minghanggroup.com\/?post_type=product&#038;p=2025"},"modified":"2026-01-20T15:35:46","modified_gmt":"2026-01-20T07:35:46","slug":"bulk-cylindrical-clear-glass-honey-vials-for-food-packaging","status":"publish","type":"product","link":"https:\/\/minghanggroup.com\/es\/producto\/bulk-cylindrical-clear-glass-honey-vials-for-food-packaging\/","title":{"rendered":"Viales cil\u00edndricos de vidrio transparente para miel de 50-260 ml para envasado de alimentos"},"content":{"rendered":"<p>These glass\u200b\u200d\u200b\u200c\u200d\u200b\u200d\u200c\u200b\u200d\u200b\u200c\u200d\u200b\u200d\u200c honey vials have a clear cylindrical body along with gold and silver lids of different sizes. Their minimal and at the same time functional design makes them ideal for storing honey with a touch of sophistication.<\/p>\n<h2>Caracter\u00edsticas del producto<\/h2>\n<ul>\n<li><strong>Vidrio transparente:<\/strong> El uso de vidrio transparente permite registrar el contenido y visualizar su estado, lo que resulta muy \u00fatil para una r\u00e1pida identificaci\u00f3n e inspecci\u00f3n.<\/li>\n<li><strong>Cil\u00edndrico:<\/strong> Debido a su estructura en forma de cilindro, es seguro decir que estos frascos se pueden apilar uno sobre otro en la cocina o cualquier otra \u00e1rea de la casa y as\u00ed se puede ahorrar espacio.<\/li>\n<li><strong>Varios tama\u00f1os disponibles:<\/strong> Al ofrecer contenedores en diferentes tama\u00f1os, uno puede elegir el m\u00e1s adecuado para satisfacer sus necesidades de almacenamiento.<\/li>\n<\/ul>\n<h2>Especificaciones clave<\/h2>\n<table style=\"border-collapse: collapse; margin-left: auto; margin-right: auto; width: 348.02pt;\" border=\"0\" width=\"464\" cellspacing=\"0\" cellpadding=\"0\">\n<tbody>\n<tr style=\"height: 13.50pt;\">\n<td style=\"height: 13.50pt; width: 90.00pt;\" width=\"120\" height=\"18\">Caracter\u00edstica<\/td>\n<td style=\"width: 258.00pt;\" width=\"344\">Especificaci\u00f3n<\/td>\n<\/tr>\n<tr style=\"height: 13.50pt;\">\n<td style=\"height: 13.50pt;\" height=\"18\">Capacidad<\/td>\n<td>50 ml a 260 ml (9 tama\u00f1os)<\/td>\n<\/tr>\n<tr style=\"height: 13.50pt;\">\n<td style=\"height: 13.50pt;\" height=\"18\">Di\u00e1metro<\/td>\n<td>4,7 cm (todos los tama\u00f1os)<\/td>\n<\/tr>\n<tr style=\"height: 13.50pt;\">\n<td style=\"height: 13.50pt;\" height=\"18\">Altura<\/td>\n<td>5,3 cm a 20,3 cm<\/td>\n<\/tr>\n<tr style=\"height: 13.50pt;\">\n<td style=\"height: 13.50pt;\" height=\"18\">Material<\/td>\n<td>Vidrio transparente, tapa de PP dorada\/plateada<\/td>\n<\/tr>\n<tr style=\"height: 13.50pt;\">\n<td style=\"height: 13.50pt;\" height=\"18\">Opciones de tapa<\/td>\n<td>Oro, plata (colores personalizados disponibles)<\/td>\n<\/tr>\n<tr style=\"height: 13.50pt;\">\n<td style=\"height: 13.50pt;\" height=\"18\">Mejor para<\/td>\n<td>Paquetes de muestra, sets de regalo<\/td>\n<\/tr>\n<tr style=\"height: 13.50pt;\">\n<td style=\"height: 13.50pt;\" height=\"18\">Uso ideal<\/td>\n<td>Frascos de miel, recipientes de vidrio para miel<\/td>\n<\/tr>\n<\/tbody>\n<\/table>\n<h2>Historia de \u00e9xito: C\u00f3mo una estrategia de sampler impuls\u00f3 las ventas<\/h2>\n<p>El negocio ap\u00edcola, de tama\u00f1o mediano, ten\u00eda dificultades para conseguir nuevos clientes, aparte de los que compraban sus frascos de miel est\u00e1ndar de 250 gramos. Idearon un plan para ofrecer un muestrario llamado &#034;Honey Flight&#034;, que conten\u00eda cuatro variedades diferentes de miel. Posteriormente, decidieron a\u00f1adir una tapa dorada a uno de nuestros envases de miel de vidrio de 50 ml, 60 ml, 80 ml y 100 ml con tapa para darle un aspecto m\u00e1s lujoso. La introducci\u00f3n del muestrario fue un \u00e9xito rotundo. En tan solo tres meses, se hab\u00eda convertido en su producto l\u00edder en l\u00ednea, lo que hizo que el tr\u00e1fico web creciera un 35 % y atrajera a numerosos compradores primerizos. El resultado positivo no se detuvo ah\u00ed. Las estad\u00edsticas revelan que una de cada cinco personas que obtiene un muestrario compra un frasco completo en dos meses. Esta t\u00e1ctica convirti\u00f3 a los compradores curiosos en clientes fieles, y ahora los 200\u00a0000 frascos de vidrio peque\u00f1os que piden cada trimestre son para ellos.<\/p>\n<h2>Personaliza tus frascos de miel con tu marca<\/h2>\n<ul>\n<li><strong>Acentos de tinte de color:<\/strong> Aplique un tinte \u00e1mbar apenas perceptible al vidrio transparente para resaltar el color dorado de la miel. As\u00ed, los frascos lucir\u00e1n m\u00e1s lujosos sin importar su tama\u00f1o.<\/li>\n<li><strong>Serigraf\u00eda:<\/strong> Su logotipo o cualquier otra obra de arte se puede imprimir en el vidrio de forma permanente y distintiva para representar la identidad de su marca.<\/li>\n<li><strong>Marcas de volumen en relieve:<\/strong> Presentamos una forma innovadora y m\u00e1s elegante de representar el volumen. Los mililitros\/onzas grabados en relieve le dan un aspecto pr\u00e1ctico y profesional.<\/li>\n<li><strong>Colores de gorra personalizados:<\/strong> \u00bfPor qu\u00e9 limitarse al plateado y al dorado? Adem\u00e1s de estos dos colores, los colores de las tapas se pueden personalizar seg\u00fan los colores de su marca.<\/li>\n<\/ul>\n<p>\u00bfLe gustar\u00eda simplificar su proceso de envasado con nuestra amplia gama de frascos y botellas de vidrio para miel? No dude en contactarnos si necesita un presupuesto al por mayor. Adem\u00e1s, podemos ser un activo clave para su negocio ap\u00edcola.<\/p>","protected":false},"excerpt":{"rendered":"<p>Viales de vidrio transparente para miel con tapas doradas y plateadas, ideales para envasar miel y distribuirla a granel. Resistentes, elegantes y personalizables para compradores mayoristas.<\/p>","protected":false},"featured_media":2040,"template":"","meta":{"postBodyCss":"","postBodyMargin":[],"postBodyPadding":[],"postBodyBackground":{"backgroundType":"classic","gradient":""}},"product_brand":[],"product_cat":[15,17,52],"product_tag":[],"class_list":{"0":"post-2025","1":"product","2":"type-product","3":"status-publish","4":"has-post-thumbnail","6":"product_cat-glass-containers","7":"product_cat-glass-jars","8":"product_cat-glass-honey-jars","10":"first","11":"instock","12":"shipping-taxable","13":"product-type-simple"},"jetpack_sharing_enabled":true,"_links":{"self":[{"href":"https:\/\/minghanggroup.com\/es\/wp-json\/wp\/v2\/product\/2025","targetHints":{"allow":["GET"]}}],"collection":[{"href":"https:\/\/minghanggroup.com\/es\/wp-json\/wp\/v2\/product"}],"about":[{"href":"https:\/\/minghanggroup.com\/es\/wp-json\/wp\/v2\/types\/product"}],"wp:featuredmedia":[{"embeddable":true,"href":"https:\/\/minghanggroup.com\/es\/wp-json\/wp\/v2\/media\/2040"}],"wp:attachment":[{"href":"https:\/\/minghanggroup.com\/es\/wp-json\/wp\/v2\/media?parent=2025"}],"wp:term":[{"taxonomy":"product_brand","embeddable":true,"href":"https:\/\/minghanggroup.com\/es\/wp-json\/wp\/v2\/product_brand?post=2025"},{"taxonomy":"product_cat","embeddable":true,"href":"https:\/\/minghanggroup.com\/es\/wp-json\/wp\/v2\/product_cat?post=2025"},{"taxonomy":"product_tag","embeddable":true,"href":"https:\/\/minghanggroup.com\/es\/wp-json\/wp\/v2\/product_tag?post=2025"}],"curies":[{"name":"wp","href":"https:\/\/api.w.org\/{rel}","templated":true}]}}