{"id":1901,"date":"2025-10-22T16:08:08","date_gmt":"2025-10-22T08:08:08","guid":{"rendered":"https:\/\/minghanggroup.com\/?post_type=product&#038;p=1901"},"modified":"2025-10-22T17:39:05","modified_gmt":"2025-10-22T09:39:05","slug":"wholesale-unique-glass-honey-containers-with-twisted-design","status":"publish","type":"product","link":"https:\/\/minghanggroup.com\/es\/producto\/wholesale-unique-glass-honey-containers-with-twisted-design\/","title":{"rendered":"Venta al por mayor de envases de vidrio \u00fanicos para miel de 150 ml y 360 ml con dise\u00f1o retorcido."},"content":{"rendered":"<p>Estos contenedores de miel cuentan con botellas de vidrio transparente adornadas con un patr\u00f3n geom\u00e9trico retorcido \u00fanico. Los cierres disponibles en negro o rojo, muy brillantes, no solo exponen el atractivo de la miel sino que tambi\u00e9n mantienen un aspecto gr\u00e1fico fuerte y elegante.<\/p>\n<h2>Caracter\u00edsticas del producto<\/h2>\n<ul>\n<li><strong>Vidrio transparente:<\/strong> Con estas botellas de vidrio transparente siempre se puede ver el nivel de miel y su frescura, por lo que las recargas se realizar\u00e1n sin ning\u00fan error.<\/li>\n<li><strong>Botella geom\u00e9trica retorcida:<\/strong> La botella con su forma geom\u00e9trica retorcida art\u00edstica e innovadora sirve como una herramienta poderosa para distinguir el producto.<\/li>\n<li><strong>Textura exquisita:<\/strong> Una combinaci\u00f3n de vidrio transparente con un patr\u00f3n \u00fanico tiene un efecto delicado y elegante, proyectando as\u00ed el producto de miel como uno de alta gama.<\/li>\n<\/ul>\n<h2>Especificaciones clave<\/h2>\n<table style=\"border-collapse: collapse; margin-left: auto; margin-right: auto; width: 387.02pt;\" border=\"0\" width=\"516\" cellspacing=\"0\" cellpadding=\"0\">\n<tbody>\n<tr style=\"height: 13.50pt;\">\n<td style=\"height: 13.50pt; width: 90.00pt;\" width=\"120\" height=\"18\">Caracter\u00edstica<\/td>\n<td style=\"width: 297.00pt;\" width=\"396\">Especificaci\u00f3n<\/td>\n<\/tr>\n<tr style=\"height: 13.50pt;\">\n<td style=\"height: 13.50pt;\" height=\"18\">Capacidad<\/td>\n<td>150 ml, 360 ml<\/td>\n<\/tr>\n<tr style=\"height: 13.50pt;\">\n<td style=\"height: 13.50pt;\" height=\"18\">Tama\u00f1o<\/td>\n<td>9,5\u00d79,9 cm, 9,5\u00d712,3 cm<\/td>\n<\/tr>\n<tr style=\"height: 13.50pt;\">\n<td style=\"height: 13.50pt;\" height=\"18\">Material<\/td>\n<td>Vidrio transparente, tapa de rosca PP negra o roja<\/td>\n<\/tr>\n<tr style=\"height: 13.50pt;\">\n<td style=\"height: 13.50pt;\" height=\"18\">Opciones de tapa<\/td>\n<td>Negro, rojo (colores personalizados disponibles)<\/td>\n<\/tr>\n<tr style=\"height: 13.50pt;\">\n<td style=\"height: 13.50pt;\" height=\"18\">Mejor para<\/td>\n<td>Recipientes para miel, mezclas infusionadas, sets de regalo<\/td>\n<\/tr>\n<\/tbody>\n<\/table>\n<h2>Historia de \u00e9xito: Frascos de mermelada \u00fanicos que se venden en todo el pa\u00eds<\/h2>\n<p>Una empresa de alimentos artesanales que produce miel y mermeladas infusionadas en lotes peque\u00f1os no consegu\u00eda suficiente espacio en las estanter\u00edas para hacerse notar. Frente a los gigantes, apostaron por los envases de miel de vidrio retorcido de 360 \u200b\u200bml con nuestra llamativa tapa roja, con la esperanza de que el dise\u00f1o por s\u00ed solo llamara la atenci\u00f3n. El resultado fue nada menos que revolucionario. En primer lugar, el inusual estilo retorcido hizo que el producto destacara: un productor local de mermeladas artesanales observ\u00f3 un aumento del 48 % en la retenci\u00f3n de clientes. Y en segundo lugar, el vidrio resistente fue la causa de una reducci\u00f3n del 42 % en los da\u00f1os durante el transporte, en comparaci\u00f3n con los fr\u00e1giles frascos decorativos. En menos de un a\u00f1o, pasaron de abastecer a 15 tiendas locales a m\u00e1s de 100 puntos de venta en todo el pa\u00eds. Los ingresos de la marca aumentaron un 150 % y se convirtieron en uno de nuestros clientes m\u00e1s confiables, realizando pedidos de 100\u00a0000 frascos de miel al por mayor cada trimestre.<\/p>\n<h2>Formas de personalizar tus exclusivos tarros de miel<\/h2>\n<ul>\n<li><strong>Logotipo en relieve:<\/strong> Grabe elegantemente su logotipo en las zonas retorcidas del vidrio, proporcionando as\u00ed una experiencia exclusiva para el cliente.<\/li>\n<li><strong>Vidrio coloreado:<\/strong> No te limites al vidrio transparente. \u00bfTe\u00f1ir todo el frasco de verde o \u00e1mbar le dar\u00e1 un toque m\u00e1s art\u00edstico?<\/li>\n<li><strong data-spm-anchor-id=\"5176.28103460.0.i16.2f2e2e31AubgEp\">Marcadores de capacidad grabados con l\u00e1ser<\/strong>\u00a0\u2013 Grabe &#034;150 ml&#034; y &#034;360 ml&#034; en el lateral. Facilita el llenado por lotes. Tiene un aspecto profesional.<\/li>\n<li><strong>Serigraf\u00eda:<\/strong> Se puede imprimir un texto sencillo o un elemento decorativo sobre el vidrio, y \u00e9ste se puede girar para que las l\u00edneas de impresi\u00f3n sean imperceptibles.<\/li>\n<\/ul>\n<p>Estos creativos tarros de mermelada son la forma m\u00e1s r\u00e1pida de construir una imagen de marca de lujo. Cont\u00e1ctanos si quieres conocer los precios al por mayor de tarros de miel o hablar sobre tu proyecto personalizado.<\/p>","protected":false},"excerpt":{"rendered":"<p>Recipientes \u00fanicos para miel con tapas retorcidas, con un dise\u00f1o elegante y duradero. Frascos personalizados para pedidos al por mayor a precios competitivos.<\/p>","protected":false},"featured_media":1939,"template":"","meta":{"postBodyCss":"","postBodyMargin":[],"postBodyPadding":[],"postBodyBackground":{"backgroundType":"classic","gradient":""}},"product_brand":[],"product_cat":[15,17,52],"product_tag":[],"class_list":{"0":"post-1901","1":"product","2":"type-product","3":"status-publish","4":"has-post-thumbnail","6":"product_cat-glass-containers","7":"product_cat-glass-jars","8":"product_cat-glass-honey-jars","10":"first","11":"instock","12":"shipping-taxable","13":"product-type-simple"},"jetpack_sharing_enabled":true,"_links":{"self":[{"href":"https:\/\/minghanggroup.com\/es\/wp-json\/wp\/v2\/product\/1901","targetHints":{"allow":["GET"]}}],"collection":[{"href":"https:\/\/minghanggroup.com\/es\/wp-json\/wp\/v2\/product"}],"about":[{"href":"https:\/\/minghanggroup.com\/es\/wp-json\/wp\/v2\/types\/product"}],"wp:featuredmedia":[{"embeddable":true,"href":"https:\/\/minghanggroup.com\/es\/wp-json\/wp\/v2\/media\/1939"}],"wp:attachment":[{"href":"https:\/\/minghanggroup.com\/es\/wp-json\/wp\/v2\/media?parent=1901"}],"wp:term":[{"taxonomy":"product_brand","embeddable":true,"href":"https:\/\/minghanggroup.com\/es\/wp-json\/wp\/v2\/product_brand?post=1901"},{"taxonomy":"product_cat","embeddable":true,"href":"https:\/\/minghanggroup.com\/es\/wp-json\/wp\/v2\/product_cat?post=1901"},{"taxonomy":"product_tag","embeddable":true,"href":"https:\/\/minghanggroup.com\/es\/wp-json\/wp\/v2\/product_tag?post=1901"}],"curies":[{"name":"wp","href":"https:\/\/api.w.org\/{rel}","templated":true}]}}