{"id":1891,"date":"2025-10-22T13:02:51","date_gmt":"2025-10-22T05:02:51","guid":{"rendered":"https:\/\/minghanggroup.com\/?post_type=product&#038;p=1891"},"modified":"2025-10-22T17:11:23","modified_gmt":"2025-10-22T09:11:23","slug":"wholesale-round-glass-honey-bottles-and-jam-jars","status":"publish","type":"product","link":"https:\/\/minghanggroup.com\/es\/producto\/wholesale-round-glass-honey-bottles-and-jam-jars\/","title":{"rendered":"Botellas redondas de vidrio para miel y tarros de mermelada de 100 ml a 500 ml al por mayor"},"content":{"rendered":"<p>Las botellas de miel est\u00e1n dise\u00f1adas con un cuerpo de vidrio transparente, un cilindro visualmente atractivo, y una tapa negra. Su dise\u00f1o minimalista y pr\u00e1ctico est\u00e1 disponible para diferentes vol\u00famenes.<\/p>\n<h2>Caracter\u00edsticas del producto<\/h2>\n<ul>\n<li><strong>Forma cil\u00edndrica:<\/strong> El uso de este moderno recipiente cil\u00edndrico para miel no solo lo convierte en una soluci\u00f3n perfecta para almacenar miel en la cocina, sino tambi\u00e9n en otras habitaciones, ahorrando as\u00ed espacio.<\/li>\n<li><strong>Boca ancha:<\/strong> Con la f\u00e1cil apertura que proporciona este dise\u00f1o, la recarga es r\u00e1pida y la limpieza es sencilla, por lo que los clientes pueden sacar la miel sin ensuciarse las manos.<\/li>\n<li><strong>Varias opciones de tama\u00f1o:<\/strong> Disponemos de tarros de miel para todo el ciclo comercial, desde los tarros peque\u00f1os de 100 ml para muestreo hasta los tarros de miel a granel de 500 ml.<\/li>\n<\/ul>\n<h2>Especificaciones clave<\/h2>\n<table style=\"border-collapse: collapse; margin-left: auto; margin-right: auto; width: 455.27pt;\" border=\"0\" width=\"607\" cellspacing=\"0\" cellpadding=\"0\">\n<tbody>\n<tr style=\"height: 13.50pt;\">\n<td style=\"height: 13.50pt; width: 90.00pt;\" width=\"120\" height=\"18\">Caracter\u00edstica<\/td>\n<td style=\"width: 365.25pt;\" width=\"487\">Especificaci\u00f3n<\/td>\n<\/tr>\n<tr style=\"height: 13.50pt;\">\n<td style=\"height: 13.50pt;\" height=\"18\">Capacidad<\/td>\n<td>100 ml, 150 ml, 180 ml, 220 ml, 280 ml, 380 ml, 500 ml<\/td>\n<\/tr>\n<tr style=\"height: 13.50pt;\">\n<td style=\"height: 13.50pt;\" height=\"18\">Tama\u00f1o<\/td>\n<td>6,1\u00d76,8 cm a 8,5\u00d712,8 cm<\/td>\n<\/tr>\n<tr style=\"height: 13.50pt;\">\n<td style=\"height: 13.50pt;\" height=\"18\">Material<\/td>\n<td>Vidrio transparente, tapa de rosca de PP negra<\/td>\n<\/tr>\n<tr style=\"height: 13.50pt;\">\n<td style=\"height: 13.50pt;\" height=\"18\">Color de la tapa<\/td>\n<td>Negro (colores personalizados disponibles)<\/td>\n<\/tr>\n<tr style=\"height: 13.50pt;\">\n<td style=\"height: 13.50pt;\" height=\"18\">Mejor para<\/td>\n<td>Miel cruda, mermeladas, conservas<\/td>\n<\/tr>\n<tr style=\"height: 13.50pt;\">\n<td style=\"height: 13.50pt;\" height=\"18\">Uso ideal<\/td>\n<td>Botella de miel, tarros de mermelada redondos, recipientes de vidrio para miel<\/td>\n<\/tr>\n<\/tbody>\n<\/table>\n<h2>Historia de \u00e9xito: El dise\u00f1o cl\u00e1sico impulsa el crecimiento de las ventas<\/h2>\n<p>Una cooperativa ap\u00edcola mediana enfrentaba problemas de empaque. Para solucionarlo, probaron 1400 frascos redondos de vidrio para miel con tapas negras (200 de cada tama\u00f1o). Este dise\u00f1o reconocible y pr\u00e1ctico complementa a la perfecci\u00f3n su imagen de marca de miel pura y natural. Esta iniciativa ha transformado significativamente su negocio. En primer lugar, los siete tama\u00f1os de frascos de miel tienen un \u00edndice de satisfacci\u00f3n del cliente del 92%, lo que elimina la confusi\u00f3n entre frascos de diferentes proveedores. Un productor de mermelada artesanal vio un aumento del 38% en las ventas de sets de regalo gracias al tama\u00f1o perfecto de los frascos de 100 ml y 150 ml para degustaci\u00f3n. Adem\u00e1s, las tapas herm\u00e9ticas redujeron el desperdicio de miel y mermelada en un 40%, lo que los impuls\u00f3 a realizar cuatro pedidos adicionales por un total de 200\u00a0000 frascos de miel para expandir su negocio.<\/p>\n<h2>Recomendaciones para personalizar tarros de miel de vidrio<\/h2>\n<ul>\n<li><strong>Personalizaci\u00f3n del color de la tapa:<\/strong> \u00bfNo es solo un simple negro? Al personalizar los colores de la tapa para que reflejen los colores de su marca, los clientes podr\u00e1n identificarlo al instante.<\/li>\n<li><strong>Opciones de material de la tapa:<\/strong> Ya sea de pl\u00e1stico o de metal, tenga el acabado y la textura de su elecci\u00f3n para un aspecto glamoroso o cotidiano.<\/li>\n<li><strong>Grabado esmerilado:<\/strong> Para lograr una apariencia visual de contacto personal elegante, con clase, lujosa y hecha a mano, se puede utilizar el grabado de vidrio para crear logotipos, bandas o patrones esmerilados en el producto.<\/li>\n<li><strong>Tintes de colores:<\/strong> Los frascos de miel pueden ser un poco m\u00e1s atractivos y atraer m\u00e1s compradores si se agregan tonos sutiles de color \u00e1mbar (para la miel) o rojo (para la mermelada) a la parte transparente del vidrio para complementar el producto en el interior y permitir que el frasco se vea entre otros.<\/li>\n<li><strong>Capacidad personalizada:<\/strong> Nuestra gama es amplia y si en alg\u00fan caso necesita una capacidad ligeramente diferente, podemos hacerlo en colaboraci\u00f3n con usted.<\/li>\n<\/ul>","protected":false},"excerpt":{"rendered":"<p>Botellas redondas de vidrio para miel en varios tama\u00f1os. Ideales para envasar miel y mermeladas, con personalizaci\u00f3n de logotipo, precios al por mayor y entrega r\u00e1pida.<\/p>","protected":false},"featured_media":1893,"template":"","meta":{"postBodyCss":"","postBodyMargin":[],"postBodyPadding":[],"postBodyBackground":{"backgroundType":"classic","gradient":""}},"product_brand":[],"product_cat":[15,17,52],"product_tag":[],"class_list":{"0":"post-1891","1":"product","2":"type-product","3":"status-publish","4":"has-post-thumbnail","6":"product_cat-glass-containers","7":"product_cat-glass-jars","8":"product_cat-glass-honey-jars","10":"first","11":"instock","12":"shipping-taxable","13":"product-type-simple"},"jetpack_sharing_enabled":true,"_links":{"self":[{"href":"https:\/\/minghanggroup.com\/es\/wp-json\/wp\/v2\/product\/1891","targetHints":{"allow":["GET"]}}],"collection":[{"href":"https:\/\/minghanggroup.com\/es\/wp-json\/wp\/v2\/product"}],"about":[{"href":"https:\/\/minghanggroup.com\/es\/wp-json\/wp\/v2\/types\/product"}],"wp:featuredmedia":[{"embeddable":true,"href":"https:\/\/minghanggroup.com\/es\/wp-json\/wp\/v2\/media\/1893"}],"wp:attachment":[{"href":"https:\/\/minghanggroup.com\/es\/wp-json\/wp\/v2\/media?parent=1891"}],"wp:term":[{"taxonomy":"product_brand","embeddable":true,"href":"https:\/\/minghanggroup.com\/es\/wp-json\/wp\/v2\/product_brand?post=1891"},{"taxonomy":"product_cat","embeddable":true,"href":"https:\/\/minghanggroup.com\/es\/wp-json\/wp\/v2\/product_cat?post=1891"},{"taxonomy":"product_tag","embeddable":true,"href":"https:\/\/minghanggroup.com\/es\/wp-json\/wp\/v2\/product_tag?post=1891"}],"curies":[{"name":"wp","href":"https:\/\/api.w.org\/{rel}","templated":true}]}}