{"id":1877,"date":"2025-10-22T08:47:53","date_gmt":"2025-10-22T00:47:53","guid":{"rendered":"https:\/\/minghanggroup.com\/?post_type=product&#038;p=1877"},"modified":"2025-10-22T17:43:30","modified_gmt":"2025-10-22T09:43:30","slug":"bulk-crystal-honey-bottles-square-jam-jars","status":"publish","type":"product","link":"https:\/\/minghanggroup.com\/es\/producto\/bulk-crystal-honey-bottles-square-jam-jars\/","title":{"rendered":"Frascos de miel de cristal a granel: tarros de mermelada cuadrados de 100 ml, 180 ml, 280 ml y 360 ml"},"content":{"rendered":"<p>Con diferentes formas y tama\u00f1os, estas hermosas botellas de miel que contienen miel est\u00e1n creadas a partir de vidrio cuadrado transparente para demostrar que la miel ya est\u00e1 dorada.<\/p>\n<h2>Caracter\u00edsticas del producto<\/h2>\n<ul>\n<li><strong>Patr\u00f3n cuadrado llamativo:<\/strong> Nuestros frascos de mermelada cuadrados est\u00e1n hechos de material resistente, tambi\u00e9n ahorran espacio y su apariencia impresionar\u00e1 en cualquier estante.<\/li>\n<li><strong>P\u00e1rpados cerrados:<\/strong> Para mantener la miel fresca durante el almacenamiento, cada tapa viene con una tira de sellado.<\/li>\n<li><strong>Flexible<\/strong>Estos recipientes no solo te servir\u00e1n para guardar miel, sino tambi\u00e9n mermeladas, productos artesanales y productos secos.<\/li>\n<\/ul>\n<h2>Especificaciones clave<\/h2>\n<table style=\"border-collapse: collapse; margin-left: auto; margin-right: auto; width: 455.27pt;\" border=\"0\" width=\"607\" cellspacing=\"0\" cellpadding=\"0\">\n<tbody>\n<tr style=\"height: 13.50pt;\">\n<td style=\"height: 13.50pt; width: 90.00pt;\" width=\"120\" height=\"18\">Caracter\u00edstica<\/td>\n<td style=\"width: 365.25pt;\" width=\"487\">Especificaci\u00f3n<\/td>\n<\/tr>\n<tr style=\"height: 13.50pt;\">\n<td style=\"height: 13.50pt;\" height=\"18\">Capacidad<\/td>\n<td>100 ml, 180 ml, 280 ml, 360 ml<\/td>\n<\/tr>\n<tr style=\"height: 13.50pt;\">\n<td style=\"height: 13.50pt;\" height=\"18\">Dimensiones<\/td>\n<td>5,8\u00d77,9 cm a 8,0\u00d712,0 cm<\/td>\n<\/tr>\n<tr style=\"height: 13.50pt;\">\n<td style=\"height: 13.50pt;\" height=\"18\">Material<\/td>\n<td>Tapa de rosca de vidrio transparente, PP o madera<\/td>\n<\/tr>\n<tr style=\"height: 13.50pt;\">\n<td style=\"height: 13.50pt;\" height=\"18\">Opciones de tapa<\/td>\n<td>Oro, rojo, plata, madera (disponible personalizado)<\/td>\n<\/tr>\n<tr style=\"height: 13.50pt;\">\n<td style=\"height: 13.50pt;\" height=\"18\">Mejor para<\/td>\n<td>Miel, mermelada, conservas<\/td>\n<\/tr>\n<tr style=\"height: 13.50pt;\">\n<td style=\"height: 13.50pt;\" height=\"18\">Uso ideal<\/td>\n<td>Botellas de miel, recipientes de vidrio para miel, frascos de miel a granel<\/td>\n<\/tr>\n<\/tbody>\n<\/table>\n<h2>Historia de \u00e9xito: Elevando una marca artesanal<\/h2>\n<p>El negocio ap\u00edcola local, que produce miel artesanal y busca un envase de alta calidad, opt\u00f3 por nuestros tarros de mermelada cuadrados de 180 ml con tapa de madera. La experiencia del usuario mejora gracias a la combinaci\u00f3n de tapas de madera y doradas, lo que ha resultado en un aumento del 42 % en las compras de tarros. El vidrio transparente revela el color dorado de la miel, y su forma cuadrada contribuye a que la l\u00ednea de productos tenga una distribuci\u00f3n armoniosa en los estantes y, al mismo tiempo, una imagen premium en la tienda. Los clientes elogiaron el dise\u00f1o de los tarros en la mayor\u00eda de los casos, y la empresa ya ha realizado tres pedidos m\u00e1s de 100\u00a0000 tarros cada uno.<\/p>\n<h2>Sugerencias para personalizar tarros de miel de vidrio<\/h2>\n<ul>\n<li><strong>Color de la tapa:<\/strong> Puede ser uno de nuestros colores met\u00e1licos (dorado, plateado o rojo) o imitaci\u00f3n madera. O simplemente puede elegir un Pantone para obtener el color exacto de la marca.<\/li>\n<li><strong>Estampado de vidrio:<\/strong> De una forma u otra, su logotipo o incluso un patr\u00f3n intrincado se pueden colocar directamente sobre el vidrio para darle un toque de estilo de alta clase al aspecto visual.<\/li>\n<li><strong>Serigraf\u00eda:<\/strong> Imprima su logotipo y dise\u00f1o a todo color directamente sobre el vidrio para obtener un art\u00edculo vibrante y duradero.<\/li>\n<li><strong>Ajuste de volumen:<\/strong> Si nuestras medidas predeterminadas no le convienen, podemos ayudarle a realizar frascos con un volumen ligeramente diferente.<\/li>\n<\/ul>\n<p>\u00bfQu\u00e9 tal si nos ponemos de acuerdo sobre los mejores frascos y botellas de miel para su negocio? Nuestra colecci\u00f3n de envases de vidrio es ideal para que sus productos destaquen. Cont\u00e1ctenos y conversemos sobre sus pedidos de frascos de miel a granel y dise\u00f1os personalizados.<\/p>","protected":false},"excerpt":{"rendered":"<p>Botellas cuadradas de vidrio premium para miel con opciones de tapa variadas. Ideales para envasar miel y mermelada. Suministro directo de f\u00e1brica, muestras gratis y ofertas al por mayor.<\/p>","protected":false},"featured_media":1880,"template":"","meta":{"postBodyCss":"","postBodyMargin":[],"postBodyPadding":[],"postBodyBackground":{"backgroundType":"classic","gradient":""}},"product_brand":[],"product_cat":[15,17,52],"product_tag":[],"class_list":{"0":"post-1877","1":"product","2":"type-product","3":"status-publish","4":"has-post-thumbnail","6":"product_cat-glass-containers","7":"product_cat-glass-jars","8":"product_cat-glass-honey-jars","10":"first","11":"instock","12":"shipping-taxable","13":"product-type-simple"},"jetpack_sharing_enabled":true,"_links":{"self":[{"href":"https:\/\/minghanggroup.com\/es\/wp-json\/wp\/v2\/product\/1877","targetHints":{"allow":["GET"]}}],"collection":[{"href":"https:\/\/minghanggroup.com\/es\/wp-json\/wp\/v2\/product"}],"about":[{"href":"https:\/\/minghanggroup.com\/es\/wp-json\/wp\/v2\/types\/product"}],"wp:featuredmedia":[{"embeddable":true,"href":"https:\/\/minghanggroup.com\/es\/wp-json\/wp\/v2\/media\/1880"}],"wp:attachment":[{"href":"https:\/\/minghanggroup.com\/es\/wp-json\/wp\/v2\/media?parent=1877"}],"wp:term":[{"taxonomy":"product_brand","embeddable":true,"href":"https:\/\/minghanggroup.com\/es\/wp-json\/wp\/v2\/product_brand?post=1877"},{"taxonomy":"product_cat","embeddable":true,"href":"https:\/\/minghanggroup.com\/es\/wp-json\/wp\/v2\/product_cat?post=1877"},{"taxonomy":"product_tag","embeddable":true,"href":"https:\/\/minghanggroup.com\/es\/wp-json\/wp\/v2\/product_tag?post=1877"}],"curies":[{"name":"wp","href":"https:\/\/api.w.org\/{rel}","templated":true}]}}