{"id":1869,"date":"2025-10-21T16:10:26","date_gmt":"2025-10-21T08:10:26","guid":{"rendered":"https:\/\/minghanggroup.com\/?post_type=product&#038;p=1869"},"modified":"2025-10-21T17:54:07","modified_gmt":"2025-10-21T09:54:07","slug":"wholesale-unique-honeycomb-glass-jars-with-screw-metal-lids","status":"publish","type":"product","link":"https:\/\/minghanggroup.com\/es\/producto\/wholesale-unique-honeycomb-glass-jars-with-screw-metal-lids\/","title":{"rendered":"Frascos de vidrio con forma de panal, \u00fanicos y con tapas de rosca met\u00e1licas, de 85 a 473 ml (3 oz a 16 oz)."},"content":{"rendered":"<p>Estos distintivos frascos de vidrio con dise\u00f1o de panal est\u00e1n hechos de vidrio transparente con un distintivo patr\u00f3n de panal y vienen con una tapa negra. Est\u00e1n disponibles en varios tama\u00f1os para facilitar el almacenamiento de la miel.<\/p>\n<h2>Caracter\u00edsticas del producto<\/h2>\n<ul>\n<li><strong>Textura de panal real:<\/strong> Moldeado integralmente con el vidrio, sin pegatinas ni etiquetas, para una presentaci\u00f3n permanente y aut\u00e9ntica.<\/li>\n<li><strong>El vidrio transparente destaca su calidad:<\/strong> Se puede ver la miel dorada en su interior. La textura realza la luz, haci\u00e9ndola brillar.<\/li>\n<li><strong>Dise\u00f1o de boca ancha para un llenado r\u00e1pido:<\/strong> Ahorre tiempo en el envasado. Se puede usar con cuchara o bomba para un uso limpio e higi\u00e9nico.<\/li>\n<\/ul>\n<h2>Especificaciones clave<\/h2>\n<table style=\"border-collapse: collapse; margin-left: auto; margin-right: auto; width: 518.27pt;\" border=\"0\" width=\"691\" cellspacing=\"0\" cellpadding=\"0\">\n<tbody>\n<tr style=\"height: 13.50pt;\">\n<td style=\"height: 13.50pt; width: 99.75pt;\" width=\"133\" height=\"18\">Caracter\u00edstica<\/td>\n<td style=\"width: 418.50pt;\" width=\"558\">Especificaci\u00f3n<\/td>\n<\/tr>\n<tr style=\"height: 13.50pt;\">\n<td style=\"height: 13.50pt;\" height=\"18\">Capacidad<\/td>\n<td>100 ml\/3 oz, 250 ml\/8 oz, 500 ml\/16 oz, 1000 ml\/32 oz<\/td>\n<\/tr>\n<tr style=\"height: 13.50pt;\">\n<td style=\"height: 13.50pt;\" height=\"18\">Dimensiones<\/td>\n<td>5,3\u00d78,0 cm a 10,1\u00d714,7 cm<\/td>\n<\/tr>\n<tr style=\"height: 13.50pt;\">\n<td style=\"height: 13.50pt;\" height=\"18\">Material<\/td>\n<td>Vidrio transparente, tapa de rosca de PP negra<\/td>\n<\/tr>\n<tr style=\"height: 13.50pt;\">\n<td style=\"height: 13.50pt;\" height=\"18\">Textura<\/td>\n<td>Patr\u00f3n de panal 3D (cuerpo completo)<\/td>\n<\/tr>\n<tr style=\"height: 13.50pt;\">\n<td style=\"height: 13.50pt;\" height=\"18\">Color de la tapa<\/td>\n<td>Negro (colores personalizados disponibles)<\/td>\n<\/tr>\n<tr style=\"height: 13.50pt;\">\n<td style=\"height: 13.50pt;\" height=\"18\">Mejor para<\/td>\n<td>Miel cruda, sets de regalo, mezclas artesanales<\/td>\n<\/tr>\n<tr style=\"height: 13.50pt;\">\n<td style=\"height: 13.50pt;\" height=\"18\">Uso ideal<\/td>\n<td>Frascos de vidrio con forma de panal, frascos de miel \u00fanicos, contenedores de vidrio para miel<\/td>\n<\/tr>\n<\/tbody>\n<\/table>\n<h2>Historia de \u00e9xito: Tarros de miel tem\u00e1ticos para impulsar el negocio<\/h2>\n<p>Un negocio familiar de apicultura local estaba al borde de la quiebra debido a la fuerte competencia en el mercado. Finalmente, decidieron renovar la marca de sus productos con nuestros frascos de vidrio con dise\u00f1o de panal de 500 ml. El resultado fue un \u00e9xito rotundo. En primer lugar, el novedoso dise\u00f1o de panal atrajo tanto a los clientes que aument\u00f3 en un 45 % el n\u00famero de clientes que volvieron a comprar sus productos. En segundo lugar, el nuevo envase ayud\u00f3 a reducir los da\u00f1os en los productos durante la entrega en un 40 % en comparaci\u00f3n con los frascos de vidrio lisos o sin textura, lo que le permiti\u00f3 al distribuidor ahorrar $280 al mes en costos de reemplazo. El \u00e9xito rotundo los llev\u00f3 a firmar un contrato con una empresa de suscripci\u00f3n de alimentos gourmet regionales que necesita un suministro abundante y estable de frascos de miel cada trimestre. Han sido clientes fieles durante m\u00e1s de dos a\u00f1os, por lo que han realizado siete pedidos consecutivos de 100 000 unidades cada uno y recientemente han a\u00f1adido frascos de miel de 100 ml para sets de regalo.<\/p>\n<h2>Personalizando tus frascos de panal<\/h2>\n<ul>\n<li><strong>Tapa de metal:<\/strong> Cambie la tapa de pl\u00e1stico por una de metal mate para elevar el art\u00edculo a un nivel m\u00e1s lujoso.<\/li>\n<li><strong>Monograma tu nombre:<\/strong> Haga que el logotipo o las iniciales de la marca destaquen m\u00e1s grab\u00e1ndolos sutilmente en la tapa para lograr una apariencia refinada.<\/li>\n<li><strong>Tintes de vidrio:<\/strong> Utilice un atractivo vidrio \u00e1mbar o verde para envasar su miel para tener un aspecto diferente y tambi\u00e9n para proteger el contenido de los da\u00f1inos rayos del sol.<\/li>\n<li><strong>Formas personalizadas:<\/strong> Si planea comprar grandes cantidades al por mayor, podemos fabricar sus frascos en la forma que prefiera.<\/li>\n<\/ul>\n<p>\u00bfListo para causar una buena impresi\u00f3n con los frascos m\u00e1s tem\u00e1ticos del mercado? Cont\u00e1ctanos para obtener un presupuesto al por mayor y nuestra l\u00ednea completa de frascos de miel a granel. Construyamos tu marca juntos.<\/p>","protected":false},"excerpt":{"rendered":"<p>Frascos de vidrio \u00fanicos con dise\u00f1o texturizado. Ideales para marcas de miel premium. Suministro a granel, entrega r\u00e1pida y opciones de personalizaci\u00f3n para cada marca.<\/p>","protected":false},"featured_media":1873,"template":"","meta":{"postBodyCss":"","postBodyMargin":[],"postBodyPadding":[],"postBodyBackground":{"backgroundType":"classic","gradient":""}},"product_brand":[],"product_cat":[15,17,52],"product_tag":[],"class_list":{"0":"post-1869","1":"product","2":"type-product","3":"status-publish","4":"has-post-thumbnail","6":"product_cat-glass-containers","7":"product_cat-glass-jars","8":"product_cat-glass-honey-jars","10":"first","11":"instock","12":"shipping-taxable","13":"product-type-simple"},"jetpack_sharing_enabled":true,"_links":{"self":[{"href":"https:\/\/minghanggroup.com\/es\/wp-json\/wp\/v2\/product\/1869","targetHints":{"allow":["GET"]}}],"collection":[{"href":"https:\/\/minghanggroup.com\/es\/wp-json\/wp\/v2\/product"}],"about":[{"href":"https:\/\/minghanggroup.com\/es\/wp-json\/wp\/v2\/types\/product"}],"wp:featuredmedia":[{"embeddable":true,"href":"https:\/\/minghanggroup.com\/es\/wp-json\/wp\/v2\/media\/1873"}],"wp:attachment":[{"href":"https:\/\/minghanggroup.com\/es\/wp-json\/wp\/v2\/media?parent=1869"}],"wp:term":[{"taxonomy":"product_brand","embeddable":true,"href":"https:\/\/minghanggroup.com\/es\/wp-json\/wp\/v2\/product_brand?post=1869"},{"taxonomy":"product_cat","embeddable":true,"href":"https:\/\/minghanggroup.com\/es\/wp-json\/wp\/v2\/product_cat?post=1869"},{"taxonomy":"product_tag","embeddable":true,"href":"https:\/\/minghanggroup.com\/es\/wp-json\/wp\/v2\/product_tag?post=1869"}],"curies":[{"name":"wp","href":"https:\/\/api.w.org\/{rel}","templated":true}]}}