{"id":1864,"date":"2025-10-21T15:54:36","date_gmt":"2025-10-21T07:54:36","guid":{"rendered":"https:\/\/minghanggroup.com\/?post_type=product&#038;p=1864"},"modified":"2025-10-21T17:51:23","modified_gmt":"2025-10-21T09:51:23","slug":"wholesale-glass-square-honey-jars-with-metal-lids","status":"publish","type":"product","link":"https:\/\/minghanggroup.com\/es\/producto\/wholesale-glass-square-honey-jars-with-metal-lids\/","title":{"rendered":"Tarros de miel cuadrados transparentes con tapas met\u00e1licas (100 ml, 180 ml, 280 ml y 360 ml) al por mayor."},"content":{"rendered":"<p>Estos tarros de miel con tapa est\u00e1n hechos de vidrio cuadrado transparente y est\u00e1n disponibles en diferentes tama\u00f1os. Su dise\u00f1o minimalista y elegante los hace perfectos para presentar la miel.<\/p>\n<h2>Caracter\u00edsticas del producto<\/h2>\n<ul>\n<li><strong>Sello seguro:<\/strong> La tapa met\u00e1lica proporciona un buen sellado, manteniendo as\u00ed la frescura y la calidad de la miel durante el almacenamiento y el transporte.<\/li>\n<li><strong>Vidrio transparente:<\/strong> Con el cristal transparente se puede ver la miel que queda en el tarro.<\/li>\n<li><strong>Varios tama\u00f1os disponibles:<\/strong> Disponemos de una amplia gama de opciones de tama\u00f1o para que usted elija el tarro de miel que m\u00e1s se adapte a sus necesidades.<\/li>\n<\/ul>\n<h2>Especificaciones clave<\/h2>\n<table style=\"border-collapse: collapse; margin-left: auto; margin-right: auto; width: 492.02pt;\" border=\"0\" width=\"656\" cellspacing=\"0\" cellpadding=\"0\">\n<tbody>\n<tr style=\"height: 13.50pt;\">\n<td style=\"height: 13.50pt; width: 99.75pt;\" width=\"133\" height=\"18\">Caracter\u00edstica<\/td>\n<td style=\"width: 392.25pt;\" width=\"523\">Especificaci\u00f3n<\/td>\n<\/tr>\n<tr style=\"height: 13.50pt;\">\n<td style=\"height: 13.50pt;\" height=\"18\">Capacidad<\/td>\n<td>100 ml, 180 ml, 280 ml, 360 ml<\/td>\n<\/tr>\n<tr style=\"height: 13.50pt;\">\n<td style=\"height: 13.50pt;\" height=\"18\">Dimensiones<\/td>\n<td>6,2\u00d77,8 cm a 8,9\u00d711,0 cm<\/td>\n<\/tr>\n<tr style=\"height: 13.50pt;\">\n<td style=\"height: 13.50pt;\" height=\"18\">Material<\/td>\n<td>Vidrio transparente, tapa de rosca de PP<\/td>\n<\/tr>\n<tr style=\"height: 13.50pt;\">\n<td style=\"height: 13.50pt;\" height=\"18\">Color de la tapa<\/td>\n<td>Dorado, rojo (colores personalizados disponibles)<\/td>\n<\/tr>\n<tr style=\"height: 13.50pt;\">\n<td style=\"height: 13.50pt;\" height=\"18\">Mejor para<\/td>\n<td>Miel, mermeladas, untables<\/td>\n<\/tr>\n<tr style=\"height: 13.50pt;\">\n<td style=\"height: 13.50pt;\" height=\"18\">Uso ideal<\/td>\n<td>Tarros de miel, envases de vidrio para miel, l\u00edneas de negocio artesanales<\/td>\n<\/tr>\n<\/tbody>\n<\/table>\n<h2>Caso de \u00e9xito: Mejorar la visibilidad de la marca en el comercio minorista<\/h2>\n<p>El creciente negocio de producci\u00f3n de miel a peque\u00f1a escala requer\u00eda un empaque atractivo para competir eficazmente en los estantes de las tiendas de comestibles de lujo. Se opt\u00f3 por cambiar toda su producci\u00f3n a nuestros frascos de miel cuadrados de vidrio de 280 ml con tapas doradas. Este dise\u00f1o cuadrado fue revolucionario. Sus ventas aumentaron un 40%, el vidrio grueso redujo las roturas durante el env\u00edo en un 50% y lograron ahorrar $500 al mes en el costo de reemplazo de frascos. Gracias a la durabilidad de los frascos y a la buena respuesta de los clientes, realizaron un nuevo pedido de 200,000 frascos adicionales.<\/p>\n<h2>Opciones de personalizaci\u00f3n<\/h2>\n<ul>\n<li><strong>Opciones de color de la tapa:<\/strong> Adem\u00e1s del oro y el rojo, tambi\u00e9n puedes seleccionar una variedad de colores de tapa, como negro, plata y cobre.<\/li>\n<li><strong>Gorra con logotipo en relieve:<\/strong> Haga una declaraci\u00f3n de identidad de marca de un nivel visual y t\u00e1ctil m\u00e1s alto grabando su logotipo en la parte superior de la tapa.<\/li>\n<li><strong>Espesor del vidrio:<\/strong> Considere varias opciones de espesor de vidrio para lograr una textura m\u00e1s rica y sustancial, principalmente para l\u00edneas de productos premium.<\/li>\n<li><strong>Capacidad personalizada:<\/strong> Podremos personalizar capacidades ligeramente diferentes para usted dependiendo de sus requisitos de peso exactos si realiza un pedido grande.<\/li>\n<\/ul>","protected":false},"excerpt":{"rendered":"<p>Elegantes tarros cuadrados para almacenar miel. Disponibles en varios tama\u00f1os. Ideales para marcas de alimentos y proveedores de envases, con muestras gratuitas para clientes comerciales.<\/p>","protected":false},"featured_media":1865,"template":"","meta":{"postBodyCss":"","postBodyMargin":[],"postBodyPadding":[],"postBodyBackground":{"backgroundType":"classic","gradient":""}},"product_brand":[],"product_cat":[15,17,52],"product_tag":[],"class_list":{"0":"post-1864","1":"product","2":"type-product","3":"status-publish","4":"has-post-thumbnail","6":"product_cat-glass-containers","7":"product_cat-glass-jars","8":"product_cat-glass-honey-jars","10":"first","11":"instock","12":"shipping-taxable","13":"product-type-simple"},"jetpack_sharing_enabled":true,"_links":{"self":[{"href":"https:\/\/minghanggroup.com\/es\/wp-json\/wp\/v2\/product\/1864","targetHints":{"allow":["GET"]}}],"collection":[{"href":"https:\/\/minghanggroup.com\/es\/wp-json\/wp\/v2\/product"}],"about":[{"href":"https:\/\/minghanggroup.com\/es\/wp-json\/wp\/v2\/types\/product"}],"wp:featuredmedia":[{"embeddable":true,"href":"https:\/\/minghanggroup.com\/es\/wp-json\/wp\/v2\/media\/1865"}],"wp:attachment":[{"href":"https:\/\/minghanggroup.com\/es\/wp-json\/wp\/v2\/media?parent=1864"}],"wp:term":[{"taxonomy":"product_brand","embeddable":true,"href":"https:\/\/minghanggroup.com\/es\/wp-json\/wp\/v2\/product_brand?post=1864"},{"taxonomy":"product_cat","embeddable":true,"href":"https:\/\/minghanggroup.com\/es\/wp-json\/wp\/v2\/product_cat?post=1864"},{"taxonomy":"product_tag","embeddable":true,"href":"https:\/\/minghanggroup.com\/es\/wp-json\/wp\/v2\/product_tag?post=1864"}],"curies":[{"name":"wp","href":"https:\/\/api.w.org\/{rel}","templated":true}]}}