{"id":1859,"date":"2025-10-21T14:49:17","date_gmt":"2025-10-21T06:49:17","guid":{"rendered":"https:\/\/minghanggroup.com\/?post_type=product&#038;p=1859"},"modified":"2025-10-21T17:47:28","modified_gmt":"2025-10-21T09:47:28","slug":"wholesale-clear-hexagonal-honey-jam-jars","status":"publish","type":"product","link":"https:\/\/minghanggroup.com\/es\/producto\/wholesale-clear-hexagonal-honey-jam-jars\/","title":{"rendered":"Tarros de mermelada de miel hexagonales transparentes al por mayor de 200 ml, 300 ml, 430 ml, 500 ml y 760 ml"},"content":{"rendered":"<p>Los tarros de miel cuentan con un cuerpo hexagonal de vidrio transparente y una elegante tapa negra. Adem\u00e1s, est\u00e1n disponibles en diferentes tama\u00f1os, combinando un estilo minimalista y geom\u00e9trico con funcionalidad, siendo perfectos para almacenar miel.<\/p>\n<h2>Caracter\u00edsticas del producto<\/h2>\n<ul>\n<li><strong>Dise\u00f1o antivuelco:<\/strong> La forma hexagonal \u00fanica asegura un funcionamiento estable y f\u00e1cil de usar.<\/li>\n<li><strong>Perfecci\u00f3n en la exhibici\u00f3n del producto:<\/strong> El vidrio transparente permite a los clientes ver inmediatamente el valor real de la miel o la mermelada.<\/li>\n<li><strong>Varios tama\u00f1os:<\/strong> Est\u00e1n disponibles en tama\u00f1os que van desde 200 ml hasta 760 ml, lo que le brinda la opci\u00f3n adecuada para sus l\u00edneas de productos de diferentes vol\u00famenes.<\/li>\n<\/ul>\n<h2>Especificaciones clave<\/h2>\n<table style=\"border-collapse: collapse; margin-left: auto; margin-right: auto; width: 451.52pt;\" border=\"0\" width=\"602\" cellspacing=\"0\" cellpadding=\"0\">\n<tbody>\n<tr style=\"height: 13.50pt;\">\n<td style=\"height: 13.50pt; width: 85.50pt;\" width=\"114\" height=\"18\">Caracter\u00edstica<\/td>\n<td style=\"width: 366.00pt;\" width=\"488\">Especificaci\u00f3n<\/td>\n<\/tr>\n<tr style=\"height: 13.50pt;\">\n<td style=\"height: 13.50pt;\" height=\"18\">Capacidad<\/td>\n<td>200 ml, 300 ml, 430 ml, 500 ml, 760 ml<\/td>\n<\/tr>\n<tr style=\"height: 13.50pt;\">\n<td style=\"height: 13.50pt;\" height=\"18\">Dimensiones<\/td>\n<td>6,8\u00d78,5 cm a 11,0\u00d712,0 cm<\/td>\n<\/tr>\n<tr style=\"height: 13.50pt;\">\n<td style=\"height: 13.50pt;\" height=\"18\">Material<\/td>\n<td>Vidrio transparente, tapa de rosca de PP negra<\/td>\n<\/tr>\n<tr style=\"height: 13.50pt;\">\n<td style=\"height: 13.50pt;\" height=\"18\">Color de la tapa<\/td>\n<td>Negro (colores personalizados disponibles)<\/td>\n<\/tr>\n<tr style=\"height: 13.50pt;\">\n<td style=\"height: 13.50pt;\" height=\"18\">Mejor para<\/td>\n<td>Miel, mermeladas, conservas, untables<\/td>\n<\/tr>\n<tr style=\"height: 13.50pt;\">\n<td style=\"height: 13.50pt;\" height=\"18\">Uso ideal<\/td>\n<td>Tarros de mermelada, envases de vidrio para miel, l\u00edneas de negocio artesanales<\/td>\n<\/tr>\n<\/tbody>\n<\/table>\n<h2>Historia de \u00e9xito: Apoyando a una marca local para globalizarse<\/h2>\n<p>Una marca artesanal local que produce mermeladas y miel artesanales de lujo necesitaba envases de vidrio que estuvieran a la altura de la calidad de sus productos. Decidieron encargarnos frascos de mermelada al por mayor, realizando inicialmente un pedido al por mayor de 2500 unidades (500 de cada tama\u00f1o) y personaliz\u00e1ndolos con el logotipo de su marca. \u00bfEl resultado? Los cinco tama\u00f1os diferentes alcanzaron una tasa de satisfacci\u00f3n del cliente del 90 %. Una marca artesanal local de mermeladas, por ejemplo, ha visto aumentar las ventas de frascos para muestras en un 40 % gracias al tama\u00f1o de 200 ml, ideal para envasar muestras. Adem\u00e1s, el tap\u00f3n de sellado negro reduce el deterioro de la miel y la mermelada en un 35 %. Gracias a los comentarios positivos de los clientes, el cliente ha realizado cinco pedidos m\u00e1s, que suman un total de 350\u00a0000 botellas.<\/p>\n<h2>Sugerencias de personalizaci\u00f3n de productos<\/h2>\n<ul>\n<li><strong>Personalizaci\u00f3n del color de la gorra:<\/strong> Adem\u00e1s del negro, que es el color predeterminado, tambi\u00e9n ofrecemos tapas en color blanco, marr\u00f3n o veta de madera.<\/li>\n<li><strong>Mejora del material de la tapa:<\/strong> \u00a1Imag\u00ednese lo agradable que se sentir\u00edan las tapas de metal o bamb\u00fa en comparaci\u00f3n con las normales!<\/li>\n<li><strong>Logotipo en relieve de la tapa:<\/strong> El logotipo grabado en la parte superior de la tapa la hace m\u00e1s sensorial.<\/li>\n<li><strong>Opciones de color de vidrio:<\/strong> Adem\u00e1s de eso, las opciones de vidrio \u00e1mbar o verde est\u00e1n destinadas a productos fotosensibles.<\/li>\n<li><strong>Serigraf\u00eda:<\/strong> El logotipo y los gr\u00e1ficos de su marca se pueden imprimir de forma directa y segura en la superficie del vidrio.<\/li>\n<\/ul>\n<p>\u00bfQu\u00e9 le parece usar nuestros lujosos tarros hexagonales de mermelada de miel para darle a su empaque un aspecto totalmente nuevo? Puede obtener precios al por mayor y m\u00e1s detalles si nos escribe.<\/p>","protected":false},"excerpt":{"rendered":"<p>Tarros de mermelada hexagonales con tapa de rosca al por mayor. Perfectos para miel o mermelada. Disfruta de descuentos por volumen, env\u00edo r\u00e1pido, opciones personalizables y muestras gratis.<\/p>","protected":false},"featured_media":1860,"template":"","meta":{"postBodyCss":"","postBodyMargin":[],"postBodyPadding":[],"postBodyBackground":{"backgroundType":"classic","gradient":""}},"product_brand":[],"product_cat":[15,17,52],"product_tag":[],"class_list":{"0":"post-1859","1":"product","2":"type-product","3":"status-publish","4":"has-post-thumbnail","6":"product_cat-glass-containers","7":"product_cat-glass-jars","8":"product_cat-glass-honey-jars","10":"first","11":"instock","12":"shipping-taxable","13":"product-type-simple"},"jetpack_sharing_enabled":true,"_links":{"self":[{"href":"https:\/\/minghanggroup.com\/es\/wp-json\/wp\/v2\/product\/1859","targetHints":{"allow":["GET"]}}],"collection":[{"href":"https:\/\/minghanggroup.com\/es\/wp-json\/wp\/v2\/product"}],"about":[{"href":"https:\/\/minghanggroup.com\/es\/wp-json\/wp\/v2\/types\/product"}],"wp:featuredmedia":[{"embeddable":true,"href":"https:\/\/minghanggroup.com\/es\/wp-json\/wp\/v2\/media\/1860"}],"wp:attachment":[{"href":"https:\/\/minghanggroup.com\/es\/wp-json\/wp\/v2\/media?parent=1859"}],"wp:term":[{"taxonomy":"product_brand","embeddable":true,"href":"https:\/\/minghanggroup.com\/es\/wp-json\/wp\/v2\/product_brand?post=1859"},{"taxonomy":"product_cat","embeddable":true,"href":"https:\/\/minghanggroup.com\/es\/wp-json\/wp\/v2\/product_cat?post=1859"},{"taxonomy":"product_tag","embeddable":true,"href":"https:\/\/minghanggroup.com\/es\/wp-json\/wp\/v2\/product_tag?post=1859"}],"curies":[{"name":"wp","href":"https:\/\/api.w.org\/{rel}","templated":true}]}}