{"id":1853,"date":"2025-10-21T12:59:50","date_gmt":"2025-10-21T04:59:50","guid":{"rendered":"https:\/\/minghanggroup.com\/?post_type=product&#038;p=1853"},"modified":"2025-10-21T17:49:48","modified_gmt":"2025-10-21T09:49:48","slug":"wholesale-hexagon-glass-honey-jars-with-dipper-wood-lid","status":"publish","type":"product","link":"https:\/\/minghanggroup.com\/es\/producto\/wholesale-hexagon-glass-honey-jars-with-dipper-wood-lid\/","title":{"rendered":"Tarros de miel de vidrio hexagonales de 220 ml y 380 ml con tapa de madera y cuchar\u00f3n"},"content":{"rendered":"<p>Estos frascos de vidrio para miel expresan visualmente la caracter\u00edstica \u00fanica, natural y m\u00e1s encantadora de la miel dorada mediante piezas compuestas por un cuerpo de vidrio transparente de seis lados, una tapa de madera y una ranura de madera para miel incorporada, todas combinadas de una manera muy pr\u00e1ctica.<\/p>\n<h2>Caracter\u00edsticas del producto<\/h2>\n<ul>\n<li><strong>Cuchara de miel de madera incorporada:<\/strong> La cuchara de madera para miel se fija a la botella con un peque\u00f1o tornillo de madera y as\u00ed hace que la operaci\u00f3n de sacar la miel de la botella sea muy f\u00e1cil.<\/li>\n<li><strong>Dise\u00f1o de boca ancha:<\/strong> Esta caracter\u00edstica ofrece una manera r\u00e1pida y sin problemas de llenar el frasco de miel hasta la capacidad del cliente, lo que lo motiva a seguir comprando.<\/li>\n<li><strong>Claridad Premium:<\/strong> Los envases de vidrio que ofrecemos est\u00e1n hechos de vidrio transparente de primera calidad, por lo que el color natural brillante y la pureza de la miel son siempre ejemplares y un deleite para la vista.<\/li>\n<li><strong>Forma hexagonal:<\/strong> La distintiva forma hexagonal proporciona una c\u00f3moda soluci\u00f3n de exhibici\u00f3n y almacenamiento en la cocina y hace que el espacio de la encimera y el gabinete sean accesibles para otras tareas de la cocina.<\/li>\n<\/ul>\n<h2>Especificaciones clave<\/h2>\n<table style=\"border-collapse: collapse; margin-left: auto; margin-right: auto; width: 389.27pt;\" border=\"0\" width=\"519\" cellspacing=\"0\" cellpadding=\"0\">\n<tbody>\n<tr style=\"height: 13.50pt;\">\n<td style=\"height: 13.50pt; width: 85.50pt;\" width=\"114\" height=\"18\">Caracter\u00edstica<\/td>\n<td style=\"width: 303.75pt;\" width=\"405\">Especificaci\u00f3n<\/td>\n<\/tr>\n<tr style=\"height: 13.50pt;\">\n<td style=\"height: 13.50pt;\" height=\"18\">Dimensiones<\/td>\n<td>11,7 \u00d7 11,8 cm (220 ml), 5,4 \u00d7 10,3 cm (380 ml)<\/td>\n<\/tr>\n<tr style=\"height: 13.50pt;\">\n<td style=\"height: 13.50pt;\" height=\"18\">Material<\/td>\n<td>Vidrio transparente, tapa y cazo de madera natural.<\/td>\n<\/tr>\n<tr style=\"height: 13.50pt;\">\n<td style=\"height: 13.50pt;\" height=\"18\">Tapa<\/td>\n<td>Tapa de madera maciza atornillada<\/td>\n<\/tr>\n<tr style=\"height: 13.50pt;\">\n<td style=\"height: 13.50pt;\" height=\"18\">Cazo<\/td>\n<td>Palo de madera con ranuras en espiral<\/td>\n<\/tr>\n<tr style=\"height: 13.50pt;\">\n<td style=\"height: 13.50pt;\" height=\"18\">Uso ideal<\/td>\n<td>Tarros de miel, recipientes de vidrio para miel, sets de regalo<\/td>\n<\/tr>\n<\/tbody>\n<\/table>\n<h2>Historia de \u00e9xito: Elevando una marca artesanal<\/h2>\n<p>Un apicultor de mediana escala especializado en miel de melocot\u00f3n de origen \u00fanico necesitaba una soluci\u00f3n de envasado que resaltara la excelente calidad de sus productos. Decidieron optar por nuestros productos estrella: los tarros hexagonales de miel de 380 ml. El concepto \u00fanico se convirti\u00f3 en un \u00e9xito inmediato y los resultados fueron impresionantes. En primer lugar, los apicultores notaron un crecimiento de hasta un 40 % en la rotaci\u00f3n de productos en las tiendas: los dise\u00f1os hexagonales con detalles en madera se convirtieron en tendencia, lo que atrajo a m\u00e1s clientes. En segundo lugar, la tapa herm\u00e9tica de madera, que minimiza la presencia de miel en un 35 %, reduce las devoluciones y el desperdicio de producto. Este \u00e9xito ha generado un gran inter\u00e9s en el mercado y ha dado lugar a tres \u00f3rdenes de recompra por un total de 300\u00a0000 tarros, que ya pueden adquirir. Actualmente, est\u00e1n planeando la siguiente fase: el lanzamiento de una nueva l\u00ednea de productos con tarros y botellas de miel de vidrio personalizados.<\/p>\n<h2>Sugerencias para personalizar tarros de miel de vidrio<\/h2>\n<ul>\n<li><strong>Material de la tapa:<\/strong> En lugar de tapas de madera convencionales, opte por tapas de bamb\u00fa o de metal reciclado para sus componentes.<\/li>\n<li><strong>Cuchara de miel:<\/strong> La cuchara de miel que est\u00e1 integrada en el frasco de vidrio puede tener su largo o tipo de madera personalizado.<\/li>\n<li><strong>Color del vidrio:<\/strong> Aunque la mayor\u00eda de los consumidores prefieren un envase de vidrio transparente, a veces optan por envases de vidrio de colores como el \u00e1mbar o el verde para darle un aspecto diferente y brindar protecci\u00f3n contra el sol.<\/li>\n<li><strong>Grabado en vidrio:<\/strong> Imprima el logotipo de su empresa o cualquier otro dise\u00f1o que desee en su contenedor con una superficie esmerilada para una apariencia de lujo.<\/li>\n<\/ul>\n<p>\u00bfDesea un embalaje de miel al por mayor de la m\u00e1s alta calidad? Cont\u00e1ctenos hoy mismo para hablar sobre sus necesidades y el precio de los frascos de miel a granel.<\/p>","protected":false},"excerpt":{"rendered":"<p>Elegantes tarros de miel hexagonales de vidrio con tapas y cucharones de madera. Ideales para marcas de miel. Ofrecemos logotipo personalizado, muestras gratis y descuentos por volumen.<\/p>","protected":false},"featured_media":1857,"template":"","meta":{"postBodyCss":"","postBodyMargin":[],"postBodyPadding":[],"postBodyBackground":{"backgroundType":"classic","gradient":""}},"product_brand":[],"product_cat":[15,17,52],"product_tag":[],"class_list":{"0":"post-1853","1":"product","2":"type-product","3":"status-publish","4":"has-post-thumbnail","6":"product_cat-glass-containers","7":"product_cat-glass-jars","8":"product_cat-glass-honey-jars","10":"first","11":"instock","12":"shipping-taxable","13":"product-type-simple"},"jetpack_sharing_enabled":true,"_links":{"self":[{"href":"https:\/\/minghanggroup.com\/es\/wp-json\/wp\/v2\/product\/1853","targetHints":{"allow":["GET"]}}],"collection":[{"href":"https:\/\/minghanggroup.com\/es\/wp-json\/wp\/v2\/product"}],"about":[{"href":"https:\/\/minghanggroup.com\/es\/wp-json\/wp\/v2\/types\/product"}],"wp:featuredmedia":[{"embeddable":true,"href":"https:\/\/minghanggroup.com\/es\/wp-json\/wp\/v2\/media\/1857"}],"wp:attachment":[{"href":"https:\/\/minghanggroup.com\/es\/wp-json\/wp\/v2\/media?parent=1853"}],"wp:term":[{"taxonomy":"product_brand","embeddable":true,"href":"https:\/\/minghanggroup.com\/es\/wp-json\/wp\/v2\/product_brand?post=1853"},{"taxonomy":"product_cat","embeddable":true,"href":"https:\/\/minghanggroup.com\/es\/wp-json\/wp\/v2\/product_cat?post=1853"},{"taxonomy":"product_tag","embeddable":true,"href":"https:\/\/minghanggroup.com\/es\/wp-json\/wp\/v2\/product_tag?post=1853"}],"curies":[{"name":"wp","href":"https:\/\/api.w.org\/{rel}","templated":true}]}}