{"id":1848,"date":"2025-10-20T16:01:18","date_gmt":"2025-10-20T08:01:18","guid":{"rendered":"https:\/\/minghanggroup.com\/?post_type=product&#038;p=1848"},"modified":"2025-10-20T17:18:10","modified_gmt":"2025-10-20T09:18:10","slug":"bulk-dual-function-glass-2-in-1-oil-dispensers-with-handle","status":"publish","type":"product","link":"https:\/\/minghanggroup.com\/es\/producto\/bulk-dual-function-glass-2-in-1-oil-dispensers-with-handle\/","title":{"rendered":"Dispensadores de aceite de vidrio de doble funci\u00f3n 2 en 1 de 450 ml con asa"},"content":{"rendered":"<p>Esta aceitera est\u00e1 hecha de vidrio transparente y cuenta con una refrescante tapa verde claro, un asa para mayor comodidad y una pajita integrada para verter f\u00e1cilmente. La botella combina a la perfecci\u00f3n estilo y funcionalidad para mejorar tu experiencia en la cocina.<\/p>\n<h2>Caracter\u00edsticas del producto<\/h2>\n<ul>\n<li><strong>Dise\u00f1o de doble funci\u00f3n:<\/strong> Alterne f\u00e1cilmente las funciones del dispositivo para verter con precisi\u00f3n o incluso pulverizar.<\/li>\n<li><strong>Dise\u00f1o del mango:<\/strong> El mango incorporado proporciona un agarre firme y c\u00f3modo, as\u00ed como un f\u00e1cil acceso.<\/li>\n<li><strong>Vidrio transparente:<\/strong> Con la ayuda del vidrio transparente, se pueden controlar f\u00e1cilmente los niveles de aceite en la botella, lo que hace que rellenarla sea una tarea sencilla.<\/li>\n<\/ul>\n<h2>Especificaciones clave<\/h2>\n<table style=\"border-collapse: collapse; margin-left: auto; margin-right: auto; width: 575.27pt;\" border=\"0\" width=\"767\" cellspacing=\"0\" cellpadding=\"0\">\n<tbody>\n<tr style=\"height: 13.50pt;\">\n<td style=\"height: 13.50pt; width: 103.50pt;\" width=\"138\" height=\"18\">Caracter\u00edstica<\/td>\n<td style=\"width: 471.75pt;\" width=\"629\">Especificaci\u00f3n<\/td>\n<\/tr>\n<tr style=\"height: 13.50pt;\">\n<td style=\"height: 13.50pt;\" height=\"18\">Capacidad<\/td>\n<td>450 ml<\/td>\n<\/tr>\n<tr style=\"height: 13.50pt;\">\n<td style=\"height: 13.50pt;\" height=\"18\">Dimensiones<\/td>\n<td>8,0 \u00d7 18,5 cm<\/td>\n<\/tr>\n<tr style=\"height: 13.50pt;\">\n<td style=\"height: 13.50pt;\" height=\"18\">Material<\/td>\n<td>Vidrio transparente, bomba y tapa de PP.<\/td>\n<\/tr>\n<tr style=\"height: 13.50pt;\">\n<td style=\"height: 13.50pt;\" height=\"18\">Tipo de dispensador<\/td>\n<td>Doble funci\u00f3n: pulverizar y verter<\/td>\n<\/tr>\n<tr style=\"height: 13.50pt;\">\n<td style=\"height: 13.50pt;\" height=\"18\">Color de la tapa<\/td>\n<td>Verde claro con mango ergon\u00f3mico.<\/td>\n<\/tr>\n<tr style=\"height: 13.50pt;\">\n<td style=\"height: 13.50pt;\" height=\"18\">Mejor para<\/td>\n<td>Aceites de oliva, vinagres, aderezos, marinadas<\/td>\n<\/tr>\n<tr style=\"height: 13.50pt;\">\n<td style=\"height: 13.50pt;\" height=\"18\">Uso ideal<\/td>\n<td>Dispensador de aceite 2 en 1, botella rociadora de aceite de vidrio, botellas de aceite, almacenamiento de cocina<\/td>\n<\/tr>\n<\/tbody>\n<\/table>\n<h2>Historia de \u00e9xito: conquistando el mercado gourmet<\/h2>\n<p>Una marca de cajas de suscripci\u00f3n de comida gourmet necesitaba un producto estrella para sus cajas premium. Descubrieron nuestro dispensador de aceite 2 en 1 y, por lo tanto, realizaron su primera compra de 5000 unidades. La reacci\u00f3n fue positiva. Su doble funcionalidad redujo el desperdicio de aceite en un 28 %. La retenci\u00f3n de suscriptores aument\u00f3 un 25 % ese trimestre, y los resultados de la encuesta destacaron el dispensador de aceite como el producto m\u00e1s popular. Como resultado, la empresa lanz\u00f3 con \u00e9xito una l\u00ednea independiente de utensilios de cocina, utilizando nuestra aceitera como producto estrella, convirti\u00e9ndose as\u00ed en el eje central de su estrategia de abastecimiento, lo que en ocho meses les llev\u00f3 a realizar tres pedidos consecutivos por un total de 350\u00a0000 unidades.<\/p>\n<h2>Recomendaciones de personalizaci\u00f3n de marca<\/h2>\n<ul>\n<li><strong>Colores de tapa y mango:<\/strong> La mayor\u00eda de las opciones de color de la tapa y el mango de un producto personalizado incluyen negro, blanco y marr\u00f3n con veta de madera.<\/li>\n<li><strong>Tintes de vidrio:<\/strong> Los cuerpos de vidrio de color \u00e1mbar o verde est\u00e1n ah\u00ed para proteger la emulsi\u00f3n de los rayos UV.<\/li>\n<li><strong>Marcas de medici\u00f3n esmeriladas:<\/strong> Las marcas de medici\u00f3n que est\u00e1n grabadas (por ejemplo, 100 ml, 250 ml, 400 ml) en el vidrio sirven como gu\u00eda para que los usuarios midan el aceite con precisi\u00f3n para cocinar o controlar las porciones.<\/li>\n<li><strong>Material del tubo de inmersi\u00f3n:<\/strong> El material del tubo de inmersi\u00f3n interno elegido se puede personalizar para cumplir una funci\u00f3n determinada o para que sea est\u00e9ticamente agradable.<\/li>\n<\/ul>","protected":false},"excerpt":{"rendered":"<p>Dispensador de aceite 2 en 1 con tapa y asa. Dise\u00f1o sencillo y moderno, f\u00e1cil de usar, personalizable y disponible para pedidos al por mayor.<\/p>","protected":false},"featured_media":1850,"template":"","meta":{"postBodyCss":"","postBodyMargin":[],"postBodyPadding":[],"postBodyBackground":{"backgroundType":"classic","gradient":""}},"product_brand":[],"product_cat":[15,16,18],"product_tag":[],"class_list":{"0":"post-1848","1":"product","2":"type-product","3":"status-publish","4":"has-post-thumbnail","6":"product_cat-glass-containers","7":"product_cat-glass-bottles","8":"product_cat-glass-oil-bottles","10":"first","11":"instock","12":"shipping-taxable","13":"product-type-simple"},"jetpack_sharing_enabled":true,"_links":{"self":[{"href":"https:\/\/minghanggroup.com\/es\/wp-json\/wp\/v2\/product\/1848","targetHints":{"allow":["GET"]}}],"collection":[{"href":"https:\/\/minghanggroup.com\/es\/wp-json\/wp\/v2\/product"}],"about":[{"href":"https:\/\/minghanggroup.com\/es\/wp-json\/wp\/v2\/types\/product"}],"wp:featuredmedia":[{"embeddable":true,"href":"https:\/\/minghanggroup.com\/es\/wp-json\/wp\/v2\/media\/1850"}],"wp:attachment":[{"href":"https:\/\/minghanggroup.com\/es\/wp-json\/wp\/v2\/media?parent=1848"}],"wp:term":[{"taxonomy":"product_brand","embeddable":true,"href":"https:\/\/minghanggroup.com\/es\/wp-json\/wp\/v2\/product_brand?post=1848"},{"taxonomy":"product_cat","embeddable":true,"href":"https:\/\/minghanggroup.com\/es\/wp-json\/wp\/v2\/product_cat?post=1848"},{"taxonomy":"product_tag","embeddable":true,"href":"https:\/\/minghanggroup.com\/es\/wp-json\/wp\/v2\/product_tag?post=1848"}],"curies":[{"name":"wp","href":"https:\/\/api.w.org\/{rel}","templated":true}]}}