{"id":1842,"date":"2025-10-20T15:25:57","date_gmt":"2025-10-20T07:25:57","guid":{"rendered":"https:\/\/minghanggroup.com\/?post_type=product&#038;p=1842"},"modified":"2025-10-20T17:23:29","modified_gmt":"2025-10-20T09:23:29","slug":"wholesale-clear-glass-kitchen-olive-oil-spray-bottles","status":"publish","type":"product","link":"https:\/\/minghanggroup.com\/es\/producto\/wholesale-clear-glass-kitchen-olive-oil-spray-bottles\/","title":{"rendered":"Botellas de spray de aceite de oliva para cocina, de vidrio transparente, de 200 ml y 300 ml, venta al por mayor"},"content":{"rendered":"<p>Estas botellas rociadoras de aceite de oliva est\u00e1n hechas de vidrio transparente y tambi\u00e9n tienen una boquilla moderna que combina las dos caracter\u00edsticas del producto, estilo moderno y practicidad, lo que permite al usuario utilizar aceite en la cocina con facilidad.<\/p>\n<h2>Caracter\u00edsticas del producto<\/h2>\n<ul>\n<li><strong>Pulverizaci\u00f3n fina:<\/strong> Solo roc\u00ede, no vierta. Reduce hasta un 60 % el consumo de aceite, por lo que son ideales para una cocina saludable.<\/li>\n<li><strong>Vidrio de larga duraci\u00f3n:<\/strong> El uso de vidrio transparente permite que el producto no tenga olor, por lo que el aceite se mantiene fresco.<\/li>\n<li><strong>Ergon\u00f3mico y f\u00e1cil de usar:<\/strong> El bonito dise\u00f1o del dispositivo permite pulverizar aceite sin esfuerzo con una sola mano.<\/li>\n<\/ul>\n<h2>Especificaciones clave<\/h2>\n<table style=\"border-collapse: collapse; margin-left: auto; margin-right: auto; width: 426.02pt;\" border=\"0\" width=\"568\" cellspacing=\"0\" cellpadding=\"0\">\n<tbody>\n<tr style=\"height: 13.50pt;\">\n<td style=\"height: 13.50pt; width: 103.50pt;\" width=\"138\" height=\"18\">Caracter\u00edstica<\/td>\n<td style=\"width: 322.50pt;\" width=\"430\">Especificaci\u00f3n<\/td>\n<\/tr>\n<tr style=\"height: 13.50pt;\">\n<td style=\"height: 13.50pt;\" height=\"18\">Dimensiones<\/td>\n<td>6,0 \u00d7 20,5 cm (200 ml), 6,0 \u00d7 22,5 cm (300 ml)<\/td>\n<\/tr>\n<tr style=\"height: 13.50pt;\">\n<td style=\"height: 13.50pt;\" height=\"18\">Material<\/td>\n<td>Cuerpo de vidrio transparente, PP + bomba de metal.<\/td>\n<\/tr>\n<tr style=\"height: 13.50pt;\">\n<td style=\"height: 13.50pt;\" height=\"18\">Color de la bomba<\/td>\n<td>Gatillo negro o blanco<\/td>\n<\/tr>\n<tr style=\"height: 13.50pt;\">\n<td style=\"height: 13.50pt;\" height=\"18\">Tipo de bomba<\/td>\n<td>Pulverizador de niebla fina, sin aerosol, ajustable<\/td>\n<\/tr>\n<tr style=\"height: 13.50pt;\">\n<td style=\"height: 13.50pt;\" height=\"18\">Mejor para<\/td>\n<td>Aceites de oliva, vinagre, aceite<\/td>\n<\/tr>\n<tr style=\"height: 13.50pt;\">\n<td style=\"height: 13.50pt;\" height=\"18\">Uso ideal<\/td>\n<td>Botella pulverizadora de aceite de oliva, botella pulverizadora de aceite<\/td>\n<\/tr>\n<\/tbody>\n<\/table>\n<h2>Historia de \u00e9xito: De la startup al estante del supermercado<\/h2>\n<p>La reci\u00e9n fundada empresa, dedicada a la producci\u00f3n artesanal de sets de regalo de aceite de oliva, necesitaba un aceite de cocina en aerosol que impresionara a los compradores. Primero, realiz\u00f3 un pedido de prueba de 2000 unidades de botellas de 300 ml. El producto se vendi\u00f3 como pan caliente. Un distribuidor afirm\u00f3 que la empresa experiment\u00f3 un aumento del 35 % en la rotaci\u00f3n de productos y un 74 % m\u00e1s de compras recurrentes. Por lo tanto, la empresa ha podido realizar tres pedidos m\u00e1s, que suman m\u00e1s de 300\u00a0000 unidades en un a\u00f1o. El aceite en aerosol no solo sirvi\u00f3 como envase, sino tambi\u00e9n como la herramienta clave para el crecimiento anual del 300 % de la startup.<\/p>\n<h2>Recomendaciones de personalizaci\u00f3n de marca<\/h2>\n<ul>\n<li><strong>Tintado de vidrios:<\/strong> Utilice el vidrio \u00e1mbar o verde para ofrecer protecci\u00f3n adicional contra los rayos UV a los aceites que son sensibles a la luz.<\/li>\n<li><strong>Etiquetado de ACL:<\/strong> Este medio de etiquetado hace que la etiqueta sea m\u00e1s brillante y resistente a los ara\u00f1azos ya que se realiza horneando la etiqueta directamente sobre el vidrio.<\/li>\n<li><strong>Pulverizador personalizado:<\/strong> Podemos proporcionar pulverizadores con diferentes patrones de pulverizaci\u00f3n (chorro o niebla) seg\u00fan las necesidades de su producto.<\/li>\n<li><strong>Volumen personalizado:<\/strong> \u00bfNecesita 250 ml? Podemos ajustar el volumen a sus necesidades espec\u00edficas de embotellado.<\/li>\n<\/ul>\n<p>\u00bfLe gustar\u00eda comprar nuestras botellas de spray para aceite de cocina m\u00e1s vendidas? Cont\u00e1ctenos para obtener precios al por mayor y ventas directas de f\u00e1brica. Perm\u00edtanos fabricar el envase de vidrio ideal para su marca.<\/p>","protected":false},"excerpt":{"rendered":"<p>Elegante y duradera botella de vidrio transparente con pulverizador para aceite de oliva, con boquilla a presi\u00f3n. Perfecta para cocinar y para uso diario. Muestras gratis.<\/p>","protected":false},"featured_media":1847,"template":"","meta":{"postBodyCss":"","postBodyMargin":[],"postBodyPadding":[],"postBodyBackground":{"backgroundType":"classic","gradient":""}},"product_brand":[],"product_cat":[15,16,18],"product_tag":[],"class_list":{"0":"post-1842","1":"product","2":"type-product","3":"status-publish","4":"has-post-thumbnail","6":"product_cat-glass-containers","7":"product_cat-glass-bottles","8":"product_cat-glass-oil-bottles","10":"first","11":"instock","12":"shipping-taxable","13":"product-type-simple"},"jetpack_sharing_enabled":true,"_links":{"self":[{"href":"https:\/\/minghanggroup.com\/es\/wp-json\/wp\/v2\/product\/1842","targetHints":{"allow":["GET"]}}],"collection":[{"href":"https:\/\/minghanggroup.com\/es\/wp-json\/wp\/v2\/product"}],"about":[{"href":"https:\/\/minghanggroup.com\/es\/wp-json\/wp\/v2\/types\/product"}],"wp:featuredmedia":[{"embeddable":true,"href":"https:\/\/minghanggroup.com\/es\/wp-json\/wp\/v2\/media\/1847"}],"wp:attachment":[{"href":"https:\/\/minghanggroup.com\/es\/wp-json\/wp\/v2\/media?parent=1842"}],"wp:term":[{"taxonomy":"product_brand","embeddable":true,"href":"https:\/\/minghanggroup.com\/es\/wp-json\/wp\/v2\/product_brand?post=1842"},{"taxonomy":"product_cat","embeddable":true,"href":"https:\/\/minghanggroup.com\/es\/wp-json\/wp\/v2\/product_cat?post=1842"},{"taxonomy":"product_tag","embeddable":true,"href":"https:\/\/minghanggroup.com\/es\/wp-json\/wp\/v2\/product_tag?post=1842"}],"curies":[{"name":"wp","href":"https:\/\/api.w.org\/{rel}","templated":true}]}}