{"id":1837,"date":"2025-10-20T14:07:09","date_gmt":"2025-10-20T06:07:09","guid":{"rendered":"https:\/\/minghanggroup.com\/?post_type=product&#038;p=1837"},"modified":"2025-10-20T17:28:54","modified_gmt":"2025-10-20T09:28:54","slug":"wholesale-cooking-oil-spray-bottles-with-silver-metal-lid","status":"publish","type":"product","link":"https:\/\/minghanggroup.com\/es\/producto\/wholesale-cooking-oil-spray-bottles-with-silver-metal-lid\/","title":{"rendered":"Botellas pulverizadoras de aceite de cocina de 100 ml con tapa plateada al por mayor"},"content":{"rendered":"<p>Esta es pr\u00e1cticamente la mejor botella rociadora de aceite de cocina que puedas imaginar. Una maravillosa combinaci\u00f3n de estilo moderno y utilidad en la cocina, con una bonita forma cil\u00edndrica, un cuerpo de vidrio transparente y una tapa de metal plateado brillante.<\/p>\n<h2>Caracter\u00edsticas del producto<\/h2>\n<ul>\n<li><strong>Vidrio transparente:<\/strong> Un recipiente de vidrio transparente es una forma extremadamente c\u00f3moda de saber la cantidad de aceite que queda en la botella y, por tanto, las recargas.<\/li>\n<li><strong>Cil\u00edndrico delgado:<\/strong> La delgada forma cil\u00edndrica de la botella es una herramienta extremadamente \u00fatil para almacenar y ahorrar espacio en la cocina.<\/li>\n<li><strong>Tapa de metal:<\/strong> La tapa de metal plateado combina a la perfecci\u00f3n con el vidrio transparente, formando as\u00ed una elegante pareja que har\u00e1 que tu cocina sea m\u00e1s bonita.<\/li>\n<\/ul>\n<h2>Especificaciones clave<\/h2>\n<table style=\"border-collapse: collapse; margin-left: auto; margin-right: auto; width: 363.02pt;\" border=\"0\" width=\"484\" cellspacing=\"0\" cellpadding=\"0\">\n<tbody>\n<tr style=\"height: 13.50pt;\">\n<td style=\"height: 13.50pt; width: 103.50pt;\" width=\"138\" height=\"18\">Caracter\u00edstica<\/td>\n<td style=\"width: 259.50pt;\" width=\"346\">Especificaci\u00f3n<\/td>\n<\/tr>\n<tr style=\"height: 13.50pt;\">\n<td style=\"height: 13.50pt;\" height=\"18\">Capacidad<\/td>\n<td>100 ml<\/td>\n<\/tr>\n<tr style=\"height: 13.50pt;\">\n<td style=\"height: 13.50pt;\" height=\"18\">Dimensiones<\/td>\n<td>4,0 \u00d7 18,5 cm (cil\u00edndrico delgado)<\/td>\n<\/tr>\n<tr style=\"height: 13.50pt;\">\n<td style=\"height: 13.50pt;\" height=\"18\">Material<\/td>\n<td>Cuerpo de vidrio transparente, bomba de metal.<\/td>\n<\/tr>\n<tr style=\"height: 13.50pt;\">\n<td style=\"height: 13.50pt;\" height=\"18\">Tipo de bomba<\/td>\n<td>Pulverizaci\u00f3n fina, boquilla ajustable<\/td>\n<\/tr>\n<tr style=\"height: 13.50pt;\">\n<td style=\"height: 13.50pt;\" height=\"18\">Mejor para<\/td>\n<td>Aceite de oliva, vinagre, aceite, aderezos<\/td>\n<\/tr>\n<\/tbody>\n<\/table>\n<h2>Historia de \u00e9xito: Un \u00e9xito de ventas para una marca de salud<\/h2>\n<p>Una startup dedicada a ofrecer utensilios de cocina saludables buscaba una lujosa botella pulverizadora de aceite, por lo que realiz\u00f3 un pedido de 2000 unidades de botellas pulverizadoras cil\u00edndricas de 100 ml con bot\u00f3n pulsador met\u00e1lico para realizar pruebas de mercado. El resultado fue un \u00e9xito rociador. La botella de vidrio y el pulverizador met\u00e1lico demostraron ser incre\u00edblemente duraderos, con una tasa de rotura un 70 % menor en comparaci\u00f3n con las botellas de pl\u00e1stico, lo que le ahorr\u00f3 al distribuidor 600 $ en costos mensuales de reemplazo. Adem\u00e1s, la fina pulverizaci\u00f3n ayud\u00f3 a la panader\u00eda a reducir el uso de aceite en un 25 %, lo que se tradujo en un aumento del 40 % en las ventas. Seis meses despu\u00e9s, la startup realiz\u00f3 un pedido de otras 100\u00a0000 unidades. La botella de aceite se ha convertido en un art\u00edculo imprescindible para la empresa cada trimestre.<\/p>\n<h2>Recomendaciones de personalizaci\u00f3n<\/h2>\n<ul>\n<li><strong>Acabado del pulverizador:<\/strong> Cambie el pulverizador de metal a cualquiera de los numerosos acabados disponibles, como dorado, negro u oro rosa.<\/li>\n<li><strong>Color del vidrio:<\/strong> Adem\u00e1s del vidrio transparente est\u00e1ndar que se elige con mayor frecuencia, tenemos vidrio \u00e1mbar o azul cobalto disponible para protecci\u00f3n UV seg\u00fan la marca.<\/li>\n<li><strong>Serigraf\u00eda:<\/strong> Utilice su logotipo y marca como impresi\u00f3n que se realiza directamente en la botella de vidrio mediante una tinta resistente apta para lavavajillas.<\/li>\n<li><strong>Dise\u00f1o de gorra personalizada:<\/strong> Aunque el mecanismo de pulverizaci\u00f3n es est\u00e1ndar, ciertamente podemos personalizar el color base o las decoraciones para que coincidan con sus requisitos de montaje.<\/li>\n<li><strong>Capacidad personalizada:<\/strong> \u00bfNecesita un tama\u00f1o ligeramente diferente? Podemos adaptar la capacidad de 100 ml a sus necesidades espec\u00edficas de embotellado.<\/li>\n<\/ul>\n<p>\u00bfListo para ofrecer a tus clientes la botella de spray para aceite de cocina m\u00e1s vendida? Cont\u00e1ctanos para obtener precios al por mayor y env\u00edos eficientes.<\/p>","protected":false},"excerpt":{"rendered":"<p>Botella de vidrio transparente con atomizador para aceite de cocina y tapa plateada. Duradera, ideal para aceites de cocina. Env\u00edo directo de f\u00e1brica y r\u00e1pido.<\/p>","protected":false},"featured_media":1839,"template":"","meta":{"postBodyCss":"","postBodyMargin":[],"postBodyPadding":[],"postBodyBackground":{"backgroundType":"classic","gradient":""}},"product_brand":[],"product_cat":[15,16,18],"product_tag":[],"class_list":{"0":"post-1837","1":"product","2":"type-product","3":"status-publish","4":"has-post-thumbnail","6":"product_cat-glass-containers","7":"product_cat-glass-bottles","8":"product_cat-glass-oil-bottles","10":"first","11":"instock","12":"shipping-taxable","13":"product-type-simple"},"jetpack_sharing_enabled":true,"_links":{"self":[{"href":"https:\/\/minghanggroup.com\/es\/wp-json\/wp\/v2\/product\/1837","targetHints":{"allow":["GET"]}}],"collection":[{"href":"https:\/\/minghanggroup.com\/es\/wp-json\/wp\/v2\/product"}],"about":[{"href":"https:\/\/minghanggroup.com\/es\/wp-json\/wp\/v2\/types\/product"}],"wp:featuredmedia":[{"embeddable":true,"href":"https:\/\/minghanggroup.com\/es\/wp-json\/wp\/v2\/media\/1839"}],"wp:attachment":[{"href":"https:\/\/minghanggroup.com\/es\/wp-json\/wp\/v2\/media?parent=1837"}],"wp:term":[{"taxonomy":"product_brand","embeddable":true,"href":"https:\/\/minghanggroup.com\/es\/wp-json\/wp\/v2\/product_brand?post=1837"},{"taxonomy":"product_cat","embeddable":true,"href":"https:\/\/minghanggroup.com\/es\/wp-json\/wp\/v2\/product_cat?post=1837"},{"taxonomy":"product_tag","embeddable":true,"href":"https:\/\/minghanggroup.com\/es\/wp-json\/wp\/v2\/product_tag?post=1837"}],"curies":[{"name":"wp","href":"https:\/\/api.w.org\/{rel}","templated":true}]}}