{"id":1832,"date":"2025-10-20T11:29:00","date_gmt":"2025-10-20T03:29:00","guid":{"rendered":"https:\/\/minghanggroup.com\/?post_type=product&#038;p=1832"},"modified":"2025-10-20T17:26:18","modified_gmt":"2025-10-20T09:26:18","slug":"wholesale-brown-rectangular-olive-oil-glass-bottles","status":"publish","type":"product","link":"https:\/\/minghanggroup.com\/es\/producto\/wholesale-brown-rectangular-olive-oil-glass-bottles\/","title":{"rendered":"Botellas de aceite de oliva rectangulares de vidrio marr\u00f3n al por mayor de 250 ml, 500 ml y 750 ml."},"content":{"rendered":"<p>Fabricadas en vidrio marr\u00f3n, estas botellas cuadradas para aceite de oliva mantienen el aceite fresco por m\u00e1s tiempo. Disponibles en tres tama\u00f1os, son perfectas para almacenar y exhibir.<\/p>\n<h2>Caracter\u00edsticas del producto<\/h2>\n<ul>\n<li><strong>Control de vertido sin goteo:<\/strong> El pico que est\u00e1 ah\u00ed por dise\u00f1o ayuda a prevenir el goteo y, por lo tanto, a limpiar el \u00e1rea de trabajo.<\/li>\n<li><strong>Vidrio marr\u00f3n:<\/strong> El vidrio marr\u00f3n es muy eficaz para bloquear la luz y eso ayuda a reducir la oxidaci\u00f3n y el eventual deterioro del aceite, por lo tanto, el aceite se conserva mejor.<\/li>\n<li><strong>Botella rectangular:<\/strong> La botella de forma rectangular puede ser muy \u00fatil y guardarse en la cocina sin ning\u00fan problema, ahorrando as\u00ed el espacio que se utilizaba para almacenar.<\/li>\n<\/ul>\n<h2>Especificaciones clave<\/h2>\n<table style=\"border-collapse: collapse; margin-left: auto; margin-right: auto; width: 556.52pt;\" border=\"0\" width=\"742\" cellspacing=\"0\" cellpadding=\"0\">\n<tbody>\n<tr style=\"height: 13.50pt;\">\n<td style=\"height: 13.50pt; width: 103.50pt;\" width=\"138\" height=\"18\">Caracter\u00edstica<\/td>\n<td style=\"width: 453.00pt;\" width=\"604\">Especificaci\u00f3n<\/td>\n<\/tr>\n<tr style=\"height: 13.50pt;\">\n<td style=\"height: 13.50pt;\" height=\"18\">Capacidad<\/td>\n<td>250 ml, 500 ml, 750 ml<\/td>\n<\/tr>\n<tr style=\"height: 13.50pt;\">\n<td style=\"height: 13.50pt;\" height=\"18\">Dimensiones<\/td>\n<td>4,7 \u00d7 4,7 \u00d7 21,0 cm, 5,8 \u00d7 5,8 \u00d7 26,4 cm, 6,5 \u00d7 6,5 \u00d7 30,2 cm<\/td>\n<\/tr>\n<tr style=\"height: 13.50pt;\">\n<td style=\"height: 13.50pt;\" height=\"18\">Tama\u00f1o del cuello<\/td>\n<td>Rosca de tornillo de 19\u00d730 mm (est\u00e1ndar)<\/td>\n<\/tr>\n<tr style=\"height: 13.50pt;\">\n<td style=\"height: 13.50pt;\" height=\"18\">Material<\/td>\n<td>Tapa de vidrio \u00e1mbar, PP o metal.<\/td>\n<\/tr>\n<tr style=\"height: 13.50pt;\">\n<td style=\"height: 13.50pt;\" height=\"18\">Forma<\/td>\n<td>Botella de vidrio cuadrada<\/td>\n<\/tr>\n<tr style=\"height: 13.50pt;\">\n<td style=\"height: 13.50pt;\" height=\"18\">Opciones de tapa<\/td>\n<td>Tapa de rosca (personalizable)<\/td>\n<\/tr>\n<tr style=\"height: 13.50pt;\">\n<td style=\"height: 13.50pt;\" height=\"18\">Uso ideal<\/td>\n<td>Botella de aceite de oliva, botellas de vidrio para aceite de oliva, vinagreras, botella de aceite de cocina<\/td>\n<\/tr>\n<\/tbody>\n<\/table>\n<p>&nbsp;<\/p>\n<h2>Historia de \u00e9xito: Impulsando una marca gourmet local al siguiente nivel<\/h2>\n<p>El distribuidor de alimentos especiales de la zona mediterr\u00e1nea buscaba una botella de vidrio distintiva para su nueva l\u00ednea de aceites de oliva de origen \u00fanico. Inicialmente, realiz\u00f3 un peque\u00f1o pedido de 5000 unidades de nuestra botella de vidrio transparente de 500 ml. La acogida fue muy positiva, sobre todo porque la botella de vidrio marr\u00f3n ayudaba a que el aceite de oliva conservara el 30 % de su frescura. El porcentaje de compradores recurrentes ha aumentado del 32 % al 70 %. En menos de seis meses, el distribuidor realiz\u00f3 un gran pedido de 250\u00a0000 botellas adicionales en tres tama\u00f1os, y actualmente, la botella de vidrio es el \u00fanico tipo de envase utilizado para todas sus l\u00edneas de productos premium.<\/p>\n<h2>Sugerencias de personalizaci\u00f3n<\/h2>\n<ul>\n<li><strong>Color de la tapa:\u200b\u200b<\/strong> Seleccione un color de una variedad como dorado, negro, plateado o verde para colocar sus tapas de rosca.<\/li>\n<li><strong>Logotipo en relieve:<\/strong> Haga que su logotipo se eleve justo sobre el vidrio para una sensaci\u00f3n elegante y tangible.<\/li>\n<li><strong>Acabado de vidrio esmerilado:<\/strong> Utilice un tratamiento de grabado \u00e1cido en parte o en toda la botella para obtener un aspecto mate de primera calidad.<\/li>\n<li><strong>Etiquetado ACL (letras de color aplicadas):<\/strong> Este m\u00e9todo adhiere la etiqueta directamente sobre el vidrio, dando como resultado un dise\u00f1o brillante y duradero.<\/li>\n<\/ul>","protected":false},"excerpt":{"rendered":"<p>Elegantes botellas de vidrio para aceite de oliva con tapa de rosca, disponibles en tres tama\u00f1os. Perfectas para cocinas, restaurantes y mayoristas. Muestras gratuitas disponibles.<\/p>","protected":false},"featured_media":1836,"template":"","meta":{"postBodyCss":"","postBodyMargin":[],"postBodyPadding":[],"postBodyBackground":{"backgroundType":"classic","gradient":""}},"product_brand":[],"product_cat":[15,16,18],"product_tag":[],"class_list":{"0":"post-1832","1":"product","2":"type-product","3":"status-publish","4":"has-post-thumbnail","6":"product_cat-glass-containers","7":"product_cat-glass-bottles","8":"product_cat-glass-oil-bottles","10":"first","11":"instock","12":"shipping-taxable","13":"product-type-simple"},"jetpack_sharing_enabled":true,"_links":{"self":[{"href":"https:\/\/minghanggroup.com\/es\/wp-json\/wp\/v2\/product\/1832","targetHints":{"allow":["GET"]}}],"collection":[{"href":"https:\/\/minghanggroup.com\/es\/wp-json\/wp\/v2\/product"}],"about":[{"href":"https:\/\/minghanggroup.com\/es\/wp-json\/wp\/v2\/types\/product"}],"wp:featuredmedia":[{"embeddable":true,"href":"https:\/\/minghanggroup.com\/es\/wp-json\/wp\/v2\/media\/1836"}],"wp:attachment":[{"href":"https:\/\/minghanggroup.com\/es\/wp-json\/wp\/v2\/media?parent=1832"}],"wp:term":[{"taxonomy":"product_brand","embeddable":true,"href":"https:\/\/minghanggroup.com\/es\/wp-json\/wp\/v2\/product_brand?post=1832"},{"taxonomy":"product_cat","embeddable":true,"href":"https:\/\/minghanggroup.com\/es\/wp-json\/wp\/v2\/product_cat?post=1832"},{"taxonomy":"product_tag","embeddable":true,"href":"https:\/\/minghanggroup.com\/es\/wp-json\/wp\/v2\/product_tag?post=1832"}],"curies":[{"name":"wp","href":"https:\/\/api.w.org\/{rel}","templated":true}]}}