{"id":1789,"date":"2025-10-17T16:06:32","date_gmt":"2025-10-17T08:06:32","guid":{"rendered":"https:\/\/minghanggroup.com\/?post_type=product&#038;p=1789"},"modified":"2025-10-17T17:44:32","modified_gmt":"2025-10-17T09:44:32","slug":"bulk-stainless-steel-oil-dispensers-with-glass-liner","status":"publish","type":"product","link":"https:\/\/minghanggroup.com\/es\/producto\/bulk-stainless-steel-oil-dispensers-with-glass-liner\/","title":{"rendered":"Dispensadores de aceite de acero inoxidable a granel con revestimiento de vidrio 200 ml 300 ml 500 ml"},"content":{"rendered":"<p>Estas botellas de aceite y vinagre cuentan con piezas de vidrio transparente para mayor estilo y piezas met\u00e1licas para mayor resistencia. Adem\u00e1s, cuentan con una variedad de boquillas vertedoras, lo que las convierte en la combinaci\u00f3n perfecta de elegancia moderna y practicidad en la cocina.<\/p>\n<h2>Caracter\u00edsticas del producto<\/h2>\n<ul>\n<li><strong>M\u00faltiples picos vertedores:<\/strong> Ofrecemos diferentes picos vertedores de metal para una variedad de h\u00e1bitos de vertido para que el vertido sea suave y el usuario pueda controlar f\u00e1cilmente la cantidad a utilizar.<\/li>\n<li><strong>Construcci\u00f3n h\u00edbrida de vidrio y acero inoxidable:<\/strong> El nivel de aceite es visible a trav\u00e9s del cristal. La parte exterior met\u00e1lica le confiere durabilidad y un aspecto moderno.<\/li>\n<li><strong>Varios tama\u00f1os disponibles:<\/strong> Hay tres botellas de diferentes tama\u00f1os, por lo que tienes la opci\u00f3n de elegir el tama\u00f1o que mejor se adapte a tu uso.<\/li>\n<\/ul>\n<h2>Especificaciones clave<\/h2>\n<table style=\"border-collapse: collapse; margin-left: auto; margin-right: auto; width: 536.27pt;\" border=\"0\" width=\"715\" cellspacing=\"0\" cellpadding=\"0\">\n<tbody>\n<tr style=\"height: 13.50pt;\">\n<td style=\"height: 13.50pt; width: 125.25pt;\" width=\"167\" height=\"18\">Caracter\u00edstica<\/td>\n<td style=\"width: 411.00pt;\" width=\"548\">Especificaci\u00f3n<\/td>\n<\/tr>\n<tr style=\"height: 13.50pt;\">\n<td style=\"height: 13.50pt;\" height=\"18\">Capacidad<\/td>\n<td>200 ml, 300 ml, 500 ml<\/td>\n<\/tr>\n<tr style=\"height: 13.50pt;\">\n<td style=\"height: 13.50pt;\" height=\"18\">Dimensiones<\/td>\n<td>6,0\u00d715,6 cm, 6,7\u00d714,5 cm, 6,5\u00d719,8 cm<\/td>\n<\/tr>\n<tr style=\"height: 13.50pt;\">\n<td style=\"height: 13.50pt;\" height=\"18\">Material del cuerpo<\/td>\n<td>Vidrio transparente + collar de acero inoxidable<\/td>\n<\/tr>\n<tr style=\"height: 13.50pt;\">\n<td style=\"height: 13.50pt;\" height=\"18\">Tipo de tapa<\/td>\n<td>Pico vertedor de metal con control de goteo<\/td>\n<\/tr>\n<tr style=\"height: 13.50pt;\">\n<td style=\"height: 13.50pt;\" height=\"18\">Forma<\/td>\n<td>Botella de vidrio cil\u00edndrica con detalle met\u00e1lico.<\/td>\n<\/tr>\n<tr style=\"height: 13.50pt;\">\n<td style=\"height: 13.50pt;\" height=\"18\">Uso ideal<\/td>\n<td>Botellas de aceite y vinagre, botellas de aceite, botellas de aceite de oliva de cocina<\/td>\n<\/tr>\n<\/tbody>\n<\/table>\n<h2>Caso real<\/h2>\n<p>Una cadena estadounidense de alimentos especializados se dispon\u00eda a lanzar una l\u00ednea de productos artesanales y necesitaba un embalaje que transmitiera visualmente su lujosa calidad. Para su primer pedido de 12\u00a0000 unidades, decidieron utilizar nuestras botellas de aceite de acero inoxidable personalizadas de 300 ml con una tapa met\u00e1lica especial. Los clientes recibieron excelentes comentarios, destacando el elegante dise\u00f1o y la facilidad de uso del producto. La tasa de recompra aument\u00f3 un 60\u00a0%, y el uso del pico vertedor met\u00e1lico contribuy\u00f3 a una disminuci\u00f3n del 38\u00a0% en el consumo de aceite y vinagre. La cadena, entusiasmada con la rapidez de las ventas y las buenas rese\u00f1as de los clientes, realiz\u00f3 un nuevo pedido de 35\u00a0000 unidades para a\u00f1adir m\u00e1s productos a su l\u00ednea tan solo tres meses despu\u00e9s.<\/p>\n<h2>Sugerencias de personalizaci\u00f3n<\/h2>\n<ul>\n<li><strong>Acabado del collar met\u00e1lico:<\/strong> Cambie el color de la secci\u00f3n met\u00e1lica superior del metal: elija n\u00edquel cepillado, oro, cobre o negro mate.<\/li>\n<li><strong>Acabado del dispensador:<\/strong>Combine el dispensador de aceite de acero inoxidable con un collar de acabado similar o contrastante (por ejemplo, collar dorado con pico negro).<\/li>\n<li><strong>Logotipo serigrafiado:<\/strong>Su logotipo se puede imprimir en el vidrio transparente en un color que complemente los acentos met\u00e1licos.<\/li>\n<\/ul>\n<p>\u00bfLe gustar\u00eda comprar en grandes cantidades atractivas botellas de aceite de acero inoxidable que resulten atractivas para los clientes? \u00bfPor qu\u00e9 no nos reunimos para hablar sobre su pedido al por mayor o sus ideas personalizadas? Siempre estamos listos para atenderle.<\/p>","protected":false},"excerpt":{"rendered":"<p>Elegantes dispensadores de aceite de acero inoxidable con revestimiento de vidrio transparente. Botellas resistentes para aceite y vinagre, disponibles para personalizaci\u00f3n al por mayor y pedidos al por mayor.<\/p>","protected":false},"featured_media":1797,"template":"","meta":{"postBodyCss":"","postBodyMargin":[],"postBodyPadding":[],"postBodyBackground":{"backgroundType":"classic","gradient":""}},"product_brand":[],"product_cat":[15,16,18],"product_tag":[],"class_list":{"0":"post-1789","1":"product","2":"type-product","3":"status-publish","4":"has-post-thumbnail","6":"product_cat-glass-containers","7":"product_cat-glass-bottles","8":"product_cat-glass-oil-bottles","10":"first","11":"instock","12":"shipping-taxable","13":"product-type-simple"},"jetpack_sharing_enabled":true,"_links":{"self":[{"href":"https:\/\/minghanggroup.com\/es\/wp-json\/wp\/v2\/product\/1789","targetHints":{"allow":["GET"]}}],"collection":[{"href":"https:\/\/minghanggroup.com\/es\/wp-json\/wp\/v2\/product"}],"about":[{"href":"https:\/\/minghanggroup.com\/es\/wp-json\/wp\/v2\/types\/product"}],"wp:featuredmedia":[{"embeddable":true,"href":"https:\/\/minghanggroup.com\/es\/wp-json\/wp\/v2\/media\/1797"}],"wp:attachment":[{"href":"https:\/\/minghanggroup.com\/es\/wp-json\/wp\/v2\/media?parent=1789"}],"wp:term":[{"taxonomy":"product_brand","embeddable":true,"href":"https:\/\/minghanggroup.com\/es\/wp-json\/wp\/v2\/product_brand?post=1789"},{"taxonomy":"product_cat","embeddable":true,"href":"https:\/\/minghanggroup.com\/es\/wp-json\/wp\/v2\/product_cat?post=1789"},{"taxonomy":"product_tag","embeddable":true,"href":"https:\/\/minghanggroup.com\/es\/wp-json\/wp\/v2\/product_tag?post=1789"}],"curies":[{"name":"wp","href":"https:\/\/api.w.org\/{rel}","templated":true}]}}