{"id":1759,"date":"2025-10-17T14:47:34","date_gmt":"2025-10-17T06:47:34","guid":{"rendered":"https:\/\/minghanggroup.com\/?post_type=product&#038;p=1759"},"modified":"2025-10-17T17:11:25","modified_gmt":"2025-10-17T09:11:25","slug":"bulk-glass-oil-olive-dispenser-bottles-with-marked-marks","status":"publish","type":"product","link":"https:\/\/minghanggroup.com\/es\/producto\/bulk-glass-oil-olive-dispenser-bottles-with-marked-marks\/","title":{"rendered":"Botellas dispensadoras de aceite de oliva de vidrio a granel con marcas marcadas 270 ml 300 ml 450 ml"},"content":{"rendered":"<p>Estas botellas dispensadoras de aceite de oliva son muy elegantes: son de vidrio transparente con marcas de medici\u00f3n precisas, tienen picos vertedores decorados con metal y est\u00e1n disponibles en varios tama\u00f1os.<\/p>\n<h2>Caracter\u00edsticas del producto<\/h2>\n<ul>\n<li><strong>Vidrio transparente:<\/strong> El uso de vidrio transparente hace que el aceite sea visible desde el exterior del recipiente, lo que tambi\u00e9n significa que su rellenado es muy f\u00e1cil.<\/li>\n<li><strong>Graduado:<\/strong> En la botella se utiliza una escala graduada para medir el aceite con precisi\u00f3n, lo que permite satisfacer diferentes necesidades de cocci\u00f3n.<\/li>\n<li><strong>Diferentes m\u00e9todos de vertido:<\/strong> La botella est\u00e1 equipada con diferentes mecanismos de vertido convenientes para adaptarse a diferentes h\u00e1bitos de cocci\u00f3n.<\/li>\n<li><strong>Varios tama\u00f1os disponibles:<\/strong> Disponible en varios tama\u00f1os, puedes decidir cu\u00e1l es el dispensador de aceite adecuado para tu situaci\u00f3n de cocina y consumo.<\/li>\n<\/ul>\n<h2>Especificaciones clave<\/h2>\n<table style=\"border-collapse: collapse; margin-left: auto; margin-right: auto; width: 516.02pt;\" border=\"0\" width=\"688\" cellspacing=\"0\" cellpadding=\"0\">\n<tbody>\n<tr style=\"height: 13.50pt;\">\n<td style=\"height: 13.50pt; width: 136.50pt;\" width=\"182\" height=\"18\">Elemento de especificaci\u00f3n<\/td>\n<td style=\"width: 379.50pt;\" width=\"506\">Par\u00e1metros espec\u00edficos<\/td>\n<\/tr>\n<tr style=\"height: 13.50pt;\">\n<td style=\"height: 13.50pt;\" height=\"18\">Capacidad<\/td>\n<td>270 ml, 300 ml, 450 ml<\/td>\n<\/tr>\n<tr style=\"height: 13.50pt;\">\n<td style=\"height: 13.50pt;\" height=\"18\">Dimensiones<\/td>\n<td>6 x 15,6 cm, 6,7 x 14,5 cm, 6,5 x 19,8 cm<\/td>\n<\/tr>\n<tr style=\"height: 13.50pt;\">\n<td style=\"height: 13.50pt;\" height=\"18\">Material<\/td>\n<td>Vidrio transparente, pico de metal.<\/td>\n<\/tr>\n<tr style=\"height: 13.50pt;\">\n<td style=\"height: 13.50pt;\" height=\"18\">Forma<\/td>\n<td>Botella de vidrio cil\u00edndrica<\/td>\n<\/tr>\n<tr style=\"height: 13.50pt;\">\n<td style=\"height: 13.50pt;\" height=\"18\">Opciones de tapa<\/td>\n<td>Pico de metal plateado, tapa de pl\u00e1stico negra.<\/td>\n<\/tr>\n<tr style=\"height: 13.50pt;\">\n<td style=\"height: 13.50pt;\" height=\"18\">Usos ideales<\/td>\n<td>Dispensador de aceite de oliva, botella de aceite de vidrio, botella de aceite de cocina<\/td>\n<\/tr>\n<\/tbody>\n<\/table>\n<h2>Historia de \u00e9xito: El triunfo de una cadena de suministro de restaurantes<\/h2>\n<p>Una startup de comida gourmet en r\u00e1pido crecimiento nos contact\u00f3 con la solicitud de una soluci\u00f3n \u00fanica para envases de vidrio. A principios de 2024, cambiaron a nuestros dispensadores de aceite de oliva (300 ml con marcas graduadas y pico vertedor plateado) con su primer pedido de 1200 unidades. Los resultados son evidentes. Para empezar, los dispensadores antigoteo redujeron el tiempo que el personal de cocina dedicaba a la limpieza en un 40 %. En segundo lugar, las marcas graduadas permitieron una reducci\u00f3n del 25 % en el desperdicio de aceite. La exitosa campa\u00f1a se tradujo en otro pedido de 280\u00a0000 unidades seis meses despu\u00e9s.<\/p>\n<h2>Ideas de personalizaci\u00f3n<\/h2>\n<ul>\n<li><strong>Acabado del ca\u00f1o:\u200b\u200b<\/strong> Personalice el dispensador de aceite de oliva de metal cambiando el acabado como plata, oro o negro para armonizar con la apariencia de su marca.<\/li>\n<li><strong>Color de la tapa:\u200b\u200b<\/strong> El color del tap\u00f3n de rosca de pl\u00e1stico se puede cambiar seg\u00fan los colores de su marca para lograr una apariencia coordinada.<\/li>\n<li><strong>Marcas de escala personalizadas:<\/strong> No se limite a las marcas est\u00e1ndar. Incluya sus propias unidades de volumen o incluso un logotipo personalizado integrado en el dise\u00f1o de la l\u00ednea de escala.<\/li>\n<li><strong>Forma de botella personalizada:<\/strong> Como fabricante original, podemos crear un molde personalizado para una botella de vidrio con una forma \u00fanica si se realiza un pedido al por mayor muy grande.<\/li>\n<\/ul>\n<p>\u00bfQu\u00e9 le parece llevar su envasado al siguiente nivel? No dude en contactarnos hoy mismo para hablar sobre sus necesidades de embotellado.<\/p>","protected":false},"excerpt":{"rendered":"<p>Dispensador de aceite de oliva de vidrio transparente con graduaciones y pico met\u00e1lico. Elegante y duradero, disponible en tama\u00f1os personalizados para pedidos al por mayor y con env\u00edo r\u00e1pido.<\/p>","protected":false},"featured_media":1771,"template":"","meta":{"postBodyCss":"","postBodyMargin":[],"postBodyPadding":[],"postBodyBackground":{"backgroundType":"classic","gradient":""}},"product_brand":[],"product_cat":[15,16,18],"product_tag":[],"class_list":{"0":"post-1759","1":"product","2":"type-product","3":"status-publish","4":"has-post-thumbnail","6":"product_cat-glass-containers","7":"product_cat-glass-bottles","8":"product_cat-glass-oil-bottles","10":"first","11":"instock","12":"shipping-taxable","13":"product-type-simple"},"jetpack_sharing_enabled":true,"_links":{"self":[{"href":"https:\/\/minghanggroup.com\/es\/wp-json\/wp\/v2\/product\/1759","targetHints":{"allow":["GET"]}}],"collection":[{"href":"https:\/\/minghanggroup.com\/es\/wp-json\/wp\/v2\/product"}],"about":[{"href":"https:\/\/minghanggroup.com\/es\/wp-json\/wp\/v2\/types\/product"}],"wp:featuredmedia":[{"embeddable":true,"href":"https:\/\/minghanggroup.com\/es\/wp-json\/wp\/v2\/media\/1771"}],"wp:attachment":[{"href":"https:\/\/minghanggroup.com\/es\/wp-json\/wp\/v2\/media?parent=1759"}],"wp:term":[{"taxonomy":"product_brand","embeddable":true,"href":"https:\/\/minghanggroup.com\/es\/wp-json\/wp\/v2\/product_brand?post=1759"},{"taxonomy":"product_cat","embeddable":true,"href":"https:\/\/minghanggroup.com\/es\/wp-json\/wp\/v2\/product_cat?post=1759"},{"taxonomy":"product_tag","embeddable":true,"href":"https:\/\/minghanggroup.com\/es\/wp-json\/wp\/v2\/product_tag?post=1759"}],"curies":[{"name":"wp","href":"https:\/\/api.w.org\/{rel}","templated":true}]}}