{"id":1745,"date":"2025-10-17T15:45:04","date_gmt":"2025-10-17T07:45:04","guid":{"rendered":"https:\/\/minghanggroup.com\/?post_type=product&#038;p=1745"},"modified":"2026-01-20T13:47:26","modified_gmt":"2026-01-20T05:47:26","slug":"custom-clear-glass-milk-bottle-with-plastic-lids-wholesale","status":"publish","type":"product","link":"https:\/\/minghanggroup.com\/es\/producto\/custom-clear-glass-milk-bottle-with-plastic-lids-wholesale\/","title":{"rendered":"Botella de leche de vidrio transparente de 200-1000 ml con tapas de pl\u00e1stico para jugos y bebidas."},"content":{"rendered":"<p>Su l\u00ednea de l\u00e1cteos merece botellas que los clientes realmente conserven, no que las tiren. Fabricamos botellas de vidrio para leche que hacen que la leche luzca m\u00e1s fresca y se sienta m\u00e1s premium, perfectas para leche, jugos o batidos. Estas botellas de vidrio para leche combinan el encanto vintage con la reutilizaci\u00f3n moderna, convirtiendo cada vertido en un momento fresco y fresco.<\/p>\n<h2>Caracter\u00edsticas del producto<\/h2>\n<ol>\n<li><strong>Sello engarzado seguro:<\/strong>El cuello engarzado se ajusta perfectamente a las tapas de las botellas. Enrosca, vierte y duerme pl\u00e1cidamente.<\/li>\n<li><strong>Visibilidad de productos frescos de granja:<\/strong>El vidrio transparente muestra el tono dorado de la leche: los clientes ven la calidad.<\/li>\n<li><strong>Versatilidad de usos m\u00faltiples:<\/strong>Desde leche hasta batidos y proyectos de bricolaje, su botella de leche de vidrio se convierte en una favorita del hogar.<\/li>\n<\/ol>\n<h2>Especificaciones clave<\/h2>\n<table style=\"border-collapse: collapse; width: 80%; margin-left: auto; margin-right: auto;\" border=\"0\" width=\"288\" cellspacing=\"0\" cellpadding=\"0\">\n<tbody>\n<tr style=\"height: 13.50pt;\">\n<td style=\"height: 13.5pt; width: 54pt; text-align: center;\" width=\"72\" height=\"18\">Modelo<\/td>\n<td style=\"width: 54pt; text-align: center;\" width=\"72\">Capacidad (ml)<\/td>\n<td style=\"width: 54pt; text-align: center;\" width=\"72\">Dimensiones (cm)<\/td>\n<td style=\"width: 54pt; text-align: center;\" width=\"72\">Tipo de cuello<\/td>\n<\/tr>\n<tr style=\"height: 13.50pt;\">\n<td style=\"height: 13.5pt; text-align: center;\" align=\"right\" height=\"18\">64020006<\/td>\n<td style=\"text-align: center;\" align=\"right\">200<\/td>\n<td style=\"text-align: center;\">6 x 12<\/td>\n<td class=\"et2\" style=\"text-align: center;\" rowspan=\"4\">Cuello engarzado<\/td>\n<\/tr>\n<tr style=\"height: 13.50pt;\">\n<td style=\"height: 13.5pt; text-align: center;\" align=\"right\" height=\"18\">62025007<\/td>\n<td style=\"text-align: center;\" align=\"right\">250<\/td>\n<td style=\"text-align: center;\">5,9 x 14,05<\/td>\n<\/tr>\n<tr style=\"height: 13.50pt;\">\n<td style=\"height: 13.5pt; text-align: center;\" align=\"right\" height=\"18\">62050008<\/td>\n<td style=\"text-align: center;\" align=\"right\">500<\/td>\n<td style=\"text-align: center;\">7,2 x 20,8<\/td>\n<\/tr>\n<tr style=\"height: 13.50pt;\">\n<td style=\"height: 13.5pt; text-align: center;\" align=\"right\" height=\"18\">64100009<\/td>\n<td style=\"text-align: center;\" align=\"right\">1000<\/td>\n<td style=\"text-align: center;\">8,5 x 25,7<\/td>\n<\/tr>\n<\/tbody>\n<\/table>\n<h2>Caso de \u00e9xito<\/h2>\n<p>Una lecher\u00eda australiana nos contact\u00f3 para fabricar una botella de leche de vidrio personalizada. El dise\u00f1o elegante y minimalista de estas botellas de vidrio transparente es perfecto para etiquetar y promocionar la marca. El alto peso de estas botellas de vidrio aumenta la calidad y la firmeza, mientras que su transparencia permite a los clientes apreciar al instante la frescura de la leche. Un tap\u00f3n de rosca met\u00e1lico plateado y un sello de silicona garantizan la estanqueidad de la leche durante el transporte y la conservaci\u00f3n de su frescura durante mucho tiempo.<\/p>\n<p>Las ventas aumentaron un 45% en un trimestre y la empresa sigue colaborando con nosotros.<\/p>\n<h2>Tus consejos de personalizaci\u00f3n<\/h2>\n<p>Podemos personalizar botellas de vidrio para leche con su logotipo, la historia de su marca o su color. Sin importar la capacidad, podemos satisfacer sus necesidades. Tambi\u00e9n puede adquirir accesorios como tapas. Su botella de vidrio para leche no es solo un envase, es la clave de su \u00e9xito.<\/p>","protected":false},"excerpt":{"rendered":"<p>Botellas de leche de vidrio de alta calidad al por mayor. Las botellas de vidrio personalizadas ofrecen claridad y frescura. Ideales para leche, jugos y bebidas de cafeter\u00eda. Cont\u00e1ctenos hoy mismo para solicitar muestras gratis.<\/p>","protected":false},"featured_media":1775,"template":"","meta":{"postBodyCss":"","postBodyMargin":[],"postBodyPadding":[],"postBodyBackground":{"backgroundType":"classic","gradient":""}},"product_brand":[],"product_cat":[15,16,46],"product_tag":[72,73],"class_list":{"0":"post-1745","1":"product","2":"type-product","3":"status-publish","4":"has-post-thumbnail","6":"product_cat-glass-containers","7":"product_cat-glass-bottles","8":"product_cat-glass-milk-bottles","9":"product_tag-juice-bottles","10":"product_tag-milk-bottles","12":"first","13":"instock","14":"shipping-taxable","15":"product-type-simple"},"jetpack_sharing_enabled":true,"_links":{"self":[{"href":"https:\/\/minghanggroup.com\/es\/wp-json\/wp\/v2\/product\/1745","targetHints":{"allow":["GET"]}}],"collection":[{"href":"https:\/\/minghanggroup.com\/es\/wp-json\/wp\/v2\/product"}],"about":[{"href":"https:\/\/minghanggroup.com\/es\/wp-json\/wp\/v2\/types\/product"}],"wp:featuredmedia":[{"embeddable":true,"href":"https:\/\/minghanggroup.com\/es\/wp-json\/wp\/v2\/media\/1775"}],"wp:attachment":[{"href":"https:\/\/minghanggroup.com\/es\/wp-json\/wp\/v2\/media?parent=1745"}],"wp:term":[{"taxonomy":"product_brand","embeddable":true,"href":"https:\/\/minghanggroup.com\/es\/wp-json\/wp\/v2\/product_brand?post=1745"},{"taxonomy":"product_cat","embeddable":true,"href":"https:\/\/minghanggroup.com\/es\/wp-json\/wp\/v2\/product_cat?post=1745"},{"taxonomy":"product_tag","embeddable":true,"href":"https:\/\/minghanggroup.com\/es\/wp-json\/wp\/v2\/product_tag?post=1745"}],"curies":[{"name":"wp","href":"https:\/\/api.w.org\/{rel}","templated":true}]}}