{"id":1735,"date":"2025-10-17T13:30:08","date_gmt":"2025-10-17T05:30:08","guid":{"rendered":"https:\/\/minghanggroup.com\/?post_type=product&#038;p=1735"},"modified":"2025-10-17T17:48:30","modified_gmt":"2025-10-17T09:48:30","slug":"custom-clear-rectangular-glass-olive-oil-bottles-for-kitchen-bulk","status":"publish","type":"product","link":"https:\/\/minghanggroup.com\/es\/producto\/custom-clear-rectangular-glass-olive-oil-bottles-for-kitchen-bulk\/","title":{"rendered":"Botellas de aceite de oliva de vidrio transparente rectangular de 60-1000 ml para cocina a granel"},"content":{"rendered":"<p>Estas botellas de vidrio para aceite de oliva est\u00e1n hechas de vidrio transparente y tienen una elegante forma rectangular. Est\u00e1n disponibles en diferentes tama\u00f1os y cuentan con tapas de colores que no solo resaltan el aceite dorado en su interior, sino que tambi\u00e9n le dan un toque de brillo a tu cocina.<\/p>\n<h2>Caracter\u00edsticas del producto<\/h2>\n<ul>\n<li><strong>Perfil cuadrado distintivo:<\/strong> La forma rectangular es estable y se puede utilizar en los espacios de cocina m\u00e1s reducidos sin ning\u00fan problema, justo lo que se espera de las modernas l\u00edneas de envasado de vidrio.<\/li>\n<li><strong>Dispensaci\u00f3n con control de goteo:<\/strong> La tapa de rosca cuidadosamente dise\u00f1ada y la abertura del pico garantizan un vertido controlado, lo que hace que esta sea una botella de aceite limpia y eficiente.<\/li>\n<li><strong>Varios tama\u00f1os disponibles:<\/strong> Desde botellas de muestra de 60 ml hasta botellas de restaurante de 1000 ml, tenemos el tama\u00f1o de botella de aceite de vidrio adecuado para cada plan mayorista.<\/li>\n<\/ul>\n<h2>Especificaciones clave<\/h2>\n<table style=\"border-collapse: collapse; margin-left: auto; margin-right: auto; width: 520.52pt;\" border=\"0\" width=\"694\" cellspacing=\"0\" cellpadding=\"0\">\n<tbody>\n<tr style=\"height: 13.50pt;\">\n<td style=\"height: 13.50pt; width: 103.50pt;\" width=\"138\" height=\"18\">Caracter\u00edstica<\/td>\n<td style=\"width: 417.00pt;\" width=\"556\">Especificaci\u00f3n<\/td>\n<\/tr>\n<tr style=\"height: 13.50pt;\">\n<td style=\"height: 13.50pt;\" height=\"18\">Capacidad<\/td>\n<td>60 ml, 100 ml, 150 ml, 250 ml, 500 ml, 750 ml, 1000 ml<\/td>\n<\/tr>\n<tr style=\"height: 13.50pt;\">\n<td style=\"height: 13.50pt;\" height=\"18\">Dimensiones<\/td>\n<td>De 3,5\u00d73,5\u00d712,4cm a 7,4\u00d77,4\u00d730,0cm<\/td>\n<\/tr>\n<tr style=\"height: 13.50pt;\">\n<td style=\"height: 13.50pt;\" height=\"18\">Material<\/td>\n<td>Tapa de vidrio transparente, PP o metal.<\/td>\n<\/tr>\n<tr style=\"height: 13.50pt;\">\n<td style=\"height: 13.50pt;\" height=\"18\">Forma<\/td>\n<td>Botella de vidrio cuadrada<\/td>\n<\/tr>\n<tr style=\"height: 13.50pt;\">\n<td style=\"height: 13.50pt;\" height=\"18\">Opciones de tapa<\/td>\n<td>Pico vertedor negro\/verde, tapa dorada\/plateada (personalizable)<\/td>\n<\/tr>\n<tr style=\"height: 13.50pt;\">\n<td style=\"height: 13.50pt;\" height=\"18\">Uso ideal<\/td>\n<td>Botella de aceite para cocina, botellas de aceite de oliva de vidrio, botellas de aceite<\/td>\n<\/tr>\n<\/tbody>\n<\/table>\n<h2>Una historia de \u00e9xito real<\/h2>\n<p>Nome Layout E-mail<\/p>\n<h2>Ideas de personalizaci\u00f3n inteligente para botellas de aceite de vidrio<\/h2>\n<ul>\n<li>Vidrio tintado (\u00e1mbar o verde): Protege los aceites sensibles a la luz. El vidrio \u00e1mbar absorbe los rayos UV, ideal para aceites de oliva delicados.<\/li>\n<li>Material de la tapa: Actualice las tapas de pl\u00e1stico est\u00e1ndar a tapas con acabado met\u00e1lico para una sensaci\u00f3n m\u00e1s premium.<\/li>\n<li>Estampado profundo de logotipos: presione su logotipo o patr\u00f3n directamente en el molde para que sea parte de la estructura del vidrio.<\/li>\n<li>Base engrosada (base pesada): aporta peso y estabilidad. Ideal para restaurantes donde se mueven vinagreras a diario.<\/li>\n<\/ul>","protected":false},"excerpt":{"rendered":"<p>Botellas de aceite de oliva de vidrio premium con tapa de color. Sencillas y elegantes, perfectas para la marca de cocina, restaurantes o pedidos al por mayor. Muestras gratuitas disponibles.<\/p>","protected":false},"featured_media":1755,"template":"","meta":{"postBodyCss":"","postBodyMargin":[],"postBodyPadding":[],"postBodyBackground":{"backgroundType":"classic","gradient":""}},"product_brand":[],"product_cat":[15,16,18],"product_tag":[],"class_list":{"0":"post-1735","1":"product","2":"type-product","3":"status-publish","4":"has-post-thumbnail","6":"product_cat-glass-containers","7":"product_cat-glass-bottles","8":"product_cat-glass-oil-bottles","10":"first","11":"instock","12":"shipping-taxable","13":"product-type-simple"},"jetpack_sharing_enabled":true,"_links":{"self":[{"href":"https:\/\/minghanggroup.com\/es\/wp-json\/wp\/v2\/product\/1735","targetHints":{"allow":["GET"]}}],"collection":[{"href":"https:\/\/minghanggroup.com\/es\/wp-json\/wp\/v2\/product"}],"about":[{"href":"https:\/\/minghanggroup.com\/es\/wp-json\/wp\/v2\/types\/product"}],"wp:featuredmedia":[{"embeddable":true,"href":"https:\/\/minghanggroup.com\/es\/wp-json\/wp\/v2\/media\/1755"}],"wp:attachment":[{"href":"https:\/\/minghanggroup.com\/es\/wp-json\/wp\/v2\/media?parent=1735"}],"wp:term":[{"taxonomy":"product_brand","embeddable":true,"href":"https:\/\/minghanggroup.com\/es\/wp-json\/wp\/v2\/product_brand?post=1735"},{"taxonomy":"product_cat","embeddable":true,"href":"https:\/\/minghanggroup.com\/es\/wp-json\/wp\/v2\/product_cat?post=1735"},{"taxonomy":"product_tag","embeddable":true,"href":"https:\/\/minghanggroup.com\/es\/wp-json\/wp\/v2\/product_tag?post=1735"}],"curies":[{"name":"wp","href":"https:\/\/api.w.org\/{rel}","templated":true}]}}