{"id":1642,"date":"2025-10-16T16:24:25","date_gmt":"2025-10-16T08:24:25","guid":{"rendered":"https:\/\/minghanggroup.com\/?post_type=product&#038;p=1642"},"modified":"2025-10-16T17:50:57","modified_gmt":"2025-10-16T09:50:57","slug":"wholesale-cylindrical-amber-glass-olive-oil-bottles","status":"publish","type":"product","link":"https:\/\/minghanggroup.com\/es\/producto\/wholesale-cylindrical-amber-glass-olive-oil-bottles\/","title":{"rendered":"Botellas de aceite de oliva cil\u00edndricas de vidrio \u00e1mbar al por mayor de 250 ml, 500 ml y 750 ml"},"content":{"rendered":"<p>Estas botellas de aceite de oliva de vidrio \u00e1mbar son el medio perfecto para almacenar y decorar el aceite de oliva, ya que el elegante vidrio \u00e1mbar se ha convertido en formas cil\u00edndricas agradables, elegantes y delgadas, que est\u00e1n disponibles en varios tama\u00f1os y no solo son refinadas en su encanto sino tambi\u00e9n eficientes en su uso.<\/p>\n<h2>Caracter\u00edsticas del producto<\/h2>\n<ul>\n<li><strong>Dise\u00f1o a prueba de rayos UV:<\/strong> El vidrio \u00e1mbar mantiene el producto fresco al bloquear los rayos da\u00f1inos de la luz.<\/li>\n<li><strong>Vertido sin goteo en todo momento:<\/strong> La tapa especial del vertedor es antigoteo. No deja las paredes de la botella ni la encimera pegajosas.<\/li>\n<li><strong>Forma cil\u00edndrica delgada:<\/strong> El dise\u00f1o delgado le permite almacenar el producto en su encimera o en los estantes de su despensa sin necesidad de espacio adicional.<\/li>\n<\/ul>\n<h2>Especificaciones clave<\/h2>\n<table style=\"border-collapse: collapse; margin-left: auto; margin-right: auto; width: 457.52pt;\" border=\"0\" width=\"610\" cellspacing=\"0\" cellpadding=\"0\">\n<tbody>\n<tr style=\"height: 13.50pt;\">\n<td style=\"height: 13.50pt; width: 103.50pt;\" width=\"138\" height=\"18\">Caracter\u00edstica<\/td>\n<td style=\"width: 354.00pt;\" width=\"472\">Especificaci\u00f3n<\/td>\n<\/tr>\n<tr style=\"height: 13.50pt;\">\n<td style=\"height: 13.50pt;\" height=\"18\">Capacidad<\/td>\n<td>250 ml, 500 ml, 750 ml<\/td>\n<\/tr>\n<tr style=\"height: 13.50pt;\">\n<td style=\"height: 13.50pt;\" height=\"18\">Dimensiones<\/td>\n<td>5,0 \u00d7 23,2 cm, 6,1 \u00d7 28,0 cm, 6,9 \u00d7 30,9 cm<\/td>\n<\/tr>\n<tr style=\"height: 13.50pt;\">\n<td style=\"height: 13.50pt;\" height=\"18\">Tama\u00f1o del cuello<\/td>\n<td>Rosca de tornillo de 19\u00d730 mm<\/td>\n<\/tr>\n<tr style=\"height: 13.50pt;\">\n<td style=\"height: 13.50pt;\" height=\"18\">Material<\/td>\n<td>Vidrio \u00e1mbar, tapa de metal.<\/td>\n<\/tr>\n<tr style=\"height: 13.50pt;\">\n<td style=\"height: 13.50pt;\" height=\"18\">Forma<\/td>\n<td>Botella de vidrio cil\u00edndrica<\/td>\n<\/tr>\n<tr style=\"height: 13.50pt;\">\n<td style=\"height: 13.50pt;\" height=\"18\">Opciones de tapa<\/td>\n<td>Tapa negra\/dorada (personalizable)<\/td>\n<\/tr>\n<tr style=\"height: 13.50pt;\">\n<td style=\"height: 13.50pt;\" height=\"18\">Uso ideal<\/td>\n<td>Dispensador de aceite de oliva de vidrio, aceiteras, botella de aceite<\/td>\n<\/tr>\n<\/tbody>\n<\/table>\n<h2>Historia de \u00e9xito: Construir una marca mediante un packaging consistente<\/h2>\n<p>El fabricante de alimentos especiales de California, que los distribuye a nivel mundial, necesitaba frascos de vidrio de primera calidad para envasar su aceite de oliva y decidi\u00f3 realizar su primer pedido con nosotros: 5000 botellas de aceite de oliva de vidrio \u00e1mbar de 250 ml y 500 ml cada una. Los minoristas est\u00e1n entusiasmados con el aspecto profesional de los productos y tambi\u00e9n destacan las numerosas ventajas del uso del vidrio opaco, que la mayor\u00eda de los representantes promocionan para sus marcas. En consecuencia, quienes sol\u00edan comprar han aumentado su compra, ya que la tasa de recompra en 90 d\u00edas ha aumentado al 72 %. Gracias a este \u00e9xito inicial, los pedidos posteriores han alcanzado casi las 200\u00a0000 unidades en tan solo ocho meses.<\/p>\n<h2>Personaliza tus botellas de aceite de oliva de vidrio \u00e1mbar<\/h2>\n<ul>\n<li><strong>Logotipo esmerilado:<\/strong> El grabado \u00e1cido es el m\u00e9todo que se debe emplear cuando se requiere un logotipo refinado, de un solo color, con acabado mate y una apariencia lujosa.<\/li>\n<li><strong>Serigraf\u00eda:<\/strong> El color brillante contra el fondo oscuro del vidrio \u00e1mbar para la tinta har\u00e1 que su logotipo sea legible incluso desde una gran distancia.<\/li>\n<li><strong>Color de gorra personalizado:<\/strong> Si te gusta tener el tap\u00f3n de rosca con los colores de tu marca, entonces elige entre dorado, plateado, negro, etc.<\/li>\n<li><strong>Tinte \u00e1mbar m\u00e1s profundo:<\/strong> M\u00e1xima protecci\u00f3n contra los rayos UV gracias a su mayor pigmentaci\u00f3n. Perfecto para aceites de oliva extremadamente sensibles.<\/li>\n<\/ul>","protected":false},"excerpt":{"rendered":"<p>Botellas de aceite de oliva de vidrio \u00e1mbar con tapa de rosca. Delgadas, resistentes y perfectas para usar en la cocina. Pedidos al por mayor, env\u00edo r\u00e1pido y muestras gratis.<\/p>","protected":false},"featured_media":1649,"template":"","meta":{"postBodyCss":"","postBodyMargin":[],"postBodyPadding":[],"postBodyBackground":{"backgroundType":"classic","gradient":""}},"product_brand":[],"product_cat":[15,16,18],"product_tag":[],"class_list":{"0":"post-1642","1":"product","2":"type-product","3":"status-publish","4":"has-post-thumbnail","6":"product_cat-glass-containers","7":"product_cat-glass-bottles","8":"product_cat-glass-oil-bottles","10":"first","11":"instock","12":"shipping-taxable","13":"product-type-simple"},"jetpack_sharing_enabled":true,"_links":{"self":[{"href":"https:\/\/minghanggroup.com\/es\/wp-json\/wp\/v2\/product\/1642","targetHints":{"allow":["GET"]}}],"collection":[{"href":"https:\/\/minghanggroup.com\/es\/wp-json\/wp\/v2\/product"}],"about":[{"href":"https:\/\/minghanggroup.com\/es\/wp-json\/wp\/v2\/types\/product"}],"wp:featuredmedia":[{"embeddable":true,"href":"https:\/\/minghanggroup.com\/es\/wp-json\/wp\/v2\/media\/1649"}],"wp:attachment":[{"href":"https:\/\/minghanggroup.com\/es\/wp-json\/wp\/v2\/media?parent=1642"}],"wp:term":[{"taxonomy":"product_brand","embeddable":true,"href":"https:\/\/minghanggroup.com\/es\/wp-json\/wp\/v2\/product_brand?post=1642"},{"taxonomy":"product_cat","embeddable":true,"href":"https:\/\/minghanggroup.com\/es\/wp-json\/wp\/v2\/product_cat?post=1642"},{"taxonomy":"product_tag","embeddable":true,"href":"https:\/\/minghanggroup.com\/es\/wp-json\/wp\/v2\/product_tag?post=1642"}],"curies":[{"name":"wp","href":"https:\/\/api.w.org\/{rel}","templated":true}]}}