{"id":1605,"date":"2025-10-16T14:47:54","date_gmt":"2025-10-16T06:47:54","guid":{"rendered":"https:\/\/minghanggroup.com\/?post_type=product&#038;p=1605"},"modified":"2025-10-16T17:43:36","modified_gmt":"2025-10-16T09:43:36","slug":"bulk-glass-cooking-oil-vinegar-dispensers-with-scale-lid","status":"publish","type":"product","link":"https:\/\/minghanggroup.com\/es\/producto\/bulk-glass-cooking-oil-vinegar-dispensers-with-scale-lid\/","title":{"rendered":"Dispensadores de aceite y vinagre de vidrio de 300 ml y 500 ml con tapa graduada."},"content":{"rendered":"<p>Esta botella para aceite de cocina cuenta con un elegante cuerpo de vidrio transparente y una tapa met\u00e1lica con marcas graduadas para garantizar un vertido limpio. Est\u00e1 disponible en dos tama\u00f1os, ideal para usar en la cocina.<\/p>\n<h2>Caracter\u00edsticas del producto<\/h2>\n<ul>\n<li><strong>Precisi\u00f3n para:<\/strong> El pico, elaborado con precisi\u00f3n, permite servir de manera impecable en todo momento, por lo que puede considerarse la herramienta perfecta para servir aceites de cocina y vinagres finos.<\/li>\n<li><strong>Claro:<\/strong> Cualquier tipo de aceite o vinagre que llegue al cliente ser\u00e1 presentado de manera impresionante por el lujoso vidrio transparente que es la exhibici\u00f3n perfecta para el color y la pureza del contenido.<\/li>\n<li><strong>Opciones de dos vol\u00famenes:<\/strong> Los dos tama\u00f1os de 300ml y 500ml respectivamente permiten satisfacer las necesidades de embotellado as\u00ed como de abastecimiento de sus diferentes l\u00edneas de productos.<\/li>\n<\/ul>\n<h2>Especificaciones clave<\/h2>\n<table style=\"border-collapse: collapse; margin-left: auto; margin-right: auto; width: 374.27pt;\" border=\"0\" width=\"499\" cellspacing=\"0\" cellpadding=\"0\">\n<tbody>\n<tr style=\"height: 13.50pt;\">\n<td style=\"height: 13.50pt; width: 103.50pt;\" width=\"138\" height=\"18\">Caracter\u00edstica<\/td>\n<td style=\"width: 270.75pt;\" width=\"361\">Especificaci\u00f3n<\/td>\n<\/tr>\n<tr style=\"height: 13.50pt;\">\n<td style=\"height: 13.50pt;\" height=\"18\">Dimensiones<\/td>\n<td>7,5\u00d722,0 cm (300 ml), 7,5\u00d728,0 cm (500 ml)<\/td>\n<\/tr>\n<tr style=\"height: 13.50pt;\">\n<td style=\"height: 13.50pt;\" height=\"18\">Material<\/td>\n<td>Cuerpo de vidrio transparente, cabezal dispensador de metal.<\/td>\n<\/tr>\n<tr style=\"height: 13.50pt;\">\n<td style=\"height: 13.50pt;\" height=\"18\">Forma<\/td>\n<td>Botella de vidrio cil\u00edndrica con cuello marcado<\/td>\n<\/tr>\n<tr style=\"height: 13.50pt;\">\n<td style=\"height: 13.50pt;\" height=\"18\">Opciones de tapa<\/td>\n<td>Tapa de medici\u00f3n de color negro plateado, tapa s\u00f3lida<\/td>\n<\/tr>\n<tr style=\"height: 13.50pt;\">\n<td style=\"height: 13.50pt;\" height=\"18\">Mejor para<\/td>\n<td>Aceite de oliva, vinagre, aceites de cocina.<\/td>\n<\/tr>\n<\/tbody>\n<\/table>\n<h2>Historia de \u00e9xito: Del pedido de prueba a la l\u00ednea de productos principal<\/h2>\n<p>Una empresa norteamericana de alimentaci\u00f3n gourmet buscaba un nuevo envase para su aceite de oliva premium. Eligieron nuestra botella de aceite de cocina con tap\u00f3n graduado, realizando inicialmente un pedido piloto al por mayor de 3000 vertedores de aceite de 500 ml. La respuesta fue abrumadoramente positiva. Los minoristas informaron que a los clientes les encant\u00f3 el elegante dise\u00f1o de la botella y el preciso control del vertido. La satisfacci\u00f3n del cliente aument\u00f3 un 50 % y el desperdicio de aceite se redujo un 40 %. En cuatro meses, el cliente realiz\u00f3 otro pedido al por mayor de 100\u00a0000 unidades y ampli\u00f3 su l\u00ednea de producci\u00f3n de vinagre a 800 ml.<\/p>\n<h2>Personaliza tu botella de aceite de vidrio<\/h2>\n<ul>\n<li><strong>Logotipo en relieve:<\/strong> Moldee el s\u00edmbolo de su marca directamente en el vidrio para una experiencia t\u00e1ctil de alta gama.<\/li>\n<li><strong>Vidrio coloreado:<\/strong> \u00bfPor qu\u00e9 elegir solo vidrio transparente? Si su aceite es fotosensible, podemos ofrecerle vidrio \u00e1mbar o verde.<\/li>\n<li><strong>Acabado de tapa personalizado:<\/strong> Puede elegir un acabado met\u00e1lico entre una variedad de opciones (por ejemplo, oro, cobre, oro rosa) para coordinar visualmente las tapas de rosca con el aspecto de su marca.<\/li>\n<li><strong>Marcas de volumen:<\/strong> Integre marcas permanentes y elevadas en el vidrio para agregar una utilidad de medici\u00f3n pr\u00e1ctica.<\/li>\n<\/ul>","protected":false},"excerpt":{"rendered":"<p>Dispensador de vinagre y aceite de cocina transparente con tapa graduada. Botella de vidrio resistente con un dise\u00f1o elegante. Las compras al por mayor ofrecen opciones personalizables y env\u00edo r\u00e1pido.<\/p>","protected":false},"featured_media":1634,"template":"","meta":{"postBodyCss":"","postBodyMargin":[],"postBodyPadding":[],"postBodyBackground":{"backgroundType":"classic","gradient":""}},"product_brand":[],"product_cat":[15,16,18],"product_tag":[],"class_list":{"0":"post-1605","1":"product","2":"type-product","3":"status-publish","4":"has-post-thumbnail","6":"product_cat-glass-containers","7":"product_cat-glass-bottles","8":"product_cat-glass-oil-bottles","10":"first","11":"instock","12":"shipping-taxable","13":"product-type-simple"},"jetpack_sharing_enabled":true,"_links":{"self":[{"href":"https:\/\/minghanggroup.com\/es\/wp-json\/wp\/v2\/product\/1605","targetHints":{"allow":["GET"]}}],"collection":[{"href":"https:\/\/minghanggroup.com\/es\/wp-json\/wp\/v2\/product"}],"about":[{"href":"https:\/\/minghanggroup.com\/es\/wp-json\/wp\/v2\/types\/product"}],"wp:featuredmedia":[{"embeddable":true,"href":"https:\/\/minghanggroup.com\/es\/wp-json\/wp\/v2\/media\/1634"}],"wp:attachment":[{"href":"https:\/\/minghanggroup.com\/es\/wp-json\/wp\/v2\/media?parent=1605"}],"wp:term":[{"taxonomy":"product_brand","embeddable":true,"href":"https:\/\/minghanggroup.com\/es\/wp-json\/wp\/v2\/product_brand?post=1605"},{"taxonomy":"product_cat","embeddable":true,"href":"https:\/\/minghanggroup.com\/es\/wp-json\/wp\/v2\/product_cat?post=1605"},{"taxonomy":"product_tag","embeddable":true,"href":"https:\/\/minghanggroup.com\/es\/wp-json\/wp\/v2\/product_tag?post=1605"}],"curies":[{"name":"wp","href":"https:\/\/api.w.org\/{rel}","templated":true}]}}