{"id":1592,"date":"2025-10-16T14:11:48","date_gmt":"2025-10-16T06:11:48","guid":{"rendered":"https:\/\/minghanggroup.com\/?post_type=product&#038;p=1592"},"modified":"2025-10-16T17:53:08","modified_gmt":"2025-10-16T09:53:08","slug":"wholesale-glass-oil-dispenser-bottles-with-metal-pour-spout","status":"publish","type":"product","link":"https:\/\/minghanggroup.com\/es\/producto\/wholesale-glass-oil-dispenser-bottles-with-metal-pour-spout\/","title":{"rendered":"Botellas dispensadoras de aceite de vidrio de 200 ml con pico vertedor de metal al por mayor"},"content":{"rendered":"<p>Esta botella dispensadora de aceite es ideal para aceite de oliva, vinagre o cualquier l\u00edquido con buen sabor. Su parte estrecha est\u00e1 hecha de vidrio transparente de excelente calidad y cuenta con una moderna salida negra y plateada para un vertido uniforme y sin goteo.<\/p>\n<h2>Caracter\u00edsticas del producto<\/h2>\n<ul>\n<li><strong>Vertido preciso y sin goteo:<\/strong> La tapa de rosca negra y plateada controla el flujo y reduce el desorden, lo que la hace perfecta para aceites y vinagres de alta calidad.<\/li>\n<li><strong>Estilo de botella fina:<\/strong> La forma estrecha permite exhibir y guardar la botella en la cocina.<\/li>\n<li><strong>Vidrio transparente de primera calidad:<\/strong> El cristal perfectamente transparente no s\u00f3lo muestra el color dorado del aceite de oliva o el oscuro del rico vinagre bals\u00e1mico, sino que tambi\u00e9n da la impresi\u00f3n de la m\u00e1s alta calidad y pureza del producto.<\/li>\n<\/ul>\n<h2>Especificaciones clave<\/h2>\n<table style=\"border-collapse: collapse; margin-left: auto; margin-right: auto; width: 328.52pt;\" border=\"0\" width=\"438\" cellspacing=\"0\" cellpadding=\"0\">\n<tbody>\n<tr style=\"height: 13.50pt;\">\n<td style=\"height: 13.50pt; width: 103.50pt;\" width=\"138\" height=\"18\">Caracter\u00edstica<\/td>\n<td style=\"width: 225.00pt;\" width=\"300\">Especificaci\u00f3n<\/td>\n<\/tr>\n<tr style=\"height: 13.50pt;\">\n<td style=\"height: 13.50pt;\" height=\"18\">Capacidad<\/td>\n<td>200 ml<\/td>\n<\/tr>\n<tr style=\"height: 13.50pt;\">\n<td style=\"height: 13.50pt;\" height=\"18\">Dimensiones<\/td>\n<td>6,5 cm (ancho) \u00d7 19 cm (alto)<\/td>\n<\/tr>\n<tr style=\"height: 13.50pt;\">\n<td style=\"height: 13.50pt;\" height=\"18\">Material<\/td>\n<td>Vidrio transparente<\/td>\n<\/tr>\n<tr style=\"height: 13.50pt;\">\n<td style=\"height: 13.50pt;\" height=\"18\">Tipo de tapa<\/td>\n<td>Tapa de rosca con dispensador de metal<\/td>\n<\/tr>\n<tr style=\"height: 13.50pt;\">\n<td style=\"height: 13.50pt;\" height=\"18\">Ideal para<\/td>\n<td>Aceite de oliva, vinagre, aderezos<\/td>\n<\/tr>\n<\/tbody>\n<\/table>\n<h2>Historia de \u00e9xito del mundo real: Del primer pedido a un socio leal<\/h2>\n<p>Nuestro cliente europeo, una marca de aceite de oliva especial que se dirige al mercado n\u00f3rdico, necesitaba un dispensador de aceite de vidrio con un aspecto lujoso y, a la vez, resistente para un gran volumen de env\u00edos. Optaron por nuestra aceitera de vidrio, combinada con un tap\u00f3n negro antigoteo, y realizaron un pedido inicial de 5000 unidades para probar el mercado. Al principio, gracias a la funci\u00f3n antigoteo del dispensador, este dispensador de precisi\u00f3n redujo el consumo de aceite en un 32 %. Tres meses despu\u00e9s, su tasa de recompra aument\u00f3 un 40 % y, posteriormente, realizaron cuatro pedidos m\u00e1s, lo que significa que el volumen total de pedidos alcanz\u00f3 las 300\u00a0000 botellas al a\u00f1o.<\/p>\n<h2>Recomendaciones de botellas dispensadoras de aceite personalizadas<\/h2>\n<ul>\n<li>Marcado de capacidad: Coloque marcas graduadas en el costado del contenedor para mejorar la funcionalidad.<\/li>\n<li>Tinte de color: coloque un poco de color, como verde o \u00e1mbar, en el vidrio transparente para lograr una apariencia distintiva.<\/li>\n<li>Recubrimiento en aerosol: aplique un recubrimiento sutil y texturizado en toda la botella para lograr un agarre c\u00f3modo y moderno.<\/li>\n<li>Color de tapa personalizado: puede cambiar el color de la tapa de rosca seg\u00fan los colores de su marca; ofrecemos una amplia gama de acabados.<\/li>\n<\/ul>","protected":false},"excerpt":{"rendered":"<p>Botella delgada de vidrio para aceite con elegante boquilla met\u00e1lica. Sencilla pero refinada, ideal para restaurantes y para suministro a granel con env\u00edo r\u00e1pido.<\/p>","protected":false},"featured_media":1601,"template":"","meta":{"postBodyCss":"","postBodyMargin":[],"postBodyPadding":[],"postBodyBackground":{"backgroundType":"classic","gradient":""}},"product_brand":[],"product_cat":[15,16,18],"product_tag":[],"class_list":{"0":"post-1592","1":"product","2":"type-product","3":"status-publish","4":"has-post-thumbnail","6":"product_cat-glass-containers","7":"product_cat-glass-bottles","8":"product_cat-glass-oil-bottles","10":"first","11":"instock","12":"shipping-taxable","13":"product-type-simple"},"jetpack_sharing_enabled":true,"_links":{"self":[{"href":"https:\/\/minghanggroup.com\/es\/wp-json\/wp\/v2\/product\/1592","targetHints":{"allow":["GET"]}}],"collection":[{"href":"https:\/\/minghanggroup.com\/es\/wp-json\/wp\/v2\/product"}],"about":[{"href":"https:\/\/minghanggroup.com\/es\/wp-json\/wp\/v2\/types\/product"}],"wp:featuredmedia":[{"embeddable":true,"href":"https:\/\/minghanggroup.com\/es\/wp-json\/wp\/v2\/media\/1601"}],"wp:attachment":[{"href":"https:\/\/minghanggroup.com\/es\/wp-json\/wp\/v2\/media?parent=1592"}],"wp:term":[{"taxonomy":"product_brand","embeddable":true,"href":"https:\/\/minghanggroup.com\/es\/wp-json\/wp\/v2\/product_brand?post=1592"},{"taxonomy":"product_cat","embeddable":true,"href":"https:\/\/minghanggroup.com\/es\/wp-json\/wp\/v2\/product_cat?post=1592"},{"taxonomy":"product_tag","embeddable":true,"href":"https:\/\/minghanggroup.com\/es\/wp-json\/wp\/v2\/product_tag?post=1592"}],"curies":[{"name":"wp","href":"https:\/\/api.w.org\/{rel}","templated":true}]}}