{"id":1471,"date":"2025-10-15T15:31:39","date_gmt":"2025-10-15T07:31:39","guid":{"rendered":"https:\/\/minghanggroup.com\/?post_type=product&#038;p=1471"},"modified":"2025-10-16T15:23:41","modified_gmt":"2025-10-16T07:23:41","slug":"wholesale-green-glass-olive-oil-dispensers-with-metal-lids","status":"publish","type":"product","link":"https:\/\/minghanggroup.com\/es\/producto\/wholesale-green-glass-olive-oil-dispensers-with-metal-lids\/","title":{"rendered":"Dispensadores de aceite de oliva de vidrio verde al por mayor con tapas met\u00e1licas de 250 ml, 500 ml y 750 ml."},"content":{"rendered":"<p>Estas botellas de aceite de oliva est\u00e1n hechas de elegante vidrio verde con una forma cil\u00edndrica suave, delgada y alargada, y est\u00e1n disponibles con tapones negros y dorados. Vienen en diferentes tama\u00f1os.<\/p>\n<h2>Caracter\u00edsticas del producto<\/h2>\n<ul>\n<li><strong>Protecci\u00f3n UV incorporada:<\/strong> El cristal verde sirve como protector para tu aceite de oliva frente a la luz, as\u00ed el aceite se mantiene fresco y se puede utilizar durante m\u00e1s tiempo.<\/li>\n<li><strong>Forma cil\u00edndrica delgada:<\/strong> La botella con su forma cil\u00edndrica alargada no solo es elegante sino tambi\u00e9n compacta, por lo tanto, se puede exhibir y guardar f\u00e1cilmente en la cocina mientras se ahorra espacio.<\/li>\n<li><strong>Varias opciones de tapa:<\/strong> Las tapas, que est\u00e1n disponibles en negro, dorado y otros colores, no solo satisfacen los diferentes gustos est\u00e9ticos de los usuarios, sino que tambi\u00e9n confirman que el contenedor est\u00e1 sellado herm\u00e9ticamente.<\/li>\n<\/ul>\n<h2>Especificaciones clave<\/h2>\n<table style=\"border-collapse: collapse; margin-left: auto; margin-right: auto; width: 520.52pt;\" border=\"0\" width=\"694\" cellspacing=\"0\" cellpadding=\"0\">\n<tbody>\n<tr style=\"height: 13.50pt;\">\n<td style=\"height: 13.50pt; width: 103.50pt;\" width=\"138\" height=\"18\">Caracter\u00edstica<\/td>\n<td style=\"width: 417.00pt;\" width=\"556\">Especificaci\u00f3n<\/td>\n<\/tr>\n<tr style=\"height: 13.50pt;\">\n<td style=\"height: 13.50pt;\" height=\"18\">Capacidad<\/td>\n<td>250 ml 500 ml 750 ml<\/td>\n<\/tr>\n<tr style=\"height: 13.50pt;\">\n<td style=\"height: 13.50pt;\" height=\"18\">Dimensiones<\/td>\n<td>5,0 \u00d7 23,2 cm, 6,1 \u00d7 28,0 cm, 6,9 \u00d7 30,9 cm<\/td>\n<\/tr>\n<tr style=\"height: 13.50pt;\">\n<td style=\"height: 13.50pt;\" height=\"18\">Tama\u00f1o del cuello<\/td>\n<td>Cuello de tornillo de 19\u00d730 mm<\/td>\n<\/tr>\n<tr style=\"height: 13.50pt;\">\n<td style=\"height: 13.50pt;\" height=\"18\">Material<\/td>\n<td>Cuerpo de vidrio verde, tapa de metal.<\/td>\n<\/tr>\n<tr style=\"height: 13.50pt;\">\n<td style=\"height: 13.50pt;\" height=\"18\">Forma<\/td>\n<td>Botella de vidrio cil\u00edndrica<\/td>\n<\/tr>\n<tr style=\"height: 13.50pt;\">\n<td style=\"height: 13.50pt;\" height=\"18\">Opciones de tapa<\/td>\n<td>Pico vertedor negro, pico vertedor dorado, tapa s\u00f3lida<\/td>\n<\/tr>\n<tr style=\"height: 13.50pt;\">\n<td style=\"height: 13.50pt;\" height=\"18\">Mejor para<\/td>\n<td>Aceites de oliva, vinagres, aceites de cocina.<\/td>\n<\/tr>\n<tr style=\"height: 13.50pt;\">\n<td style=\"height: 13.50pt;\" height=\"18\">Uso ideal<\/td>\n<td>Botella de aceite de oliva, botellas de aceite y vinagre, botella de aceite de oliva para cocinar<\/td>\n<\/tr>\n<\/tbody>\n<\/table>\n<h2>Historia de \u00e9xito<\/h2>\n<p>Un importador estadounidense de aceite de oliva artesanal opt\u00f3 por nuestras botellas cuadradas de vidrio verde de 250 ml con tap\u00f3n verde e inicialmente realiz\u00f3 un pedido de 5000 unidades. Tres meses despu\u00e9s, nos comunic\u00f3 que las ventas del producto en supermercados especializados hab\u00edan aumentado un 40 % en comparaci\u00f3n con el lanzamiento anterior. En 90 d\u00edas, el 65 % de los compradores recompr\u00f3. Gracias a este \u00e9xito, se gener\u00f3 un pedido al por mayor, lo que ha dado lugar a una ampliaci\u00f3n de las botellas a granel de 500 ml, con un volumen promedio anual de pedidos de 200\u00a0000 unidades.<\/p>\n<h2>Sugerencias de personalizaci\u00f3n<\/h2>\n<ul>\n<li>Severidad del color del vidrio: puede cambiar el color del vidrio al verde zafiro oscuro con verde claro.<\/li>\n<li>Acabado esmerilado: se puede aplicar una superficie completamente esmerilada (\u00e1cido-H) para lograr una textura suave y mate y una apariencia sofisticada y opaca.<\/li>\n<li>Logotipo de Ambsced: el logotipo de su marca se puede moldear directamente en el vidrio durante la producci\u00f3n para lograr un toque premium lujoso y t\u00e1ctil.<\/li>\n<li>Opciones de color de identificaci\u00f3n: obtenga el color de identificaci\u00f3n de un conjunto de colores (como negro, plateado u dorado) que coincida o complemente la paleta de su marca.<\/li>\n<li>Forma de tapa personalizada: Perm\u00edtanos ayudarlo a crear una forma de tapa personalizada que se destaque y se convierta en la parte m\u00e1s reconocible de su empaque.<\/li>\n<\/ul>\n<p>Si desea fabricar atractivas botellas de aceite de oliva, cont\u00e1ctenos para obtener precios al por mayor y una cotizaci\u00f3n de env\u00edo a granel.<\/p>","protected":false},"excerpt":{"rendered":"<p>Estos dispensadores de aceite de oliva verde con tapas met\u00e1licas est\u00e1n hechos de vidrio de primera calidad, disponibles en varios tama\u00f1os e ideales para la venta al por mayor. Muestras gratuitas disponibles.<\/p>","protected":false},"featured_media":1501,"template":"","meta":{"postBodyCss":"","postBodyMargin":[],"postBodyPadding":[],"postBodyBackground":{"backgroundType":"classic","gradient":""}},"product_brand":[],"product_cat":[15,16,18],"product_tag":[],"class_list":{"0":"post-1471","1":"product","2":"type-product","3":"status-publish","4":"has-post-thumbnail","6":"product_cat-glass-containers","7":"product_cat-glass-bottles","8":"product_cat-glass-oil-bottles","10":"first","11":"instock","12":"shipping-taxable","13":"product-type-simple"},"jetpack_sharing_enabled":true,"_links":{"self":[{"href":"https:\/\/minghanggroup.com\/es\/wp-json\/wp\/v2\/product\/1471","targetHints":{"allow":["GET"]}}],"collection":[{"href":"https:\/\/minghanggroup.com\/es\/wp-json\/wp\/v2\/product"}],"about":[{"href":"https:\/\/minghanggroup.com\/es\/wp-json\/wp\/v2\/types\/product"}],"wp:featuredmedia":[{"embeddable":true,"href":"https:\/\/minghanggroup.com\/es\/wp-json\/wp\/v2\/media\/1501"}],"wp:attachment":[{"href":"https:\/\/minghanggroup.com\/es\/wp-json\/wp\/v2\/media?parent=1471"}],"wp:term":[{"taxonomy":"product_brand","embeddable":true,"href":"https:\/\/minghanggroup.com\/es\/wp-json\/wp\/v2\/product_brand?post=1471"},{"taxonomy":"product_cat","embeddable":true,"href":"https:\/\/minghanggroup.com\/es\/wp-json\/wp\/v2\/product_cat?post=1471"},{"taxonomy":"product_tag","embeddable":true,"href":"https:\/\/minghanggroup.com\/es\/wp-json\/wp\/v2\/product_tag?post=1471"}],"curies":[{"name":"wp","href":"https:\/\/api.w.org\/{rel}","templated":true}]}}