{"id":1449,"date":"2025-10-15T05:48:05","date_gmt":"2025-10-15T05:48:05","guid":{"rendered":"https:\/\/minghanggroup.com\/?post_type=product&#038;p=1449"},"modified":"2025-10-16T15:23:33","modified_gmt":"2025-10-16T07:23:33","slug":"wholesale-cylinder-kitchen-oil-dispensers-with-screw-lids","status":"publish","type":"product","link":"https:\/\/minghanggroup.com\/es\/producto\/wholesale-cylinder-kitchen-oil-dispensers-with-screw-lids\/","title":{"rendered":"Dispensadores de aceite de cocina cil\u00edndricos con tapas de rosca (100 ml, 250 ml, 500 ml y 750 ml)"},"content":{"rendered":"<p>Fabricados en vidrio transparente, estos dispensadores de aceite de cocina tienen un cuerpo cil\u00edndrico fluido, largo y estrecho. Est\u00e1n disponibles en diferentes tama\u00f1os y cuentan con tapa de rosca. De esta manera, combinan a la perfecci\u00f3n el estilo minimalista con la practicidad en la cocina.<\/p>\n<h2>Caracter\u00edsticas del producto<\/h2>\n<ul>\n<li><strong>Cuerpo cil\u00edndrico delgado:<\/strong> El cuerpo cil\u00edndrico largo es lo que hace que las botellas sean f\u00e1ciles de sostener y almacenar en la cocina, ahorrando as\u00ed espacio.<\/li>\n<li><strong>Dise\u00f1o de tapa de rosca:<\/strong> El tap\u00f3n de rosca cumple una doble funci\u00f3n: adem\u00e1s de permitir un correcto uso con el tap\u00f3n adecuado, asegura un sellado herm\u00e9tico y evita que el aceite se oxide.<\/li>\n<li><strong>Varios tama\u00f1os disponibles:<\/strong> Hay cuatro tama\u00f1os diferentes de botellas que le ayudar\u00e1n a determinar el tama\u00f1o m\u00e1s apropiado para su uso dom\u00e9stico diario o para lotes peque\u00f1os.<\/li>\n<\/ul>\n<h2>Especificaciones clave<\/h2>\n<table style=\"border-collapse: collapse; margin-left: auto; margin-right: auto; width: 473.27pt;\" border=\"0\" width=\"631\" cellspacing=\"0\" cellpadding=\"0\">\n<tbody>\n<tr style=\"height: 13.50pt;\">\n<td style=\"height: 13.50pt; width: 103.50pt;\" width=\"138\" height=\"18\">Caracter\u00edstica<\/td>\n<td style=\"width: 369.75pt;\" width=\"493\">Especificaci\u00f3n<\/td>\n<\/tr>\n<tr style=\"height: 13.50pt;\">\n<td style=\"height: 13.50pt;\" height=\"18\">Capacidad<\/td>\n<td>100 ml, 250 ml, 500 ml, 750 ml<\/td>\n<\/tr>\n<tr style=\"height: 13.50pt;\">\n<td style=\"height: 13.50pt;\" height=\"18\">Dimensiones<\/td>\n<td>4,5\u00d715,0 cm, 5,0\u00d723,2 cm, 6,1\u00d728,0 cm, 6,9\u00d731,2 cm<\/td>\n<\/tr>\n<tr style=\"height: 13.50pt;\">\n<td style=\"height: 13.50pt;\" height=\"18\">Tama\u00f1o del cuello<\/td>\n<td>Cuello de tornillo de 17\u00d729 mm<\/td>\n<\/tr>\n<tr style=\"height: 13.50pt;\">\n<td style=\"height: 13.50pt;\" height=\"18\">Material<\/td>\n<td>Cuerpo de vidrio transparente, tapa de metal.<\/td>\n<\/tr>\n<tr style=\"height: 13.50pt;\">\n<td style=\"height: 13.50pt;\" height=\"18\">Forma<\/td>\n<td>Botella de vidrio cil\u00edndrica<\/td>\n<\/tr>\n<tr style=\"height: 13.50pt;\">\n<td style=\"height: 13.50pt;\" height=\"18\">Opciones de tapa<\/td>\n<td>Pico vertedor negro, dorado, verde o tapas s\u00f3lidas<\/td>\n<\/tr>\n<tr style=\"height: 13.50pt;\">\n<td style=\"height: 13.50pt;\" height=\"18\">Mejor para<\/td>\n<td>Aceite de oliva, vinagre, aceites de cocina.<\/td>\n<\/tr>\n<tr style=\"height: 13.50pt;\">\n<td style=\"height: 13.50pt;\" height=\"18\">Uso ideal<\/td>\n<td>Dispensador de aceite de cocina, aceiteras, botella de aceite de cocina<\/td>\n<\/tr>\n<\/tbody>\n<\/table>\n<h2>Historia de \u00e9xito<\/h2>\n<p>El distribuidor europeo de alimentos especiales buscaba una botella de vidrio \u00fanica para su nueva l\u00ednea de aceites de oliva artesanales. Opt\u00f3 por nuestro dispensador cuadrado de aceite de 500 ml, tap\u00f3n de rosca negro y logotipo dorado. Tras una producci\u00f3n limitada de 10.000 botellas, la acogida fue excelente. El distribuidor afirm\u00f3 un aumento del 25 % en la tasa de recompra de los clientes minoristas y una reducci\u00f3n del 95 % en las quejas por fugas. Este logro ha dado lugar a pedidos trimestrales regulares de 10.000 botellas al por mayor, lo que consolida la botella de vidrio como uno de los productos estrella de su l\u00ednea de envases gourmet.<\/p>\n<h2>Sugerencias para personalizar botellas de aceite de vidrio<\/h2>\n<ul>\n<li>Tinte: puedes darle un tinte verde o \u00e1mbar sutil al vidrio transparente no solo para protegerlo de los rayos UV sino tambi\u00e9n para mejorar la apariencia del producto.<\/li>\n<li>Serigraf\u00eda: La forma m\u00e1s moderna y permanente de dise\u00f1ar tu logotipo o dise\u00f1o en un vidrio es imprimirlo directamente sobre el vidrio.<\/li>\n<li>Tama\u00f1o personalizado: si desea una botella de 100 ml para una cocina peque\u00f1a o una botella grande de 1000 ml para almacenamiento comercial a granel, podemos hacer su tama\u00f1o.<\/li>\n<li>Recubrimiento interior: La adici\u00f3n de un recubrimiento interior a ciertos aceites puede ser un m\u00e9todo de mayor protecci\u00f3n del sabor y la integridad del contenido.<\/li>\n<\/ul>\n<p>\u00bfDesea usar este pr\u00e1ctico dispensador para impulsar la imagen de su marca? Cont\u00e1ctenos y con gusto le ofreceremos un presupuesto de env\u00edo al por mayor y al por mayor a un precio competitivo.<\/p>","protected":false},"excerpt":{"rendered":"<p>Dispensador de aceite de cocina de vidrio transparente con dise\u00f1o delgado, duradero y sencillo para uso diario. Env\u00edo r\u00e1pido y muestras gratuitas disponibles para pedidos al por mayor.<\/p>","protected":false},"featured_media":1465,"template":"","meta":{"postBodyCss":"","postBodyMargin":[],"postBodyPadding":[],"postBodyBackground":{"backgroundType":"classic","gradient":""}},"product_brand":[],"product_cat":[15,16,18],"product_tag":[],"class_list":{"0":"post-1449","1":"product","2":"type-product","3":"status-publish","4":"has-post-thumbnail","6":"product_cat-glass-containers","7":"product_cat-glass-bottles","8":"product_cat-glass-oil-bottles","10":"first","11":"instock","12":"shipping-taxable","13":"product-type-simple"},"jetpack_sharing_enabled":true,"_links":{"self":[{"href":"https:\/\/minghanggroup.com\/es\/wp-json\/wp\/v2\/product\/1449","targetHints":{"allow":["GET"]}}],"collection":[{"href":"https:\/\/minghanggroup.com\/es\/wp-json\/wp\/v2\/product"}],"about":[{"href":"https:\/\/minghanggroup.com\/es\/wp-json\/wp\/v2\/types\/product"}],"wp:featuredmedia":[{"embeddable":true,"href":"https:\/\/minghanggroup.com\/es\/wp-json\/wp\/v2\/media\/1465"}],"wp:attachment":[{"href":"https:\/\/minghanggroup.com\/es\/wp-json\/wp\/v2\/media?parent=1449"}],"wp:term":[{"taxonomy":"product_brand","embeddable":true,"href":"https:\/\/minghanggroup.com\/es\/wp-json\/wp\/v2\/product_brand?post=1449"},{"taxonomy":"product_cat","embeddable":true,"href":"https:\/\/minghanggroup.com\/es\/wp-json\/wp\/v2\/product_cat?post=1449"},{"taxonomy":"product_tag","embeddable":true,"href":"https:\/\/minghanggroup.com\/es\/wp-json\/wp\/v2\/product_tag?post=1449"}],"curies":[{"name":"wp","href":"https:\/\/api.w.org\/{rel}","templated":true}]}}