{"id":1417,"date":"2025-10-15T03:24:25","date_gmt":"2025-10-15T03:24:25","guid":{"rendered":"https:\/\/minghanggroup.com\/?post_type=product&#038;p=1417"},"modified":"2025-10-16T15:23:25","modified_gmt":"2025-10-16T07:23:25","slug":"bulk-unique-curved-glass-cooking-oil-bottles-with-handle","status":"publish","type":"product","link":"https:\/\/minghanggroup.com\/es\/producto\/bulk-unique-curved-glass-cooking-oil-bottles-with-handle\/","title":{"rendered":"Botellas de aceite de cocina de vidrio curvado \u00fanicas a granel con asa, 100 ml, 250 ml y 500 ml"},"content":{"rendered":"<p>En detalle, estas aceiteras est\u00e1n dise\u00f1adas con vidrio transparente para resaltar su exclusivo dise\u00f1o en relieve, visualmente atractivo y c\u00f3modo de usar. Adem\u00e1s, cuentan con un robusto asa de vidrio para verter sin correa. Estas botellas vienen en diferentes tama\u00f1os y algunas con diferentes estilos de tapa, lo que le da al aceite un toque encantador y le da un toque moderno a su cocina.<\/p>\n<h2>Caracter\u00edsticas del producto<\/h2>\n<ul>\n<li class=\" translation-block\"><strong>Cuerpo curvo distintivo:<\/strong> El dise\u00f1o curvo elevado no solo le da una forma hermosa, sino que tambi\u00e9n proporciona un cierto grado de resistencia al deslizamiento.<\/li>\n<li class=\" translation-block\"><strong>Mango de vidrio:<\/strong> El elegante mango de vidrio ofrece un agarre c\u00f3modo y un vertido f\u00e1cil.<\/li>\n<li class=\" translation-block\"><strong>Varios estilos de aberturas de botellas:<\/strong> Una tapa sella la tapa para un almacenamiento conveniente, mientras que una parte superior abierta permite un vertido r\u00e1pido, satisfaciendo as\u00ed diversas necesidades de la cocina.<\/li>\n<\/ul>\n<h2>Especificaciones clave<\/h2>\n<table style=\"border-collapse: collapse; margin-left: auto; margin-right: auto; width: 473.27pt;\" border=\"0\" width=\"631\" cellspacing=\"0\" cellpadding=\"0\">\n<tbody>\n<tr style=\"height: 13.50pt;\">\n<td style=\"height: 13.50pt; width: 103.50pt;\" width=\"138\" height=\"18\">Caracter\u00edstica<\/td>\n<td style=\"width: 369.75pt;\" width=\"493\">Especificaci\u00f3n<\/td>\n<\/tr>\n<tr style=\"height: 13.50pt;\">\n<td style=\"height: 13.50pt;\" height=\"18\">Capacidad<\/td>\n<td>100 ml, 250 ml, 500 ml<\/td>\n<\/tr>\n<tr style=\"height: 13.50pt;\">\n<td style=\"height: 13.50pt;\" height=\"18\">Dimensiones<\/td>\n<td>5,4\u00d713,9 cm, 7,1\u00d717,3 cm, 8,8\u00d721,9 cm<\/td>\n<\/tr>\n<tr style=\"height: 13.50pt;\">\n<td style=\"height: 13.50pt;\" height=\"18\">Material<\/td>\n<td>Cuerpo y asa de vidrio transparente, tapa de metal.<\/td>\n<\/tr>\n<tr style=\"height: 13.50pt;\">\n<td style=\"height: 13.50pt;\" height=\"18\">Forma<\/td>\n<td>Cuerpo curvo<\/td>\n<\/tr>\n<tr style=\"height: 13.50pt;\">\n<td style=\"height: 13.50pt;\" height=\"18\">Opciones de tapa<\/td>\n<td>Pico vertedor verde, tap\u00f3n de rosca negro, parte superior abierta<\/td>\n<\/tr>\n<tr style=\"height: 13.50pt;\">\n<td style=\"height: 13.50pt;\" height=\"18\">Mejor para<\/td>\n<td>Aceite de oliva, vinagre, aceites de cocina, aceite de cocina.<\/td>\n<\/tr>\n<tr style=\"height: 13.50pt;\">\n<td style=\"height: 13.50pt;\" height=\"18\">Uso ideal<\/td>\n<td>Dispensador de aceite de cocina, aceiteras, botellas de aceite de cocina<\/td>\n<\/tr>\n<\/tbody>\n<\/table>\n<h2>Historia de \u00e9xito: La elevaci\u00f3n de una marca gourmet<\/h2>\n<p>Nuestro socio, un distribuidor minorista de alimentos especializados con sede en Seattle, buscaba una botella de aceite de vidrio distintiva y finalmente se decidi\u00f3 por nuestra botella cuadrada de 250 ml con tap\u00f3n de rosca negro personalizado. Su reconocimiento de marca se dispar\u00f3 al instante gracias al elegante dise\u00f1o cuadrado y al tap\u00f3n de vidrio transparente. Tras el lanzamiento del nuevo envase, el volumen de ventas aument\u00f3 un 35 % en seis meses. Los consumidores comentaron que la botella estaba perfectamente equilibrada y no goteaba durante el vertido. El consumo de aceite se redujo un 20 %, lo que les llev\u00f3 a realizar otros tres pedidos de 10\u00a0000 botellas cada uno y a ampliar nuestra gama de botellas a su l\u00ednea de vinagres artesanales, creando as\u00ed un conjunto completo de aceites y vinagres a juego.<\/p>\n<h2>Ideas de personalizaci\u00f3n espec\u00edficas del producto<\/h2>\n<ul>\n<li>Color de la tapa: El color de su tapa de rosca se puede elegir entre una variedad de colores (como negro, dorado, plateado o verde) que combinan armoniosamente con la identidad de su marca.<\/li>\n<li>Serigraf\u00eda: Imprima su logotipo o dise\u00f1o directamente en el vidrio usando tinta para obtener un tipo de impresi\u00f3n permanente y duradera.<\/li>\n<li>Iniciales de marca pr\u00f3ximamente: cree el logotipo o las iniciales de la marca moldeando el vidrio cerca de la parte inferior.<\/li>\n<li>\u200b\u200bLogotipo en relieve: \u00bfPor qu\u00e9 no considerar tener su logotipo sutilmente grabado en el mango o la base de vidrio para brindar esa sensaci\u00f3n extra lujosa?<\/li>\n<li>\u200b\u200bMaterial de la tapa del pico:\u200b\u200b Es posible que desee personalizar la parte interior de la tapa de rosca, por ejemplo, utilizando un material espec\u00edfico para el mejor sellado de diferentes tipos de aceite de oliva.<\/li>\n<\/ul>\n<p>Como su proveedor directo y fabricante original, podemos hacer realidad estos conceptos. \u00bfPor qu\u00e9 no conversamos sobre sus necesidades de venta al por mayor de esta elegante y pr\u00e1ctica botella de aceite de vidrio?<\/p>","protected":false},"excerpt":{"rendered":"<p>Botellas de aceite de vidrio \u00fanicas con asa y dise\u00f1o curvo. Perfectas para aceite de cocina y disponibles para personalizaci\u00f3n al por mayor. Muestra gratuita disponible.<\/p>","protected":false},"featured_media":1441,"template":"","meta":{"postBodyCss":"","postBodyMargin":[],"postBodyPadding":[],"postBodyBackground":{"backgroundType":"classic","gradient":""}},"product_brand":[],"product_cat":[15,16,18],"product_tag":[],"class_list":{"0":"post-1417","1":"product","2":"type-product","3":"status-publish","4":"has-post-thumbnail","6":"product_cat-glass-containers","7":"product_cat-glass-bottles","8":"product_cat-glass-oil-bottles","10":"first","11":"instock","12":"shipping-taxable","13":"product-type-simple"},"jetpack_sharing_enabled":true,"_links":{"self":[{"href":"https:\/\/minghanggroup.com\/es\/wp-json\/wp\/v2\/product\/1417","targetHints":{"allow":["GET"]}}],"collection":[{"href":"https:\/\/minghanggroup.com\/es\/wp-json\/wp\/v2\/product"}],"about":[{"href":"https:\/\/minghanggroup.com\/es\/wp-json\/wp\/v2\/types\/product"}],"wp:featuredmedia":[{"embeddable":true,"href":"https:\/\/minghanggroup.com\/es\/wp-json\/wp\/v2\/media\/1441"}],"wp:attachment":[{"href":"https:\/\/minghanggroup.com\/es\/wp-json\/wp\/v2\/media?parent=1417"}],"wp:term":[{"taxonomy":"product_brand","embeddable":true,"href":"https:\/\/minghanggroup.com\/es\/wp-json\/wp\/v2\/product_brand?post=1417"},{"taxonomy":"product_cat","embeddable":true,"href":"https:\/\/minghanggroup.com\/es\/wp-json\/wp\/v2\/product_cat?post=1417"},{"taxonomy":"product_tag","embeddable":true,"href":"https:\/\/minghanggroup.com\/es\/wp-json\/wp\/v2\/product_tag?post=1417"}],"curies":[{"name":"wp","href":"https:\/\/api.w.org\/{rel}","templated":true}]}}