{"id":1402,"date":"2025-10-15T03:42:11","date_gmt":"2025-10-15T03:42:11","guid":{"rendered":"https:\/\/minghanggroup.com\/?post_type=product&#038;p=1402"},"modified":"2026-03-02T13:51:10","modified_gmt":"2026-03-02T05:51:10","slug":"embossed-glass-mason-jars-with-handles","status":"publish","type":"product","link":"https:\/\/minghanggroup.com\/es\/producto\/embossed-glass-mason-jars-with-handles\/","title":{"rendered":"Tarros de cristal con relieve de 65 y 450 ml con asas para cafeter\u00edas y eventos"},"content":{"rendered":"<p>Tu caf\u00e9 fr\u00edo merece un recipiente que destaque: \u00a1no se permiten frascos sencillos! Creamos frascos de vidrio con asa que convierten tus bebidas diarias en momentos dignos de Instagram. Estos frascos combinan un encanto vintage con una gran funcionalidad, perfectos para cafeter\u00edas, cervecer\u00edas o tu pr\u00f3ximo proyecto estrella.<\/p>\n<h2>Caracter\u00edsticas del producto<\/h2>\n<ol>\n<li><strong>Magia del relieve vintage:<\/strong>Los tallados \u00fanicos hacen que cada frasco de vidrio con asa sea tema de conversaci\u00f3n en los estantes.<\/li>\n<li><strong>Agarre c\u00f3modo:<\/strong>Las asas gruesas te permiten verter con suavidad, sin resbalones ni derrames. Tus clientes te lo agradecer\u00e1n.<\/li>\n<li><strong>Perfecto para todos los tama\u00f1os:<\/strong>Ya sean frascos de vidrio de 65 ml o 450 ml a granel, estos frascos de vidrio con asas se adaptan perfectamente a su proyecto.<\/li>\n<\/ol>\n<h2>Especificaciones clave<\/h2>\n<table style=\"border-collapse: collapse; width: 80%; margin-left: auto; margin-right: auto;\" border=\"0\" width=\"288\" cellspacing=\"0\" cellpadding=\"0\">\n<tbody>\n<tr style=\"height: 13.50pt;\">\n<td class=\"et2\" style=\"height: 13.5pt; width: 54pt; text-align: center;\" width=\"72\" height=\"18\">Modelo<\/td>\n<td style=\"width: 54pt; text-align: center;\" width=\"72\">Capacidad (ml)<\/td>\n<td class=\"et2\" style=\"width: 54pt; text-align: center;\" width=\"72\">Dimensiones (cm)<\/td>\n<td style=\"width: 54pt; text-align: center;\" width=\"72\">Forma<\/td>\n<\/tr>\n<tr style=\"height: 13.50pt;\">\n<td style=\"height: 13.5pt; text-align: center;\" align=\"right\" height=\"18\">63006561<\/td>\n<td style=\"text-align: center;\" align=\"right\">65<\/td>\n<td style=\"text-align: center;\">5.8*4.1*7.3<\/td>\n<td class=\"et2\" style=\"text-align: center;\" rowspan=\"2\">Mango con relieve<\/td>\n<\/tr>\n<tr style=\"height: 13.50pt;\">\n<td style=\"height: 13.5pt; text-align: center;\" align=\"right\" height=\"18\">63045062<\/td>\n<td style=\"text-align: center;\" align=\"right\">450<\/td>\n<td style=\"text-align: center;\">&#8211;<\/td>\n<\/tr>\n<\/tbody>\n<\/table>\n<h2>Caso de \u00e9xito<\/h2>\n<p>EE. UU. Esta marca de jugos, de r\u00e1pido crecimiento, buscaba mejorar la apariencia y el rendimiento de su vibrante l\u00ednea de jugos fr\u00edos. Nos contactaron para crear frascos de vidrio con asas y incrustaciones personalizadas. De vidrio premium de alta transparencia, exhiben plenamente los colores naturales de su jugo, desde la vibrante mezcla de naranja y mango hasta el vibrante jugo mixto. Cada frasco tiene un logotipo \u00fanico de la embajada y una identificaci\u00f3n met\u00e1lica negra mate con sello herm\u00e9tico de silicona garantiza frescura y suavidad. Tan solo dos meses despu\u00e9s de implementar el nuevo empaque, las ventas aumentaron un 60%, \u00a1y ahora la empresa realiza pedidos regulares de frascos al por mayor!<\/p>\n<h2>Tus consejos de personalizaci\u00f3n<\/h2>\n<p>La personalidad de tu bebida merece un escenario, no solo un frasco. Nuestros frascos de vidrio con asa cuentan una historia con cada sorbo, gracias a su exclusivo grabado vintage. \u00bfNecesitas una muestra de caf\u00e9 de 65 ml? Tenemos frascos de vidrio personalizados con asa en stock. Tus frascos de vidrio con asa no son solo un envase; son tu arma secreta para triunfar en redes sociales. Deja que hagamos que tu pr\u00f3xima colecci\u00f3n sea imperdible.<\/p>","protected":false},"excerpt":{"rendered":"<p>Frascos de vidrio repujado con asas, ideales para bebidas heladas, batidos o caf\u00e9. Perfectos para cafeter\u00edas y eventos, con tapas personalizadas y opciones de logotipo disponibles.<\/p>","protected":false},"featured_media":1414,"template":"","meta":{"postBodyCss":"","postBodyMargin":[],"postBodyPadding":[],"postBodyBackground":{"backgroundType":"classic","gradient":""}},"product_brand":[],"product_cat":[15,17,19],"product_tag":[95,72],"class_list":{"0":"post-1402","1":"product","2":"type-product","3":"status-publish","4":"has-post-thumbnail","6":"product_cat-glass-containers","7":"product_cat-glass-jars","8":"product_cat-glass-mason-jars","9":"product_tag-coffee-tumblers","10":"product_tag-juice-bottles","12":"first","13":"instock","14":"shipping-taxable","15":"product-type-simple"},"jetpack_sharing_enabled":true,"_links":{"self":[{"href":"https:\/\/minghanggroup.com\/es\/wp-json\/wp\/v2\/product\/1402","targetHints":{"allow":["GET"]}}],"collection":[{"href":"https:\/\/minghanggroup.com\/es\/wp-json\/wp\/v2\/product"}],"about":[{"href":"https:\/\/minghanggroup.com\/es\/wp-json\/wp\/v2\/types\/product"}],"wp:featuredmedia":[{"embeddable":true,"href":"https:\/\/minghanggroup.com\/es\/wp-json\/wp\/v2\/media\/1414"}],"wp:attachment":[{"href":"https:\/\/minghanggroup.com\/es\/wp-json\/wp\/v2\/media?parent=1402"}],"wp:term":[{"taxonomy":"product_brand","embeddable":true,"href":"https:\/\/minghanggroup.com\/es\/wp-json\/wp\/v2\/product_brand?post=1402"},{"taxonomy":"product_cat","embeddable":true,"href":"https:\/\/minghanggroup.com\/es\/wp-json\/wp\/v2\/product_cat?post=1402"},{"taxonomy":"product_tag","embeddable":true,"href":"https:\/\/minghanggroup.com\/es\/wp-json\/wp\/v2\/product_tag?post=1402"}],"curies":[{"name":"wp","href":"https:\/\/api.w.org\/{rel}","templated":true}]}}