{"id":1396,"date":"2025-10-15T02:10:22","date_gmt":"2025-10-15T02:10:22","guid":{"rendered":"https:\/\/minghanggroup.com\/?post_type=product&#038;p=1396"},"modified":"2026-03-02T13:51:24","modified_gmt":"2026-03-02T05:51:24","slug":"40-600ml-custom-glass-mason-jar-with-handle-for-drinking","status":"publish","type":"product","link":"https:\/\/minghanggroup.com\/es\/producto\/40-600ml-custom-glass-mason-jar-with-handle-for-drinking\/","title":{"rendered":"Tarro de cristal personalizado de 40-600 ml con asa para beber"},"content":{"rendered":"<p>\u00a1Tu caf\u00e9 fr\u00edo merece m\u00e1s que una simple taza! Creamos frascos de vidrio con asa que le dan a tu bebida un aspecto premium y una preparaci\u00f3n sencilla. Estos frascos de vidrio con asa combinan el encanto cl\u00e1sico con la practicidad moderna, perfectos para cafeter\u00edas, bares de batidos o tu pr\u00f3ximo proyecto estrella.<\/p>\n<h2>Caracter\u00edsticas del producto<\/h2>\n<ol>\n<li><strong>Dise\u00f1o de mango c\u00f3modo:<\/strong>El mango de vidrio engrosado facilita el vertido y evita resbalones y derrames.<\/li>\n<li><strong>Sello seguro:<\/strong>El dise\u00f1o de los frascos Mason de boca est\u00e1ndar se adapta perfectamente a las tapas de los frascos Mason de boca est\u00e1ndar. Aprieta bien, guarda y duerme tranquilo.<\/li>\n<li><strong>Calidad visible:<\/strong>El vidrio transparente muestra el color vibrante de su bebida: los clientes pueden ver su calidad incluso antes de probarla.<\/li>\n<li><strong>Varias opciones de tama\u00f1o:<\/strong>Desde muestras de 40 ml hasta grandes cantidades de 600 ml, estos frascos Mason de vidrio con asas tienen algo que se adapta a sus necesidades.<\/li>\n<\/ol>\n<h2>Especificaciones clave<\/h2>\n<table style=\"border-collapse: collapse; width: 80%; margin-left: auto; margin-right: auto;\" border=\"0\" width=\"291\" cellspacing=\"0\" cellpadding=\"0\">\n<tbody>\n<tr style=\"height: 13.50pt;\">\n<td class=\"et2\" style=\"height: 13.5pt; width: 56.25pt; text-align: center;\" width=\"75\" height=\"18\">Modelo<\/td>\n<td class=\"et2\" style=\"width: 54pt; text-align: center;\" width=\"72\">Capacidad (ml)<\/td>\n<td class=\"et2\" style=\"width: 54pt; text-align: center;\" width=\"72\">Dimensiones (cm)<\/td>\n<td class=\"et2\" style=\"width: 54pt; text-align: center;\" width=\"72\">Forma<\/td>\n<\/tr>\n<tr style=\"height: 13.50pt;\">\n<td class=\"et2\" style=\"height: 13.5pt; text-align: center;\" height=\"18\">63004054<\/td>\n<td class=\"et2\" style=\"text-align: center;\">40<\/td>\n<td class=\"et2\" style=\"text-align: center;\">4.9&#215;3.6&#215;6.1<\/td>\n<td class=\"et2\" style=\"text-align: center;\" rowspan=\"7\">con asa<\/td>\n<\/tr>\n<tr style=\"height: 13.50pt;\">\n<td class=\"et2\" style=\"height: 13.5pt; text-align: center;\" height=\"18\">63013055<\/td>\n<td class=\"et2\" style=\"text-align: center;\">130<\/td>\n<td class=\"et2\" style=\"text-align: center;\">7.4&#215;5.4&#215;8.4<\/td>\n<\/tr>\n<tr style=\"height: 13.50pt;\">\n<td class=\"et2\" style=\"height: 13.5pt; text-align: center;\" height=\"18\">63020056<\/td>\n<td class=\"et2\" style=\"text-align: center;\">200<\/td>\n<td class=\"et2\" style=\"text-align: center;\">8,4 \u00d7 6,0 \u00d7 10,3<\/td>\n<\/tr>\n<tr style=\"height: 13.50pt;\">\n<td class=\"et2\" style=\"height: 13.5pt; text-align: center;\" height=\"18\">63030057<\/td>\n<td class=\"et2\" style=\"text-align: center;\">300<\/td>\n<td class=\"et2\" style=\"text-align: center;\">&#8211;<\/td>\n<\/tr>\n<tr style=\"height: 13.50pt;\">\n<td class=\"et2\" style=\"height: 13.5pt; text-align: center;\" height=\"18\">63040058<\/td>\n<td class=\"et2\" style=\"text-align: center;\">400<\/td>\n<td class=\"et2\" style=\"text-align: center;\">&#8211;<\/td>\n<\/tr>\n<tr style=\"height: 13.50pt;\">\n<td class=\"et2\" style=\"height: 13.5pt; text-align: center;\" height=\"18\">63048059<\/td>\n<td class=\"et2\" style=\"text-align: center;\">480<\/td>\n<td class=\"et2\" style=\"text-align: center;\">10.7&#215;7.8&#215;13.2<\/td>\n<\/tr>\n<tr style=\"height: 13.50pt;\">\n<td class=\"et2\" style=\"height: 13.5pt; text-align: center;\" height=\"18\">63060060<\/td>\n<td class=\"et2\" style=\"text-align: center;\">600<\/td>\n<td class=\"et2\" style=\"text-align: center;\">12.4&#215;8.8&#215;14.5<\/td>\n<\/tr>\n<\/tbody>\n<\/table>\n<h2>Caso de \u00e9xito<\/h2>\n<p>Una cafeter\u00eda popular en California colabor\u00f3 \u200b\u200bcon nosotros para redise\u00f1ar el empaque de su caf\u00e9 fr\u00edo. Creamos frascos de vidrio Mason de 200 ml con asas, hechos a medida, de vidrio resistente con textura de leopardo para aumentar la visibilidad del producto. Tambi\u00e9n eligieron identificadores de metal plateado y revestimientos de silicona para crear un sello herm\u00e9tico, preservando la frescura y el sabor de sus caf\u00e9s fr\u00edos. Para realzar a\u00fan m\u00e1s la marca, grabamos el logotipo de su cafeter\u00eda en la base de los frascos y ofrecimos acabados escarchados y \u00e1mbar para sus caf\u00e9s de temporada. Tras lanzar un nuevo producto, la cafeter\u00eda experiment\u00f3 un aumento significativo del 50 % en las ventas de caf\u00e9 fr\u00edo en tan solo un mes.<\/p>\n<h2>Tus consejos de personalizaci\u00f3n<\/h2>\n<p>Tu bebida merece ser el centro de atenci\u00f3n, no un simple envase m\u00e1s. Personalizamos frascos Mason con tu logotipo, colores, dise\u00f1os \u00fanicos de cuello e incluso asas. \u00bfNecesitas frascos de muestra de 40 ml para tu negocio? Los enviamos r\u00e1pidamente. Tu frasco de vidrio con asa es m\u00e1s que un simple envase; es tu pr\u00f3ximo producto estrella y superventas. Hag\u00e1moslo realidad juntos.<\/p>\n<p>&nbsp;<\/p>","protected":false},"excerpt":{"rendered":"<p>Los duraderos tarros de cristal transparente con asa son perfectos para bebidas fr\u00edas, batidos o caf\u00e9. Tambi\u00e9n son ideales para cafeter\u00edas y eventos. Disponemos de tapas personalizadas e impresi\u00f3n de logotipos.<\/p>","protected":false},"featured_media":1398,"template":"","meta":{"postBodyCss":"","postBodyMargin":[],"postBodyPadding":[],"postBodyBackground":{"backgroundType":"classic","gradient":""}},"product_brand":[],"product_cat":[15,17,19],"product_tag":[95,72],"class_list":{"0":"post-1396","1":"product","2":"type-product","3":"status-publish","4":"has-post-thumbnail","6":"product_cat-glass-containers","7":"product_cat-glass-jars","8":"product_cat-glass-mason-jars","9":"product_tag-coffee-tumblers","10":"product_tag-juice-bottles","12":"first","13":"instock","14":"shipping-taxable","15":"product-type-simple"},"jetpack_sharing_enabled":true,"_links":{"self":[{"href":"https:\/\/minghanggroup.com\/es\/wp-json\/wp\/v2\/product\/1396","targetHints":{"allow":["GET"]}}],"collection":[{"href":"https:\/\/minghanggroup.com\/es\/wp-json\/wp\/v2\/product"}],"about":[{"href":"https:\/\/minghanggroup.com\/es\/wp-json\/wp\/v2\/types\/product"}],"wp:featuredmedia":[{"embeddable":true,"href":"https:\/\/minghanggroup.com\/es\/wp-json\/wp\/v2\/media\/1398"}],"wp:attachment":[{"href":"https:\/\/minghanggroup.com\/es\/wp-json\/wp\/v2\/media?parent=1396"}],"wp:term":[{"taxonomy":"product_brand","embeddable":true,"href":"https:\/\/minghanggroup.com\/es\/wp-json\/wp\/v2\/product_brand?post=1396"},{"taxonomy":"product_cat","embeddable":true,"href":"https:\/\/minghanggroup.com\/es\/wp-json\/wp\/v2\/product_cat?post=1396"},{"taxonomy":"product_tag","embeddable":true,"href":"https:\/\/minghanggroup.com\/es\/wp-json\/wp\/v2\/product_tag?post=1396"}],"curies":[{"name":"wp","href":"https:\/\/api.w.org\/{rel}","templated":true}]}}