{"id":1331,"date":"2025-10-14T03:43:53","date_gmt":"2025-10-14T03:43:53","guid":{"rendered":"https:\/\/minghanggroup.com\/?post_type=product&#038;p=1331"},"modified":"2025-10-16T15:23:06","modified_gmt":"2025-10-16T07:23:06","slug":"wholesale-transparent-glass-oil-bottles-with-metal-pourers","status":"publish","type":"product","link":"https:\/\/minghanggroup.com\/es\/producto\/wholesale-transparent-glass-oil-bottles-with-metal-pourers\/","title":{"rendered":"Botellas de aceite de vidrio transparente al por mayor con vertedor de metal, 150 ml, 250 ml y 500 ml."},"content":{"rendered":"<p>Las botellas de aceite de vidrio son de vidrio transparente y tienen una elegante forma rectangular. Su elegante dise\u00f1o met\u00e1lico en plata, oro y negro plateado le da un aspecto sofisticado. Adem\u00e1s, est\u00e1n disponibles en diferentes tama\u00f1os y son pr\u00e1cticas y atractivas, ya que son el recipiente perfecto para exhibir aceites esenciales.<\/p>\n<h2>Caracter\u00edsticas del producto<\/h2>\n<ul>\n<li><strong>M\u00faltiples opciones de boquilla:<\/strong> Esta serie brinda al usuario la libertad de elegir uno que coincida con su estilo y elecci\u00f3n. Adem\u00e1s, proporciona una funci\u00f3n de vertido simple con un sello herm\u00e9tico.<\/li>\n<li><strong>Varios tama\u00f1os:<\/strong> Estas botellas se fabrican en tres tama\u00f1os diferentes para que los clientes puedan optar por la m\u00e1s adecuada.<\/li>\n<li><strong>Rectangular transparente:<\/strong> Esta botella rectangular transparente e inteligente hecha de vidrio es una excelente idea para ahorrar espacio en tu cocina.<\/li>\n<\/ul>\n<h2>Especificaciones clave<\/h2>\n<table style=\"border-collapse: collapse; margin-left: auto; margin-right: auto; width: 424.52pt;\" border=\"0\" width=\"566\" cellspacing=\"0\" cellpadding=\"0\">\n<tbody>\n<tr style=\"height: 13.50pt;\">\n<td style=\"height: 13.50pt; width: 109.50pt;\" width=\"146\" height=\"18\">Caracter\u00edstica<\/td>\n<td style=\"width: 315.00pt;\" width=\"420\">Especificaci\u00f3n<\/td>\n<\/tr>\n<tr style=\"height: 13.50pt;\">\n<td style=\"height: 13.50pt;\" height=\"18\">Dimensiones<\/td>\n<td>4,8\u00d74,8\u00d715,8 cm, 4,7\u00d74,7\u00d721,0 cm, 5,8\u00d75,8\u00d726,1 cm<\/td>\n<\/tr>\n<tr style=\"height: 13.50pt;\">\n<td style=\"height: 13.50pt;\" height=\"18\">Capacidad<\/td>\n<td>100 ml, 250 ml, 500 ml<\/td>\n<\/tr>\n<tr style=\"height: 13.50pt;\">\n<td style=\"height: 13.50pt;\" height=\"18\">Material<\/td>\n<td>Cuerpo de vidrio transparente, pico de acero inoxidable y PP.<\/td>\n<\/tr>\n<tr style=\"height: 13.50pt;\">\n<td style=\"height: 13.50pt;\" height=\"18\">Forma<\/td>\n<td>Botella de vidrio cuadrada<\/td>\n<\/tr>\n<tr style=\"height: 13.50pt;\">\n<td style=\"height: 13.50pt;\" height=\"18\">Opciones de boquilla<\/td>\n<td>Plata, oro, plata-negro (antigoteo)<\/td>\n<\/tr>\n<tr style=\"height: 13.50pt;\">\n<td style=\"height: 13.50pt;\" height=\"18\">Mejor para<\/td>\n<td>Aceite de oliva, vinagre, aceites de cocina, aderezos.<\/td>\n<\/tr>\n<tr style=\"height: 13.50pt;\">\n<td style=\"height: 13.50pt;\" height=\"18\">Uso ideal<\/td>\n<td>Botellas de aceite de vidrio, botellas de vinagre.<\/td>\n<\/tr>\n<\/tbody>\n<\/table>\n<h2>Resultados reales<\/h2>\n<p>Una marca de aceite de oliva ubicada en Norteam\u00e9rica, ante el reto de envasar un buen aceite de oliva, decidi\u00f3 cambiar a nuestras botellas cuadradas de vidrio de 500 ml con boquillas vertedoras de rosca doradas. Inicialmente, realizaron un pedido al por mayor de 1200 botellas y quedaron muy satisfechos con el resultado. En primer lugar, la precisi\u00f3n del dise\u00f1o de la boquilla evita el goteo y, en consecuencia, reduce el desperdicio en un 28 %; un cliente afirm\u00f3 que pod\u00eda ahorrar $90 al mes solo en aceite de oliva. En segundo lugar, la transparencia ayuda a los trabajadores a detectar visualmente si las reservas se est\u00e1n agotando, lo que evita las estresantes visitas de \u00faltimo minuto a las tiendas. La respuesta de los clientes fue tan excelente que las ventas se dispararon un 30 % y, 11 meses despu\u00e9s, se realiz\u00f3 otro pedido de 300\u00a0000 botellas.<\/p>\n<h2>Personalizaci\u00f3n de botellas de aceite de vidrio<\/h2>\n<ul>\n<li>Logotipos Laser-Excade: Cree un aspecto \u00fanico quemando su logotipo en el vidrio. Es permanente y de alta calidad. Tambi\u00e9n funciona si la etiqueta se desprende debido al lavado.<\/li>\n<li>Marcas de graduaci\u00f3n esmeriladas: n\u00fameros graduados peque\u00f1os (por ejemplo, 50 mL, 100 mL, 250 mL) en lugar de imprimirse en una superficie de vidrio, para que los usuarios puedan medir de manera f\u00e1cil y precisa los aceites utilizados para cocinar u hornear.<\/li>\n<li>Acabado de vidrio mate: Trate un vidrio transparente con un revestimiento mate para reducir la aparici\u00f3n de huellas dactilares, especialmente en una cocina comercial donde el personal suele controlar las botellas de aceite.<\/li>\n<li>Base texturizada: Dale a la parte inferior anillos met\u00e1licos o un patr\u00f3n de rayos de sol. Se siente resistente. Parece que el creador pens\u00f3 en el usuario al dise\u00f1arla.<\/li>\n<\/ul>","protected":false},"excerpt":{"rendered":"<p>Esta elegante aceitera de vidrio tiene forma rectangular y un pico vertedor de alta calidad. Env\u00edo r\u00e1pido, muestras gratuitas y es perfecta para marcas de cocina.<\/p>","protected":false},"featured_media":1393,"template":"","meta":{"postBodyCss":"","postBodyMargin":[],"postBodyPadding":[],"postBodyBackground":{"backgroundType":"classic","gradient":""}},"product_brand":[],"product_cat":[15,16,18],"product_tag":[],"class_list":{"0":"post-1331","1":"product","2":"type-product","3":"status-publish","4":"has-post-thumbnail","6":"product_cat-glass-containers","7":"product_cat-glass-bottles","8":"product_cat-glass-oil-bottles","10":"first","11":"instock","12":"shipping-taxable","13":"product-type-simple"},"jetpack_sharing_enabled":true,"_links":{"self":[{"href":"https:\/\/minghanggroup.com\/es\/wp-json\/wp\/v2\/product\/1331","targetHints":{"allow":["GET"]}}],"collection":[{"href":"https:\/\/minghanggroup.com\/es\/wp-json\/wp\/v2\/product"}],"about":[{"href":"https:\/\/minghanggroup.com\/es\/wp-json\/wp\/v2\/types\/product"}],"wp:featuredmedia":[{"embeddable":true,"href":"https:\/\/minghanggroup.com\/es\/wp-json\/wp\/v2\/media\/1393"}],"wp:attachment":[{"href":"https:\/\/minghanggroup.com\/es\/wp-json\/wp\/v2\/media?parent=1331"}],"wp:term":[{"taxonomy":"product_brand","embeddable":true,"href":"https:\/\/minghanggroup.com\/es\/wp-json\/wp\/v2\/product_brand?post=1331"},{"taxonomy":"product_cat","embeddable":true,"href":"https:\/\/minghanggroup.com\/es\/wp-json\/wp\/v2\/product_cat?post=1331"},{"taxonomy":"product_tag","embeddable":true,"href":"https:\/\/minghanggroup.com\/es\/wp-json\/wp\/v2\/product_tag?post=1331"}],"curies":[{"name":"wp","href":"https:\/\/api.w.org\/{rel}","templated":true}]}}