{"id":1330,"date":"2025-10-14T09:43:39","date_gmt":"2025-10-14T09:43:39","guid":{"rendered":"https:\/\/minghanggroup.com\/?post_type=product&#038;p=1330"},"modified":"2026-01-20T14:30:11","modified_gmt":"2026-01-20T06:30:11","slug":"100-480ml-small-glass-mason-jars-with-aluminum-lids-for-honey-food-packaging","status":"publish","type":"product","link":"https:\/\/minghanggroup.com\/es\/producto\/100-480ml-small-glass-mason-jars-with-aluminum-lids-for-honey-food-packaging\/","title":{"rendered":"Frascos de vidrio peque\u00f1os de 100 a 480 ml con tapa de aluminio para envasar miel y alimentos."},"content":{"rendered":"<p>Tu miel merece brillar, no esconderse. Fabricamos peque\u00f1os frascos de vidrio que realzan tu producto a trav\u00e9s de su transparencia cristalina. Estos recipientes cl\u00e1sicos combinan un dise\u00f1o atemporal con una gran funcionalidad, perfectos para miel, salsas o velas. Consigue tapas seguras y opciones personalizadas que hagan que tu marca destaque.<\/p>\n<p>Caracter\u00edsticas del producto<\/p>\n<ol>\n<li><strong>Dise\u00f1o cl\u00e1sico recto:<\/strong>Las l\u00edneas limpias hacen que su miel luzca premium en cualquier estante: aqu\u00ed no hay pl\u00e1stico aburrido.<\/li>\n<li><strong>Tapa de rosca segura:<\/strong>El dise\u00f1o de frasco de vidrio con tapa est\u00e1ndar se adapta perfectamente a las tapas de frascos de vidrio de boca regular. Enrosque, guarde y olv\u00eddese de las fugas.<\/li>\n<li><strong>Vidrio grueso transparente:<\/strong>El vidrio grueso y transparente mantiene la miel fresca por m\u00e1s tiempo, sin necesidad de preocuparse por productos qu\u00edmicos.<\/li>\n<li><strong>Perfecto para cada proyecto:<\/strong>Desde muestras de 100 ml hasta almacenamiento a granel de 480 ml, tenemos la soluci\u00f3n para su tarro de miel.<\/li>\n<\/ol>\n<h2>Especificaciones clave<\/h2>\n<table style=\"border-collapse: collapse; width: 80%; margin-left: auto; margin-right: auto;\" border=\"0\" width=\"288\" cellspacing=\"0\" cellpadding=\"0\">\n<tbody>\n<tr style=\"height: 13.50pt;\">\n<td class=\"et2\" style=\"height: 13.5pt; width: 54pt; text-align: center;\" width=\"72\" height=\"18\">Modelo<\/td>\n<td style=\"width: 54pt; text-align: center;\" width=\"72\">Capacidad (ml)<\/td>\n<td style=\"width: 54pt; text-align: center;\" width=\"72\">Dimensiones (cm)<\/td>\n<td style=\"width: 54pt; text-align: center;\" width=\"72\">Forma<\/td>\n<\/tr>\n<tr style=\"height: 13.50pt;\">\n<td style=\"height: 13.5pt; text-align: center;\" align=\"right\" height=\"18\">63010050<\/td>\n<td style=\"text-align: center;\" align=\"right\">100<\/td>\n<td style=\"text-align: center;\">7.4&#215;4.2<\/td>\n<td class=\"et2\" style=\"text-align: center;\" rowspan=\"4\">Derecho<\/td>\n<\/tr>\n<tr style=\"height: 13.50pt;\">\n<td style=\"height: 13.5pt; text-align: center;\" align=\"right\" height=\"18\">63028051<\/td>\n<td style=\"text-align: center;\" align=\"right\">280<\/td>\n<td style=\"text-align: center;\">7.4&#215;9.5<\/td>\n<\/tr>\n<tr style=\"height: 13.50pt;\">\n<td style=\"height: 13.5pt; text-align: center;\" align=\"right\" height=\"18\">63035052<\/td>\n<td style=\"text-align: center;\" align=\"right\">350<\/td>\n<td style=\"text-align: center;\">7.4&#215;12.0<\/td>\n<\/tr>\n<tr style=\"height: 13.50pt;\">\n<td style=\"height: 13.5pt; text-align: center;\" align=\"right\" height=\"18\">63048053<\/td>\n<td style=\"text-align: center;\" align=\"right\">480<\/td>\n<td style=\"text-align: center;\">7.4&#215;15.0<\/td>\n<\/tr>\n<\/tbody>\n<\/table>\n<h2>Caso de \u00e9xito<\/h2>\n<p>Una marca australiana de miel boutique nos contact\u00f3 para mejorar el empaque de su gama de mieles finamente elaboradas. Quer\u00edan un frasco de vidrio que resaltara el color dorado natural de sus productos, conservara su frescura y reforzara su imagen premium. Hemos personalizado estos peque\u00f1os frascos de vidrio de 100 ml, fabricados con vidrio de alta definici\u00f3n apto para uso alimentario, dise\u00f1ados para reflejar a la perfecci\u00f3n el c\u00e1lido color de la miel bajo la luz natural. Tambi\u00e9n elegimos tapas met\u00e1licas doradas de rosca con revestimiento herm\u00e9tico de silicona para garantizar que la miel se mantenga pura, fresca y con un aspecto impecable.<\/p>\n<p>Las ventas aumentaron un 35 % en los tres meses posteriores a la implementaci\u00f3n del nuevo empaque. La marca ahora compra frascos de vidrio personalizados al por mayor mensualmente y ha expandido su oferta a mini frascos de muestra y cajas de regalo para regalos navide\u00f1os.<\/p>\n<h2>Tus consejos de personalizaci\u00f3n<\/h2>\n<p>Nuestros peque\u00f1os tarros de cristal convierten tu producto en el centro de atenci\u00f3n en cualquier estanter\u00eda. \u00bfQuieres que tu tarro de miel destaque? Creamos tarros de miel personalizados con tu logotipo, colores o incluso dise\u00f1os especiales de boca. \u00bfNecesitas tarros de muestra de 100 ml para mercados de agricultores? Tu tarro de miel no es solo un lugar para guardar; es tu pr\u00f3ximo \u00e9xito de ventas. \u00a1Hag\u00e1moslo realidad!<\/p>","protected":false},"excerpt":{"rendered":"<p>Frascos de vidrio peque\u00f1os y vers\u00e1tiles para miel, ideales para negocios. Ideales para alimentos, artesan\u00edas, cosm\u00e9ticos y bricolaje. Precios al por mayor disponibles.<\/p>","protected":false},"featured_media":1384,"template":"","meta":{"postBodyCss":"","postBodyMargin":[],"postBodyPadding":[],"postBodyBackground":{"backgroundType":"classic","gradient":""}},"product_brand":[],"product_cat":[15,17,52],"product_tag":[80,65,72,69],"class_list":{"0":"post-1330","1":"product","2":"type-product","3":"status-publish","4":"has-post-thumbnail","6":"product_cat-glass-containers","7":"product_cat-glass-jars","8":"product_cat-glass-honey-jars","9":"product_tag-caviar-jars","10":"product_tag-glass-jam-jars","11":"product_tag-juice-bottles","12":"product_tag-storage-jars","14":"first","15":"instock","16":"shipping-taxable","17":"product-type-simple"},"jetpack_sharing_enabled":true,"_links":{"self":[{"href":"https:\/\/minghanggroup.com\/es\/wp-json\/wp\/v2\/product\/1330","targetHints":{"allow":["GET"]}}],"collection":[{"href":"https:\/\/minghanggroup.com\/es\/wp-json\/wp\/v2\/product"}],"about":[{"href":"https:\/\/minghanggroup.com\/es\/wp-json\/wp\/v2\/types\/product"}],"wp:featuredmedia":[{"embeddable":true,"href":"https:\/\/minghanggroup.com\/es\/wp-json\/wp\/v2\/media\/1384"}],"wp:attachment":[{"href":"https:\/\/minghanggroup.com\/es\/wp-json\/wp\/v2\/media?parent=1330"}],"wp:term":[{"taxonomy":"product_brand","embeddable":true,"href":"https:\/\/minghanggroup.com\/es\/wp-json\/wp\/v2\/product_brand?post=1330"},{"taxonomy":"product_cat","embeddable":true,"href":"https:\/\/minghanggroup.com\/es\/wp-json\/wp\/v2\/product_cat?post=1330"},{"taxonomy":"product_tag","embeddable":true,"href":"https:\/\/minghanggroup.com\/es\/wp-json\/wp\/v2\/product_tag?post=1330"}],"curies":[{"name":"wp","href":"https:\/\/api.w.org\/{rel}","templated":true}]}}