{"id":1325,"date":"2025-10-14T03:26:01","date_gmt":"2025-10-14T03:26:01","guid":{"rendered":"https:\/\/minghanggroup.com\/?post_type=product&#038;p=1325"},"modified":"2025-10-16T15:23:15","modified_gmt":"2025-10-16T07:23:15","slug":"wholesale-rectangular-green-olive-oil-bottles","status":"publish","type":"product","link":"https:\/\/minghanggroup.com\/es\/producto\/wholesale-rectangular-green-olive-oil-bottles\/","title":{"rendered":"Botellas rectangulares de aceite de oliva verde al por mayor de 500 ml, 750 ml y 1000 ml"},"content":{"rendered":"<p>Estas botellas de aceite de oliva est\u00e1n hechas de vidrio verde y presentan un dise\u00f1o rectangular limpio, a juego con tapones negros, dorados y verdes. Est\u00e1n disponibles en diferentes tama\u00f1os y representan una perfecta armon\u00eda de elegancia y sencillez, embelleciendo y coloreando su cocina con su presencia.<\/p>\n<h2>Caracter\u00edsticas del producto<\/h2>\n<ul>\n<li><strong>Construcci\u00f3n duradera de vidrio verde:<\/strong> La funci\u00f3n del vidrio verde es filtrar los rayos UV que pueden hacer que el aceite de oliva pierda su calidad original, por lo que su producto estar\u00e1 m\u00e1s fresco durante un per\u00edodo m\u00e1s largo, lo que lo hace compatible con una buena \u00e1rea de almacenamiento y exhibici\u00f3n.<\/li>\n<li><strong>Dise\u00f1o cuadrado:<\/strong> Gracias a su forma rectangular, las botellas se adaptan perfectamente a otros utensilios de cocina y son muy eficientes en espacio, ya que se pueden apilar unas sobre otras cuando est\u00e1n vac\u00edas. \u00a1Se acab\u00f3 el espacio desperdiciado en la encimera o la despensa!<\/li>\n<li><strong>Varios estilos de gorra:<\/strong> La disponibilidad de las tapas en negro, dorado, verde y otros colores atiende los diferentes estilos y gustos de las personas y al mismo tiempo proporciona la seguridad del cierre.<\/li>\n<\/ul>\n<h2>Especificaciones clave<\/h2>\n<table style=\"border-collapse: collapse; margin-left: auto; margin-right: auto; width: 477.77pt;\" border=\"0\" width=\"637\" cellspacing=\"0\" cellpadding=\"0\">\n<tbody>\n<tr style=\"height: 13.50pt;\">\n<td style=\"height: 13.50pt; width: 99.75pt;\" width=\"133\" height=\"18\">Caracter\u00edstica<\/td>\n<td style=\"width: 378.00pt;\" width=\"504\">Especificaci\u00f3n<\/td>\n<\/tr>\n<tr style=\"height: 13.50pt;\">\n<td style=\"height: 13.50pt;\" height=\"18\">Tallas<\/td>\n<td>5,8\u00d75,8\u00d726,4 cm, 6,5\u00d76,5\u00d730,2 cm, 7,4\u00d77,4\u00d730,0 cm<\/td>\n<\/tr>\n<tr style=\"height: 13.50pt;\">\n<td style=\"height: 13.50pt;\" height=\"18\">Tama\u00f1o del cuello<\/td>\n<td>Rosca de tornillo de 19\u00d730 mm<\/td>\n<\/tr>\n<tr style=\"height: 13.50pt;\">\n<td style=\"height: 13.50pt;\" height=\"18\">Material<\/td>\n<td>Cuerpo de vidrio verde, tapa de metal.<\/td>\n<\/tr>\n<tr style=\"height: 13.50pt;\">\n<td style=\"height: 13.50pt;\" height=\"18\">Forma<\/td>\n<td>Botella de vidrio cuadrada<\/td>\n<\/tr>\n<tr style=\"height: 13.50pt;\">\n<td style=\"height: 13.50pt;\" height=\"18\">Opciones de tapa<\/td>\n<td>Negro, dorado, verde (pl\u00e1stico o metal)<\/td>\n<\/tr>\n<tr style=\"height: 13.50pt;\">\n<td style=\"height: 13.50pt;\" height=\"18\">Mejor para<\/td>\n<td>Aceite de oliva, vinagre, aceites de cocina, aderezos.<\/td>\n<\/tr>\n<tr style=\"height: 13.50pt;\">\n<td style=\"height: 13.50pt;\" height=\"18\">Uso ideal<\/td>\n<td>Botella de aceite verde, botellas de vinagre, botellas de aceite de cocina.<\/td>\n<\/tr>\n<\/tbody>\n<\/table>\n<h2>Impacto pr\u00e1ctico<\/h2>\n<p>Un productor de aceite de oliva de lujo del Valle de Napa se encontraba ante un dilema. Sus botellas de vidrio transparente ya existentes no contribu\u00edan a la calidad de su aceite de oliva, y los clientes cada vez se preocupaban m\u00e1s por el aspecto visual del envase. Optaron por nuestra nueva serie de botellas de aceite verdes de vidrio: una botella cuadrada de 750 ml con tap\u00f3n de rosca dorado. Recibimos una respuesta muy positiva tras su pedido inicial de 1000 unidades. Las ventas de aceite de oliva en tiendas especializadas aumentaron un 38 %: la est\u00e9tica de las botellas de vidrio verde enamor\u00f3 a los consumidores y les asegur\u00f3 que el aceite se mantendr\u00eda fresco. El tap\u00f3n herm\u00e9tico imped\u00eda que el aceite se contaminara tras su apertura, lo que mejor\u00f3 la eficiencia de almacenamiento en un 25 %. Cinco meses despu\u00e9s, los clientes hab\u00edan realizado otro pedido de 250\u00a0000 botellas para su entrega.<\/p>\n<h2>Creaciones de botellas de aceite de oliva de vidrio personalizadas<\/h2>\n<ul>\n<li><strong>Marcas de graduaci\u00f3n esmeriladas:<\/strong> Facilite a los consumidores la reducci\u00f3n del uso de aceite al cocinar u hornear grabando l\u00edneas claras y precisas (por ejemplo, 100 ml, 250 ml, 500 ml) en el vidrio.<\/li>\n<li><strong>Logotipo o dise\u00f1o grabado con l\u00e1ser:<\/strong> Imprime tu marca en el cristal para consolidar tu identidad. Adem\u00e1s, es duradero, elegante y apto para lavavajillas.<\/li>\n<li><strong>Verde oscuro:<\/strong> Aplique un tono de verde m\u00e1s intenso o m\u00e1s profundo a su envase de vidrio, lo que no solo le dar\u00e1 un aspecto m\u00e1s encantador sino que tambi\u00e9n aumentar\u00e1 el nivel de protecci\u00f3n UV.<\/li>\n<li><strong>Marcas de volumen en relieve:<\/strong> El vidrio de la botella tiene infusi\u00f3n de 750 ml o 1 L. Esto realza el brillo de la botella y facilita el embotellado.<\/li>\n<\/ul>\n<p>&nbsp;<\/p>","protected":false},"excerpt":{"rendered":"<p>Botellas de aceite de oliva de vidrio verde con dise\u00f1o rectangular, disponibles en tres tama\u00f1os. Perfectas para aceite de oliva o de cocina. Ideas para compras al por mayor. Muestras gratis.<\/p>","protected":false},"featured_media":1329,"template":"","meta":{"postBodyCss":"","postBodyMargin":[],"postBodyPadding":[],"postBodyBackground":{"backgroundType":"classic","gradient":""}},"product_brand":[],"product_cat":[15,16,18],"product_tag":[],"class_list":{"0":"post-1325","1":"product","2":"type-product","3":"status-publish","4":"has-post-thumbnail","6":"product_cat-glass-containers","7":"product_cat-glass-bottles","8":"product_cat-glass-oil-bottles","10":"first","11":"instock","12":"shipping-taxable","13":"product-type-simple"},"jetpack_sharing_enabled":true,"_links":{"self":[{"href":"https:\/\/minghanggroup.com\/es\/wp-json\/wp\/v2\/product\/1325","targetHints":{"allow":["GET"]}}],"collection":[{"href":"https:\/\/minghanggroup.com\/es\/wp-json\/wp\/v2\/product"}],"about":[{"href":"https:\/\/minghanggroup.com\/es\/wp-json\/wp\/v2\/types\/product"}],"wp:featuredmedia":[{"embeddable":true,"href":"https:\/\/minghanggroup.com\/es\/wp-json\/wp\/v2\/media\/1329"}],"wp:attachment":[{"href":"https:\/\/minghanggroup.com\/es\/wp-json\/wp\/v2\/media?parent=1325"}],"wp:term":[{"taxonomy":"product_brand","embeddable":true,"href":"https:\/\/minghanggroup.com\/es\/wp-json\/wp\/v2\/product_brand?post=1325"},{"taxonomy":"product_cat","embeddable":true,"href":"https:\/\/minghanggroup.com\/es\/wp-json\/wp\/v2\/product_cat?post=1325"},{"taxonomy":"product_tag","embeddable":true,"href":"https:\/\/minghanggroup.com\/es\/wp-json\/wp\/v2\/product_tag?post=1325"}],"curies":[{"name":"wp","href":"https:\/\/api.w.org\/{rel}","templated":true}]}}