{"id":1317,"date":"2025-10-13T08:50:27","date_gmt":"2025-10-13T08:50:27","guid":{"rendered":"https:\/\/minghanggroup.com\/?post_type=product&#038;p=1317"},"modified":"2026-01-20T14:23:52","modified_gmt":"2026-01-20T06:23:52","slug":"wide-mouth-mason-jars-with-lids-custom-glass-containers-220-480ml","status":"publish","type":"product","link":"https:\/\/minghanggroup.com\/es\/producto\/wide-mouth-mason-jars-with-lids-custom-glass-containers-220-480ml\/","title":{"rendered":"Frascos Mason de boca ancha con tapa: envases de vidrio personalizados de 220 a 480 ml"},"content":{"rendered":"<p>\u00a1Deja de esconder tus mejores productos en recipientes aburridos! Nuestro tarro de cristal de boca ancha con tapa hace que la miel, las salsas y las velas luzcan irresistibles. Estos tarros de cristal con tapa combinan el encanto cl\u00e1sico con una gran funcionalidad: perfectos para tu pr\u00f3ximo proyecto estrella.<\/p>\n<h2>Caracter\u00edsticas del producto<\/h2>\n<ol>\n<li><strong>Maravilla de boca ancha:<\/strong>Vierte la miel sin derrames: su boca ancha se adapta perfectamente a cualquier tapa. \u00a1Olv\u00eddate de los rellenos desordenados!<\/li>\n<li><strong>Claridad cristalina:<\/strong>Vea cada detalle de su producto. Sin contenedores turbios que oculten sus productos m\u00e1s vendidos.<\/li>\n<li><strong>Apilar y vender:<\/strong>Su dise\u00f1o corto y ancho se adapta perfectamente a los estantes. Perfecto para muestras de 220 ml o para proyectos de almacenamiento a granel de 480 ml.<\/li>\n<\/ol>\n<h2>Especificaciones clave<\/h2>\n<table style=\"border-collapse: collapse; width: 80%; margin-left: auto; margin-right: auto;\" border=\"0\" width=\"288\" cellspacing=\"0\" cellpadding=\"0\">\n<tbody>\n<tr style=\"height: 13.50pt;\">\n<td style=\"height: 13.5pt; width: 54pt; text-align: center;\" width=\"72\" height=\"18\">Modelo<\/td>\n<td style=\"width: 54pt; text-align: center;\" width=\"72\">Capacidad (ml)<\/td>\n<td style=\"width: 54pt; text-align: center;\" width=\"72\">Dimensiones (cm)<\/td>\n<td style=\"width: 54pt; text-align: center;\" width=\"72\">Forma<\/td>\n<\/tr>\n<tr style=\"height: 13.50pt;\">\n<td style=\"height: 13.5pt; text-align: center;\" align=\"right\" height=\"18\">63022046<\/td>\n<td style=\"text-align: center;\" align=\"right\">220<\/td>\n<td style=\"text-align: center;\">9.3&#215;5.2<\/td>\n<td class=\"et2\" style=\"text-align: center;\" rowspan=\"4\">Corto recto<\/td>\n<\/tr>\n<tr style=\"height: 13.50pt;\">\n<td style=\"height: 13.5pt; text-align: center;\" align=\"right\" height=\"18\">63028047<\/td>\n<td style=\"text-align: center;\" align=\"right\">280<\/td>\n<td style=\"text-align: center;\">9.3&#215;6.6<\/td>\n<\/tr>\n<tr style=\"height: 13.50pt;\">\n<td style=\"height: 13.5pt; text-align: center;\" align=\"right\" height=\"18\">63037048<\/td>\n<td style=\"text-align: center;\" align=\"right\">370<\/td>\n<td style=\"text-align: center;\">9.3&#215;8.0<\/td>\n<\/tr>\n<tr style=\"height: 13.50pt;\">\n<td style=\"height: 13.5pt; text-align: center;\" align=\"right\" height=\"18\">63048049<\/td>\n<td style=\"text-align: center;\" align=\"right\">480<\/td>\n<td style=\"text-align: center;\">9.3&#215;9.6<\/td>\n<\/tr>\n<\/tbody>\n<\/table>\n<h2>Caso de \u00e9xito<\/h2>\n<p>La marca neozelandesa de miel natural premium nos entrega un frasco de vidrio de boca ancha personalizado. Transparente, fabricado con vidrio apto para uso alimentario, exhibe el rico tono \u00e1mbar de su miel. Para realzar la marca, tallamos un patr\u00f3n de panal alrededor de la boca del frasco, creando una sensaci\u00f3n artesanal y pura. Para garantizar un sellado completo, este frasco tambi\u00e9n cuenta con una identificaci\u00f3n met\u00e1lica sellada con un borde dorado y sellos de silicona, que preserva eficazmente la frescura y evita fugas. La magn\u00edfica transparencia de este pr\u00e1ctico sello conquist\u00f3 r\u00e1pidamente a empleados y clientes.<\/p>\n<p>Despu\u00e9s de que comenz\u00f3 el nuevo dise\u00f1o, la belleza natural y la mejora del producto, principalmente debido a la apreciaci\u00f3n de los consumidores por los archivos premium, aumentaron un 42% en dos meses.<\/p>\n<h2>Tus consejos de personalizaci\u00f3n<\/h2>\n<p>Nuestro tarro de cristal corto de boca ancha con tapa se apila con facilidad en los estantes. \u00bfNecesitas tarros de degustaci\u00f3n de 220 ml para mercados agr\u00edcolas? Enviamos tarros de cristal personalizados con tapa. \u00bfQuieres tu logotipo en tarros para velas de 480 ml? Solo descr\u00edbelo y lo crearemos. El pr\u00f3ximo \u00e9xito de ventas de tu marca empieza con un tarro que realmente llame la atenci\u00f3n de los clientes. Hag\u00e1moslo realidad.<\/p>\n<p>&nbsp;<\/p>\n<p>&nbsp;<\/p>","protected":false},"excerpt":{"rendered":"<p>Frascos de vidrio de boca ancha con tapa, venta directa de f\u00e1brica, con opciones personalizadas y env\u00edo r\u00e1pido. Entrega a nivel mundial. El sellado perfecto y el vidrio de alta calidad garantizan la frescura de sus alimentos.<\/p>","protected":false},"featured_media":1318,"template":"","meta":{"postBodyCss":"","postBodyMargin":[],"postBodyPadding":[],"postBodyBackground":{"backgroundType":"classic","gradient":""}},"product_brand":[],"product_cat":[15,17,55],"product_tag":[65,71],"class_list":{"0":"post-1317","1":"product","2":"type-product","3":"status-publish","4":"has-post-thumbnail","6":"product_cat-glass-containers","7":"product_cat-glass-jars","8":"product_cat-pickle-jars","9":"product_tag-glass-jam-jars","10":"product_tag-honey-jars","12":"first","13":"instock","14":"shipping-taxable","15":"product-type-simple"},"jetpack_sharing_enabled":true,"_links":{"self":[{"href":"https:\/\/minghanggroup.com\/es\/wp-json\/wp\/v2\/product\/1317","targetHints":{"allow":["GET"]}}],"collection":[{"href":"https:\/\/minghanggroup.com\/es\/wp-json\/wp\/v2\/product"}],"about":[{"href":"https:\/\/minghanggroup.com\/es\/wp-json\/wp\/v2\/types\/product"}],"wp:featuredmedia":[{"embeddable":true,"href":"https:\/\/minghanggroup.com\/es\/wp-json\/wp\/v2\/media\/1318"}],"wp:attachment":[{"href":"https:\/\/minghanggroup.com\/es\/wp-json\/wp\/v2\/media?parent=1317"}],"wp:term":[{"taxonomy":"product_brand","embeddable":true,"href":"https:\/\/minghanggroup.com\/es\/wp-json\/wp\/v2\/product_brand?post=1317"},{"taxonomy":"product_cat","embeddable":true,"href":"https:\/\/minghanggroup.com\/es\/wp-json\/wp\/v2\/product_cat?post=1317"},{"taxonomy":"product_tag","embeddable":true,"href":"https:\/\/minghanggroup.com\/es\/wp-json\/wp\/v2\/product_tag?post=1317"}],"curies":[{"name":"wp","href":"https:\/\/api.w.org\/{rel}","templated":true}]}}