{"id":1307,"date":"2025-10-13T03:46:41","date_gmt":"2025-10-13T03:46:41","guid":{"rendered":"https:\/\/minghanggroup.com\/?post_type=product&#038;p=1307"},"modified":"2026-03-02T13:53:01","modified_gmt":"2026-03-02T05:53:01","slug":"embossed-glass-mason-jars-for-jam","status":"publish","type":"product","link":"https:\/\/minghanggroup.com\/es\/producto\/embossed-glass-mason-jars-for-jam\/","title":{"rendered":"Tarros de cristal repujado: recipientes personalizados de 120 a 620 ml para caviar, mermeladas y encurtidos."},"content":{"rendered":"<p>Tu caviar se merece este brillo. Fabricamos frascos de vidrio con grabado de diamante que transforman el almacenamiento simple en un lujo. Estos frascos de vidrio presentan un patr\u00f3n t\u00e1ctil, un sellado superior y una visibilidad n\u00edtida, perfectos para marcas de alimentos de alta gama. Deja de esconder tus mejores productos en frascos aburridos.<\/p>\n<h2>Caracter\u00edsticas del producto<\/h2>\n<ol>\n<li><strong>Patr\u00f3n de diamante t\u00e1ctil:<\/strong>Sus dedos no resbalar\u00e1n sobre el vidrio texturizado y, adem\u00e1s, har\u00e1 que su producto luzca instant\u00e1neamente premium.<\/li>\n<li><strong>Protecci\u00f3n de vidrio grueso:<\/strong>El vidrio grueso mantiene el caviar fresco por m\u00e1s tiempo, sin tristes y rancias huevas de pescado en recipientes endebles.<\/li>\n<li><strong>Sella como un profesional:<\/strong>El dise\u00f1o del frasco de vidrio con tapa est\u00e1ndar se adapta perfectamente a las tapas de frascos de boca regular. Enrosque, guarde y olv\u00eddese de las fugas.<\/li>\n<li><strong>Tu marca, al instante:<\/strong>Consigue frascos de vidrio personalizados con tu logotipo. Los conseguimos, fabricamos y entregamos r\u00e1pidamente.<\/li>\n<\/ol>\n<h2>Especificaciones clave<\/h2>\n<table style=\"border-collapse: collapse; width: 80%; margin-left: auto; margin-right: auto;\" border=\"0\" width=\"288\" cellspacing=\"0\" cellpadding=\"0\">\n<tbody>\n<tr style=\"height: 13.50pt;\">\n<td style=\"height: 13.5pt; width: 54pt; text-align: center;\" width=\"72\" height=\"18\">Modelo<\/td>\n<td style=\"width: 54pt; text-align: center;\" width=\"72\">Capacidad (ml)<\/td>\n<td style=\"width: 54pt; text-align: center;\" width=\"72\">Dimensiones (cm)<\/td>\n<td style=\"width: 54pt; text-align: center;\" width=\"72\">Dise\u00f1o<\/td>\n<\/tr>\n<tr style=\"height: 13.50pt;\">\n<td style=\"height: 13.5pt; text-align: center;\" align=\"right\" height=\"18\">63012026<\/td>\n<td style=\"text-align: center;\" align=\"right\">120<\/td>\n<td style=\"text-align: center;\">6.4&#215;5.5&#215;6.9<\/td>\n<td class=\"et2\" style=\"text-align: center;\" rowspan=\"7\">Patr\u00f3n de diamante<\/td>\n<\/tr>\n<tr style=\"height: 13.50pt;\">\n<td style=\"height: 13.5pt; text-align: center;\" align=\"right\" height=\"18\">63020027<\/td>\n<td style=\"text-align: center;\" align=\"right\">200<\/td>\n<td style=\"text-align: center;\">6.5&#215;8.7&#215;6.9<\/td>\n<\/tr>\n<tr style=\"height: 13.50pt;\">\n<td style=\"height: 13.5pt; text-align: center;\" align=\"right\" height=\"18\">63027028<\/td>\n<td style=\"text-align: center;\" align=\"right\">270<\/td>\n<td style=\"text-align: center;\">7.5&#215;8.4&#215;8.5<\/td>\n<\/tr>\n<tr style=\"height: 13.50pt;\">\n<td style=\"height: 13.5pt; text-align: center;\" align=\"right\" height=\"18\">63050029<\/td>\n<td style=\"text-align: center;\" align=\"right\">430<\/td>\n<td style=\"text-align: center;\">7.3&#215;11.7&#215;8.5<\/td>\n<\/tr>\n<tr style=\"height: 13.50pt;\">\n<td style=\"height: 13.5pt; text-align: center;\" align=\"right\" height=\"18\">63025030<\/td>\n<td style=\"text-align: center;\" align=\"right\">250<\/td>\n<td style=\"text-align: center;\">6.3&#215;10.5&#215;6.9<\/td>\n<\/tr>\n<tr style=\"height: 13.50pt;\">\n<td style=\"height: 13.5pt; text-align: center;\" align=\"right\" height=\"18\">63035031<\/td>\n<td style=\"text-align: center;\" align=\"right\">350<\/td>\n<td style=\"text-align: center;\">6.6&#215;13.3&#215;6.9<\/td>\n<\/tr>\n<tr style=\"height: 13.50pt;\">\n<td style=\"height: 13.5pt; text-align: center;\" align=\"right\" height=\"18\">63062032<\/td>\n<td style=\"text-align: center;\" align=\"right\">620<\/td>\n<td style=\"text-align: center;\">7.7&#215;16.2&#215;8.5<\/td>\n<\/tr>\n<\/tbody>\n<\/table>\n<h2>Caso de \u00e9xito<\/h2>\n<p>Una marca de alimentos estadounidense nos contact\u00f3 para su nueva l\u00ednea de caviar y crear un frasco de vidrio con un toque de diamante y cacahuete. Para completar el dise\u00f1o, a\u00f1adimos una tapa chapada en oro rosa y un logotipo personalizado en la base, en perfecta armon\u00eda con el estilo moderno y elegante de la marca.<\/p>\n<p>Este dise\u00f1o personalizado no solo aument\u00f3 el atractivo del producto en las estanter\u00edas, sino que tambi\u00e9n fortaleci\u00f3 la imagen premium de la marca. Tras su lanzamiento, los frascos atrajeron inmediatamente la atenci\u00f3n de la tienda y de los clientes de u\u00f1as online. En tan solo tres meses, las ventas aumentaron un 45%, convirtiendo la l\u00ednea de vidrio con forma de diamante en su producto m\u00e1s vendido.<\/p>\n<h2>Tus consejos de personalizaci\u00f3n<\/h2>\n<p>Tu caviar se merece este brillo. Fabricamos frascos de vidrio personalizados con tu logotipo y dise\u00f1os de rombos. \u00bfNecesitas frascos de muestra de 120 ml para kits de degustaci\u00f3n? \u00bfQuieres frascos de vidrio con los colores de tu marca? Solo descr\u00edbelo y lo crearemos. Entrega r\u00e1pida. Haz que tu pr\u00f3ximo proyecto sea inolvidable.<\/p>\n<p>&nbsp;<\/p>","protected":false},"excerpt":{"rendered":"<p>Tarros de cristal premium con grabado de diamante. Varios modelos para caviar, salsas y encurtidos. Venta al por mayor, colores personalizados. \u00a1Consigue tu tarro de cristal hoy mismo!<\/p>","protected":false},"featured_media":1308,"template":"","meta":{"postBodyCss":"","postBodyMargin":[],"postBodyPadding":[],"postBodyBackground":{"backgroundType":"classic","gradient":""}},"product_brand":[],"product_cat":[15,17,19],"product_tag":[80,95,65,69],"class_list":{"0":"post-1307","1":"product","2":"type-product","3":"status-publish","4":"has-post-thumbnail","6":"product_cat-glass-containers","7":"product_cat-glass-jars","8":"product_cat-glass-mason-jars","9":"product_tag-caviar-jars","10":"product_tag-coffee-tumblers","11":"product_tag-glass-jam-jars","12":"product_tag-storage-jars","14":"first","15":"instock","16":"shipping-taxable","17":"product-type-simple"},"jetpack_sharing_enabled":true,"_links":{"self":[{"href":"https:\/\/minghanggroup.com\/es\/wp-json\/wp\/v2\/product\/1307","targetHints":{"allow":["GET"]}}],"collection":[{"href":"https:\/\/minghanggroup.com\/es\/wp-json\/wp\/v2\/product"}],"about":[{"href":"https:\/\/minghanggroup.com\/es\/wp-json\/wp\/v2\/types\/product"}],"wp:featuredmedia":[{"embeddable":true,"href":"https:\/\/minghanggroup.com\/es\/wp-json\/wp\/v2\/media\/1308"}],"wp:attachment":[{"href":"https:\/\/minghanggroup.com\/es\/wp-json\/wp\/v2\/media?parent=1307"}],"wp:term":[{"taxonomy":"product_brand","embeddable":true,"href":"https:\/\/minghanggroup.com\/es\/wp-json\/wp\/v2\/product_brand?post=1307"},{"taxonomy":"product_cat","embeddable":true,"href":"https:\/\/minghanggroup.com\/es\/wp-json\/wp\/v2\/product_cat?post=1307"},{"taxonomy":"product_tag","embeddable":true,"href":"https:\/\/minghanggroup.com\/es\/wp-json\/wp\/v2\/product_tag?post=1307"}],"curies":[{"name":"wp","href":"https:\/\/api.w.org\/{rel}","templated":true}]}}