{"id":1267,"date":"2025-10-11T09:35:59","date_gmt":"2025-10-11T09:35:59","guid":{"rendered":"https:\/\/minghanggroup.com\/?post_type=product&#038;p=1267"},"modified":"2026-01-20T14:28:13","modified_gmt":"2026-01-20T06:28:13","slug":"large-mason-jar-with-lid-custom-glass-containers-bulk","status":"publish","type":"product","link":"https:\/\/minghanggroup.com\/es\/producto\/large-mason-jar-with-lid-custom-glass-containers-bulk\/","title":{"rendered":"Tarro grande con tapa: recipientes de 380 a 730 ml para almacenar y enlatar alimentos."},"content":{"rendered":"<p>\u00a1Deja de conformarte con envases gen\u00e9ricos! Nuestro tarro grande con tapa hace que tu caviar, salsas o jarabes premium luzcan irresistibles. Estos recipientes de vidrio grueso combinan elegancia cl\u00e1sica con gran funcionalidad, perfectos para tu pr\u00f3ximo proyecto superventas.<\/p>\n<h2>Caracter\u00edsticas del producto<\/h2>\n<ul>\n<li><strong>Vidrio grueso, cero concesiones: <\/strong>Nuestro vidrio resistente mantiene el caviar fresco por m\u00e1s tiempo: no m\u00e1s huevas de pescado tristes y rancias en recipientes endebles.<\/li>\n<li><strong>Sello seguro, siempre:\u00a0<\/strong>El dise\u00f1o de frasco de vidrio con tapa est\u00e1ndar se adapta perfectamente a las tapas de frascos de vidrio de boca regular. Enrosque, guarde y olv\u00eddese de las fugas.<\/li>\n<li><strong>Potencia ahorradora de espacio:\u00a0<\/strong>Su forma corta y ancha se adapta perfectamente a los estantes. Ideal para kits de degustaci\u00f3n de 230 ml o proyectos de almacenamiento a granel de 730 ml.<\/li>\n<\/ul>\n<h2>Especificaciones clave<\/h2>\n<table style=\"border-collapse: collapse; width: 80%; margin-left: auto; margin-right: auto;\" border=\"0\" width=\"360\" cellspacing=\"0\" cellpadding=\"0\">\n<tbody>\n<tr style=\"height: 13.50pt;\">\n<td style=\"height: 13.5pt; width: 54pt; text-align: center;\" width=\"72\" height=\"18\">Modelo<\/td>\n<td style=\"width: 54pt; text-align: center;\" width=\"72\">Capacidad (ml)<\/td>\n<td style=\"width: 54pt; text-align: center;\" width=\"72\">Dimensiones (cm)<\/td>\n<td style=\"width: 54pt; text-align: center;\" width=\"72\">Material<\/td>\n<td style=\"width: 54pt; text-align: center;\" width=\"72\">Color<\/td>\n<\/tr>\n<tr style=\"height: 13.50pt;\">\n<td style=\"height: 13.5pt; text-align: center;\" align=\"right\" height=\"18\">63038020<\/td>\n<td style=\"text-align: center;\" align=\"right\">380<\/td>\n<td style=\"text-align: center;\">7,3\u00d711,0x8,5<\/td>\n<td class=\"et2\" style=\"text-align: center;\" rowspan=\"6\">Vaso<\/td>\n<td class=\"et2\" style=\"text-align: center;\" rowspan=\"6\">Claro o personalizado<\/td>\n<\/tr>\n<tr style=\"height: 13.50pt;\">\n<td style=\"height: 13.5pt; text-align: center;\" align=\"right\" height=\"18\">63047021<\/td>\n<td style=\"text-align: center;\" align=\"right\">470<\/td>\n<td style=\"text-align: center;\">7.6&#215;11.8&#215;8.5<\/td>\n<\/tr>\n<tr style=\"height: 13.50pt;\">\n<td style=\"height: 13.5pt; text-align: center;\" align=\"right\" height=\"18\">63023022<\/td>\n<td style=\"text-align: center;\" align=\"right\">230<\/td>\n<td style=\"text-align: center;\">6.0&#215;10.2&#215;8.5<\/td>\n<\/tr>\n<tr style=\"height: 13.50pt;\">\n<td style=\"height: 13.5pt; text-align: center;\" align=\"right\" height=\"18\">63035023<\/td>\n<td style=\"text-align: center;\" align=\"right\">350<\/td>\n<td style=\"text-align: center;\">6.6&#215;13.5&#215;7.1<\/td>\n<\/tr>\n<tr style=\"height: 13.50pt;\">\n<td style=\"height: 13.5pt; text-align: center;\" align=\"right\" height=\"18\">63062024<\/td>\n<td style=\"text-align: center;\" align=\"right\">620<\/td>\n<td style=\"text-align: center;\">7,6\u00d716,0x8,5<\/td>\n<\/tr>\n<tr style=\"height: 13.50pt;\">\n<td style=\"height: 13.5pt; text-align: center;\" align=\"right\" height=\"18\">63073025<\/td>\n<td style=\"text-align: center;\" align=\"right\">730<\/td>\n<td style=\"text-align: center;\">&#8211;<\/td>\n<\/tr>\n<\/tbody>\n<\/table>\n<h2>Historia de \u00e9xito<\/h2>\n<p>Una empresa alimentaria del Reino Unido utiliz\u00f3 nuestros tarros de cristal de 230 ml con tapa para su nueva l\u00ednea de caviar. El cuello y la tapa encajan a la perfecci\u00f3n, pero el vidrio grueso le da al producto un aspecto lujoso. El dise\u00f1o transparente fue todo un \u00e9xito entre los clientes: las ventas aumentaron un 50 % en tan solo dos meses.<\/p>\n<h2>Tus consejos de personalizaci\u00f3n<\/h2>\n<p>Tu caviar merece brillar. Fabricamos un frasco de vidrio personalizado con un frasco de mamposter\u00eda especial de gran tama\u00f1o con detalles de identificaci\u00f3n para tu logotipo, colores o para facilitar su llenado. \u00bfBuscas precios al por mayor? Nos encargamos de la entrega. Convierte tu gran mamposter\u00eda en un frasco con detalles de identificaci\u00f3n para que sea la estrella de tu empaque.<\/p>","protected":false},"excerpt":{"rendered":"<p>Tarro grande con tapa para venta al por mayor. Frascos de vidrio para caviar, salsas y jarabes. Colores personalizados, env\u00edo el mismo d\u00eda. \u00a1Encuentra tus productos m\u00e1s vendidos ahora!<\/p>","protected":false},"featured_media":1305,"template":"","meta":{"postBodyCss":"","postBodyMargin":[],"postBodyPadding":[],"postBodyBackground":{"backgroundType":"classic","gradient":""}},"product_brand":[],"product_cat":[15,17,19],"product_tag":[80,65,69],"class_list":{"0":"post-1267","1":"product","2":"type-product","3":"status-publish","4":"has-post-thumbnail","6":"product_cat-glass-containers","7":"product_cat-glass-jars","8":"product_cat-glass-mason-jars","9":"product_tag-caviar-jars","10":"product_tag-glass-jam-jars","11":"product_tag-storage-jars","13":"first","14":"instock","15":"shipping-taxable","16":"product-type-simple"},"jetpack_sharing_enabled":true,"_links":{"self":[{"href":"https:\/\/minghanggroup.com\/es\/wp-json\/wp\/v2\/product\/1267","targetHints":{"allow":["GET"]}}],"collection":[{"href":"https:\/\/minghanggroup.com\/es\/wp-json\/wp\/v2\/product"}],"about":[{"href":"https:\/\/minghanggroup.com\/es\/wp-json\/wp\/v2\/types\/product"}],"wp:featuredmedia":[{"embeddable":true,"href":"https:\/\/minghanggroup.com\/es\/wp-json\/wp\/v2\/media\/1305"}],"wp:attachment":[{"href":"https:\/\/minghanggroup.com\/es\/wp-json\/wp\/v2\/media?parent=1267"}],"wp:term":[{"taxonomy":"product_brand","embeddable":true,"href":"https:\/\/minghanggroup.com\/es\/wp-json\/wp\/v2\/product_brand?post=1267"},{"taxonomy":"product_cat","embeddable":true,"href":"https:\/\/minghanggroup.com\/es\/wp-json\/wp\/v2\/product_cat?post=1267"},{"taxonomy":"product_tag","embeddable":true,"href":"https:\/\/minghanggroup.com\/es\/wp-json\/wp\/v2\/product_tag?post=1267"}],"curies":[{"name":"wp","href":"https:\/\/api.w.org\/{rel}","templated":true}]}}