{"id":1146,"date":"2025-10-09T09:55:31","date_gmt":"2025-10-09T09:55:31","guid":{"rendered":"https:\/\/minghanggroup.com\/?post_type=product&#038;p=1146"},"modified":"2026-01-20T14:27:03","modified_gmt":"2026-01-20T06:27:03","slug":"the-mason-jar-with-lid-glass-storage","status":"publish","type":"product","link":"https:\/\/minghanggroup.com\/es\/producto\/the-mason-jar-with-lid-glass-storage\/","title":{"rendered":"Tarro Mason con tapa: recipiente de vidrio de 70-280 ml para almacenar caviar y mermelada"},"content":{"rendered":"<p>\u00a1Deja de lidiar con empaques aburridos! Nuestros frascos de vidrio premium son tu mejor aliado. Estos frascos de vidrio con una combinaci\u00f3n de identificaci\u00f3n y funcionalidad moderna son perfectos para exhibir tus productos favoritos. Moldeamos cada pieza para realzar tus salsas, jarabes y bebidas alcoh\u00f3licas.<\/p>\n<h2>Caracter\u00edsticas del producto<\/h2>\n<ol>\n<li><strong>Peque\u00f1o frasco, gran impacto:<\/strong>Sus huevas de pescado o su salsa premium brillan a trav\u00e9s de nuestro vidrio: no hay pl\u00e1stico turbio que oculte su mejor producto.<\/li>\n<li><strong>Sella como un profesional:<\/strong>El dise\u00f1o de frasco de vidrio de boca regular se adapta perfectamente a las tapas de frascos est\u00e1ndar. Enrosque, guarde y olv\u00eddese de las fugas.<\/li>\n<li><strong>Apila y vende sin esfuerzo:<\/strong>Su dise\u00f1o corto y ancho se integra perfectamente en expositores. Perfecto para kits de muestra de 70 ml o proyectos de almacenamiento a granel de 280 ml.<\/li>\n<\/ol>\n<h2>Especificaciones clave<\/h2>\n<p>&nbsp;<\/p>\n<table style=\"border-collapse: collapse; width: 80%; margin-left: auto; margin-right: auto;\" border=\"0\" width=\"366\" cellspacing=\"0\" cellpadding=\"0\">\n<tbody>\n<tr style=\"height: 13.50pt;\">\n<td class=\"et2\" style=\"height: 13.5pt; width: 56.25pt; text-align: center;\" width=\"75\" height=\"18\">Modelo<\/td>\n<td class=\"et2\" style=\"width: 56.25pt; text-align: center;\" width=\"75\">Capacidad (ml)<\/td>\n<td class=\"et2\" style=\"width: 54.00pt; text-align: center;\" width=\"72\">Dimensiones (cm)<\/td>\n<td class=\"et2\" style=\"width: 54.00pt; text-align: center;\" width=\"72\">Material<\/td>\n<td class=\"et2\" style=\"width: 54.00pt; text-align: center;\" width=\"72\">Color<\/td>\n<\/tr>\n<tr style=\"height: 13.50pt;\">\n<td class=\"et2\" style=\"height: 13.5pt; text-align: center;\" height=\"18\">63007014<\/td>\n<td class=\"et2\" style=\"text-align: center;\">70<\/td>\n<td class=\"et2\" style=\"text-align: center;\">4.7&#215;4.5&#215;6.7<\/td>\n<td class=\"et2\" style=\"text-align: center;\" rowspan=\"6\">Vaso<\/td>\n<td class=\"et2\" style=\"text-align: center;\" rowspan=\"6\">Claro o personalizado<\/td>\n<\/tr>\n<tr style=\"height: 13.50pt;\">\n<td class=\"et2\" style=\"height: 13.50pt; text-align: center;\" height=\"18\">63007015<\/td>\n<td class=\"et2\" style=\"text-align: center;\">70<\/td>\n<td class=\"et2\" style=\"text-align: center;\">6.5&#215;4.5&#215;6.7<\/td>\n<\/tr>\n<tr style=\"height: 13.50pt;\">\n<td class=\"et2\" style=\"height: 13.50pt; text-align: center;\" height=\"18\">63012016<\/td>\n<td class=\"et2\" style=\"text-align: center;\">120<\/td>\n<td class=\"et2\" style=\"text-align: center;\">5.4&#215;6.15&#215;6.6<\/td>\n<\/tr>\n<tr style=\"height: 13.50pt;\">\n<td class=\"et2\" style=\"height: 13.50pt; text-align: center;\" height=\"18\">63012517<\/td>\n<td class=\"et2\" style=\"text-align: center;\">125<\/td>\n<td class=\"et2\" style=\"text-align: center;\">6.3&#215;5.6&#215;6.9<\/td>\n<\/tr>\n<tr style=\"height: 13.50pt;\">\n<td class=\"et2\" style=\"height: 13.50pt; text-align: center;\" height=\"18\">63020018<\/td>\n<td class=\"et2\" style=\"text-align: center;\">200<\/td>\n<td class=\"et2\" style=\"text-align: center;\">6.0&#215;8.6&#215;6.9<\/td>\n<\/tr>\n<tr style=\"height: 13.50pt;\">\n<td class=\"et2\" style=\"height: 13.50pt; text-align: center;\" height=\"18\">63028019<\/td>\n<td class=\"et2\" style=\"text-align: center;\">280<\/td>\n<td class=\"et2\" style=\"text-align: center;\">7.5&#215;8.4&#215;8.5<\/td>\n<\/tr>\n<\/tbody>\n<\/table>\n<h2>Caso de \u00e9xito<\/h2>\n<p>Una marca de condimentos us\u00f3 nuestros frascos Mason de 125 ml con tapa para su nueva l\u00ednea de salsas gourmet. El dise\u00f1o de cuello regular combinaba a la perfecci\u00f3n con las tapas, y a los clientes les encantaron los colores vibrantes. Las ventas se dispararon un 40% y ahora es su categor\u00eda m\u00e1s vendida.<\/p>\n<h2>Consejos de personalizaci\u00f3n<\/h2>\n<p>\u00bfQuieres que tu producto sea inolvidable? Te ayudamos a encontrar frascos de vidrio personalizados con tu logotipo, colores o incluso dise\u00f1os especiales de boca. \u00bfNecesitas frascos Mason para llenarlos f\u00e1cilmente? Tenemos todo listo. Pide 12 unidades al por mayor y recibe env\u00edo r\u00e1pido, sin m\u00ednimos. Para proyectos con velas, nuestros recipientes de almacenamiento de frascos Mason con boca est\u00e1ndar son la soluci\u00f3n definitiva.<\/p>","protected":false},"excerpt":{"rendered":"<p>El tarro de cristal con tapa para envases gourmet. Tarro de cristal con tapa para salsas, jarabes y huevas de pescado. Venta al por mayor, sin m\u00ednimos. \u00a1Entrega r\u00e1pida para impulsar tu marca!<\/p>","protected":false},"featured_media":1186,"template":"","meta":{"postBodyCss":"","postBodyMargin":[],"postBodyPadding":[],"postBodyBackground":{"backgroundType":"classic","gradient":""}},"product_brand":[],"product_cat":[15,17,19],"product_tag":[80,65,69],"class_list":{"0":"post-1146","1":"product","2":"type-product","3":"status-publish","4":"has-post-thumbnail","6":"product_cat-glass-containers","7":"product_cat-glass-jars","8":"product_cat-glass-mason-jars","9":"product_tag-caviar-jars","10":"product_tag-glass-jam-jars","11":"product_tag-storage-jars","13":"first","14":"instock","15":"shipping-taxable","16":"product-type-simple"},"jetpack_sharing_enabled":true,"_links":{"self":[{"href":"https:\/\/minghanggroup.com\/es\/wp-json\/wp\/v2\/product\/1146","targetHints":{"allow":["GET"]}}],"collection":[{"href":"https:\/\/minghanggroup.com\/es\/wp-json\/wp\/v2\/product"}],"about":[{"href":"https:\/\/minghanggroup.com\/es\/wp-json\/wp\/v2\/types\/product"}],"wp:featuredmedia":[{"embeddable":true,"href":"https:\/\/minghanggroup.com\/es\/wp-json\/wp\/v2\/media\/1186"}],"wp:attachment":[{"href":"https:\/\/minghanggroup.com\/es\/wp-json\/wp\/v2\/media?parent=1146"}],"wp:term":[{"taxonomy":"product_brand","embeddable":true,"href":"https:\/\/minghanggroup.com\/es\/wp-json\/wp\/v2\/product_brand?post=1146"},{"taxonomy":"product_cat","embeddable":true,"href":"https:\/\/minghanggroup.com\/es\/wp-json\/wp\/v2\/product_cat?post=1146"},{"taxonomy":"product_tag","embeddable":true,"href":"https:\/\/minghanggroup.com\/es\/wp-json\/wp\/v2\/product_tag?post=1146"}],"curies":[{"name":"wp","href":"https:\/\/api.w.org\/{rel}","templated":true}]}}