{"id":1075,"date":"2025-10-09T09:54:59","date_gmt":"2025-10-09T09:54:59","guid":{"rendered":"https:\/\/minghanggroup.com\/?post_type=product&#038;p=1075"},"modified":"2026-03-02T13:49:19","modified_gmt":"2026-03-02T05:49:19","slug":"mason-jar-storage-canning-container","status":"publish","type":"product","link":"https:\/\/minghanggroup.com\/es\/producto\/mason-jar-storage-canning-container\/","title":{"rendered":"Tarro de cristal reutilizable para conservas de 150 a 1000 ml para marcas."},"content":{"rendered":"<p>Marcas descargadas. Descubra por qu\u00e9 nuestros tarros de cristal son la elecci\u00f3n perfecta para sus necesidades de embalaje. Estos vers\u00e1tiles envases combinan un dise\u00f1o atemporal con la eficiencia moderna, lo que los convierte en la opci\u00f3n ideal para los objetivos de colecci\u00f3n y presentaci\u00f3n de su marca.<\/p>\n<h2>Caracter\u00edsticas del producto<\/h2>\n<ol>\n<li><strong>Vidrio cristalino:<\/strong>Vea cada detalle de su producto a trav\u00e9s de nuestro vidrio de alta transparencia. Perfecto para exhibir jarabes, encurtidos y m\u00e1s.<\/li>\n<li><strong>Dise\u00f1o de rosca est\u00e1ndar:<\/strong>Compatible con tapas y bandas de frascos de boca regular para un sellado perfecto. \u00a1Se acabaron las fugas y los derrames!<\/li>\n<li><strong>M\u00faltiples tama\u00f1os para cada necesidad:<\/strong>Acabamento fosco:<\/li>\n<li><strong>Opciones de marca personalizada:<\/strong>Haz que tu marca destaque con colores, tama\u00f1os e impresi\u00f3n de logotipos personalizados. Te ayudamos a crear la soluci\u00f3n de embalaje perfecta.<\/li>\n<\/ol>\n<h2>Especificaciones clave<\/h2>\n<p>&nbsp;<\/p>\n<table style=\"border-collapse: collapse; width: 80%; margin-left: auto; margin-right: auto;\" border=\"0\" width=\"435\" cellspacing=\"0\" cellpadding=\"0\">\n<tbody>\n<tr style=\"height: 13.50pt;\">\n<td class=\"et2\" style=\"height: 13.5pt; width: 56.25pt; text-align: center;\" width=\"75\" height=\"18\">Nome Mensagem Layout<\/td>\n<td class=\"et2\" style=\"width: 54pt; text-align: center;\" width=\"72\">Capacidad (ml)<\/td>\n<td class=\"et2\" style=\"width: 54pt; text-align: center;\" width=\"72\">Peso (g)<\/td>\n<td class=\"et2\" style=\"width: 54pt; text-align: center;\" width=\"72\">Dimensiones (cm)<\/td>\n<td class=\"et2\" style=\"width: 54pt; text-align: center;\" width=\"72\">Material<\/td>\n<td style=\"width: 54pt; text-align: center;\" width=\"72\">Color<\/td>\n<\/tr>\n<tr style=\"height: 13.50pt;\">\n<td class=\"et2\" style=\"height: 13.5pt; text-align: center;\" height=\"18\">63015001<\/td>\n<td class=\"et2\" style=\"text-align: center;\">150<\/td>\n<td class=\"et2\" style=\"text-align: center;\">126<\/td>\n<td class=\"et2\" style=\"text-align: center;\">7.8&#215;7.8&#215;5.1<\/td>\n<td class=\"et2\" style=\"text-align: center;\" rowspan=\"7\">Vaso<\/td>\n<td class=\"et2\" style=\"text-align: center;\" rowspan=\"7\">Claro o personalizado<\/td>\n<\/tr>\n<tr style=\"height: 13.50pt;\">\n<td class=\"et2\" style=\"height: 13.50pt; text-align: center;\" height=\"18\">63025002<\/td>\n<td class=\"et2\" style=\"text-align: center;\">250<\/td>\n<td class=\"et2\" style=\"text-align: center;\">152<\/td>\n<td class=\"et2\" style=\"text-align: center;\">7.8&#215;7.8&#215;8<\/td>\n<\/tr>\n<tr style=\"height: 13.50pt;\">\n<td class=\"et2\" style=\"height: 13.50pt; text-align: center;\" height=\"18\">63038003<\/td>\n<td class=\"et2\" style=\"text-align: center;\">380<\/td>\n<td class=\"et2\" style=\"text-align: center;\">207<\/td>\n<td class=\"et2\" style=\"text-align: center;\">7.5&#215;7.5&#215;12<\/td>\n<\/tr>\n<tr style=\"height: 13.50pt;\">\n<td class=\"et2\" style=\"height: 13.50pt; text-align: center;\" height=\"18\">63050004<\/td>\n<td class=\"et2\" style=\"text-align: center;\">500<\/td>\n<td class=\"et2\" style=\"text-align: center;\">255<\/td>\n<td class=\"et2\" style=\"text-align: center;\">8.2&#215;8.2&#215;12.7<\/td>\n<\/tr>\n<tr style=\"height: 13.50pt;\">\n<td class=\"et2\" style=\"height: 13.50pt; text-align: center;\" height=\"18\">63075005<\/td>\n<td class=\"et2\" style=\"text-align: center;\">750<\/td>\n<td class=\"et2\" style=\"text-align: center;\">356<\/td>\n<td class=\"et2\" style=\"text-align: center;\">8.6&#215;8.6&#215;16.3<\/td>\n<\/tr>\n<tr style=\"height: 13.50pt;\">\n<td class=\"et2\" style=\"height: 13.50pt; text-align: center;\" height=\"18\">63085006<\/td>\n<td class=\"et2\" style=\"text-align: center;\">850<\/td>\n<td class=\"et2\" style=\"text-align: center;\">&#8211;<\/td>\n<td class=\"et2\" style=\"text-align: center;\">&#8211;<\/td>\n<\/tr>\n<tr style=\"height: 13.50pt;\">\n<td class=\"et2\" style=\"height: 13.50pt; text-align: center;\" height=\"18\">63100007<\/td>\n<td class=\"et2\" style=\"text-align: center;\">1000<\/td>\n<td class=\"et2\" style=\"text-align: center;\">405<\/td>\n<td class=\"et2\" style=\"text-align: center;\">9.7&#215;9.7&#215;17.5<\/td>\n<\/tr>\n<\/tbody>\n<\/table>\n<h2>Historia de \u00e9xito<\/h2>\n<p>La marca de caf\u00e9 opt\u00f3 por nuestro tarro Mason de boca est\u00e1ndar de 250 ml para su nueva l\u00ednea de jarabe de caf\u00e9. El vidrio transparente muestra sus vibrantes colores, y el tarro Mason est\u00e1ndar facilita su sellado y almacenamiento. \u00a1Con el cambio a nuestros tarros Mason, sus ventas aumentaron un 30%!<\/p>\n<h2>Consejos de personalizaci\u00f3n para su marca<\/h2>\n<p>\u00bfQuieres que tu producto destaque? Ofrecemos colores, tama\u00f1os e impresi\u00f3n de logotipos personalizados para tus tarros de cristal. Ya sea que envases pepinillos o salsas, nuestra f\u00e1brica puede crear la soluci\u00f3n de almacenamiento perfecta para tu marca. Hemos ayudado a decenas de marcas a transformar sus envases con nuestros tarros de cristal personalizados.<\/p>\n<p>&nbsp;<\/p>","protected":false},"excerpt":{"rendered":"<p>Descubra soluciones premium de almacenamiento en frascos Mason. Venta al por mayor de frascos de vidrio Mason personalizados para alimentos, velas, jarabes y m\u00e1s. Sin BPA, duraderos y vers\u00e1tiles.<\/p>","protected":false},"featured_media":1092,"template":"","meta":{"postBodyCss":"","postBodyMargin":[],"postBodyPadding":[],"postBodyBackground":{"backgroundType":"classic","gradient":""}},"product_brand":[],"product_cat":[15,17,19],"product_tag":[94],"class_list":{"0":"post-1075","1":"product","2":"type-product","3":"status-publish","4":"has-post-thumbnail","6":"product_cat-glass-containers","7":"product_cat-glass-jars","8":"product_cat-glass-mason-jars","9":"product_tag-glass-decoration-bottles","11":"first","12":"instock","13":"shipping-taxable","14":"product-type-simple"},"jetpack_sharing_enabled":true,"_links":{"self":[{"href":"https:\/\/minghanggroup.com\/es\/wp-json\/wp\/v2\/product\/1075","targetHints":{"allow":["GET"]}}],"collection":[{"href":"https:\/\/minghanggroup.com\/es\/wp-json\/wp\/v2\/product"}],"about":[{"href":"https:\/\/minghanggroup.com\/es\/wp-json\/wp\/v2\/types\/product"}],"wp:featuredmedia":[{"embeddable":true,"href":"https:\/\/minghanggroup.com\/es\/wp-json\/wp\/v2\/media\/1092"}],"wp:attachment":[{"href":"https:\/\/minghanggroup.com\/es\/wp-json\/wp\/v2\/media?parent=1075"}],"wp:term":[{"taxonomy":"product_brand","embeddable":true,"href":"https:\/\/minghanggroup.com\/es\/wp-json\/wp\/v2\/product_brand?post=1075"},{"taxonomy":"product_cat","embeddable":true,"href":"https:\/\/minghanggroup.com\/es\/wp-json\/wp\/v2\/product_cat?post=1075"},{"taxonomy":"product_tag","embeddable":true,"href":"https:\/\/minghanggroup.com\/es\/wp-json\/wp\/v2\/product_tag?post=1075"}],"curies":[{"name":"wp","href":"https:\/\/api.w.org\/{rel}","templated":true}]}}