{"id":3,"date":"2025-09-30T08:00:50","date_gmt":"2025-09-30T08:00:50","guid":{"rendered":"https:\/\/minghanggroup.com\/?page_id=3"},"modified":"2025-11-18T17:56:17","modified_gmt":"2025-11-18T09:56:17","slug":"privacy-policy","status":"publish","type":"page","link":"https:\/\/minghanggroup.com\/es\/privacy-policy\/","title":{"rendered":"pol\u00edtica de privacidad"},"content":{"rendered":"<div data-elementor-type=\"wp-page\" data-elementor-id=\"3\" class=\"elementor elementor-3\" data-elementor-settings=\"{&quot;ha_cmc_init_switcher&quot;:&quot;no&quot;}\" data-elementor-post-type=\"page\">\n\t\t\t\t<div class=\"elementor-element elementor-element-2f9d824 e-flex e-con-boxed e-con e-parent\" data-id=\"2f9d824\" data-element_type=\"container\" data-e-type=\"container\" data-settings=\"{&quot;_ha_eqh_enable&quot;:false}\">\n\t\t\t\t\t<div class=\"e-con-inner\">\n\t\t\t\t<div class=\"elementor-element elementor-element-e8bd613 elementor-widget elementor-widget-woocommerce-breadcrumb\" data-id=\"e8bd613\" data-element_type=\"widget\" data-e-type=\"widget\" data-widget_type=\"woocommerce-breadcrumb.default\">\n\t\t\t\t\t<nav class=\"woocommerce-breadcrumb\" aria-label=\"Breadcrumb\" data-no-translation=\"\" data-trp-gettext=\"\">Inicio<\/nav>\t\t\t\t<\/div>\n\t\t\t\t\t<\/div>\n\t\t\t\t<\/div>\n\t\t<div class=\"elementor-element elementor-element-4f0cf1d e-flex e-con-boxed e-con e-parent\" data-id=\"4f0cf1d\" data-element_type=\"container\" data-e-type=\"container\" data-settings=\"{&quot;_ha_eqh_enable&quot;:false}\">\n\t\t\t\t\t<div class=\"e-con-inner\">\n\t\t\t\t<div class=\"elementor-element elementor-element-c2230c6 elementor-widget elementor-widget-heading\" data-id=\"c2230c6\" data-element_type=\"widget\" data-e-type=\"widget\" data-widget_type=\"heading.default\">\n\t\t\t\t\t<h1 class=\"elementor-heading-title elementor-size-default\">pol\u00edtica de privacidad<\/h1>\t\t\t\t<\/div>\n\t\t\t\t\t<\/div>\n\t\t\t\t<\/div>\n\t\t<div class=\"elementor-element elementor-element-18ba6889 e-flex e-con-boxed e-con e-parent\" data-id=\"18ba6889\" data-element_type=\"container\" data-e-type=\"container\" data-settings=\"{&quot;_ha_eqh_enable&quot;:false}\">\n\t\t\t\t\t<div class=\"e-con-inner\">\n\t\t\t\t<div class=\"elementor-element elementor-element-68856f25 elementor-widget elementor-widget-text-editor\" data-id=\"68856f25\" data-element_type=\"widget\" data-e-type=\"widget\" data-widget_type=\"text-editor.default\">\n\t\t\t\t\t\t\t\t\t<h2>\u00bfQu\u00e9 informaci\u00f3n recopilamos?<\/h2>\n<p>Recopilamos informaci\u00f3n suya cuando se registra en el sitio, realiza un pedido, participa en un concurso o sorteo, responde a una encuesta o comunicaci\u00f3n (como un correo electr\u00f3nico) o participa en otra funci\u00f3n del sitio. Al realizar un pedido o registrarse, es posible que le pidamos su nombre, direcci\u00f3n de correo electr\u00f3nico, direcci\u00f3n postal, n\u00famero de tel\u00e9fono, informaci\u00f3n de su tarjeta de cr\u00e9dito u otra informaci\u00f3n. Sin embargo, puede visitar nuestro sitio de forma an\u00f3nima. Tambi\u00e9n recopilamos informaci\u00f3n sobre los destinatarios de los regalos para poder completar la compra. La informaci\u00f3n que recopilamos sobre los destinatarios de los regalos no se utiliza con fines comerciales. Al igual que muchos sitios web, utilizamos cookies para mejorar su experiencia y recopilar informaci\u00f3n sobre los visitantes y las visitas a nuestros sitios web. Consulte la secci\u00f3n &#034;\u00bfUsamos cookies?&#034; a continuaci\u00f3n para obtener informaci\u00f3n sobre las cookies y c\u00f3mo las utilizamos.<\/p>\n<h2>\u00bfC\u00f3mo utilizamos su informaci\u00f3n?<\/h2>\n<p>Podemos utilizar la informaci\u00f3n que recopilamos de usted cuando se registra, compra productos, participa en un concurso o promoci\u00f3n, responde a una encuesta o comunicaci\u00f3n de marketing, navega por el sitio web o utiliza otras funciones del sitio de las siguientes maneras: Para personalizar su experiencia en el sitio y permitirnos ofrecerle el tipo de contenido y ofertas de productos que m\u00e1s le interesan. Para permitirnos brindarle un mejor servicio al responder a sus solicitudes de servicio al cliente. Para procesar r\u00e1pidamente sus transacciones. Para administrar un concurso, promoci\u00f3n, encuesta u otra funci\u00f3n del sitio. Si ha optado por recibir nuestro bolet\u00edn informativo por correo electr\u00f3nico, es posible que le enviemos correos electr\u00f3nicos peri\u00f3dicos. Si ya no desea recibir correos electr\u00f3nicos promocionales de nosotros, consulte la secci\u00f3n &#034;Retirada de su consentimiento&#034; a continuaci\u00f3n. Si no ha optado por recibir boletines informativos por correo electr\u00f3nico, no los recibir\u00e1. Los visitantes que se registren o participen en otras funciones del sitio, como programas de marketing y contenido &#034;solo para miembros&#034;, tendr\u00e1n la opci\u00f3n de elegir si desean estar en nuestra lista de correo electr\u00f3nico y recibir nuestras comunicaciones por correo electr\u00f3nico.<\/p>\n<h2>\u00bfC\u00f3mo protegemos la informaci\u00f3n de los visitantes?<\/h2>\n<p>Implementamos diversas medidas de seguridad para mantener la seguridad de su informaci\u00f3n personal. Su informaci\u00f3n personal se almacena en redes seguras y solo es accesible para un n\u00famero limitado de personas con derechos especiales de acceso a dichos sistemas y obligadas a mantener la confidencialidad de la informaci\u00f3n. Al realizar pedidos o acceder a su informaci\u00f3n personal, le ofrecemos el uso de un servidor seguro. Toda la informaci\u00f3n confidencial o crediticia que nos proporciona se transmite mediante tecnolog\u00eda Secure Socket Layer (SSL) y se cifra en nuestras bases de datos para que solo se pueda acceder a ella seg\u00fan lo indicado anteriormente.<\/p>\n<h2>\u00bfUtilizamos \u201ccookies\u201d?<\/h2>\n<p>S\u00ed. Las cookies son peque\u00f1os archivos que un sitio web o su proveedor de servicios transfiere al disco duro de su computadora a trav\u00e9s de su navegador web (si usted lo permite). Esto permite que los sistemas del sitio web o del proveedor de servicios reconozcan su navegador y capturen y recuerden cierta informaci\u00f3n. Por ejemplo, utilizamos cookies para recordar y procesar los art\u00edculos de su carrito de compras. Tambi\u00e9n nos ayudan a comprender sus preferencias seg\u00fan su actividad anterior o actual en el sitio, lo que nos permite brindarle mejores servicios. Tambi\u00e9n utilizamos cookies para recopilar datos agregados sobre el tr\u00e1fico y la interacci\u00f3n del sitio web, de modo que podamos ofrecer mejores experiencias y herramientas en el futuro. Podemos contratar a proveedores de servicios externos para que nos ayuden a comprender mejor a los visitantes de nuestro sitio. Estos proveedores de servicios no est\u00e1n autorizados a utilizar la informaci\u00f3n recopilada en nuestro nombre, excepto para ayudarnos a gestionar y mejorar nuestro negocio. Puede optar por que su computadora le avise cada vez que se env\u00ede una cookie o puede desactivar todas las cookies. Esto se realiza a trav\u00e9s de la configuraci\u00f3n de su navegador (como Google Chrome, Microsoft Edge o Safari). Cada navegador es un poco diferente, as\u00ed que consulta el men\u00fa de &#034;Ayuda&#034; de tu navegador para saber c\u00f3mo modificar correctamente tus cookies. Si desactivas las cookies, no tendr\u00e1s acceso a muchas funciones que mejoran la eficiencia de tu experiencia en el sitio y algunos de nuestros servicios no funcionar\u00e1n correctamente. Sin embargo, puedes realizar pedidos por tel\u00e9fono contactando con atenci\u00f3n al cliente.<\/p>\n<h2>\u00bfDivulgamos la informaci\u00f3n que recopilamos a terceros?<\/h2>\n<p>No vendemos, intercambiamos ni transferimos de ning\u00fan otro modo su informaci\u00f3n personal identificable a terceros a menos que le proporcionemos un aviso previo, excepto como se describe a continuaci\u00f3n. El t\u00e9rmino &#034;terceros&#034; no incluye nuestro negocio. Tampoco incluye a los socios de alojamiento web ni a otras partes que nos ayudan a operar nuestro sitio web, dirigir nuestro negocio o prestarle servicio, siempre que dichas partes se comprometan a mantener la confidencialidad de esta informaci\u00f3n. Tambi\u00e9n podemos divulgar su informaci\u00f3n cuando consideremos que es apropiado para cumplir con la ley, hacer cumplir las pol\u00edticas de nuestro sitio o proteger nuestros derechos, propiedad o seguridad o los de terceros. Sin embargo, la informaci\u00f3n de visitantes no personalmente identificable puede ser proporcionada a terceros para fines de marketing, publicidad u otros usos. \u00bfC\u00f3mo puede cancelar la suscripci\u00f3n, eliminar o modificar la informaci\u00f3n que nos ha proporcionado? Para modificar sus suscripciones de correo electr\u00f3nico, inf\u00f3rmenos modificando sus preferencias en la secci\u00f3n &#034;Mi cuenta&#034;. Tenga en cuenta que, debido a los cronogramas de producci\u00f3n de correo electr\u00f3nico, es posible que reciba cualquier correo electr\u00f3nico que ya est\u00e9 en producci\u00f3n. Para eliminar toda la informaci\u00f3n de su cuenta en l\u00ednea de nuestra base de datos, inicie sesi\u00f3n en la secci\u00f3n &#034;Mi cuenta&#034; de nuestro sitio y elimine sus direcciones de env\u00edo, facturaci\u00f3n e informaci\u00f3n de pago. Tenga en cuenta que podemos conservar informaci\u00f3n sobre una transacci\u00f3n de venta individual para gestionarla y para el mantenimiento de registros. Enlaces de terceros: para ofrecerle un mayor valor, podemos incluir enlaces de terceros en nuestro sitio. Estos sitios enlazados tienen pol\u00edticas de privacidad independientes. Por lo tanto, no nos responsabilizamos del contenido ni de las actividades de estos sitios enlazados. No obstante, buscamos proteger la integridad de nuestro sitio y agradecemos cualquier comentario sobre estos sitios enlazados (incluso si un enlace espec\u00edfico no funciona). Los cambios a nuestra pol\u00edtica, si decidimos cambiar nuestra pol\u00edtica de privacidad, se publicar\u00e1n en esta p\u00e1gina. Los cambios de pol\u00edtica se aplicar\u00e1n \u00fanicamente a la informaci\u00f3n recopilada despu\u00e9s de la fecha del cambio.<\/p>\n<h2>Preguntas y comentarios<\/h2>\n<p>Agradecemos sus preguntas, comentarios e inquietudes sobre privacidad. Por favor, env\u00edenos cualquier comentario sobre privacidad o cualquier otro tema. Pol\u00edtica de privacidad en l\u00ednea \u00fanicamente. Esta pol\u00edtica de privacidad en l\u00ednea se aplica \u00fanicamente a la informaci\u00f3n recopilada a trav\u00e9s de nuestro sitio web y no a la informaci\u00f3n recopilada fuera de l\u00ednea.<\/p>\n<h2>Su consentimiento<\/h2>\n<p>Al realizar una compra a trav\u00e9s de nuestro sitio web o enviar una consulta con informaci\u00f3n personal o comercial para obtener un presupuesto, realizar el pago de un pedido por cualquier medio o concertar una entrega, usted consiente que recopilemos, almacenemos y utilicemos dicha informaci\u00f3n para su beneficio o para mejorar nuestros servicios y ofertas. Al hacerlo, tambi\u00e9n consiente que revelemos que es cliente de Yeboda y que utilicemos el nombre de su empresa, su logotipo y su embalaje para promocionar nuestros productos y servicios, a menos que se especifique lo contrario.<\/p>\n<h2>Con su consentimiento<\/h2>\n<p>En cualquier momento, puede retirar su consentimiento para que Yeboda recopile, use o divulgue su informaci\u00f3n contact\u00e1ndonos. Yeboda se reserva el derecho de conservar cualquier informaci\u00f3n recopilada previamente para procesar pedidos o resolver disputas o investigaciones. Al visitar nuestro sitio web, recibimos autom\u00e1ticamente la direcci\u00f3n IP de su dispositivo, su regi\u00f3n geogr\u00e1fica aproximada y otra informaci\u00f3n b\u00e1sica sobre su navegador y sistema operativo para brindar una mejor asistencia y una experiencia m\u00e1s personalizada a nuestros clientes.<\/p>\t\t\t\t\t\t\t\t<\/div>\n\t\t\t\t\t<\/div>\n\t\t\t\t<\/div>\n\t\t<div class=\"elementor-element elementor-element-3e7fb34 e-flex e-con-boxed e-con e-parent\" data-id=\"3e7fb34\" data-element_type=\"container\" data-e-type=\"container\" data-settings=\"{&quot;_ha_eqh_enable&quot;:false}\">\n\t\t\t\t\t<div class=\"e-con-inner\">\n\t\t\t\t<div class=\"elementor-element elementor-element-2dd4414 elementor-widget elementor-widget-heading\" data-id=\"2dd4414\" data-element_type=\"widget\" data-e-type=\"widget\" data-widget_type=\"heading.default\">\n\t\t\t\t\t<h2 class=\"elementor-heading-title elementor-size-default\">Comience su viaje en el sector del envasado de vidrio con Minghang<\/h2>\t\t\t\t<\/div>\n\t\t\t\t<div class=\"elementor-element elementor-element-f0c79fe elementor-widget elementor-widget-heading\" data-id=\"f0c79fe\" data-element_type=\"widget\" data-e-type=\"widget\" data-widget_type=\"heading.default\">\n\t\t\t\t\t<p class=\"elementor-heading-title elementor-size-default\">Ponte en contacto con nuestro especialista de producto ahora<\/p>\t\t\t\t<\/div>\n\t\t\t\t<div class=\"elementor-element elementor-element-0be3d28 elementor-align-center elementor-widget elementor-widget-button\" data-id=\"0be3d28\" data-element_type=\"widget\" data-e-type=\"widget\" data-widget_type=\"button.default\">\n\t\t\t\t\t\t\t\t\t\t<a class=\"elementor-button elementor-button-link elementor-size-sm\" href=\"#elementor-action%3Aaction%3Dpopup%3Aopen%26settings%3DeyJpZCI6IjE3NDYiLCJ0b2dnbGUiOmZhbHNlfQ%3D%3D\">\n\t\t\t\t\t\t<span class=\"elementor-button-content-wrapper\">\n\t\t\t\t\t\t\t\t\t<span class=\"elementor-button-text\">Empezar<\/span>\n\t\t\t\t\t<\/span>\n\t\t\t\t\t<\/a>\n\t\t\t\t\t\t\t\t<\/div>\n\t\t\t\t\t<\/div>\n\t\t\t\t<\/div>\n\t\t\t\t<\/div>","protected":false},"excerpt":{"rendered":"<p>Privacy Policy What information do we collect? We collect information from you when you register on the site, place an order, enter a contest or sweepstakes, respond to a survey or communication such as e-mail, or participate in another site feature. When ordering or registering, we may ask you for your name, e-mail address, mailing [\u2026]<\/p>","protected":false},"author":1,"featured_media":0,"parent":0,"menu_order":0,"comment_status":"closed","ping_status":"closed","template":"","meta":{"postBodyCss":"","postBodyMargin":[],"postBodyPadding":[],"postBodyBackground":{"backgroundType":"classic","gradient":""},"footnotes":""},"class_list":["post-3","page","type-page","status-publish","hentry"],"blocksy_meta":[],"jetpack_sharing_enabled":true,"_links":{"self":[{"href":"https:\/\/minghanggroup.com\/es\/wp-json\/wp\/v2\/pages\/3","targetHints":{"allow":["GET"]}}],"collection":[{"href":"https:\/\/minghanggroup.com\/es\/wp-json\/wp\/v2\/pages"}],"about":[{"href":"https:\/\/minghanggroup.com\/es\/wp-json\/wp\/v2\/types\/page"}],"author":[{"embeddable":true,"href":"https:\/\/minghanggroup.com\/es\/wp-json\/wp\/v2\/users\/1"}],"replies":[{"embeddable":true,"href":"https:\/\/minghanggroup.com\/es\/wp-json\/wp\/v2\/comments?post=3"}],"version-history":[{"count":5,"href":"https:\/\/minghanggroup.com\/es\/wp-json\/wp\/v2\/pages\/3\/revisions"}],"predecessor-version":[{"id":3354,"href":"https:\/\/minghanggroup.com\/es\/wp-json\/wp\/v2\/pages\/3\/revisions\/3354"}],"wp:attachment":[{"href":"https:\/\/minghanggroup.com\/es\/wp-json\/wp\/v2\/media?parent=3"}],"curies":[{"name":"wp","href":"https:\/\/api.w.org\/{rel}","templated":true}]}}