{"id":6385,"date":"2026-04-15T13:23:49","date_gmt":"2026-04-15T05:23:49","guid":{"rendered":"https:\/\/minghanggroup.com\/?post_type=product&#038;p=6385"},"modified":"2026-04-15T16:42:51","modified_gmt":"2026-04-15T08:42:51","slug":"test-tubes-borosilicate-glass-with-cork-bulk","status":"publish","type":"product","link":"https:\/\/minghanggroup.com\/de\/produkt\/test-tubes-borosilicate-glass-with-cork-bulk\/","title":{"rendered":"10 ml \u2013 30 ml Reagenzgl\u00e4ser aus Borosilikatglas mit Korken (lose)"},"content":{"rendered":"<p>Die aus Borosilikatglas gefertigten Reagenzgl\u00e4ser sind zylindrisch und bestehen aus hochtransparentem, lebensmittelechtem Borosilikatglas, das sowohl hervorragende optische Klarheit als auch thermische Best\u00e4ndigkeit bietet. Der Naturkorken dient als Verschlussmechanismus.<\/p>\n<h2>Produktmerkmale<\/h2>\n<ul>\n<li><strong>Borosilikatglas-Material:<\/strong> Durch die Verwendung von Borosilikatglas in diesen R\u00f6hren k\u00f6nnen diese Temperaturschocks standhalten und lassen sich einfach reinigen, w\u00e4hrend ihre Wiederverwendbarkeit erhalten bleibt.<\/li>\n<li><strong>Nat\u00fcrliche Korkversiegelung:<\/strong> Der Naturkorken bietet eine hervorragende Abdichtung und sch\u00fctzt wirksam vor Feuchtigkeit und Insekten.<\/li>\n<li><strong>Mehrere Kapazit\u00e4ten verf\u00fcgbar:<\/strong> Die in verschiedenen L\u00e4ngen und Kapazit\u00e4ten erh\u00e4ltlichen R\u00f6hrchen dienen mehreren Zwecken, darunter der Probenabgabe und der Lagerung von Trockenwaren.<\/li>\n<\/ul>\n<h2 style=\"text-align: left;\">Wichtigste Spezifikationen<\/h2>\n<table class=\"aligncenter\" style=\"border-collapse: collapse; width: 551.27pt;\" border=\"0\" width=\"735\" cellspacing=\"0\" cellpadding=\"0\">\n<tbody>\n<tr style=\"height: 13.50pt;\">\n<td style=\"height: 13.50pt; width: 120.00pt;\" width=\"160\" height=\"18\">Attribut<\/td>\n<td style=\"width: 431.25pt;\" width=\"575\">Details<\/td>\n<\/tr>\n<tr style=\"height: 13.50pt;\">\n<td style=\"height: 13.50pt;\" height=\"18\">Gr\u00f6\u00dfe und Kapazit\u00e4t<\/td>\n<td>1,5 \u00d7 10 cm (10 ml), 1,5 \u00d7 12 cm (13 ml), 1,5 \u00d7 22,5 cm (28 ml), 1,6 \u00d7 22 cm (30 ml)<\/td>\n<\/tr>\n<tr style=\"height: 13.50pt;\">\n<td style=\"height: 13.50pt;\" height=\"18\">Material<\/td>\n<td>Klares Borosilikatglas, Naturkorken<\/td>\n<\/tr>\n<tr style=\"height: 13.50pt;\">\n<td style=\"height: 13.50pt;\" height=\"18\">R\u00f6hrenform<\/td>\n<td>geradwandiger Zylinder<\/td>\n<\/tr>\n<tr style=\"height: 13.50pt;\">\n<td style=\"height: 13.50pt;\" height=\"18\">Anpassungsbereich<\/td>\n<td>Farbe, Korkart, Gr\u00f6\u00dfe, Pr\u00e4gung\/Druck<\/td>\n<\/tr>\n<tr style=\"height: 13.50pt;\">\n<td style=\"height: 13.50pt;\" height=\"18\">Handwerkskunst<\/td>\n<td>Borosilikatglas-Zeichnung\/R\u00f6hren<\/td>\n<\/tr>\n<tr style=\"height: 13.50pt;\">\n<td style=\"height: 13.50pt;\" height=\"18\">Prim\u00e4re Verwendung<\/td>\n<td>Glasr\u00f6hrchen mit Korken, Glasreagenzgl\u00e4ser<\/td>\n<\/tr>\n<tr style=\"height: 13.50pt;\">\n<td style=\"height: 13.50pt;\" height=\"18\">Zielbranchen<\/td>\n<td>Labore, Bildungsausstatter, Bastelbedarf &amp; Heimwerken<\/td>\n<\/tr>\n<\/tbody>\n<\/table>\n<h2>Erfolgsgeschichte: Eine Sonderanfertigung eines gro\u00dfen Kunsthandwerksh\u00e4ndlers<\/h2>\n<p>Eine gro\u00dfe US-amerikanische Handelskette f\u00fcr Bastel- und Blumenbedarf entschied sich f\u00fcr unsere Glasr\u00f6hrchen mit Korkverschluss, die \u00fcber einen farblich abgesetzten Korken und eine mattierte Glasoberfl\u00e4che verf\u00fcgen. Das Produkt erzielte einen durchschlagenden Erfolg, da sein durchdachtes Design zu einem Online-Umsatzwachstum von 500 % in der Kategorie \u201eVintage Pharmacist\u201c f\u00fchrte und im ersten Quartal 98 % des Lagerbestands im Einzelhandel abgesetzt wurden. Aufgrund der \u00fcberragenden Marktresonanz bestellte der Lieferant weitere 480.000 Glasr\u00f6hrchen.<\/p>\n<h2>Glasr\u00f6hren mit Korken \u2013 Anpassungsm\u00f6glichkeiten<\/h2>\n<ul>\n<li>Korkarten: Zur Auswahl stehen Naturkork, farbiger Kork, gewachster Kork und synthetische Korken sowie optional dekorative Verschl\u00fcsse.<\/li>\n<li>Siebdruck: Diese Technologie erm\u00f6glicht das direkte Aufbringen von Graduierungen, Logos und dekorativen Mustern auf Glasoberfl\u00e4chen.<\/li>\n<li>Vorgestanzte, perforierte Korken: Das Produkt enth\u00e4lt vorgebohrte Korken, in die der Benutzer einen Blumenstiel einsetzen kann, wodurch das Rohr in eine praktische Vase verwandelt wird.<\/li>\n<\/ul>","protected":false},"excerpt":{"rendered":"<p>Reagenzgl\u00e4ser aus Borosilikatglas mit klarer Oberfl\u00e4che und Korkverschluss. Ideal f\u00fcr Proben, Gew\u00fcrze und als Geschenk. Kostenlose Muster erh\u00e4ltlich.<\/p>","protected":false},"featured_media":6390,"template":"","meta":{"postBodyCss":"","postBodyMargin":[],"postBodyPadding":[],"postBodyBackground":{"backgroundType":"classic","gradient":""}},"product_brand":[],"product_cat":[117,15,16],"product_tag":[],"class_list":{"0":"post-6385","1":"product","2":"type-product","3":"status-publish","4":"has-post-thumbnail","6":"product_cat-glass-tubes","7":"product_cat-glass-containers","8":"product_cat-glass-bottles","10":"first","11":"instock","12":"shipping-taxable","13":"product-type-simple"},"jetpack_sharing_enabled":true,"_links":{"self":[{"href":"https:\/\/minghanggroup.com\/de\/wp-json\/wp\/v2\/product\/6385","targetHints":{"allow":["GET"]}}],"collection":[{"href":"https:\/\/minghanggroup.com\/de\/wp-json\/wp\/v2\/product"}],"about":[{"href":"https:\/\/minghanggroup.com\/de\/wp-json\/wp\/v2\/types\/product"}],"wp:featuredmedia":[{"embeddable":true,"href":"https:\/\/minghanggroup.com\/de\/wp-json\/wp\/v2\/media\/6390"}],"wp:attachment":[{"href":"https:\/\/minghanggroup.com\/de\/wp-json\/wp\/v2\/media?parent=6385"}],"wp:term":[{"taxonomy":"product_brand","embeddable":true,"href":"https:\/\/minghanggroup.com\/de\/wp-json\/wp\/v2\/product_brand?post=6385"},{"taxonomy":"product_cat","embeddable":true,"href":"https:\/\/minghanggroup.com\/de\/wp-json\/wp\/v2\/product_cat?post=6385"},{"taxonomy":"product_tag","embeddable":true,"href":"https:\/\/minghanggroup.com\/de\/wp-json\/wp\/v2\/product_tag?post=6385"}],"curies":[{"name":"wp","href":"https:\/\/api.w.org\/{rel}","templated":true}]}}