{"id":6384,"date":"2026-04-15T14:09:23","date_gmt":"2026-04-15T06:09:23","guid":{"rendered":"https:\/\/minghanggroup.com\/?post_type=product&#038;p=6384"},"modified":"2026-04-15T14:09:25","modified_gmt":"2026-04-15T06:09:25","slug":"apple-shaped-empty-nail-polish-bottles-bulk","status":"publish","type":"product","link":"https:\/\/minghanggroup.com\/de\/produkt\/apple-shaped-empty-nail-polish-bottles-bulk\/","title":{"rendered":"Leere Nagellackfl\u00e4schchen in Apfelform (5 ml, 10 ml) \u2013 Gro\u00dfpackung"},"content":{"rendered":"<p>Die leeren Glasfl\u00e4schchen f\u00fcr Nagellack bestechen durch ihr modernes Design in Apfelform, das jeder kennt. Der transparente Beh\u00e4lter setzt die Nagellackfarben perfekt in Szene und sorgt f\u00fcr einen attraktiven visuellen Effekt. Jedes Fl\u00e4schchen verf\u00fcgt \u00fcber einen dicht schlie\u00dfenden Schraubverschluss in Schwarz oder Wei\u00df sowie einen integrierten Pinselapplikator f\u00fcr pr\u00e4zises und einfaches Auftragen. Wir bieten zwei Gr\u00f6\u00dfen \u2013 5 ml und 10 ml \u2013 um Ihren unterschiedlichen Bedarf im Einzel- und Gro\u00dfhandel zu decken. Dank umfassender Individualisierungsm\u00f6glichkeiten k\u00f6nnen Sie eine einzigartige Markenidentit\u00e4t schaffen und so den Grundstein f\u00fcr Ihren Unternehmenserfolg legen.<\/p>\n<h2>Produktmerkmale<\/h2>\n<ul>\n<li><strong>Einzigartige, skulpturale Form:<\/strong> Die Flasche besticht durch ihre ungew\u00f6hnliche Form, die durch die Kombination verschiedener Kurven ein unverwechselbares Erscheinungsbild erzeugt. Das Design sorgt f\u00fcr maximale Sichtbarkeit Ihrer Markenverpackung und damit f\u00fcr eine markante visuelle Wirkung.<\/li>\n<li><strong>Stabiler, dicker Sockel:<\/strong> Der dicke Flaschenboden sorgt f\u00fcr extreme Stabilit\u00e4t, da die Flasche von selbst steht und dabei ihr Gleichgewicht beh\u00e4lt. Das Produkt eignet sich hervorragend sowohl f\u00fcr den t\u00e4glichen Gebrauch als auch f\u00fcr die Warenpr\u00e4sentation im Einzelhandel.<\/li>\n<li><strong>Kompakte Kapazit\u00e4t:<\/strong> Die Flasche ben\u00f6tigt nur ein minimales Fl\u00fcssigkeitsvolumen, da sie als Probiergr\u00f6\u00dfe dient und somit ein reisefreundliches Produkt darstellt, das verschiedene farbige Artikel enth\u00e4lt.<\/li>\n<\/ul>\n<h2>Wichtigste Spezifikationen<\/h2>\n<table style=\"border-collapse: collapse; width: 80%; margin-left: auto; margin-right: auto;\" border=\"0\" width=\"216\" cellspacing=\"0\" cellpadding=\"0\">\n<tbody>\n<tr style=\"height: 13.50pt;\">\n<td style=\"height: 13.5pt; width: 54pt; text-align: center;\" width=\"72\" height=\"18\">Spezifikation (ml)<\/td>\n<td style=\"width: 54pt; text-align: center;\" width=\"72\">5<\/td>\n<td style=\"width: 54pt; text-align: center;\" width=\"72\">10<\/td>\n<\/tr>\n<tr style=\"height: 13.50pt;\">\n<td style=\"height: 13.5pt; text-align: center;\" height=\"18\">Gr\u00f6\u00dfe (cm)<\/td>\n<td style=\"text-align: center;\">3 x 6<\/td>\n<td style=\"text-align: center;\">3,9 x 6,4<\/td>\n<\/tr>\n<tr style=\"height: 13.50pt;\">\n<td style=\"height: 13.5pt; text-align: center;\" height=\"18\">Form<\/td>\n<td class=\"et2\" style=\"text-align: center;\" colspan=\"2\">Apfelf\u00f6rmig<\/td>\n<\/tr>\n<tr style=\"height: 13.50pt;\">\n<td style=\"height: 13.5pt; text-align: center;\" height=\"18\">Schlie\u00dfung<\/td>\n<td class=\"et2\" style=\"text-align: center;\" colspan=\"2\">Schraubverschluss (Schwarz \/ Wei\u00df \/ Kundenspezifisch)<\/td>\n<\/tr>\n<tr style=\"height: 13.50pt;\">\n<td style=\"height: 13.5pt; text-align: center;\" height=\"18\">Einschl\u00fcsse<\/td>\n<td class=\"et2\" style=\"text-align: center;\" colspan=\"2\">B\u00fcrste + Kappe<\/td>\n<\/tr>\n<\/tbody>\n<\/table>\n<h2>Erfolgsgeschichte<\/h2>\n<p>Eine franz\u00f6sische Luxus-Kosmetikmarke gab die Herstellung von Nagellackflaschen in Auftrag. Die Marke entwickelte ein individuelles Flaschendesign mit get\u00f6ntem Glas als Hauptmaterial und einem wei\u00dfen, hochgl\u00e4nzenden Verschluss sowie einem Pinselapplikator f\u00fcr pr\u00e4zises und einfaches Auftragen. Der Verschluss jeder Nuance enth\u00e4lt kleine Farbdetails, die es den Anwendern erleichtern, die verschiedenen Farbt\u00f6ne zu erkennen und zu unterscheiden.<\/p>\n<p>Dank seines einzigartigen Flaschendesigns, das bei den Verbrauchern gro\u00dfen Anklang fand, erzielte das Produkt innerhalb von drei Monaten einen ersten Umsatzanstieg von 40 %. Die Marke reagierte auf die positive Resonanz des Marktes, indem sie umgehend weitere Produkte bestellte und gleichzeitig neue, limitierte Farbt\u00f6ne f\u00fcr ihre Saisonkollektion auf den Markt brachte.<\/p>\n<h2>Anpassungsvorschl\u00e4ge<\/h2>\n<ol>\n<li><strong>Glasfarboptionen:<\/strong> Das Produkt bietet drei Glasoberfl\u00e4chenoptionen: transparentes Glas, halbtransparentes, mattiertes Glas sowie leicht get\u00f6nte Spr\u00fchlackierungen in den Farben Nude-Rosa, Rauchgrau und Helllila.<\/li>\n<li><strong>Auswahl des Kappenstils:<\/strong> Die schlichten schwarzen und wei\u00dfen Kappen dienen als Ausgangspunkt f\u00fcr Anwender, die individuelle Designs durch Galvanisierung, Farbverl\u00e4ufe und matte Soft-Touch-Lackierung erstellen m\u00f6chten, um deren optische Gesamtwirkung zu verbessern.<\/li>\n<li><strong>Oberfl\u00e4chengestaltung:<\/strong> Das gebogene Flaschenprofil erm\u00f6glicht den Siebdruck von einfachen Logos und selektive Hei\u00dfpr\u00e4gungen, w\u00e4hrend die Etikettierung mit partieller UV-Lackierung zur Hervorhebung bestimmter Markenaspekte eingesetzt werden kann.<\/li>\n<\/ol>","protected":false},"excerpt":{"rendered":"<p>Verleihen Sie Ihrer Marke mit unseren kultigen, apfelf\u00f6rmigen Nagellackfl\u00e4schchen neuen Glanz. Gestalten Sie Logos, Verschl\u00fcsse und Etiketten individuell. Ideal f\u00fcr Nagellackflaschen in gro\u00dfen Mengen. Bestellen Sie jetzt Muster!<\/p>","protected":false},"featured_media":6398,"template":"","meta":{"postBodyCss":"","postBodyMargin":[],"postBodyPadding":[],"postBodyBackground":{"backgroundType":"classic","gradient":""}},"product_brand":[],"product_cat":[113,15,16],"product_tag":[],"class_list":{"0":"post-6384","1":"product","2":"type-product","3":"status-publish","4":"has-post-thumbnail","6":"product_cat-nail-polish-bottles","7":"product_cat-glass-containers","8":"product_cat-glass-bottles","10":"first","11":"instock","12":"shipping-taxable","13":"product-type-simple"},"jetpack_sharing_enabled":true,"_links":{"self":[{"href":"https:\/\/minghanggroup.com\/de\/wp-json\/wp\/v2\/product\/6384","targetHints":{"allow":["GET"]}}],"collection":[{"href":"https:\/\/minghanggroup.com\/de\/wp-json\/wp\/v2\/product"}],"about":[{"href":"https:\/\/minghanggroup.com\/de\/wp-json\/wp\/v2\/types\/product"}],"wp:featuredmedia":[{"embeddable":true,"href":"https:\/\/minghanggroup.com\/de\/wp-json\/wp\/v2\/media\/6398"}],"wp:attachment":[{"href":"https:\/\/minghanggroup.com\/de\/wp-json\/wp\/v2\/media?parent=6384"}],"wp:term":[{"taxonomy":"product_brand","embeddable":true,"href":"https:\/\/minghanggroup.com\/de\/wp-json\/wp\/v2\/product_brand?post=6384"},{"taxonomy":"product_cat","embeddable":true,"href":"https:\/\/minghanggroup.com\/de\/wp-json\/wp\/v2\/product_cat?post=6384"},{"taxonomy":"product_tag","embeddable":true,"href":"https:\/\/minghanggroup.com\/de\/wp-json\/wp\/v2\/product_tag?post=6384"}],"curies":[{"name":"wp","href":"https:\/\/api.w.org\/{rel}","templated":true}]}}