{"id":6257,"date":"2026-04-09T11:18:55","date_gmt":"2026-04-09T03:18:55","guid":{"rendered":"https:\/\/minghanggroup.com\/?post_type=product&#038;p=6257"},"modified":"2026-04-09T11:41:37","modified_gmt":"2026-04-09T03:41:37","slug":"personalized-liquor-bottles-with-mountain-base-bulk","status":"publish","type":"product","link":"https:\/\/minghanggroup.com\/de\/produkt\/personalized-liquor-bottles-with-mountain-base-bulk\/","title":{"rendered":"Personalisierte Lik\u00f6rflaschen (250 ml, 500 ml) mit Bergmotiv (Gro\u00dfpackung)"},"content":{"rendered":"<p>Die personalisierten Lik\u00f6rflaschen zeichnen sich durch einen zylindrischen Glask\u00f6rper mit markanten vertikalen Facetten aus. Die aus hochtransparentem, dickwandigem Glas gefertigten Flaschen besitzen einen bergf\u00f6rmigen Sockel.<\/p>\n<h2>Produktmerkmale<\/h2>\n<ul>\n<li><strong>Geformter Bergsockel:<\/strong> Der Kristallsockel verf\u00fcgt \u00fcber zahlreiche Facetten, die eine starke visuelle Pr\u00e4senz erzeugen und gleichzeitig dem Design au\u00dfergew\u00f6hnliche Stabilit\u00e4t verleihen.<\/li>\n<li><strong>Vertikale Nut in der Mitte:<\/strong> Die Flasche verf\u00fcgt \u00fcber eine tiefe vertikale Rille, die es dem Benutzer erm\u00f6glicht, die Flasche sicher zu greifen und gleichzeitig ihr Aussehen und ihre Lichtbrechungseigenschaften verbessert.<\/li>\n<li><strong>Dickwandiger und kristalliner zylindrischer K\u00f6rper:<\/strong> Der Flaschenk\u00f6rper besteht aus dickem, kristallklarem Glas, das eine uneingeschr\u00e4nkte Sichtbarkeit der Farbe und Klarheit des Lik\u00f6rs erm\u00f6glicht.<\/li>\n<\/ul>\n<h2 style=\"text-align: left;\">Wichtigste Spezifikationen<\/h2>\n<table class=\"aligncenter\" style=\"border-collapse: collapse; width: 462.02pt;\" border=\"0\" width=\"616\" cellspacing=\"0\" cellpadding=\"0\">\n<tbody>\n<tr style=\"height: 13.50pt;\">\n<td style=\"height: 13.50pt; width: 117.75pt;\" width=\"157\" height=\"18\">Attribut<\/td>\n<td style=\"width: 344.25pt;\" width=\"459\">Details<\/td>\n<\/tr>\n<tr style=\"height: 13.50pt;\">\n<td style=\"height: 13.50pt;\" height=\"18\">Gr\u00f6\u00dfe und Kapazit\u00e4t<\/td>\n<td>7,2 \u00d7 15 cm (250 ml), 9 \u00d7 18,3 cm (500 ml)<\/td>\n<\/tr>\n<tr style=\"height: 13.50pt;\">\n<td style=\"height: 13.50pt;\" height=\"18\">Material<\/td>\n<td>Dickes, kristallklares Glas<\/td>\n<\/tr>\n<tr style=\"height: 13.50pt;\">\n<td style=\"height: 13.50pt;\" height=\"18\">Flaschenform<\/td>\n<td>Zylinder<\/td>\n<\/tr>\n<tr style=\"height: 13.50pt;\">\n<td style=\"height: 13.50pt;\" height=\"18\">Anpassungsbereich<\/td>\n<td>Farbe, Bodenform, Deckel, Gr\u00f6\u00dfe<\/td>\n<\/tr>\n<tr style=\"height: 13.50pt;\">\n<td style=\"height: 13.50pt;\" height=\"18\">Prim\u00e4re Verwendung<\/td>\n<td>Hochwertige, edle Spirituosenflaschen, personalisierte Spirituosenflaschen<\/td>\n<\/tr>\n<tr style=\"height: 13.50pt;\">\n<td style=\"height: 13.50pt;\" height=\"18\">Zielbranchen<\/td>\n<td>Ultra-Premium-Spirituosenmarken, luxuri\u00f6se Geschenksets<\/td>\n<\/tr>\n<\/tbody>\n<\/table>\n<h2>Erfolgsgeschichte: Sonderanfertigung bei einer f\u00fchrenden schottischen Whisky-Marke<\/h2>\n<p>Eine schottische Destillerie w\u00e4hlte unsere exklusiven 500-ml-Spirituosenflaschen und gestaltete sie in einem individuellen Farbton namens \u201eGletscherblau\u201c. Das Design, bei dem der Flaschenboden eine besondere Form erhielt, machte die Flasche zu einem ikonischen Element. Der Whisky in limitierter Auflage war innerhalb von 72 Stunden ausverkauft. Das Gewicht der Flasche und die au\u00dfergew\u00f6hnliche Verarbeitung rechtfertigten den hohen Preis, der dreimal so hoch war wie bei unseren Standard-Luxusprodukten. Nach diesem Erfolg bestellte das Unternehmen weitere 380.000 Flaschen, um die Markteinf\u00fchrung der neuen \u201eCastle Strength\u201c-Linie zu unterst\u00fctzen.<\/p>\n<h2>Vorschl\u00e4ge zur individuellen Gestaltung von edlen Spirituosenflaschen<\/h2>\n<ul>\n<li>Individuelle Sockelgestaltung: Es stehen zahlreiche Sockelgestaltungsm\u00f6glichkeiten zur Verf\u00fcgung, darunter Berge, Diamanten, Geoden, Eisberge und sogar individuell gestaltete, harmonische Formen.<\/li>\n<li>Metallverzierungen: Die Glas- und Sockelskulpturkomponenten erhalten als dekorative Elemente Manschetten aus Edelmetall, Namensschilder und Drahteinlagen.<\/li>\n<li>Verschlussoptionen: Die Kollektion umfasst verschiedene Premium-Verschlussoptionen, darunter Glasstopfen, Kombinationen aus Holz- und Korkstopfen sowie Schraubverschl\u00fcsse aus Metall.<\/li>\n<\/ul>","protected":false},"excerpt":{"rendered":"<p>Edle Kristallglasflaschen mit Bergmotiv und Glasverschluss. Personalisierte Flaschen f\u00fcr Spirituosenverpackungen. Kostenlose Muster erh\u00e4ltlich.<\/p>","protected":false},"featured_media":6267,"template":"","meta":{"postBodyCss":"","postBodyMargin":[],"postBodyPadding":[],"postBodyBackground":{"backgroundType":"classic","gradient":""}},"product_brand":[],"product_cat":[108,15,16],"product_tag":[],"class_list":{"0":"post-6257","1":"product","2":"type-product","3":"status-publish","4":"has-post-thumbnail","6":"product_cat-liquor-bottles","7":"product_cat-glass-containers","8":"product_cat-glass-bottles","10":"first","11":"instock","12":"shipping-taxable","13":"product-type-simple"},"jetpack_sharing_enabled":true,"_links":{"self":[{"href":"https:\/\/minghanggroup.com\/de\/wp-json\/wp\/v2\/product\/6257","targetHints":{"allow":["GET"]}}],"collection":[{"href":"https:\/\/minghanggroup.com\/de\/wp-json\/wp\/v2\/product"}],"about":[{"href":"https:\/\/minghanggroup.com\/de\/wp-json\/wp\/v2\/types\/product"}],"wp:featuredmedia":[{"embeddable":true,"href":"https:\/\/minghanggroup.com\/de\/wp-json\/wp\/v2\/media\/6267"}],"wp:attachment":[{"href":"https:\/\/minghanggroup.com\/de\/wp-json\/wp\/v2\/media?parent=6257"}],"wp:term":[{"taxonomy":"product_brand","embeddable":true,"href":"https:\/\/minghanggroup.com\/de\/wp-json\/wp\/v2\/product_brand?post=6257"},{"taxonomy":"product_cat","embeddable":true,"href":"https:\/\/minghanggroup.com\/de\/wp-json\/wp\/v2\/product_cat?post=6257"},{"taxonomy":"product_tag","embeddable":true,"href":"https:\/\/minghanggroup.com\/de\/wp-json\/wp\/v2\/product_tag?post=6257"}],"curies":[{"name":"wp","href":"https:\/\/api.w.org\/{rel}","templated":true}]}}