{"id":6256,"date":"2026-04-09T11:25:01","date_gmt":"2026-04-09T03:25:01","guid":{"rendered":"https:\/\/minghanggroup.com\/?post_type=product&#038;p=6256"},"modified":"2026-04-09T16:25:57","modified_gmt":"2026-04-09T08:25:57","slug":"empty-engraved-liquor-bottles-for-spirits-bulk","status":"publish","type":"product","link":"https:\/\/minghanggroup.com\/de\/produkt\/empty-engraved-liquor-bottles-for-spirits-bulk\/","title":{"rendered":"500-ml-Leerflaschen mit Gravur f\u00fcr Spirituosen (Gro\u00dfpackung)"},"content":{"rendered":"<p>Wenn Sie eine Verpackung suchen, die schon vor dem \u00d6ffnen der Flasche h\u00f6chste Qualit\u00e4t ausstrahlt, dann haben Sie sie gefunden. Die gravierten Spirituosenflaschen bestechen durch ihr schlankes, hohes Design und machen sich in jedem Regal eindrucksvoll in Szene. Das gepr\u00e4gte Design verleiht dem Produkt eine besondere Wertigkeit und macht es einzigartig. Es bietet ein erstklassiges haptisches Erlebnis, das Ihre Kunden begeistern wird.<\/p>\n<h2>Produktmerkmale<\/h2>\n<ul>\n<li><strong>Taktile Pr\u00e4gung:<\/strong> Er hob hervor, dass die Muster unseres Produkts visuelle Effekte erzeugen, w\u00e4hrend ihre haptischen Eigenschaften einen sofortigen visuellen Mehrwert f\u00fcr Ihre Marke schaffen.<\/li>\n<li><strong>Schwerer Sockel:<\/strong> Unser Designteam hat eine Bodenkonstruktion entwickelt, die Gewicht und Stabilit\u00e4t vereint, um Spirituosenglasflaschen ein edles Aussehen zu verleihen.<\/li>\n<li><strong>Sicherer Verschluss:<\/strong> Der standardm\u00e4\u00dfige Schraubverschluss des Produkts sorgt f\u00fcr eine vollst\u00e4ndige Abdichtung, die Spirituosen vor Verunreinigungen sch\u00fctzt und gleichzeitig ihre Frische bewahrt.<\/li>\n<\/ul>\n<h2>Wichtigste Spezifikationen<\/h2>\n<table style=\"border-collapse: collapse; width: 80%; margin-left: auto; margin-right: auto;\" border=\"0\" width=\"288\" cellspacing=\"0\" cellpadding=\"0\">\n<tbody>\n<tr style=\"height: 13.50pt;\">\n<td style=\"height: 13.5pt; width: 54pt; text-align: center;\" width=\"72\" height=\"18\">Besonderheit<\/td>\n<td style=\"width: 54pt; text-align: center;\" width=\"72\">Bodenrelief<\/td>\n<td style=\"width: 54pt; text-align: center;\" width=\"72\">Beidseitige Erleichterung<\/td>\n<td style=\"width: 54pt; text-align: center;\" width=\"72\">Top Relief<\/td>\n<\/tr>\n<tr style=\"height: 13.50pt;\">\n<td style=\"height: 13.5pt; text-align: center;\" height=\"18\">Kapazit\u00e4t<\/td>\n<td class=\"et2\" style=\"text-align: center;\" colspan=\"3\">500 ml<\/td>\n<\/tr>\n<tr style=\"height: 13.50pt;\">\n<td style=\"height: 13.5pt; text-align: center;\" height=\"18\">Abmessungen (cm)<\/td>\n<td style=\"text-align: center;\">7.5 * 25.4<\/td>\n<td style=\"text-align: center;\">6.8 * 26.5<\/td>\n<td style=\"text-align: center;\">7.1 * 26.8<\/td>\n<\/tr>\n<tr style=\"height: 13.50pt;\">\n<td style=\"height: 13.5pt; text-align: center;\" height=\"18\">Halslackierung<\/td>\n<td class=\"et2\" style=\"text-align: center;\" colspan=\"3\">Schraube (kompatibel mit Standardkappen)<\/td>\n<\/tr>\n<tr style=\"height: 13.50pt;\">\n<td style=\"height: 13.5pt; text-align: center;\" height=\"18\">Dekoration<\/td>\n<td class=\"et2\" style=\"text-align: center;\" colspan=\"3\">Individuell gepr\u00e4gte Muster<\/td>\n<\/tr>\n<\/tbody>\n<\/table>\n<h2>Erfolgsgeschichte<\/h2>\n<p>Die schottische Destillerie ben\u00f6tigte neue Verpackungsl\u00f6sungen f\u00fcr ihre Premium-Spirituosen. F\u00fcr ihr individuelles Designprojekt w\u00e4hlte der Kunde unsere 500-ml-Leerflaschen mit gepr\u00e4gtem Boden. Zus\u00e4tzlich wurde die Verpackung mit einem matten Metallverschluss mit individuell ge\u00e4tztem Logo veredelt. Auf dem Flaschenk\u00f6rper wurde au\u00dferdem eine Vertiefung f\u00fcr das Etikett geschaffen, um die Markenidentit\u00e4t im Vintage-Stil zu pr\u00e4sentieren.<\/p>\n<p>Das Produkt erzielte in den ersten drei Monaten nach Markteinf\u00fchrung ein Umsatzwachstum von \u00fcber 25 % im Einzelhandel. Aufgrund der positiven Kundenresonanz konnte der Kunde seine hohen Bestellmengen beibehalten und entschied sich f\u00fcr dieses spezielle Flaschendesign f\u00fcr sein gesamtes Produktsortiment.<\/p>\n<h2>Anpassungstipps<\/h2>\n<ol>\n<li><strong>Selektive Pr\u00e4geplatzierung:<\/strong> Entscheiden Sie sich je nach gew\u00fcnschtem visuellen Effekt und Budget f\u00fcr eine Teilpr\u00e4gung (Boden, Schulterband) oder eine Ganzk\u00f6rpergravur.<\/li>\n<li><strong>Labelintegration:<\/strong> Integrieren Sie ein flaches oder vertieftes Feld innerhalb der Pr\u00e4gung f\u00fcr eine einfachere Etikettenapplikation oder entscheiden Sie sich f\u00fcr den Direktdruck (Siebdruck \/ Goldpr\u00e4gung).<\/li>\n<li><strong>Farbgestaltungsm\u00f6glichkeiten:<\/strong> Setzen Sie die gravierten Designs mit Farbverlaufs-Spr\u00fchbeschichtung, Metallic-Effekten oder partieller Farbgebung in Szene.<\/li>\n<\/ol>","protected":false},"excerpt":{"rendered":"<p>Werten Sie Ihre Marke mit diesen leeren 500-ml-Whiskyflaschen auf. Diese gravierten Flaschen eignen sich ideal f\u00fcr Spirituosen und sind im Gro\u00dfhandel erh\u00e4ltlich. Kostenlose Muster anfordern.<\/p>","protected":false},"featured_media":6265,"template":"","meta":{"postBodyCss":"","postBodyMargin":[],"postBodyPadding":[],"postBodyBackground":{"backgroundType":"classic","gradient":""}},"product_brand":[],"product_cat":[108,15,16],"product_tag":[],"class_list":{"0":"post-6256","1":"product","2":"type-product","3":"status-publish","4":"has-post-thumbnail","6":"product_cat-liquor-bottles","7":"product_cat-glass-containers","8":"product_cat-glass-bottles","10":"first","11":"instock","12":"shipping-taxable","13":"product-type-simple"},"jetpack_sharing_enabled":true,"_links":{"self":[{"href":"https:\/\/minghanggroup.com\/de\/wp-json\/wp\/v2\/product\/6256","targetHints":{"allow":["GET"]}}],"collection":[{"href":"https:\/\/minghanggroup.com\/de\/wp-json\/wp\/v2\/product"}],"about":[{"href":"https:\/\/minghanggroup.com\/de\/wp-json\/wp\/v2\/types\/product"}],"wp:featuredmedia":[{"embeddable":true,"href":"https:\/\/minghanggroup.com\/de\/wp-json\/wp\/v2\/media\/6265"}],"wp:attachment":[{"href":"https:\/\/minghanggroup.com\/de\/wp-json\/wp\/v2\/media?parent=6256"}],"wp:term":[{"taxonomy":"product_brand","embeddable":true,"href":"https:\/\/minghanggroup.com\/de\/wp-json\/wp\/v2\/product_brand?post=6256"},{"taxonomy":"product_cat","embeddable":true,"href":"https:\/\/minghanggroup.com\/de\/wp-json\/wp\/v2\/product_cat?post=6256"},{"taxonomy":"product_tag","embeddable":true,"href":"https:\/\/minghanggroup.com\/de\/wp-json\/wp\/v2\/product_tag?post=6256"}],"curies":[{"name":"wp","href":"https:\/\/api.w.org\/{rel}","templated":true}]}}