{"id":6251,"date":"2026-04-08T13:52:44","date_gmt":"2026-04-08T05:52:44","guid":{"rendered":"https:\/\/minghanggroup.com\/?post_type=product&#038;p=6251"},"modified":"2026-04-08T16:20:36","modified_gmt":"2026-04-08T08:20:36","slug":"square-small-liquor-bottles-with-cork-bulk","status":"publish","type":"product","link":"https:\/\/minghanggroup.com\/de\/produkt\/square-small-liquor-bottles-with-cork-bulk\/","title":{"rendered":"100-ml-Vierkant-Kleinflaschen mit Korken (Gro\u00dfpackung)"},"content":{"rendered":"<p>Die kleinen Lik\u00f6rflaschen zeichnen sich durch ihre kompakte, abgerundete rechteckige Form aus hochwertigem Glas aus und sind in zwei eleganten Ausf\u00fchrungen erh\u00e4ltlich: klar und mattiert. Die Verschl\u00fcsse bestehen aus Naturkork und eignen sich daher ideal f\u00fcr Proben, Mini- und Reiseflaschen.<\/p>\n<h2>Produktmerkmale<\/h2>\n<ul>\n<li><strong>Kleiner, abgerundeter quadratischer K\u00f6rper:<\/strong> Die geschlossene quadratische Form mit abgerundeten Ecken sorgt daf\u00fcr, dass der Benutzer das Objekt sicher halten kann und es gleichzeitig ein ansprechendes Aussehen beh\u00e4lt.<\/li>\n<li><strong>Naturkorkenverschluss:<\/strong> Das nat\u00fcrliche Korkmaterial stellt eine umweltfreundliche Versiegelungsl\u00f6sung dar, die dem Produkt zudem eine nat\u00fcrliche \u00c4sthetik verleiht.<\/li>\n<li><strong>100-ml-Minigr\u00f6\u00dfe:<\/strong> Die kleine Gr\u00f6\u00dfe eignet sich gut f\u00fcr Produkte, die als Probe oder in Einzelportionen serviert werden sollen, in Reiseflaschen abgef\u00fcllt oder als Sondereditionen auf den Markt gebracht werden sollen.<\/li>\n<\/ul>\n<h2 style=\"text-align: left;\">Wichtigste Spezifikationen<\/h2>\n<table class=\"aligncenter\" style=\"border-collapse: collapse; width: 400.52pt;\" border=\"0\" width=\"534\" cellspacing=\"0\" cellpadding=\"0\">\n<tbody>\n<tr style=\"height: 13.50pt;\">\n<td style=\"height: 13.50pt; width: 117.75pt;\" width=\"157\" height=\"18\">Attribut<\/td>\n<td style=\"width: 282.75pt;\" width=\"377\">Details<\/td>\n<\/tr>\n<tr style=\"height: 13.50pt;\">\n<td style=\"height: 13.50pt;\" height=\"18\">Gr\u00f6\u00dfe und Kapazit\u00e4t<\/td>\n<td>5\u00d712cm (100ml)<\/td>\n<\/tr>\n<tr style=\"height: 13.50pt;\">\n<td style=\"height: 13.50pt;\" height=\"18\">Material<\/td>\n<td>Klares oder mattiertes Glas, Naturholzkork<\/td>\n<\/tr>\n<tr style=\"height: 13.50pt;\">\n<td style=\"height: 13.50pt;\" height=\"18\">Flaschenform<\/td>\n<td>Quadratische S\u00e4ule mit abgerundeten Ecken<\/td>\n<\/tr>\n<tr style=\"height: 13.50pt;\">\n<td style=\"height: 13.50pt;\" height=\"18\">Anpassungsbereich<\/td>\n<td>Farbe, Ausf\u00fchrung, Kork, Gr\u00f6\u00dfe<\/td>\n<\/tr>\n<tr style=\"height: 13.50pt;\">\n<td style=\"height: 13.50pt;\" height=\"18\">Handwerkskunst<\/td>\n<td>Glasformung, Oberfl\u00e4chenbehandlung<\/td>\n<\/tr>\n<tr style=\"height: 13.50pt;\">\n<td style=\"height: 13.50pt;\" height=\"18\">Prim\u00e4re Verwendung<\/td>\n<td>Kleine Schnapsflaschen, Schnapsprobenflaschen<\/td>\n<\/tr>\n<tr style=\"height: 13.50pt;\">\n<td style=\"height: 13.50pt;\" height=\"18\">Zielbranchen<\/td>\n<td>Handwerksbrennereien, Abo-Boxen<\/td>\n<\/tr>\n<\/tbody>\n<\/table>\n<h2>Erfolgsgeschichte: Eine Sonderbestellung aus einer nationalen Abo-Box f\u00fcr handwerklich hergestellte Spirituosen<\/h2>\n<p>Ein US-amerikanischer Abo-Service f\u00fcr Craft-Spirituosen w\u00e4hlte unsere mattierten, quadratischen Flaschen und versah sie mit einem Marken-Wachsversiegelungskorken und einem Korpus aus Buntglas. Die Ergebnisse waren \u00fcberw\u00e4ltigend: Das einzigartige Flaschendesign steigerte die Anzahl der Unboxing-Videos in den sozialen Medien um 400 %, und das individuelle Design half dem Unternehmen, Partnerschaften mit 50 neuen Craft-Brauereien zu kn\u00fcpfen. Nach diesem ersten Erfolg bestellte das Unternehmen weitere 480.000 Flaschen.<\/p>\n<h2>Optionen zur individuellen Gestaltung kleiner Spirituosenflaschen<\/h2>\n<ul>\n<li>Glasfarben und -t\u00f6ne: Das Produkt ist in vier Glasvarianten erh\u00e4ltlich: bernsteinfarbenes, gr\u00fcnes, blaues und get\u00f6ntes Glas. Zus\u00e4tzlich stehen zwei Glasoptionen zur Verf\u00fcgung: klares und mattiertes Glas.<\/li>\n<li>Korkvarianten: Das System bietet vier Korkoptionen: Naturkork, farbiger Kork, synthetischer Kork und wachsimpr\u00e4gnierter Kork. Zus\u00e4tzlich besteht die M\u00f6glichkeit, Logos aufzudrucken.<\/li>\n<li>Leder- oder Seilverzierung: Kunden k\u00f6nnen optional einen Lederriemen oder eine Seilverzierung am Flaschenhals sowie ein Etikettendesign hinzuf\u00fcgen, um dem Flaschenhals ein rustikales Aussehen zu verleihen.<\/li>\n<\/ul>","protected":false},"excerpt":{"rendered":"<p>Kleine Lik\u00f6rflaschen (100 ml) aus klarem und mattiertem Glas. Kleine Lik\u00f6rflaschen mit Korken f\u00fcr Spirituosen oder \u00d6le. Gratisproben erh\u00e4ltlich.<\/p>","protected":false},"featured_media":6253,"template":"","meta":{"postBodyCss":"","postBodyMargin":[],"postBodyPadding":[],"postBodyBackground":{"backgroundType":"classic","gradient":""}},"product_brand":[],"product_cat":[108,15,16],"product_tag":[],"class_list":{"0":"post-6251","1":"product","2":"type-product","3":"status-publish","4":"has-post-thumbnail","6":"product_cat-liquor-bottles","7":"product_cat-glass-containers","8":"product_cat-glass-bottles","10":"first","11":"instock","12":"shipping-taxable","13":"product-type-simple"},"jetpack_sharing_enabled":true,"_links":{"self":[{"href":"https:\/\/minghanggroup.com\/de\/wp-json\/wp\/v2\/product\/6251","targetHints":{"allow":["GET"]}}],"collection":[{"href":"https:\/\/minghanggroup.com\/de\/wp-json\/wp\/v2\/product"}],"about":[{"href":"https:\/\/minghanggroup.com\/de\/wp-json\/wp\/v2\/types\/product"}],"wp:featuredmedia":[{"embeddable":true,"href":"https:\/\/minghanggroup.com\/de\/wp-json\/wp\/v2\/media\/6253"}],"wp:attachment":[{"href":"https:\/\/minghanggroup.com\/de\/wp-json\/wp\/v2\/media?parent=6251"}],"wp:term":[{"taxonomy":"product_brand","embeddable":true,"href":"https:\/\/minghanggroup.com\/de\/wp-json\/wp\/v2\/product_brand?post=6251"},{"taxonomy":"product_cat","embeddable":true,"href":"https:\/\/minghanggroup.com\/de\/wp-json\/wp\/v2\/product_cat?post=6251"},{"taxonomy":"product_tag","embeddable":true,"href":"https:\/\/minghanggroup.com\/de\/wp-json\/wp\/v2\/product_tag?post=6251"}],"curies":[{"name":"wp","href":"https:\/\/api.w.org\/{rel}","templated":true}]}}