{"id":6240,"date":"2026-04-08T09:10:27","date_gmt":"2026-04-08T01:10:27","guid":{"rendered":"https:\/\/minghanggroup.com\/?post_type=product&#038;p=6240"},"modified":"2026-04-08T13:03:36","modified_gmt":"2026-04-08T05:03:36","slug":"empty-liquor-bottle-glassware-with-gold-lids-bulk","status":"publish","type":"product","link":"https:\/\/minghanggroup.com\/de\/produkt\/empty-liquor-bottle-glassware-with-gold-lids-bulk\/","title":{"rendered":"500-ml-Leerflaschen aus Glas mit goldenen Deckeln (Gro\u00dfpackung)"},"content":{"rendered":"<p>Die Lik\u00f6rflaschen aus Glas zeichnen sich durch ihr traditionelles, tailliertes oder tropfenf\u00f6rmiges Design aus. Sie bestehen aus hochtransparentem, hochwertigem Glas und sind mit einem goldenen Verschluss versehen. Die Flaschen sind in schlichten und detailreichen Verzierungen erh\u00e4ltlich.<\/p>\n<h2>Produktmerkmale<\/h2>\n<ul>\n<li><strong>Klassisches Flaschendesign mit taillierter Form:<\/strong> Die schlanke, taillierte Tropfenform pr\u00e4sentiert anmutige Kurven, die etablierte Traditionen im Verpackungsdesign von Spirituosen widerspiegeln.<\/li>\n<li><strong>Hochreines Glasmaterial:<\/strong> Das Material besteht aus hochtransparentem, farblosem Glas, das durch seine Transparenz die vollst\u00e4ndige Sichtbarkeit der Farbe der Spirituose erm\u00f6glicht.<\/li>\n<li><strong>Luxuri\u00f6se Goldkappenoptionen:<\/strong> Sie k\u00f6nnen zwischen einer aufwendig gepr\u00e4gten Goldkappe oder einer schlichten, flachen Goldkappe w\u00e4hlen, um die Identit\u00e4t Ihrer Marke widerzuspiegeln.<\/li>\n<\/ul>\n<h2 style=\"text-align: left;\">Wichtigste Spezifikationen<\/h2>\n<table class=\"aligncenter\" style=\"border-collapse: collapse; width: 400.52pt;\" border=\"0\" width=\"534\" cellspacing=\"0\" cellpadding=\"0\">\n<tbody>\n<tr style=\"height: 13.50pt;\">\n<td style=\"height: 13.50pt; width: 117.75pt;\" width=\"157\" height=\"18\">Attribut<\/td>\n<td style=\"width: 282.75pt;\" width=\"377\">Details<\/td>\n<\/tr>\n<tr style=\"height: 13.50pt;\">\n<td style=\"height: 13.50pt;\" height=\"18\">Gr\u00f6\u00dfe und Kapazit\u00e4t<\/td>\n<td>Zwei 500-ml-Varianten: 7,1 \u00d7 27,3 cm und 6,7 \u00d7 25,7 cm<\/td>\n<\/tr>\n<tr style=\"height: 13.50pt;\">\n<td style=\"height: 13.50pt;\" height=\"18\">Material<\/td>\n<td>Klarglas<\/td>\n<\/tr>\n<tr style=\"height: 13.50pt;\">\n<td style=\"height: 13.50pt;\" height=\"18\">Flaschenform<\/td>\n<td>Taillierte Tropfenform<\/td>\n<\/tr>\n<tr style=\"height: 13.50pt;\">\n<td style=\"height: 13.50pt;\" height=\"18\">Anpassungsbereich<\/td>\n<td>Farbe, Ausf\u00fchrung, Deckelgr\u00f6\u00dfe<\/td>\n<\/tr>\n<tr style=\"height: 13.50pt;\">\n<td style=\"height: 13.50pt;\" height=\"18\">Prim\u00e4re Verwendung<\/td>\n<td>Gro\u00dfhandel mit leeren Spirituosenflaschen<\/td>\n<\/tr>\n<tr style=\"height: 13.50pt;\">\n<td style=\"height: 13.50pt;\" height=\"18\">Zielbranchen<\/td>\n<td>Handwerksbrennereien, Premium-Spirituosenmarken<\/td>\n<\/tr>\n<\/tbody>\n<\/table>\n<h2>Erfolgsgeschichte: Weltweite Markteinf\u00fchrung einer asiatischen Spirituosenmarke<\/h2>\n<p>Unser Unternehmen lieferte der asiatischen Spirituosenmarke unsere 500-ml-Glasflaschen, die diese mit einem tief gepr\u00e4gten Drachenmotiv und einem goldenen Verschluss individualisierte. Die klassische Flaschenform steigerte die Wiedererkennung im Regal und die Markenbekanntheit um 60 %, w\u00e4hrend der hochwertige Goldverschluss den Preis pro Flasche um 20 US-Dollar erh\u00f6hte. Die Marke erzielte einen gro\u00dfen Erfolg, da sie zus\u00e4tzlich 500.000 Flaschen bestellte, um ihre neuen Spirituosen mit verschiedenen Geschmacksrichtungen und Sammlerst\u00fccke einzuf\u00fchren.<\/p>\n<h2>Gro\u00dfhandel mit leeren Spirituosenflaschen \u2013 Anpassungsm\u00f6glichkeiten<\/h2>\n<ul>\n<li>Kappen-Design und Oberfl\u00e4chenbehandlung: Das Produkt bietet drei Oberfl\u00e4chenbehandlungsoptionen: Gold, Silber und Kupfer f\u00fcr schlichte und gewellte sowie fein gepr\u00e4gte Kappen.<\/li>\n<li>Pr\u00e4gung\/Relief: Die Schulter und der Boden der Flasche bieten Platz f\u00fcr detaillierte Designelemente, darunter verschiedene Muster, Logos und kulturelle Motive.<\/li>\n<li>Manipulationssichere Ma\u00dfnahmen: Das Produkt bietet kundenspezifische Schrumpffolien- und Wachssiegel sowie zerbrechliche Kappen als Sicherheitsma\u00dfnahmen zum Schutz des Produkts.<\/li>\n<\/ul>","protected":false},"excerpt":{"rendered":"<p>Leere Spirituosenflaschen im eleganten Tropfendesign mit goldenen Verschl\u00fcssen im Gro\u00dfhandel. Ideal f\u00fcr Spirituosenflaschen. Individuelle Branding-Optionen verf\u00fcgbar.<\/p>","protected":false},"featured_media":6245,"template":"","meta":{"postBodyCss":"","postBodyMargin":[],"postBodyPadding":[],"postBodyBackground":{"backgroundType":"classic","gradient":""}},"product_brand":[],"product_cat":[108,15,16],"product_tag":[],"class_list":{"0":"post-6240","1":"product","2":"type-product","3":"status-publish","4":"has-post-thumbnail","6":"product_cat-liquor-bottles","7":"product_cat-glass-containers","8":"product_cat-glass-bottles","10":"first","11":"instock","12":"shipping-taxable","13":"product-type-simple"},"jetpack_sharing_enabled":true,"_links":{"self":[{"href":"https:\/\/minghanggroup.com\/de\/wp-json\/wp\/v2\/product\/6240","targetHints":{"allow":["GET"]}}],"collection":[{"href":"https:\/\/minghanggroup.com\/de\/wp-json\/wp\/v2\/product"}],"about":[{"href":"https:\/\/minghanggroup.com\/de\/wp-json\/wp\/v2\/types\/product"}],"wp:featuredmedia":[{"embeddable":true,"href":"https:\/\/minghanggroup.com\/de\/wp-json\/wp\/v2\/media\/6245"}],"wp:attachment":[{"href":"https:\/\/minghanggroup.com\/de\/wp-json\/wp\/v2\/media?parent=6240"}],"wp:term":[{"taxonomy":"product_brand","embeddable":true,"href":"https:\/\/minghanggroup.com\/de\/wp-json\/wp\/v2\/product_brand?post=6240"},{"taxonomy":"product_cat","embeddable":true,"href":"https:\/\/minghanggroup.com\/de\/wp-json\/wp\/v2\/product_cat?post=6240"},{"taxonomy":"product_tag","embeddable":true,"href":"https:\/\/minghanggroup.com\/de\/wp-json\/wp\/v2\/product_tag?post=6240"}],"curies":[{"name":"wp","href":"https:\/\/api.w.org\/{rel}","templated":true}]}}