{"id":6232,"date":"2026-04-07T14:08:02","date_gmt":"2026-04-07T06:08:02","guid":{"rendered":"https:\/\/minghanggroup.com\/?post_type=product&#038;p=6232"},"modified":"2026-04-07T14:34:58","modified_gmt":"2026-04-07T06:34:58","slug":"round-glass-bottles-for-liquor-with-lids-wholesale","status":"publish","type":"product","link":"https:\/\/minghanggroup.com\/de\/produkt\/round-glass-bottles-for-liquor-with-lids-wholesale\/","title":{"rendered":"100 ml \u2013 750 ml runde Glasflaschen f\u00fcr Spirituosen mit Deckel (Gro\u00dfhandel)"},"content":{"rendered":"<p>Diese eleganten Glasflaschen f\u00fcr Spirituosen bestechen durch ihre Tropfenform und sind mit Naturkorken verschlossen. Sie sind in verschiedenen Gr\u00f6\u00dfen und sowohl in klarer als auch in mattierter Ausf\u00fchrung erh\u00e4ltlich.<\/p>\n<h2>Produktmerkmale<\/h2>\n<ul>\n<li><strong>Klassische Tropfenform:<\/strong> Das Design zeichnet sich durch eine abgerundete Basis aus, die sich nach oben in einen Hals erstreckt und so ein elegantes, traditionelles Design schafft, das dennoch gut in der Hand liegt.<\/li>\n<li><strong>Zweifarbiges Glas:<\/strong> F\u00fcr das Produkt werden zwei verschiedene Glasoptionen ben\u00f6tigt: hochtransparentes Glas und mattiertes Glas mit Milchglas-Finish.<\/li>\n<li><strong>Naturkork:<\/strong> Die Verwendung von echtem Korkmaterial erzeugt eine authentische, nachhaltige Versiegelung, die die optische Attraktivit\u00e4t des Produkts steigert.<\/li>\n<\/ul>\n<h2 style=\"text-align: left;\">Wichtigste Spezifikationen<\/h2>\n<table class=\"aligncenter\" style=\"border-collapse: collapse; width: 444.77pt;\" border=\"0\" width=\"593\" cellspacing=\"0\" cellpadding=\"0\">\n<tbody>\n<tr style=\"height: 13.50pt;\">\n<td style=\"height: 13.50pt; width: 133.50pt;\" width=\"178\" height=\"18\">Specification<\/td>\n<td style=\"width: 311.25pt;\" width=\"415\">Details<\/td>\n<\/tr>\n<tr style=\"height: 13.50pt;\">\n<td style=\"height: 13.50pt;\" height=\"18\">Abmessungen und Kapazit\u00e4t<\/td>\n<td>100 ml, 250 ml, 380 ml, 500 ml, 750 ml<\/td>\n<\/tr>\n<tr style=\"height: 13.50pt;\">\n<td style=\"height: 13.50pt;\" height=\"18\">Material<\/td>\n<td>Klares oder mattiertes Glas, Naturholzkork<\/td>\n<\/tr>\n<tr style=\"height: 13.50pt;\">\n<td style=\"height: 13.50pt;\" height=\"18\">Flaschenform<\/td>\n<td>Abgerundeter Tropfen mit schmalem<\/td>\n<\/tr>\n<tr style=\"height: 13.50pt;\">\n<td style=\"height: 13.50pt;\" height=\"18\">Anpassungsumfang<\/td>\n<td>Farbe, Ausf\u00fchrung, Kork, Gr\u00f6\u00dfe<\/td>\n<\/tr>\n<tr style=\"height: 13.50pt;\">\n<td style=\"height: 13.50pt;\" height=\"18\">Handwerkskunst<\/td>\n<td>Glasblasen f\u00fcr organische Formen, Mattierungsbehandlung<\/td>\n<\/tr>\n<tr style=\"height: 13.50pt;\">\n<td style=\"height: 13.50pt;\" height=\"18\">Produktzweck<\/td>\n<td>Glasflaschen f\u00fcr Spirituosen, Flaschen f\u00fcr aromatisierte Lik\u00f6re<\/td>\n<\/tr>\n<tr style=\"height: 13.50pt;\">\n<td style=\"height: 13.50pt;\" height=\"18\">Geeignete Branchen<\/td>\n<td>Handwerksbrennereien, Weing\u00fcter, Getr\u00e4nkefabrik<\/td>\n<\/tr>\n<\/tbody>\n<\/table>\n<h2>Erfolgsgeschichte: Sonderanfertigung bei einer kalifornischen Craft-Spirituosenmarke<\/h2>\n<p>Die kalifornische Boutique-Marke entschied sich f\u00fcr unsere mattierten, runden 500-ml- und 750-ml-Flaschen aus hellbernsteinfarbenem Glas f\u00fcr ihre Amarone- und Lik\u00f6rprodukte. Das Ergebnis war spektakul\u00e4r: Die einzigartige Tropfenform der Flaschen sorgte f\u00fcr 50 % mehr Sichtbarkeit in stark frequentierten Verkaufsfl\u00e4chen, w\u00e4hrend der speziell angefertigte Korken die Verdunstung um 0,5 % reduzierte. Dank des einzigartigen Designs und des originellen Konzepts konnte die Marke einen landesweiten Catering-Vertrag mit einem renommierten Catering-Unternehmen abschlie\u00dfen. Der anf\u00e4ngliche Erfolg f\u00fchrte zu einer Bestellung von 300.000 weiteren Flaschen.<\/p>\n<h2>Vorschl\u00e4ge zur individuellen Gestaltung von Glasflaschen f\u00fcr Spirituosen<\/h2>\n<ul>\n<li>Das Produkt bietet zwei verschiedene Verschluss- und Kappenoptionen: synthetisches Korkmaterial und wachsimpr\u00e4gnierter Kork sowie Holzstopfen mit Metallkappen.<\/li>\n<li>Wachsversiegelung: Das Unternehmen bietet individuell gef\u00e4rbte Wachsversiegelungsdienste an, die dazu beitragen, die Authentizit\u00e4t zu erh\u00f6hen und die Manipulationssicherheit von Korken zu verbessern.<\/li>\n<li>Volumenanpassung: Die Geschenksets enthalten 50-ml-Mini-Flaschen, w\u00e4hrend 1-Liter-Flaschen als Sondereditionen erh\u00e4ltlich sind.<\/li>\n<\/ul>","protected":false},"excerpt":{"rendered":"<p>Elegante Glasflaschen f\u00fcr Spirituosen in Tropfenform mit Korkverschluss. Runde Spirituosenflaschen in Klarglas und Mattglas erh\u00e4ltlich. Sonderanfertigungen m\u00f6glich.<\/p>","protected":false},"featured_media":6236,"template":"","meta":{"postBodyCss":"","postBodyMargin":[],"postBodyPadding":[],"postBodyBackground":{"backgroundType":"classic","gradient":""}},"product_brand":[],"product_cat":[15,108,16],"product_tag":[],"class_list":{"0":"post-6232","1":"product","2":"type-product","3":"status-publish","4":"has-post-thumbnail","6":"product_cat-glass-containers","7":"product_cat-liquor-bottles","8":"product_cat-glass-bottles","10":"first","11":"instock","12":"shipping-taxable","13":"product-type-simple"},"jetpack_sharing_enabled":true,"_links":{"self":[{"href":"https:\/\/minghanggroup.com\/de\/wp-json\/wp\/v2\/product\/6232","targetHints":{"allow":["GET"]}}],"collection":[{"href":"https:\/\/minghanggroup.com\/de\/wp-json\/wp\/v2\/product"}],"about":[{"href":"https:\/\/minghanggroup.com\/de\/wp-json\/wp\/v2\/types\/product"}],"wp:featuredmedia":[{"embeddable":true,"href":"https:\/\/minghanggroup.com\/de\/wp-json\/wp\/v2\/media\/6236"}],"wp:attachment":[{"href":"https:\/\/minghanggroup.com\/de\/wp-json\/wp\/v2\/media?parent=6232"}],"wp:term":[{"taxonomy":"product_brand","embeddable":true,"href":"https:\/\/minghanggroup.com\/de\/wp-json\/wp\/v2\/product_brand?post=6232"},{"taxonomy":"product_cat","embeddable":true,"href":"https:\/\/minghanggroup.com\/de\/wp-json\/wp\/v2\/product_cat?post=6232"},{"taxonomy":"product_tag","embeddable":true,"href":"https:\/\/minghanggroup.com\/de\/wp-json\/wp\/v2\/product_tag?post=6232"}],"curies":[{"name":"wp","href":"https:\/\/api.w.org\/{rel}","templated":true}]}}