{"id":6223,"date":"2026-04-07T13:40:10","date_gmt":"2026-04-07T05:40:10","guid":{"rendered":"https:\/\/minghanggroup.com\/?post_type=product&#038;p=6223"},"modified":"2026-04-07T13:40:11","modified_gmt":"2026-04-07T05:40:11","slug":"clear-liquor-bottles-with-glass-stopper-bulk","status":"publish","type":"product","link":"https:\/\/minghanggroup.com\/de\/produkt\/clear-liquor-bottles-with-glass-stopper-bulk\/","title":{"rendered":"Klare Spirituosenflaschen mit Glasverschluss (100 ml \u2013 1000 ml) \u2013 Gro\u00dfpackung"},"content":{"rendered":"<p>Das von uns entworfene Design der transparenten Spirituosenflasche zeichnet sich durch eine volumin\u00f6se Form mit einem hohen, schlanken Hals aus. Dank des flachen Flaschenrandes schlie\u00dft die Flasche perfekt mit dem mitgelieferten Glasverschluss ab. Das Flaschendesign steigert den Wert Ihres Produkts, da das hochtransparente Glas die goldene Farbe des Premium-Whiskys oder dessen mattierte Oberfl\u00e4che, die eine geheimnisvolle Tiefe erzeugt, optimal zur Geltung bringt.<\/p>\n<h2>Produktmerkmale<\/h2>\n<ul>\n<li><strong>Kompakte und abgerundete Form:<\/strong> Diese Flasche hat eine sehr markante, \u201erunde\u201c Form mit eleganten Linien und harmonischen Proportionen, die insgesamt ein sehr angenehmes und liebenswertes Erscheinungsbild ergeben.<\/li>\n<li><strong>Hochwertige Materialqualit\u00e4t:<\/strong> Diese Flaschen werden aus hochwertigem Glas hergestellt und bieten daher auch bei unsachgem\u00e4\u00dfer Behandlung w\u00e4hrend des Transports \u00fcber lange Strecken eine beachtliche Stabilit\u00e4t und Bruchfestigkeit.<\/li>\n<li><strong>Auslaufsichere Glasdichtung:<\/strong> Der Flaschenhals ist mit einem flachen Rand versehen, der einen idealen, gleichm\u00e4\u00dfigen Sitz mit Glasstopfen oder -kappen gew\u00e4hrleistet und somit perfekt geeignet ist, die urspr\u00fcngliche Frische und den Geschmack Ihrer Spirituosen ohne Auslaufen zu bewahren.<\/li>\n<\/ul>\n<h2>Wichtigste Spezifikationen<\/h2>\n<table style=\"border-collapse: collapse; width: 80%; margin-left: auto; margin-right: auto;\" border=\"0\" width=\"144\" cellspacing=\"0\" cellpadding=\"0\">\n<tbody>\n<tr style=\"height: 13.50pt;\">\n<td style=\"height: 13.5pt; width: 54pt; text-align: center;\" width=\"72\" height=\"18\">Besonderheit<\/td>\n<td style=\"width: 54pt; text-align: center;\" width=\"72\">Details<\/td>\n<\/tr>\n<tr style=\"height: 13.50pt;\">\n<td style=\"height: 13.5pt; text-align: center;\" height=\"18\">Fassungsverm\u00f6gen (ml)<\/td>\n<td style=\"text-align: center;\">100 250 500 1000<\/td>\n<\/tr>\n<tr style=\"height: 13.50pt;\">\n<td style=\"height: 13.5pt; text-align: center;\" height=\"18\">Halslackierung<\/td>\n<td style=\"text-align: center;\">Flache \u00d6ffnung (f\u00fcr Glaskorken\/Stopfen)<\/td>\n<\/tr>\n<tr style=\"height: 13.50pt;\">\n<td style=\"height: 13.5pt; text-align: center;\" height=\"18\">Anwendung<\/td>\n<td style=\"text-align: center;\">Spirituosen, Wein, Oliven\u00f6l<\/td>\n<\/tr>\n<tr style=\"height: 13.50pt;\">\n<td style=\"height: 13.5pt; text-align: center;\" height=\"18\">Oberfl\u00e4chenbehandlung<\/td>\n<td style=\"text-align: center;\">Polieren, Mattieren, Aufkleber, Etikettierung<\/td>\n<\/tr>\n<\/tbody>\n<\/table>\n<h2>Erfolgsgeschichte<\/h2>\n<p>Wir haben eine neue Partnerschaft mit einer australischen Whiskybrennerei begonnen, die als Boutique-Destillerie gef\u00fchrt wird. Das Unternehmen entschied sich f\u00fcr unsere 375-ml-Flasche als Verpackungsl\u00f6sung. Der Kunde w\u00e4hlte eine individuelle Verpackung, um den Wert seines Whiskys zu steigern, da er die Qualit\u00e4t seines Destillats durch den transparenten Glask\u00f6rper der Flasche optimal pr\u00e4sentieren wollte. Mithilfe des Siebdruckverfahrens wurde ein Markenlogo mit Matt-Effekt erstellt, das als erhabene Textur auf der Flasche angebracht wurde. Das Unternehmen erzielte in den ersten drei Monaten einen Umsatzanstieg von 40 %. Drei Monate sp\u00e4ter gab es eine Gro\u00dfbestellung auf, um sich f\u00fcr die bevorstehende Weihnachtszeit einzudecken.<\/p>\n<h2>Anpassungstipps<\/h2>\n<ol>\n<li><strong>Flaschenherstellung:<\/strong> Man kann das Glas mattieren (ergibt einen matten Effekt), Siebdruck verwenden (wenn man das Firmenlogo oder ein Design anbringen m\u00f6chte) oder sogar eine Hei\u00dfpr\u00e4gung mit Gold- oder Silberfolie vornehmen, f\u00fcr diejenigen, die in Richtung Luxus gehen m\u00f6chten. Auch die partielle UV-Lackierung eignet sich hervorragend, um bestimmte Teile des Designs hervorzuheben und so den Wiedererkennungswert der Flasche zu steigern.<\/li>\n<li><strong>Etiketten und Verpackungen:<\/strong> Sie k\u00f6nnen individuelle Etiketten (aus Papier oder wasserfestem PVC), Geschenkboxen (f\u00fcr eine oder mehrere Flaschen), Kordelz\u00fcge oder Wachssiegel verwenden, um ein komplettes Markenerlebnis zu schaffen \u2013 von innen nach au\u00dfen \u2013, was das Produkt besonders geeignet f\u00fcr den Geschenkartikelmarkt macht.<\/li>\n<li><strong>Spezielle Dekorationstechniken:<\/strong> Man kann zum Beispiel ein fast unsichtbares Markenmuster in den Flaschenboden einpr\u00e4gen oder eine rutschfeste Oberfl\u00e4che am Flaschenk\u00f6rper anbringen (um die Handhabung zu verbessern), sodass selbst kleine Details als Unterscheidungsmerkmal dienen.<\/li>\n<\/ol>","protected":false},"excerpt":{"rendered":"<p>Die transparenten Spirituosenflaschen mit abgerundeter Form und Glasverschluss sind ideal f\u00fcr Spirituosen und eignen sich perfekt f\u00fcr Ihr Branding. Schneller Versand.<\/p>","protected":false},"featured_media":6231,"template":"","meta":{"postBodyCss":"","postBodyMargin":[],"postBodyPadding":[],"postBodyBackground":{"backgroundType":"classic","gradient":""}},"product_brand":[],"product_cat":[15,108,16],"product_tag":[],"class_list":{"0":"post-6223","1":"product","2":"type-product","3":"status-publish","4":"has-post-thumbnail","6":"product_cat-glass-containers","7":"product_cat-liquor-bottles","8":"product_cat-glass-bottles","10":"first","11":"instock","12":"shipping-taxable","13":"product-type-simple"},"jetpack_sharing_enabled":true,"_links":{"self":[{"href":"https:\/\/minghanggroup.com\/de\/wp-json\/wp\/v2\/product\/6223","targetHints":{"allow":["GET"]}}],"collection":[{"href":"https:\/\/minghanggroup.com\/de\/wp-json\/wp\/v2\/product"}],"about":[{"href":"https:\/\/minghanggroup.com\/de\/wp-json\/wp\/v2\/types\/product"}],"wp:featuredmedia":[{"embeddable":true,"href":"https:\/\/minghanggroup.com\/de\/wp-json\/wp\/v2\/media\/6231"}],"wp:attachment":[{"href":"https:\/\/minghanggroup.com\/de\/wp-json\/wp\/v2\/media?parent=6223"}],"wp:term":[{"taxonomy":"product_brand","embeddable":true,"href":"https:\/\/minghanggroup.com\/de\/wp-json\/wp\/v2\/product_brand?post=6223"},{"taxonomy":"product_cat","embeddable":true,"href":"https:\/\/minghanggroup.com\/de\/wp-json\/wp\/v2\/product_cat?post=6223"},{"taxonomy":"product_tag","embeddable":true,"href":"https:\/\/minghanggroup.com\/de\/wp-json\/wp\/v2\/product_tag?post=6223"}],"curies":[{"name":"wp","href":"https:\/\/api.w.org\/{rel}","templated":true}]}}