{"id":6218,"date":"2026-04-07T10:57:04","date_gmt":"2026-04-07T02:57:04","guid":{"rendered":"https:\/\/minghanggroup.com\/?post_type=product&#038;p=6218"},"modified":"2026-04-07T10:57:06","modified_gmt":"2026-04-07T02:57:06","slug":"custom-glass-liquor-bottles-with-lids-for-packaging-bulk","status":"publish","type":"product","link":"https:\/\/minghanggroup.com\/de\/produkt\/custom-glass-liquor-bottles-with-lids-for-packaging-bulk\/","title":{"rendered":"100 ml \u2013 1000 ml individuell gestaltete Glasflaschen mit Deckel f\u00fcr Spirituosen in gro\u00dfen Mengen"},"content":{"rendered":"<p>Die robusten Glasflaschen f\u00fcr Spirituosen bestechen durch ihr Design, das eine glatte, zylindrische Form mit einem schmalen Hals kombiniert und so eine zeitlose \u00c4sthetik schafft, die moderne Kunden anspricht. Sie haben die Wahl zwischen klaren und mattierten Oberfl\u00e4chen und k\u00f6nnen so Ihre gew\u00fcnschte Markenidentit\u00e4t verwirklichen. Die individuell gestaltbaren Flaschen sind mit Schraub- oder Flachverschl\u00fcssen aus Holz oder Aluminium erh\u00e4ltlich und gew\u00e4hrleisten einen sicheren Verschluss bei jedem Ausgie\u00dfen. Die Produkte sind in verschiedenen Gr\u00f6\u00dfen von 100 ml bis 1000 ml erh\u00e4ltlich und eignen sich daher ideal zur Aufbewahrung von Whisky, Wodka und anderen Spirituosen. Unsere Flaschen bieten sowohl Qualit\u00e4t als auch vielf\u00e4ltige Einsatzm\u00f6glichkeiten f\u00fcr Brennereien, die neue Produkte einf\u00fchren m\u00f6chten, als auch f\u00fcr H\u00e4ndler, die gr\u00f6\u00dfere Mengen abnehmen.<\/p>\n<h2>Produktmerkmale<\/h2>\n<ul>\n<li><strong>Premium-Ausf\u00fchrung:<\/strong> Durch das Angebot von klaren und sandgestrahlten Oberfl\u00e4chen k\u00f6nnen Marken optisch ansprechender wirken und ihre Identit\u00e4t st\u00e4rken.<\/li>\n<li><strong>Sicherer Verschluss:<\/strong> Auslaufsichere Aufbewahrung wird durch Schraub- und Flachverschlussverschl\u00fcsse in Kombination mit Deckeln aus Holz oder Aluminium gew\u00e4hrleistet.<\/li>\n<li><strong>Verdickte Bodenkonstruktion:<\/strong> Ein verst\u00e4rkter Boden tr\u00e4gt nicht nur zu einem schwereren und stabileren Produkt bei, sondern hilft auch dabei, die Pr\u00e4senz im Regal und den Eindruck von hoher Qualit\u00e4t zu verst\u00e4rken.<\/li>\n<\/ul>\n<h2>Wichtigste Spezifikationen<\/h2>\n<table style=\"border-collapse: collapse; width: 80%; margin-left: auto; margin-right: auto;\" border=\"0\" width=\"144\" cellspacing=\"0\" cellpadding=\"0\">\n<tbody>\n<tr style=\"height: 13.50pt;\">\n<td style=\"height: 13.5pt; width: 54pt; text-align: center;\" width=\"72\" height=\"18\">Kategorie<\/td>\n<td style=\"width: 54pt; text-align: center;\" width=\"72\">Details<\/td>\n<\/tr>\n<tr style=\"height: 13.50pt;\">\n<td style=\"height: 13.5pt; text-align: center;\" height=\"18\">Kapazit\u00e4ten<\/td>\n<td style=\"text-align: center;\">100, 200, 375, 500, 750, 1000 ml<\/td>\n<\/tr>\n<tr style=\"height: 13.50pt;\">\n<td style=\"height: 13.5pt; text-align: center;\" height=\"18\">Glasoberfl\u00e4che<\/td>\n<td style=\"text-align: center;\">Klar, mattiert<\/td>\n<\/tr>\n<tr style=\"height: 13.50pt;\">\n<td style=\"height: 13.5pt; text-align: center;\" height=\"18\">Halsart<\/td>\n<td style=\"text-align: center;\">Schlank, zylindrisch<\/td>\n<\/tr>\n<tr style=\"height: 13.50pt;\">\n<td style=\"height: 13.5pt; text-align: center;\" height=\"18\">Optionen f\u00fcr die Kappe<\/td>\n<td style=\"text-align: center;\">Schraubverschluss, Flachverschluss<\/td>\n<\/tr>\n<tr style=\"height: 13.50pt;\">\n<td style=\"height: 13.5pt; text-align: center;\" height=\"18\">Kappenmaterialien<\/td>\n<td style=\"text-align: center;\">Holz, Aluminium<\/td>\n<\/tr>\n<tr style=\"height: 13.50pt;\">\n<td style=\"height: 13.5pt; text-align: center;\" height=\"18\">Anwendungsf\u00e4lle<\/td>\n<td style=\"text-align: center;\">Whisky, Wodka, Rum, handwerklich hergestellte Spirituosen<\/td>\n<\/tr>\n<\/tbody>\n<\/table>\n<h2>Erfolgsgeschichte<\/h2>\n<p>Eine italienische Premium-Spirituosenmarke bereitete die Markteinf\u00fchrung einer neuen Linie handwerklich hergestellter Spirituosen vor. Nach einem Vergleich entschied sie sich f\u00fcr unsere 750-ml-Flaschen aus mattiertem Glas. Der Kunde w\u00e4hlte einen Korken mit Akzenten aus Naturholz und ben\u00f6tigte einen speziell angefertigten Innenverschluss, um die optimale Dichtigkeit w\u00e4hrend des Transports zu gew\u00e4hrleisten. Wir kombinierten Siebdruck mit Pr\u00e4getechniken, um ein hochwertiges, minimalistisches Design zu schaffen.<\/p>\n<p>Das Produkt erzielte in den ersten beiden Quartalen nach Markteinf\u00fchrung ein beeindruckendes Umsatzwachstum von 35 %. Der Kunde erteilte Nachbestellungen, da die H\u00e4ndler positives Feedback gaben und die Kunden das Produkt weiterhin kauften.<\/p>\n<h2>Anpassungstipps<\/h2>\n<ol>\n<li><strong>Anpassungsm\u00f6glichkeiten f\u00fcr Verschl\u00fcsse:<\/strong> Zur Auswahl stehen drei Verschlussoptionen: Kork mit Holzdeckel, Kunststoffstopfen und Aluminium-Schraubverschluss. Sowohl die Verschlussform als auch die Verschlussfarbe k\u00f6nnen individuell angepasst werden.<\/li>\n<li><strong>Logo &amp; Dekoration:<\/strong> Die Markenbildung kann durch Siebdruck, Hei\u00dfpr\u00e4gung, Pr\u00e4gung und Aufkleberetikettierung erfolgen, wodurch mehrere Ebenen visueller Effekte entstehen.<\/li>\n<li><strong>Kapazit\u00e4tsschwankungen:<\/strong> Das Unternehmen bietet verschiedene Flaschengr\u00f6\u00dfen an, darunter 200 ml, 375 ml, 500 ml und 700 ml, sowohl f\u00fcr Geschenksets als auch f\u00fcr verschiedene Vertriebskan\u00e4le.<\/li>\n<\/ol>","protected":false},"excerpt":{"rendered":"<p>Glasflaschen f\u00fcr Spirituosen, klar oder mattiert. Ideal f\u00fcr Spirituosenverpackungen, individuelle Flaschen direkt vom Hersteller, kostenlose Muster, Gro\u00dfbestellungen.<\/p>","protected":false},"featured_media":6222,"template":"","meta":{"postBodyCss":"","postBodyMargin":[],"postBodyPadding":[],"postBodyBackground":{"backgroundType":"classic","gradient":""}},"product_brand":[],"product_cat":[108,15,16],"product_tag":[],"class_list":{"0":"post-6218","1":"product","2":"type-product","3":"status-publish","4":"has-post-thumbnail","6":"product_cat-liquor-bottles","7":"product_cat-glass-containers","8":"product_cat-glass-bottles","10":"first","11":"instock","12":"shipping-taxable","13":"product-type-simple"},"jetpack_sharing_enabled":true,"_links":{"self":[{"href":"https:\/\/minghanggroup.com\/de\/wp-json\/wp\/v2\/product\/6218","targetHints":{"allow":["GET"]}}],"collection":[{"href":"https:\/\/minghanggroup.com\/de\/wp-json\/wp\/v2\/product"}],"about":[{"href":"https:\/\/minghanggroup.com\/de\/wp-json\/wp\/v2\/types\/product"}],"wp:featuredmedia":[{"embeddable":true,"href":"https:\/\/minghanggroup.com\/de\/wp-json\/wp\/v2\/media\/6222"}],"wp:attachment":[{"href":"https:\/\/minghanggroup.com\/de\/wp-json\/wp\/v2\/media?parent=6218"}],"wp:term":[{"taxonomy":"product_brand","embeddable":true,"href":"https:\/\/minghanggroup.com\/de\/wp-json\/wp\/v2\/product_brand?post=6218"},{"taxonomy":"product_cat","embeddable":true,"href":"https:\/\/minghanggroup.com\/de\/wp-json\/wp\/v2\/product_cat?post=6218"},{"taxonomy":"product_tag","embeddable":true,"href":"https:\/\/minghanggroup.com\/de\/wp-json\/wp\/v2\/product_tag?post=6218"}],"curies":[{"name":"wp","href":"https:\/\/api.w.org\/{rel}","templated":true}]}}