{"id":6216,"date":"2026-04-07T09:09:06","date_gmt":"2026-04-07T01:09:06","guid":{"rendered":"https:\/\/minghanggroup.com\/?post_type=product&#038;p=6216"},"modified":"2026-04-07T16:38:05","modified_gmt":"2026-04-07T08:38:05","slug":"square-empty-liquor-bottles-wholesale","status":"publish","type":"product","link":"https:\/\/minghanggroup.com\/de\/produkt\/square-empty-liquor-bottles-wholesale\/","title":{"rendered":"Gro\u00dfhandel mit leeren, quadratischen Spirituosenflaschen (250 ml und 500 ml)."},"content":{"rendered":"<p>Die leeren Spirituosenflaschen pr\u00e4sentieren sich in einem modernen, quadratischen Design aus hochtransparentem Glas. Die quadratischen Flaschen sind in zwei Gr\u00f6\u00dfen erh\u00e4ltlich und werden jeweils mit einem passenden, transparenten Glasverschluss geliefert.<\/p>\n<h2>Produktmerkmale<\/h2>\n<ul>\n<li><strong>Quadratisches S\u00e4ulendesign:<\/strong> Das Designelement zeichnet sich durch eine quadratische Form mit abgerundeten Ecken aus, die Stabilit\u00e4t und einfache Handhabung erm\u00f6glicht und gleichzeitig ein zeitgem\u00e4\u00dfes Design nach minimalistischen Prinzipien pr\u00e4sentiert.<\/li>\n<li><strong>Dickes Glas:<\/strong> Die Glasflasche besteht aus dickem Glas, das eine gute Sichtbarkeit des Getr\u00e4nks im Inneren erm\u00f6glicht, w\u00e4hrend die Flasche gleichzeitig ihre hohe Qualit\u00e4t und Langlebigkeit beibeh\u00e4lt.<\/li>\n<li><strong>Verschiedene Gr\u00f6\u00dfen erh\u00e4ltlich:<\/strong> Das Produkt bietet zwei verschiedene Gr\u00f6\u00dfenoptionen, sodass der Benutzer zwischen unterschiedlichen Umverpackungskapazit\u00e4ten f\u00fcr Wein w\u00e4hlen kann.<\/li>\n<\/ul>\n<h2 style=\"text-align: left;\">Wichtigste Spezifikationen<\/h2>\n<table class=\"aligncenter\" style=\"border-collapse: collapse; width: 384.77pt;\" border=\"0\" width=\"513\" cellspacing=\"0\" cellpadding=\"0\">\n<tbody>\n<tr style=\"height: 13.50pt;\">\n<td style=\"height: 13.50pt; width: 142.50pt;\" width=\"190\" height=\"18\">Specification<\/td>\n<td style=\"width: 242.25pt;\" width=\"323\">Details<\/td>\n<\/tr>\n<tr style=\"height: 13.50pt;\">\n<td style=\"height: 13.50pt;\" height=\"18\">Abmessungen und Kapazit\u00e4t<\/td>\n<td>250 ml: 7,5 \u00d7 12 cm, 500 ml: 9,4 \u00d7 14,3 cm<\/td>\n<\/tr>\n<tr style=\"height: 13.50pt;\">\n<td style=\"height: 13.50pt;\" height=\"18\">Material<\/td>\n<td>Klares, dickwandiges Glas<\/td>\n<\/tr>\n<tr style=\"height: 13.50pt;\">\n<td style=\"height: 13.50pt;\" height=\"18\">Flaschenform<\/td>\n<td>Flaches quadratisches Prisma mit abgerundeten Ecken<\/td>\n<\/tr>\n<tr style=\"height: 13.50pt;\">\n<td style=\"height: 13.50pt;\" height=\"18\">Anpassungsumfang<\/td>\n<td>Farbe, Form, Deckel, Gr\u00f6\u00dfe<\/td>\n<\/tr>\n<tr style=\"height: 13.50pt;\">\n<td style=\"height: 13.50pt;\" height=\"18\">Handwerkskunst<\/td>\n<td>Dickwandige Glasformung<\/td>\n<\/tr>\n<tr style=\"height: 13.50pt;\">\n<td style=\"height: 13.50pt;\" height=\"18\">Produktzweck<\/td>\n<td>Craft Spirits, Flaschen mit aromatisierten Lik\u00f6ren<\/td>\n<\/tr>\n<tr style=\"height: 13.50pt;\">\n<td style=\"height: 13.50pt;\" height=\"18\">Geeignete Branchen<\/td>\n<td>Handwerksbrennereien, Boutique-Winzer<\/td>\n<\/tr>\n<\/tbody>\n<\/table>\n<h2>Erfolgsgeschichte<\/h2>\n<p>Die in Oregon ans\u00e4ssige Craft-Brauerei bestellte unsere quadratische 500-ml-Spirituosenflasche mit einem individuell sandgestrahlten Frontetikett und einem Naturkorken. Die schwere Glasstruktur verlieh dem Produkt eine beeindruckende Optik, die den Preisaufschlag von 5 US-Dollar pro Flasche rechtfertigte. Gleichzeitig steigerte die einzigartige quadratische Form die Markenpr\u00e4senz im Regal um 40 %. Aufgrund der positiven Erfahrung bestellte das Unternehmen weitere 500.000 Flaschen.<\/p>\n<h2>Optionen zur Personalisierung leerer Spirituosenflaschen<\/h2>\n<ul>\n<li>Verschlussoptionen: Das Produkt bietet drei verschiedene Verschlussoptionen: Naturkorken und Synthetikkorken.<\/li>\n<li>Gr\u00f6\u00dfenvariationen: Die quadratische Flasche bietet zwei Gr\u00f6\u00dfenoptionen, die es dem Benutzer erm\u00f6glichen, ihre H\u00f6he und Breite an die Produktanforderungen und Pr\u00e4sentationsvorgaben anzupassen.<\/li>\n<li>Manipulationssicherheit: Die Kombination aus Schrumpffolie und Wachssiegel bildet ein manipulationssicheres System, das f\u00fcr Sicherheit sorgt.<\/li>\n<\/ul>","protected":false},"excerpt":{"rendered":"<p>Leere Spirituosenflaschen in klarem, quadratischem Design aus dickem Glas mit Verschluss. Quadratische Flaschen, ideal f\u00fcr Whisky oder Wodka. Weltweiter Versand.<\/p>","protected":false},"featured_media":6224,"template":"","meta":{"postBodyCss":"","postBodyMargin":[],"postBodyPadding":[],"postBodyBackground":{"backgroundType":"classic","gradient":""}},"product_brand":[],"product_cat":[108,15,16],"product_tag":[],"class_list":{"0":"post-6216","1":"product","2":"type-product","3":"status-publish","4":"has-post-thumbnail","6":"product_cat-liquor-bottles","7":"product_cat-glass-containers","8":"product_cat-glass-bottles","10":"first","11":"instock","12":"shipping-taxable","13":"product-type-simple"},"jetpack_sharing_enabled":true,"_links":{"self":[{"href":"https:\/\/minghanggroup.com\/de\/wp-json\/wp\/v2\/product\/6216","targetHints":{"allow":["GET"]}}],"collection":[{"href":"https:\/\/minghanggroup.com\/de\/wp-json\/wp\/v2\/product"}],"about":[{"href":"https:\/\/minghanggroup.com\/de\/wp-json\/wp\/v2\/types\/product"}],"wp:featuredmedia":[{"embeddable":true,"href":"https:\/\/minghanggroup.com\/de\/wp-json\/wp\/v2\/media\/6224"}],"wp:attachment":[{"href":"https:\/\/minghanggroup.com\/de\/wp-json\/wp\/v2\/media?parent=6216"}],"wp:term":[{"taxonomy":"product_brand","embeddable":true,"href":"https:\/\/minghanggroup.com\/de\/wp-json\/wp\/v2\/product_brand?post=6216"},{"taxonomy":"product_cat","embeddable":true,"href":"https:\/\/minghanggroup.com\/de\/wp-json\/wp\/v2\/product_cat?post=6216"},{"taxonomy":"product_tag","embeddable":true,"href":"https:\/\/minghanggroup.com\/de\/wp-json\/wp\/v2\/product_tag?post=6216"}],"curies":[{"name":"wp","href":"https:\/\/api.w.org\/{rel}","templated":true}]}}