{"id":6199,"date":"2026-04-06T09:49:49","date_gmt":"2026-04-06T01:49:49","guid":{"rendered":"https:\/\/minghanggroup.com\/?post_type=product&#038;p=6199"},"modified":"2026-04-06T10:11:21","modified_gmt":"2026-04-06T02:11:21","slug":"clear-small-glass-cylinder-vases-with-cork-bulk","status":"publish","type":"product","link":"https:\/\/minghanggroup.com\/de\/produkt\/clear-small-glass-cylinder-vases-with-cork-bulk\/","title":{"rendered":"250 ml, 300 ml, 400 ml kleine, durchsichtige Glaszylindervasen mit Korken (lose)"},"content":{"rendered":"<p>Die zylindrischen Glasvasen bestechen durch ihr geradliniges Design aus hochtransparentem, hochwertigem Glas. Sie sind mit einem Naturkorken und einem vorgebohrten Loch in der Mitte ausgestattet, durch das einzelne Blumen oder Stecklinge arrangiert werden k\u00f6nnen.<\/p>\n<h2>Produktmerkmale<\/h2>\n<ul>\n<li><strong>Korkdeckel mit Mittelloch:<\/strong> Der Deckel aus Naturkork mit einem Loch in der Mitte st\u00fctzt den Stiel, dient als Ablage und verleiht dem Getr\u00e4nk einen Hauch von Natur.<\/li>\n<li><strong>Kristallklarer Zylinder:<\/strong> Das geradwandige Glas zeichnet sich durch eine hohe Transparenz aus, die es erm\u00f6glicht, den Stiel, das Wasser und die Wurzeln durch das Glas hindurch zu sehen.<\/li>\n<li><strong>Drei verschiedene Kapazit\u00e4ten:<\/strong> Die Gr\u00f6\u00dfen Small, Medium und Large mit einem Fassungsverm\u00f6gen von 250 ml, 300 ml bzw. 400 ml bieten vielf\u00e4ltige M\u00f6glichkeiten zur Gestaltung unterschiedlicher Pr\u00e4sentationen und k\u00f6nnen f\u00fcr zus\u00e4tzliche Pr\u00e4sentationsoptionen erweitert werden.<\/li>\n<\/ul>\n<h2 style=\"text-align: left;\">Wichtigste Spezifikationen<\/h2>\n<table class=\"aligncenter\" style=\"border-collapse: collapse; width: 496.52pt;\" border=\"0\" width=\"662\" cellspacing=\"0\" cellpadding=\"0\">\n<tbody>\n<tr style=\"height: 13.50pt;\">\n<td style=\"height: 13.50pt; width: 132.75pt;\" width=\"177\" height=\"18\">Attribut<\/td>\n<td style=\"width: 363.75pt;\" width=\"485\">Details<\/td>\n<\/tr>\n<tr style=\"height: 13.50pt;\">\n<td style=\"height: 13.50pt;\" height=\"18\">Abmessungen und Kapazit\u00e4t<\/td>\n<td>6,5 cm \u00d7 10 cm (250 ml), 6,5 cm \u00d7 12 cm (300 ml), 6,5 cm \u00d7 15 cm (400 ml)<\/td>\n<\/tr>\n<tr style=\"height: 13.50pt;\">\n<td style=\"height: 13.50pt;\" height=\"18\">Material<\/td>\n<td>Klares Glas, Naturkork<\/td>\n<\/tr>\n<tr style=\"height: 13.50pt;\">\n<td style=\"height: 13.50pt;\" height=\"18\">Vasenform<\/td>\n<td>Gerader Zylinder mit Korken<\/td>\n<\/tr>\n<tr style=\"height: 13.50pt;\">\n<td style=\"height: 13.50pt;\" height=\"18\">Anpassungsbereich<\/td>\n<td>Farbe, Kork, Oberfl\u00e4che, Gr\u00f6\u00dfe, Form<\/td>\n<\/tr>\n<tr style=\"height: 13.50pt;\">\n<td style=\"height: 13.50pt;\" height=\"18\">Handwerkskunst<\/td>\n<td>Hochwertiges Form- oder Mundglas<\/td>\n<\/tr>\n<tr style=\"height: 13.50pt;\">\n<td style=\"height: 13.50pt;\" height=\"18\">Prim\u00e4re Verwendung<\/td>\n<td>Minimalistische kleine Blumenvase f\u00fcr einzelne Stiele<\/td>\n<\/tr>\n<tr style=\"height: 13.50pt;\">\n<td style=\"height: 13.50pt;\" height=\"18\">Zielbranchen<\/td>\n<td>Floristen, Einzelh\u00e4ndler f\u00fcr Heimdekoration<\/td>\n<\/tr>\n<\/tbody>\n<\/table>\n<h2>Erfolgsgeschichte: Eine Sonderanfertigung eines nationalen Einzelh\u00e4ndlers f\u00fcr Wohnaccessoires und Geschenkartikel<\/h2>\n<p>Die gro\u00dfe amerikanische Einrichtungskette entschied sich f\u00fcr unser kleines Blumenvasen-Design und modifizierte es, indem sie den rauchgrauen Glask\u00f6rper und den Korken durch ein lasergraviertes Blattmuster ersetzte. Der Erfolg war \u00fcberw\u00e4ltigend: Das minimalistische Design steigerte die Online-Verk\u00e4ufe der Vasenkategorie in den ersten 90 Tagen nach Produkteinf\u00fchrung um 300 % und erzielte eine Abverkaufsquote von 97 %. Nach diesem Erfolg bestellte der Einzelh\u00e4ndler 450.000 Vasen als dauerhafte Sammlerst\u00fccke.<\/p>\n<h2>Vorschl\u00e4ge zur individuellen Gestaltung kleiner Blumenvasen<\/h2>\n<ul>\n<li>Optionen f\u00fcr Korkdeckel: Das Unternehmen bietet verschiedene Korkdeckelfarben an, darunter Natur, Dunkel und Gebleicht, sowie zwei Designoptionen: perforiert und gerillt.<\/li>\n<li>Gr\u00f6\u00dfenerweiterung: Die Produktlinie wird derzeit um eine kleine 100-ml-Knospenvase und eine gro\u00dfe 1000-ml-Vase erweitert, die durch ihr Design Aufmerksamkeit erregt.<\/li>\n<li>Eingebaute Wasserstandsmarkierung: Eine feine Linie, die das Glas dauerhaft markiert, zeigt durch eine eingebaute Wasserstandsmarkierung den idealen Wasserstand f\u00fcr die Vermehrung an.<\/li>\n<\/ul>","protected":false},"excerpt":{"rendered":"<p>Elegante Kollektion kleiner Blumenvasen im minimalistischen Design. Zylinderf\u00f6rmige Glasvasen mit Korkdeckel f\u00fcr einen nat\u00fcrlichen Look. Weltweiter Versand m\u00f6glich.<\/p>","protected":false},"featured_media":6203,"template":"","meta":{"postBodyCss":"","postBodyMargin":[],"postBodyPadding":[],"postBodyBackground":{"backgroundType":"classic","gradient":""}},"product_brand":[],"product_cat":[107,15,16],"product_tag":[],"class_list":{"0":"post-6199","1":"product","2":"type-product","3":"status-publish","4":"has-post-thumbnail","6":"product_cat-glass-bud-vases","7":"product_cat-glass-containers","8":"product_cat-glass-bottles","10":"first","11":"instock","12":"shipping-taxable","13":"product-type-simple"},"jetpack_sharing_enabled":true,"_links":{"self":[{"href":"https:\/\/minghanggroup.com\/de\/wp-json\/wp\/v2\/product\/6199","targetHints":{"allow":["GET"]}}],"collection":[{"href":"https:\/\/minghanggroup.com\/de\/wp-json\/wp\/v2\/product"}],"about":[{"href":"https:\/\/minghanggroup.com\/de\/wp-json\/wp\/v2\/types\/product"}],"wp:featuredmedia":[{"embeddable":true,"href":"https:\/\/minghanggroup.com\/de\/wp-json\/wp\/v2\/media\/6203"}],"wp:attachment":[{"href":"https:\/\/minghanggroup.com\/de\/wp-json\/wp\/v2\/media?parent=6199"}],"wp:term":[{"taxonomy":"product_brand","embeddable":true,"href":"https:\/\/minghanggroup.com\/de\/wp-json\/wp\/v2\/product_brand?post=6199"},{"taxonomy":"product_cat","embeddable":true,"href":"https:\/\/minghanggroup.com\/de\/wp-json\/wp\/v2\/product_cat?post=6199"},{"taxonomy":"product_tag","embeddable":true,"href":"https:\/\/minghanggroup.com\/de\/wp-json\/wp\/v2\/product_tag?post=6199"}],"curies":[{"name":"wp","href":"https:\/\/api.w.org\/{rel}","templated":true}]}}