{"id":6194,"date":"2026-04-03T16:06:14","date_gmt":"2026-04-03T08:06:14","guid":{"rendered":"https:\/\/minghanggroup.com\/?post_type=product&#038;p=6194"},"modified":"2026-04-03T16:25:50","modified_gmt":"2026-04-03T08:25:50","slug":"textured-glass-tall-flower-vases-for-display-bulk","status":"publish","type":"product","link":"https:\/\/minghanggroup.com\/de\/produkt\/textured-glass-tall-flower-vases-for-display-bulk\/","title":{"rendered":"Hohe Blumenvasen aus strukturiertem Glas f\u00fcr die Pr\u00e4sentation in gro\u00dfen Mengen"},"content":{"rendered":"<p>Die Zylinder wirken durch die Verwendung von transparentem und transluzentem Farbglas wie hohe Gebilde. Die Vase weist vertikale, unregelm\u00e4\u00dfige Texturen auf, die einen flie\u00dfenden Effekt wie Wasser erzeugen und so wundersch\u00f6ne Lichtbrechungen und optische Tiefe schaffen. Das Design bietet vier Farbvarianten: elegante Blaut\u00f6ne, sanfte Graut\u00f6ne, warme Bernsteint\u00f6ne und kristallklare Oberfl\u00e4chen, die unterschiedliche \u00e4sthetische Effekte erm\u00f6glichen. Die gerade \u00d6ffnung mit scharfen Kanten erleichtert das Arrangieren von Blumen \u2013 von einzelnen Stielen bis hin zu \u00fcppigen, herabh\u00e4ngenden Str\u00e4u\u00dfen.<\/p>\n<h2>Produktmerkmale<\/h2>\n<ul>\n<li><strong>Architektonisches Design:<\/strong> Die hohen Zylinder weisen strukturierte, vertikale Wellen auf, die aus jedem Blickwinkel optisch ansprechende Elemente erzeugen.<\/li>\n<li><strong>Vielseitige Farbpaletten:<\/strong> Die drei Farbvarianten Blau und Grau sowie Bernstein und Transparent schaffen eine \u00e4sthetische Harmonie mit modernen und traditionellen Einrichtungsstilen.<\/li>\n<li><strong>M\u00fcheloses Arrangieren:<\/strong> Das System erm\u00f6glicht es den Benutzern, Blumenarrangements durch seine geraden \u00d6ffnungen zu erstellen, was den Prozess des Arrangierens einzelner Stiele und kompletter Str\u00e4u\u00dfe vereinfacht.<\/li>\n<\/ul>\n<h2>Wichtigste Spezifikationen<\/h2>\n<table style=\"border-collapse: collapse; width: 80%; margin-left: auto; margin-right: auto;\" border=\"0\" width=\"144\" cellspacing=\"0\" cellpadding=\"0\">\n<tbody>\n<tr style=\"height: 13.50pt;\">\n<td style=\"height: 13.5pt; width: 54pt; text-align: center;\" width=\"72\" height=\"18\">Attribut<\/td>\n<td style=\"width: 54pt; text-align: center;\" width=\"72\">Detail<\/td>\n<\/tr>\n<tr style=\"height: 13.50pt;\">\n<td style=\"height: 13.5pt; text-align: center;\" height=\"18\">Form<\/td>\n<td style=\"text-align: center;\">Zylindrisch<\/td>\n<\/tr>\n<tr style=\"height: 13.50pt;\">\n<td style=\"height: 13.5pt; text-align: center;\" height=\"18\">Material<\/td>\n<td style=\"text-align: center;\">Klarglas<\/td>\n<\/tr>\n<tr style=\"height: 13.50pt;\">\n<td style=\"height: 13.5pt; text-align: center;\" height=\"18\">H\u00f6hen<\/td>\n<td style=\"text-align: center;\">19 cm, 24 cm<\/td>\n<\/tr>\n<tr style=\"height: 13.50pt;\">\n<td style=\"height: 13.5pt; text-align: center;\" height=\"18\">Durchmesser<\/td>\n<td style=\"text-align: center;\">7,5 cm, 9 cm<\/td>\n<\/tr>\n<tr style=\"height: 13.50pt;\">\n<td style=\"height: 13.5pt; text-align: center;\" height=\"18\">Oberfl\u00e4che<\/td>\n<td style=\"text-align: center;\">Konkave und konvexe Textur<\/td>\n<\/tr>\n<\/tbody>\n<\/table>\n<h2>Erfolgsgeschichte<\/h2>\n<p>Eine deutsche Lifestyle-Marke wollte ihre saisonale Wohnaccessoires-Kollektion aufwerten und w\u00e4hlte daf\u00fcr unsere hohen Blumenvasen. Der Kunde w\u00fcnschte sich ein Farbkonzept mit sanften Blau-, Rauchgrau- und hellen Bernsteint\u00f6nen sowie transparenten Oberfl\u00e4chen, um ein Designelement zu schaffen, das zu verschiedenen Einrichtungsstilen passt. F\u00fcr die Markenpr\u00e4sentation verwendeten wir Lasergravur, um ein dezentes Markenlogo zu erzeugen, das wir auf dem Boden jeder Vase anbrachten.<\/p>\n<p>Nach der Markteinf\u00fchrung konnte die Kollektion innerhalb von nur zwei Monaten einen Umsatzanstieg von 30 % in der Produktkategorie verzeichnen. Der Kunde bestellt viertelj\u00e4hrlich betr\u00e4chtliche Mengen, da das Marktinteresse gro\u00df ist und die Nachfrage der Verbraucher nach unseren Produkten anh\u00e4lt.<\/p>\n<h2>Tipps zur individuellen Gestaltung von Glasvasen in gro\u00dfen Mengen<\/h2>\n<ol>\n<li><strong>Entwicklung von Farbserien:<\/strong> Zus\u00e4tzlich zu den aktuell verf\u00fcgbaren Farben Blau, Grau und Bernstein k\u00f6nnten neue Optionen Farbpaletten im Morandi-Stil oder Farbverlaufseffekte umfassen, wodurch die gesamte Produktfamilie einen harmonischen und gleichzeitig vielschichtigen visuellen Eindruck erh\u00e4lt.<\/li>\n<li><strong>Oberfl\u00e4chenveredelungsoptionen:<\/strong> Um den unterschiedlichen Markenstilen (Modern, Natural oder Light Luxury) gerecht zu werden, kann aus einer Reihe von Oberfl\u00e4chenoptionen gew\u00e4hlt werden, von hochtransparentem Glanz \u00fcber Teilmattierung bis hin zu vollst\u00e4ndiger Mattierung.<\/li>\n<li><strong>Anpassung der Markenidentit\u00e4t:<\/strong> Wir bieten eine Reihe von Branding-Techniken an, wie z. B. Lasergravur am Flaschenboden, Siebdruck an den Flaschenseiten oder diskrete Etikettierung, um die richtige Mischung aus Attraktivit\u00e4t und Markenpr\u00e4senz zu schaffen.<\/li>\n<\/ol>","protected":false},"excerpt":{"rendered":"<p>Hohe Blumenvasen mit strukturierter Glasoberfl\u00e4che. Ideal f\u00fcr Dekoration oder Veranstaltungen. Glasvasen in gro\u00dfen Mengen direkt vom Hersteller, kostenlose Muster, individuelle Anpassungen m\u00f6glich.<\/p>","protected":false},"featured_media":6198,"template":"","meta":{"postBodyCss":"","postBodyMargin":[],"postBodyPadding":[],"postBodyBackground":{"backgroundType":"classic","gradient":""}},"product_brand":[],"product_cat":[107,15,16],"product_tag":[],"class_list":{"0":"post-6194","1":"product","2":"type-product","3":"status-publish","4":"has-post-thumbnail","6":"product_cat-glass-bud-vases","7":"product_cat-glass-containers","8":"product_cat-glass-bottles","10":"first","11":"instock","12":"shipping-taxable","13":"product-type-simple"},"jetpack_sharing_enabled":true,"_links":{"self":[{"href":"https:\/\/minghanggroup.com\/de\/wp-json\/wp\/v2\/product\/6194","targetHints":{"allow":["GET"]}}],"collection":[{"href":"https:\/\/minghanggroup.com\/de\/wp-json\/wp\/v2\/product"}],"about":[{"href":"https:\/\/minghanggroup.com\/de\/wp-json\/wp\/v2\/types\/product"}],"wp:featuredmedia":[{"embeddable":true,"href":"https:\/\/minghanggroup.com\/de\/wp-json\/wp\/v2\/media\/6198"}],"wp:attachment":[{"href":"https:\/\/minghanggroup.com\/de\/wp-json\/wp\/v2\/media?parent=6194"}],"wp:term":[{"taxonomy":"product_brand","embeddable":true,"href":"https:\/\/minghanggroup.com\/de\/wp-json\/wp\/v2\/product_brand?post=6194"},{"taxonomy":"product_cat","embeddable":true,"href":"https:\/\/minghanggroup.com\/de\/wp-json\/wp\/v2\/product_cat?post=6194"},{"taxonomy":"product_tag","embeddable":true,"href":"https:\/\/minghanggroup.com\/de\/wp-json\/wp\/v2\/product_tag?post=6194"}],"curies":[{"name":"wp","href":"https:\/\/api.w.org\/{rel}","templated":true}]}}