{"id":6182,"date":"2026-04-03T10:57:49","date_gmt":"2026-04-03T02:57:49","guid":{"rendered":"https:\/\/minghanggroup.com\/?post_type=product&#038;p=6182"},"modified":"2026-04-03T11:28:36","modified_gmt":"2026-04-03T03:28:36","slug":"matte-gold-flower-vase-set-wholesale","status":"publish","type":"product","link":"https:\/\/minghanggroup.com\/de\/produkt\/matte-gold-flower-vase-set-wholesale\/","title":{"rendered":"Gro\u00dfhandel: Set mattes Goldblumenvase"},"content":{"rendered":"<p>Das goldene Blumenvasen-Set besticht durch ein einheitliches, mattes Goldfinish, das sich durch die gesamte Kollektion zieht. Das Design umfasst vier verschiedene Elemente mit unterschiedlichen Oberfl\u00e4chenveredelungen: einen glatten, quadratischen Zylinder, eine hohe, gewellte Vase, einen abgerundeten, gesteppten Zylinder und einen hohen, gerippten Zylinder.<\/p>\n<h2>Produktmerkmale<\/h2>\n<ul>\n<li><strong>Vier Formen:<\/strong> Die Auswahl an quadratischen und l\u00e4nglichen sowie kurzen runden und hohen zylindrischen Vasen bietet gen\u00fcgend M\u00f6glichkeiten, um stilvolle Arrangements zu gestalten.<\/li>\n<li><strong>Einheitliche, matte Goldoberfl\u00e4che:<\/strong> Die vier Vasen haben eine gemeinsame matte Goldoberfl\u00e4che, die durch ihr einheitliches Design ein elegantes Erscheinungsbild erzeugt.<\/li>\n<li><strong>Unterschiedliche Oberfl\u00e4chenstrukturen:<\/strong> Die Vasenoberfl\u00e4chen weisen drei verschiedene Oberfl\u00e4chenstrukturen auf, die sowohl optisches Interesse wecken als auch f\u00fchlbare Elemente erzeugen.<\/li>\n<\/ul>\n<h2 style=\"text-align: left;\">Wichtigste Spezifikationen<\/h2>\n<table class=\"aligncenter\" style=\"border-collapse: collapse; width: 452.27pt;\" border=\"0\" width=\"603\" cellspacing=\"0\" cellpadding=\"0\">\n<tbody>\n<tr style=\"height: 13.50pt;\">\n<td style=\"height: 13.50pt; width: 117.75pt;\" width=\"157\" height=\"18\">Attribut<\/td>\n<td style=\"width: 334.50pt;\" width=\"446\">Details<\/td>\n<\/tr>\n<tr style=\"height: 13.50pt;\">\n<td style=\"height: 13.50pt;\" height=\"18\">Setkomposition<\/td>\n<td>Quadratisch glatt, hoher Diamant, runder Diamant, hoher gerippter<\/td>\n<\/tr>\n<tr style=\"height: 13.50pt;\">\n<td style=\"height: 13.50pt;\" height=\"18\">Material<\/td>\n<td>Natrium-Kalzium-Glas mit matter Goldoberfl\u00e4che<\/td>\n<\/tr>\n<tr style=\"height: 13.50pt;\">\n<td style=\"height: 13.50pt;\" height=\"18\">Vasenform<\/td>\n<td>Sortiment an Zylindern und abgerundeten Formen<\/td>\n<\/tr>\n<tr style=\"height: 13.50pt;\">\n<td style=\"height: 13.50pt;\" height=\"18\">Anpassungsbereich<\/td>\n<td>Metalloberfl\u00e4che, Farbe, Form, Gr\u00f6\u00dfe<\/td>\n<\/tr>\n<tr style=\"height: 13.50pt;\">\n<td style=\"height: 13.50pt;\" height=\"18\">Prim\u00e4re Verwendung<\/td>\n<td>Dekorative goldene Blumenvase, Blumenvase im Gro\u00dfhandel<\/td>\n<\/tr>\n<tr style=\"height: 13.50pt;\">\n<td style=\"height: 13.50pt;\" height=\"18\">Zielbranchen<\/td>\n<td>Einrichtungsh\u00e4user, Geschenkartikell\u00e4den<\/td>\n<\/tr>\n<\/tbody>\n<\/table>\n<h2>Erfolgsgeschichte<\/h2>\n<p>Eine gro\u00dfe Einrichtungskette bestellte unser vierteiliges goldenes Vasenset und lie\u00df es mit Ros\u00e9gold veredeln. Die anf\u00e4ngliche Auflage von 25.000 St\u00fcck war innerhalb von nur 10 Tagen online ausverkauft, was gleichzeitig zu einem Umsatzanstieg von 30 % bei den dazugeh\u00f6rigen Trockenblumen f\u00fchrte. Der Erfolg war so gro\u00df, dass die Kette 200.000 Vasensets bestellte, um ihre Filialen landesweit wieder aufzuf\u00fcllen und aus ihren insgesamt 800.000 Vasen eine exklusive Hotelkollektion zu entwickeln.<\/p>\n<h2>Vorschl\u00e4ge zur individuellen Gestaltung von Blumenvasen im Gro\u00dfhandel<\/h2>\n<ul>\n<li>Die Kollektion bietet luxuri\u00f6se Metalloberfl\u00e4chen, darunter poliertes Gold und Ros\u00e9gold sowie geb\u00fcrstetes Nickel und Schwarzchrom und Patina.<\/li>\n<li>Jede Vasenform erm\u00f6glicht es den Designern, aus verschiedenen Oberfl\u00e4chenstrukturen zu w\u00e4hlen, darunter gerippte, glatte und geh\u00e4mmert wirkende Varianten.<\/li>\n<li>Das Set beinhaltet eine Vase, auf deren glatter Oberfl\u00e4che durch Lasergravur von Buchstaben, Daten oder kurzen Botschaften personalisierte Texte erstellt werden k\u00f6nnen.<\/li>\n<\/ul>","protected":false},"excerpt":{"rendered":"<p>Elegante Kollektion goldener Blumenvasen mit geometrischen und gerippten Mustern. Blumenvasen im Gro\u00dfhandel, ideal f\u00fcr die Wohnraumgestaltung. Individuelle Anpassungen f\u00fcr Marken m\u00f6glich.<\/p>","protected":false},"featured_media":6183,"template":"","meta":{"postBodyCss":"","postBodyMargin":[],"postBodyPadding":[],"postBodyBackground":{"backgroundType":"classic","gradient":""}},"product_brand":[],"product_cat":[107,15,16],"product_tag":[],"class_list":{"0":"post-6182","1":"product","2":"type-product","3":"status-publish","4":"has-post-thumbnail","6":"product_cat-glass-bud-vases","7":"product_cat-glass-containers","8":"product_cat-glass-bottles","10":"first","11":"instock","12":"shipping-taxable","13":"product-type-simple"},"jetpack_sharing_enabled":true,"_links":{"self":[{"href":"https:\/\/minghanggroup.com\/de\/wp-json\/wp\/v2\/product\/6182","targetHints":{"allow":["GET"]}}],"collection":[{"href":"https:\/\/minghanggroup.com\/de\/wp-json\/wp\/v2\/product"}],"about":[{"href":"https:\/\/minghanggroup.com\/de\/wp-json\/wp\/v2\/types\/product"}],"wp:featuredmedia":[{"embeddable":true,"href":"https:\/\/minghanggroup.com\/de\/wp-json\/wp\/v2\/media\/6183"}],"wp:attachment":[{"href":"https:\/\/minghanggroup.com\/de\/wp-json\/wp\/v2\/media?parent=6182"}],"wp:term":[{"taxonomy":"product_brand","embeddable":true,"href":"https:\/\/minghanggroup.com\/de\/wp-json\/wp\/v2\/product_brand?post=6182"},{"taxonomy":"product_cat","embeddable":true,"href":"https:\/\/minghanggroup.com\/de\/wp-json\/wp\/v2\/product_cat?post=6182"},{"taxonomy":"product_tag","embeddable":true,"href":"https:\/\/minghanggroup.com\/de\/wp-json\/wp\/v2\/product_tag?post=6182"}],"curies":[{"name":"wp","href":"https:\/\/api.w.org\/{rel}","templated":true}]}}